{"id":1271,"date":"2025-04-12T09:59:43","date_gmt":"2025-04-12T09:59:43","guid":{"rendered":"https:\/\/shaliteink.com\/?post_type=product&#038;p=1271"},"modified":"2025-12-10T11:28:09","modified_gmt":"2025-12-10T11:28:09","slug":"fluoreszierend-orangefarbene-siebdruck-plastisolfarbe","status":"publish","type":"product","link":"https:\/\/shaliteink.com\/de\/produkt\/fluoreszierend-orangefarbene-siebdruck-plastisolfarbe\/","title":{"rendered":"Fluoreszierende orange Plastisol-Siebdrucktinte"},"content":{"rendered":"<p class=\"ng-star-inserted\"><strong class=\"ng-star-inserted\"><span class=\"ng-star-inserted\">Die wichtigsten Vorteile, die Shaliteink zur ersten Wahl machen:<\/span><\/strong><\/p>\n<ul class=\"ng-star-inserted\">\n<li class=\"ng-star-inserted\">Leuchtendes Neonorange: Erhalten Sie atemberaubende, ausdrucksstarke Drucke, die alle Blicke auf sich ziehen.<\/li>\n<li class=\"ng-star-inserted\">Optimale Niedrigtemperaturbehandlung (160 \u00b0C \/ 320 \u00b0F): Profitieren Sie von schnelleren Produktionszyklen, geringeren Energiekosten und minimieren Sie das Anbrennen oder Einlaufen von Textilien, insbesondere bei w\u00e4rmeempfindlichen Textilien.<\/li>\n<li class=\"ng-star-inserted\">Weiches Tragegef\u00fchl: Trotz ihrer hohen Deckkraft sorgt unsere Siebdruck-Plastisolfarbe f\u00fcr eine glatte, weiche Oberfl\u00e4che Ihrer Textilien.<\/li>\n<li class=\"ng-star-inserted\">Hervorragende Deckkraft: Bietet eine au\u00dfergew\u00f6hnliche Deckkraft sowohl auf hellen als auch auf dunklen Stoffen und erfordert oft weniger Durchg\u00e4nge.<\/li>\n<li class=\"ng-star-inserted\">Universelle Stoffvertr\u00e4glichkeit: Entwickelt f\u00fcr hervorragende Haftung und Leistung auf einer breiten Palette von Materialien, einschlie\u00dflich Baumwolle, Baumwoll-Polyester-Mischgewebe und 100%-Polyester.<\/li>\n<li class=\"ng-star-inserted\">Phthalatfreie Rezeptur: Entspricht modernen Sicherheitsstandards und ist somit eine sichere Wahl f\u00fcr Drucker und Anwender.<\/li>\n<li class=\"ng-star-inserted\">Einfache Handhabung: Die Formulierung sorgt f\u00fcr eine cremige Konsistenz und ein geringes Volumen, wodurch das Drucken zum Kinderspiel wird, die Erm\u00fcdung reduziert und die Effizienz gesteigert wird.<\/li>\n<li class=\"ng-star-inserted\">Eigenschaften mit geringer Farbausblutung: Speziell entwickelt, um das Ausbluten von Farbstoffen auf Polyester- und Mischgeweben zu verhindern und so sicherzustellen, dass Ihre leuchtende Orangefarbe erhalten bleibt.<\/li>\n<\/ul>\n<p><img decoding=\"async\" class=\"aligncenter wp-image-4027 size-large\" src=\"https:\/\/shaliteink.com\/wp-content\/uploads\/2025\/04\/Fluorescent-Orange-Screen-Printing-Plastisol-Ink-1024x683.jpg\" alt=\"Fluoreszierende orange Plastisol-Siebdrucktinte\" width=\"1024\" height=\"683\" srcset=\"https:\/\/shaliteink.com\/wp-content\/uploads\/2025\/04\/Fluorescent-Orange-Screen-Printing-Plastisol-Ink-1024x683.jpg 1024w, https:\/\/shaliteink.com\/wp-content\/uploads\/2025\/04\/Fluorescent-Orange-Screen-Printing-Plastisol-Ink-300x200.jpg 300w, https:\/\/shaliteink.com\/wp-content\/uploads\/2025\/04\/Fluorescent-Orange-Screen-Printing-Plastisol-Ink-768x512.jpg 768w, https:\/\/shaliteink.com\/wp-content\/uploads\/2025\/04\/Fluorescent-Orange-Screen-Printing-Plastisol-Ink-1536x1024.jpg 1536w, https:\/\/shaliteink.com\/wp-content\/uploads\/2025\/04\/Fluorescent-Orange-Screen-Printing-Plastisol-Ink-2048x1365.jpg 2048w, https:\/\/shaliteink.com\/wp-content\/uploads\/2025\/04\/Fluorescent-Orange-Screen-Printing-Plastisol-Ink-18x12.jpg 18w, https:\/\/shaliteink.com\/wp-content\/uploads\/2025\/04\/Fluorescent-Orange-Screen-Printing-Plastisol-Ink-1200x800.jpg 1200w, https:\/\/shaliteink.com\/wp-content\/uploads\/2025\/04\/Fluorescent-Orange-Screen-Printing-Plastisol-Ink-150x100.jpg 150w\" sizes=\"(max-width: 1024px) 100vw, 1024px\" \/><\/p>\n<p class=\"ng-star-inserted\"><strong class=\"ng-star-inserted\"><span class=\"ng-star-inserted\">Entfessle die Kraft von fluoreszierendem Orange:<\/span><\/strong><\/p>\n<p>Shaliteink <strong>Fluoreszierende orangefarbene Plastisolfarbe ist<\/strong> Mehr als nur eine Farbe; sie ist ein Statement. Diese Tinte eignet sich perfekt f\u00fcr Sportbekleidung, Sicherheitsausr\u00fcstung, Mode oder jedes Design, das auffallen soll, und bietet tiefe Farbs\u00e4ttigung und bemerkenswerte Haltbarkeit. Dank ihrer au\u00dfergew\u00f6hnlichen Deckkraft erzielen Sie selbst auf dunklen Untergr\u00fcnden leuchtende, brillante Ergebnisse. F\u00fcr maximale Leuchtkraft auf sehr dunklen Stoffen wird jedoch stets eine Grundierung empfohlen.<\/p>\n<p class=\"ng-star-inserted\"><strong class=\"ng-star-inserted\"><span class=\"ng-star-inserted\">Warum sollten Sie Shaliteink f\u00fcr Ihre Siebdruckanforderungen w\u00e4hlen?<\/span><\/strong><\/p>\n<p>Als weltweit f\u00fchrender Anbieter im Einzelhandel f\u00fcr Siebdruckfarben, <strong><a href=\"https:\/\/shaliteink.com\/de\/\">Shaliteink<\/a><\/strong> Wir verstehen die Anforderungen der Branche. Unser Direktvertriebsmodell ab Werk bedeutet, dass Sie Premiumqualit\u00e4t erhalten. <a href=\"https:\/\/shaliteink.com\/de\/produkt-kategorie\/plastisol-tinte\/\"><strong>Plastisol-Tinte<\/strong><\/a> Ohne Zwischenh\u00e4ndleraufschlag bieten wir Ihnen ein einzigartiges Preis-Leistungs-Verh\u00e4ltnis. Wir liefern Druckfarben, die nicht nur leistungsstark, sondern auch anwenderfreundlich und von Charge zu Charge gleichbleibend sind. Mit Shaliteink entscheiden Sie sich f\u00fcr einen Partner, der sich Zuverl\u00e4ssigkeit, Innovation und Ihrem Erfolg verschrieben hat. Ob Sie ein erfahrener Profi sind oder gerade erst mit dem Siebdruck beginnen \u2013 unsere Plastisolfarben wurden entwickelt, um Ihre Arbeit auf ein neues Niveau zu heben.<\/p>\n<p class=\"ng-star-inserted\"><strong class=\"ng-star-inserted\"><span class=\"ng-star-inserted\">Aush\u00e4rtungshinweise f\u00fcr makellose Ergebnisse:<\/span><\/strong><\/p>\n<p>Die richtige Behandlung ist wichtig f\u00fcr die Langlebigkeit und Waschbarkeit Ihrer Drucke.<\/p>\n<ul>\n<li>Aush\u00e4rtungstemperatur: Unsere Shaliteink fluoreszierende orange Plastisolfarbe h\u00e4rtet optimal bei 160 \u00b0C (320 \u00b0F) aus. Stellen Sie sicher, dass die gesamte Farbschicht diese Temperatur f\u00fcr eine vollst\u00e4ndige Aush\u00e4rtung erreicht.<\/li>\n<li>Blitztemperatur: Bei mehrfarbigen Drucken oder Untermalungen blitzen Sie bei 120\u2013140 \u00b0C (248\u2013284 \u00b0F) f\u00fcr ca. 3\u20135 Sekunden, abh\u00e4ngig von Ihrem Blitzger\u00e4t und der Farbauftragsdicke. Die Farbe sollte sich trocken anf\u00fchlen, aber noch nicht vollst\u00e4ndig ausgeh\u00e4rtet sein.<\/li>\n<\/ul>\n<p>Profi-Tipp zur Aush\u00e4rtung: Die Oberfl\u00e4chentemperaturmessung mit dem Laserger\u00e4t kann irref\u00fchrend sein. F\u00fcr eine pr\u00e4zise Aush\u00e4rtung muss die Kerntemperatur der Tinte 160 \u00b0C (320 \u00b0F) erreichen. F\u00fchren Sie vor der Serienproduktion Dehnungs- und Waschtests durch, um eine optimale Aush\u00e4rtung zu gew\u00e4hrleisten. Sollte der Druck nach dem Waschen rei\u00dfen oder sich verschlechtern, erh\u00f6hen Sie die Aush\u00e4rtungszeit oder -temperatur. Bei synthetischen Stoffen wie Polyester tr\u00e4gt die niedrige Aush\u00e4rtungstemperatur von Shaliteink dazu bei, ein Ausbluten der Farbe zu verhindern und so die Leuchtkraft und Farbtreue Ihres fluoreszierenden Oranges zu erhalten.<\/p>\n<p class=\"ng-star-inserted\"><strong class=\"ng-star-inserted\"><span class=\"ng-star-inserted\">Einfache Reinigung:<\/span><\/strong><\/p>\n<p>Mit den Plastisolfarben von Shaliteink lassen sich Arbeitsplatz und Ger\u00e4te leicht sauber halten.<\/p>\n<ul>\n<li>An der Druckmaschine: Verwenden Sie ein spezielles Plastisol-Druckmaschinenreinigungsmittel oder einen Farbl\u00f6ser, um Siebe und Rakel schnell zu reinigen.<\/li>\n<li>Im Waschbecken: F\u00fcr eine vollst\u00e4ndige Siebreinigung verwenden Sie Plastisol Screen Wash\/Color Degradant.<\/li>\n<\/ul>\n<p class=\"ng-star-inserted\"><strong class=\"ng-star-inserted\"><span class=\"ng-star-inserted\">Speicherinformationen:<\/span><\/strong><\/p>\n<p>Um die Qualit\u00e4t und Langlebigkeit Ihrer Shaliteink Fluoreszierenden Orange Plastisol-Tinte zu erhalten, lagern Sie sie an einem k\u00fchlen, trockenen Ort zwischen 18 \u00b0C und 32 \u00b0C (65 \u00b0F und 90 \u00b0F) und sch\u00fctzen Sie sie vor direkter Sonneneinstrahlung. L\u00e4ngere Einwirkung von Temperaturen \u00fcber 32 \u00b0C (90 \u00b0F) kann dazu f\u00fchren, dass die Tinte im Beh\u00e4lter aush\u00e4rtet.<\/p>\n<p>Investieren Sie noch heute in Shaliteink und lassen Sie Ihre Designs erstrahlen! Unsere Plastisolfarben f\u00fcr den Siebdruck sind auf h\u00f6chste Qualit\u00e4t ausgelegt und bieten Ihnen brillante Farben, einfache Handhabung und langlebige Ergebnisse. Erleben Sie den Shaliteink-Unterschied \u2013 Qualit\u00e4t, auf die Sie sich verlassen k\u00f6nnen, zu einem Preis, der Sie begeistern wird.<\/p>\n<p><img decoding=\"async\" class=\"aligncenter wp-image-4028 size-large\" src=\"https:\/\/shaliteink.com\/wp-content\/uploads\/2025\/04\/Fluorescent-Orange-Screen-Printing-Plastisol-Ink-1-1024x683.jpg\" alt=\"Fluoreszierende orange Plastisol-Siebdrucktinte\" width=\"1024\" height=\"683\" srcset=\"https:\/\/shaliteink.com\/wp-content\/uploads\/2025\/04\/Fluorescent-Orange-Screen-Printing-Plastisol-Ink-1-1024x683.jpg 1024w, https:\/\/shaliteink.com\/wp-content\/uploads\/2025\/04\/Fluorescent-Orange-Screen-Printing-Plastisol-Ink-1-300x200.jpg 300w, https:\/\/shaliteink.com\/wp-content\/uploads\/2025\/04\/Fluorescent-Orange-Screen-Printing-Plastisol-Ink-1-768x512.jpg 768w, https:\/\/shaliteink.com\/wp-content\/uploads\/2025\/04\/Fluorescent-Orange-Screen-Printing-Plastisol-Ink-1-1536x1024.jpg 1536w, https:\/\/shaliteink.com\/wp-content\/uploads\/2025\/04\/Fluorescent-Orange-Screen-Printing-Plastisol-Ink-1-2048x1365.jpg 2048w, https:\/\/shaliteink.com\/wp-content\/uploads\/2025\/04\/Fluorescent-Orange-Screen-Printing-Plastisol-Ink-1-18x12.jpg 18w, https:\/\/shaliteink.com\/wp-content\/uploads\/2025\/04\/Fluorescent-Orange-Screen-Printing-Plastisol-Ink-1-1200x800.jpg 1200w, https:\/\/shaliteink.com\/wp-content\/uploads\/2025\/04\/Fluorescent-Orange-Screen-Printing-Plastisol-Ink-1-150x100.jpg 150w\" sizes=\"(max-width: 1024px) 100vw, 1024px\" \/><\/p>","protected":false},"excerpt":{"rendered":"<p>Shaliteink pr\u00e4sentiert Ihnen die beste fluoreszierende orangefarbene Plastisolfarbe f\u00fcr den Siebdruck \u2013 entwickelt, um Ihre Drucke mit brillanten, auff\u00e4lligen Farben zu versehen. Dank zweier Jahrzehnte Erfahrung in der Fertigung und Preisen direkt ab Werk erm\u00f6glichen wir Siebdruckern professionelle Ergebnisse ohne Kompromisse bei Qualit\u00e4t oder Budget. Unsere enge Zusammenarbeit mit weltweit renommierten Marken garantiert, dass jeder Tropfen Shaliteink-Plastisolfarbe h\u00f6chsten Industriestandards entspricht.<\/p>","protected":false},"featured_media":1501,"comment_status":"open","ping_status":"closed","template":"","meta":[],"product_brand":[],"product_cat":[39],"product_tag":[],"class_list":{"0":"post-1271","1":"product","2":"type-product","3":"status-publish","4":"has-post-thumbnail","6":"product_cat-plastisol-ink","8":"first","9":"instock","10":"shipping-taxable","11":"purchasable","12":"product-type-variable"},"tiered_pricing_type":"fixed","tiered_pricing_fixed_rules":[],"tiered_pricing_product_settings":{"layout":"default","base_unit_name":{"singular":null,"plural":null},"default_variation":null},"tiered_pricing_minimum_quantity":null,"tiered_pricing_roles_data":[],"tiered_pricing_percentage_rules":[],"tiered_pricing_maximum_quantity":null,"tiered_pricing_quantity_step":null,"_links":{"self":[{"href":"https:\/\/shaliteink.com\/de\/wp-json\/wp\/v2\/product\/1271","targetHints":{"allow":["GET"]}}],"collection":[{"href":"https:\/\/shaliteink.com\/de\/wp-json\/wp\/v2\/product"}],"about":[{"href":"https:\/\/shaliteink.com\/de\/wp-json\/wp\/v2\/types\/product"}],"replies":[{"embeddable":true,"href":"https:\/\/shaliteink.com\/de\/wp-json\/wp\/v2\/comments?post=1271"}],"version-history":[{"count":0,"href":"https:\/\/shaliteink.com\/de\/wp-json\/wp\/v2\/product\/1271\/revisions"}],"wp:featuredmedia":[{"embeddable":true,"href":"https:\/\/shaliteink.com\/de\/wp-json\/wp\/v2\/media\/1501"}],"wp:attachment":[{"href":"https:\/\/shaliteink.com\/de\/wp-json\/wp\/v2\/media?parent=1271"}],"wp:term":[{"taxonomy":"product_brand","embeddable":true,"href":"https:\/\/shaliteink.com\/de\/wp-json\/wp\/v2\/product_brand?post=1271"},{"taxonomy":"product_cat","embeddable":true,"href":"https:\/\/shaliteink.com\/de\/wp-json\/wp\/v2\/product_cat?post=1271"},{"taxonomy":"product_tag","embeddable":true,"href":"https:\/\/shaliteink.com\/de\/wp-json\/wp\/v2\/product_tag?post=1271"}],"curies":[{"name":"wp","href":"https:\/\/api.w.org\/{rel}","templated":true}]}}