{"id":1266,"date":"2025-04-12T09:53:35","date_gmt":"2025-04-12T09:53:35","guid":{"rendered":"https:\/\/shaliteink.com\/?post_type=product&#038;p=1266"},"modified":"2025-12-10T09:21:51","modified_gmt":"2025-12-10T09:21:51","slug":"fluoreszierende-gelbe-siebdruck-plastisolfarbe","status":"publish","type":"product","link":"https:\/\/shaliteink.com\/de\/produkt\/fluoreszierende-gelbe-siebdruck-plastisolfarbe\/","title":{"rendered":"Fluoreszierende gelbe Plastisol-Siebdrucktinte"},"content":{"rendered":"<p class=\"ng-star-inserted\"><strong class=\"ng-star-inserted\"><span class=\"ng-star-inserted\">Wichtigste Vorteile der Shaliteink fluoreszierenden gelben Plastisolfarbe:<\/span><\/strong><\/p>\n<ul class=\"ng-star-inserted\">\n<li class=\"ng-star-inserted\">Leuchtendes Fluoreszierendes Gelb: Erhalten Sie auff\u00e4llige, ausdrucksstarke Drucke, die wirklich herausstechen.<\/li>\n<li class=\"ng-star-inserted\">Soft Hand Print: Genie\u00dfen Sie ein glattes, angenehmes Tragegef\u00fchl auf Ihren fertigen Kleidungsst\u00fccken.<\/li>\n<li class=\"ng-star-inserted\">Universelle Stoffvertr\u00e4glichkeit: Hervorragende Haftung und Leistung auf einer breiten Palette von Stoffen.<\/li>\n<li class=\"ng-star-inserted\">Geringe Farbausblutung bei Poly-Mischgeweben: Reduziert die Farbstoffmigration, besonders wichtig bei Polyester-Mischgeweben.<\/li>\n<li class=\"ng-star-inserted\">Phthalatfreie Formel: Eine sichere Wahl f\u00fcr Drucker und Endverbraucher.<\/li>\n<li class=\"ng-star-inserted\">Hohe Deckkraft: Sorgt f\u00fcr hervorragende Farbs\u00e4ttigung sowohl auf hellen als auch auf dunklen Stoffen.<\/li>\n<li class=\"ng-star-inserted\">Einfache Handhabung: Cremige Textur und geringe Gr\u00f6\u00dfe f\u00fcr m\u00fcheloses Drucken.<\/li>\n<li class=\"ng-star-inserted\">Schnelle Aush\u00e4rtung bei 160\u00b0C: Beschleunigt die Produktion und senkt die Energiekosten.<\/li>\n<li class=\"ng-star-inserted\">Optimierte Flash-Temperatur: Flash bei 120-140\u00b0C f\u00fcr schnelle Zwischentrocknung.<\/li>\n<li class=\"ng-star-inserted\">Qualit\u00e4t direkt vom Hersteller: Profitieren Sie von unserer zwanzigj\u00e4hrigen Erfahrung in der Fertigung.<\/li>\n<\/ul>\n<ul class=\"ng-star-inserted\">\n<li class=\"ng-star-inserted\"><img decoding=\"async\" class=\"aligncenter wp-image-4025 size-large\" src=\"https:\/\/shaliteink.com\/wp-content\/uploads\/2025\/04\/Fluorescent-Yellow-Screen-Printing-Plastisol-Ink-1-1024x683.jpg\" alt=\"Fluoreszierende gelbe Plastisol-Siebdrucktinte\" width=\"1024\" height=\"683\" srcset=\"https:\/\/shaliteink.com\/wp-content\/uploads\/2025\/04\/Fluorescent-Yellow-Screen-Printing-Plastisol-Ink-1-1024x683.jpg 1024w, https:\/\/shaliteink.com\/wp-content\/uploads\/2025\/04\/Fluorescent-Yellow-Screen-Printing-Plastisol-Ink-1-300x200.jpg 300w, https:\/\/shaliteink.com\/wp-content\/uploads\/2025\/04\/Fluorescent-Yellow-Screen-Printing-Plastisol-Ink-1-768x512.jpg 768w, https:\/\/shaliteink.com\/wp-content\/uploads\/2025\/04\/Fluorescent-Yellow-Screen-Printing-Plastisol-Ink-1-1536x1024.jpg 1536w, https:\/\/shaliteink.com\/wp-content\/uploads\/2025\/04\/Fluorescent-Yellow-Screen-Printing-Plastisol-Ink-1-2048x1365.jpg 2048w, https:\/\/shaliteink.com\/wp-content\/uploads\/2025\/04\/Fluorescent-Yellow-Screen-Printing-Plastisol-Ink-1-18x12.jpg 18w, https:\/\/shaliteink.com\/wp-content\/uploads\/2025\/04\/Fluorescent-Yellow-Screen-Printing-Plastisol-Ink-1-1200x800.jpg 1200w, https:\/\/shaliteink.com\/wp-content\/uploads\/2025\/04\/Fluorescent-Yellow-Screen-Printing-Plastisol-Ink-1-150x100.jpg 150w\" sizes=\"(max-width: 1024px) 100vw, 1024px\" \/><\/li>\n<\/ul>\n<p>Shaliteink <strong>Fluoreszierende gelbe Plastisol-Tinte<\/strong> wurde f\u00fcr Siebdrucker entwickelt, die herausragende Ergebnisse und effiziente Arbeitsabl\u00e4ufe erwarten. Dieses Premium-Produkt <strong><a href=\"https:\/\/shaliteink.com\/de\/screen-printing-ink\/\">Siebdruckfarbe<\/a><\/strong> Die Tinte h\u00e4rtet bei einer niedrigen Temperatur von 160 \u00b0C aus, wodurch die Trocknungszeit deutlich verk\u00fcrzt und das Risiko von Versengen oder Einlaufen der Textilien, insbesondere bei temperaturempfindlichen Stoffen, minimiert wird. Ihre leicht zu verarbeitende Konsistenz gew\u00e4hrleistet nahtlose Druckergebnisse, w\u00e4hrend die hohe Deckkraft selbst ohne Grundierung auf vielen Stoffen f\u00fcr hervorragende Farbbrillanz und brillante Farben sorgt.<\/p>\n<p>Unsere Plastisolfarben revolutionieren die Arbeitsweise von Druckereien, die ihre Produktivit\u00e4t steigern und Betriebskosten senken m\u00f6chten. Niedrigere Temperaturen bedeuten einen geringeren Energieverbrauch f\u00fcr Ihren Trockner und schnellere Bearbeitungszeiten f\u00fcr Ihre Projekte. Dieser fluoreszierende Gelbton verleiht jedem Design leuchtende, dynamische Farben und macht Ihren Druck unvergesslich.<\/p>\n<p class=\"ng-star-inserted\"><strong class=\"ng-star-inserted\"><span class=\"ng-star-inserted\">Merkmale, die Shaliteink auszeichnen:<\/span><\/strong><\/p>\n<ul class=\"ng-star-inserted\">\n<li style=\"list-style-type: none;\">\n<ul class=\"ng-star-inserted\">\n<li class=\"ng-star-inserted\">Auff\u00e4llige und unverwechselbare Farbe: Dieser fluoreszierende Gelbton soll Aufmerksamkeit erregen.<\/li>\n<\/ul>\n<\/li>\n<\/ul>\n<p>Hervorragende Deckkraft: Erzielen Sie intensive Farbbrillanz bei einer Vielzahl von Kleidungsst\u00fcckfarben.<\/p>\n<ul class=\"ng-star-inserted\">\n<li class=\"ng-star-inserted\">Cremig und leicht zu bedrucken: Entwickelt f\u00fcr gleichm\u00e4\u00dfige und reibungslose Druckergebnisse.<\/li>\n<li class=\"ng-star-inserted\">Hervorragende Waschbest\u00e4ndigkeit: Die Drucke behalten auch nach mehrmaligem Waschen ihre Farbtreue und Leuchtkraft.<\/li>\n<li class=\"ng-star-inserted\">KURZE BLITZZEITEN: Beschleunigt Mehrfarbendruck durch effizientes Zwischentrocknen.<\/li>\n<li>Gleichbleibende Qualit\u00e4t: Unterst\u00fctzt durch zwei Jahrzehnte Produktionserfahrung von Shaliteink.<\/li>\n<\/ul>\n<p class=\"ng-star-inserted\"><strong class=\"ng-star-inserted\"><span class=\"ng-star-inserted\">Aush\u00e4rtungshinweise f\u00fcr Shaliteink Fluoreszierende Gelbe Plastisolfarbe:<\/span><\/strong><\/p>\n<p>Um optimale Haftung und Waschbest\u00e4ndigkeit zu gew\u00e4hrleisten, h\u00e4rten Sie Ihre Shaliteink aus. <strong><a href=\"https:\/\/shaliteink.com\/de\/produkt-kategorie\/plastisol-tinte\/\">Plastisol-Tinten<\/a><\/strong> bei 160\u00b0C (320\u00b0F) in der gesamten Tintenschicht.<\/p>\n<ul>\n<li>Blitztemperatur: 120\u2013140 \u00b0C (248\u2013284 \u00b0F) f\u00fcr 3\u20135 Sekunden. Passen Sie die Temperatur gegebenenfalls an Ihren Trockner und dessen Einstellungen an.<\/li>\n<li>Vollst\u00e4ndige Aush\u00e4rtung: Die Tinte ist vollst\u00e4ndig ausgeh\u00e4rtet, wenn die gesamte Tintenschicht 160 \u00b0C erreicht hat. Oberfl\u00e4chentemperaturmessungen mit Laserpistolen k\u00f6nnen irref\u00fchrend sein; f\u00fcr genaue Messwerte werden Ringf\u00fchler oder Temperaturstreifen zur Best\u00e4tigung der Kerntemperatur empfohlen.<\/li>\n<li>Waschtest: F\u00fchren Sie nach der Installation neuer Trocknereinstellungen immer einen Waschtest durch. Im Allgemeinen sind 5\u201310 Waschg\u00e4nge f\u00fcr einen vollst\u00e4ndigen Test erforderlich. Bei starker Kurzzeitbehandlung kann sich der Zustand jedoch bereits nach 1\u20133 Waschg\u00e4ngen verschlechtern.<\/li>\n<li>Dehnungstest: Dehnen Sie das bedruckte Kleidungsst\u00fcck f\u00fcr einen Schnelltest auf etwa zwei Drittel seiner normalen Dehnbarkeit. Wenn der Aufdruck dabei stark einrei\u00dft und sich nicht wieder zusammenzieht, kann dies auf eine fehlerhafte Reparatur hindeuten.<\/li>\n<li>Farbstoffmigration bei Polyester-Mischgeweben: Unsere Formel mit geringem Ausbluten minimiert die Farbstoffmigration. Die Aush\u00e4rtung bei den empfohlenen 160 \u00b0C, die oft unter der Fixiertemperatur vieler Polyestergewebe (270\u2013300 \u00b0F) liegt, reduziert zus\u00e4tzlich das Risiko des Ausblutens der Farbstoffe in Ihre leuchtenden Siebdruckfarben.<\/li>\n<\/ul>\n<p class=\"ng-star-inserted\"><strong class=\"ng-star-inserted\"><span class=\"ng-star-inserted\">Aufr\u00e4umarbeiten:<\/span><\/strong><\/p>\n<p>Aufr\u00e4umen nach der Benutzung <strong><a href=\"https:\/\/shaliteink.com\/de\/\">Shaliteink<\/a><\/strong> Plastisolfarbe ist unkompliziert:<\/p>\n<ul>\n<li>An der Druckmaschine: Verwenden Sie ein spezielles Plastisol-Druckmaschinenreiniger oder einen Farbl\u00f6ser, um Siebe und Rakel zu reinigen.<br \/>\nS.<\/li>\n<li>Im Sp\u00fclbecken: Verwenden Sie Plastisol Screen Wash oder Ink Degradant f\u00fcr eine gr\u00fcndliche Reinigung des Siebs.<\/li>\n<\/ul>\n<p class=\"ng-star-inserted\"><strong class=\"ng-star-inserted\"><span class=\"ng-star-inserted\">Speicherinformationen:<\/span><\/strong><\/p>\n<p>Lagern Sie Ihre Shaliteink Plastisol-Tinte bei Raumtemperatur, idealerweise zwischen 18 und 32 \u00b0C, und sch\u00fctzen Sie sie vor direkter Sonneneinstrahlung. L\u00e4ngere Einwirkung von Temperaturen \u00fcber diesem Bereich kann zu vorzeitigem Aush\u00e4rten der Tinte im Beh\u00e4lter f\u00fchren.<\/p>\n<p>Shaliteink ist Ihr zuverl\u00e4ssiger Partner f\u00fcr hochwertige Siebdruckfarben. Unsere fluoreszierende gelbe Plastisolfarbe \u00fcberzeugt durch hervorragende Leistung, einfache Anwendung und Wirtschaftlichkeit und ist damit die ideale Wahl f\u00fcr Profis und ambitionierte Hobbydrucker. Bestellen Sie jetzt und verbessern Sie Ihre Druckergebnisse mit Shaliteink!<\/p>\n<p>&nbsp;<\/p>\n<p><img decoding=\"async\" class=\"aligncenter wp-image-4024 size-large\" src=\"https:\/\/shaliteink.com\/wp-content\/uploads\/2025\/04\/Fluorescent-Yellow-Screen-Printing-Plastisol-Ink-1024x683.jpg\" alt=\"Fluoreszierende gelbe Plastisol-Siebdrucktinte\" width=\"1024\" height=\"683\" srcset=\"https:\/\/shaliteink.com\/wp-content\/uploads\/2025\/04\/Fluorescent-Yellow-Screen-Printing-Plastisol-Ink-1024x683.jpg 1024w, https:\/\/shaliteink.com\/wp-content\/uploads\/2025\/04\/Fluorescent-Yellow-Screen-Printing-Plastisol-Ink-300x200.jpg 300w, https:\/\/shaliteink.com\/wp-content\/uploads\/2025\/04\/Fluorescent-Yellow-Screen-Printing-Plastisol-Ink-768x512.jpg 768w, https:\/\/shaliteink.com\/wp-content\/uploads\/2025\/04\/Fluorescent-Yellow-Screen-Printing-Plastisol-Ink-1536x1024.jpg 1536w, https:\/\/shaliteink.com\/wp-content\/uploads\/2025\/04\/Fluorescent-Yellow-Screen-Printing-Plastisol-Ink-2048x1365.jpg 2048w, https:\/\/shaliteink.com\/wp-content\/uploads\/2025\/04\/Fluorescent-Yellow-Screen-Printing-Plastisol-Ink-18x12.jpg 18w, https:\/\/shaliteink.com\/wp-content\/uploads\/2025\/04\/Fluorescent-Yellow-Screen-Printing-Plastisol-Ink-1200x800.jpg 1200w, https:\/\/shaliteink.com\/wp-content\/uploads\/2025\/04\/Fluorescent-Yellow-Screen-Printing-Plastisol-Ink-150x100.jpg 150w\" sizes=\"(max-width: 1024px) 100vw, 1024px\" \/><\/p>","protected":false},"excerpt":{"rendered":"<p>Erleben Sie unvergleichliche Farbbrillanz und Druckleistung mit Shaliteink Fluorescent Yellow Siebdruck-Plastisolfarbe. Als weltweit f\u00fchrender Anbieter von Siebdruckzubeh\u00f6r mit zwei Jahrzehnten Erfahrung in der Herstellung liefert Shaliteink Qualit\u00e4t direkt vom Hersteller, auf die Profis vertrauen. Wir arbeiten mit weltbekannten Marken zusammen, um Ihnen Plastisolfarbenl\u00f6sungen zu bieten, die Ihre Erwartungen \u00fcbertreffen.<\/p>","protected":false},"featured_media":1497,"comment_status":"open","ping_status":"closed","template":"","meta":[],"product_brand":[],"product_cat":[39],"product_tag":[],"class_list":{"0":"post-1266","1":"product","2":"type-product","3":"status-publish","4":"has-post-thumbnail","6":"product_cat-plastisol-ink","8":"first","9":"instock","10":"shipping-taxable","11":"purchasable","12":"product-type-variable"},"tiered_pricing_type":"fixed","tiered_pricing_fixed_rules":[],"tiered_pricing_product_settings":{"layout":"default","base_unit_name":{"singular":null,"plural":null},"default_variation":null},"tiered_pricing_minimum_quantity":null,"tiered_pricing_roles_data":[],"tiered_pricing_percentage_rules":[],"tiered_pricing_maximum_quantity":null,"tiered_pricing_quantity_step":null,"_links":{"self":[{"href":"https:\/\/shaliteink.com\/de\/wp-json\/wp\/v2\/product\/1266","targetHints":{"allow":["GET"]}}],"collection":[{"href":"https:\/\/shaliteink.com\/de\/wp-json\/wp\/v2\/product"}],"about":[{"href":"https:\/\/shaliteink.com\/de\/wp-json\/wp\/v2\/types\/product"}],"replies":[{"embeddable":true,"href":"https:\/\/shaliteink.com\/de\/wp-json\/wp\/v2\/comments?post=1266"}],"version-history":[{"count":0,"href":"https:\/\/shaliteink.com\/de\/wp-json\/wp\/v2\/product\/1266\/revisions"}],"wp:featuredmedia":[{"embeddable":true,"href":"https:\/\/shaliteink.com\/de\/wp-json\/wp\/v2\/media\/1497"}],"wp:attachment":[{"href":"https:\/\/shaliteink.com\/de\/wp-json\/wp\/v2\/media?parent=1266"}],"wp:term":[{"taxonomy":"product_brand","embeddable":true,"href":"https:\/\/shaliteink.com\/de\/wp-json\/wp\/v2\/product_brand?post=1266"},{"taxonomy":"product_cat","embeddable":true,"href":"https:\/\/shaliteink.com\/de\/wp-json\/wp\/v2\/product_cat?post=1266"},{"taxonomy":"product_tag","embeddable":true,"href":"https:\/\/shaliteink.com\/de\/wp-json\/wp\/v2\/product_tag?post=1266"}],"curies":[{"name":"wp","href":"https:\/\/api.w.org\/{rel}","templated":true}]}}