{"id":1254,"date":"2025-04-12T09:47:33","date_gmt":"2025-04-12T09:47:33","guid":{"rendered":"https:\/\/shaliteink.com\/?post_type=product&#038;p=1254"},"modified":"2025-12-10T11:28:47","modified_gmt":"2025-12-10T11:28:47","slug":"fluoreszierende-grune-siebdruck-plastisolfarbe","status":"publish","type":"product","link":"https:\/\/shaliteink.com\/de\/produkt\/fluoreszierende-grune-siebdruck-plastisolfarbe\/","title":{"rendered":"Fluoreszierende gr\u00fcne Plastisol-Siebdrucktinte"},"content":{"rendered":"<h2 class=\"ng-star-inserted\"><span class=\"ng-star-inserted\">Shaliteink Fluoreszierende gr\u00fcne Siebdruck-Plastisolfarbe: Leuchtende Farben, m\u00fcheloses Drucken<\/span><\/h2>\n<h4 class=\"ng-star-inserted\"><span class=\"ng-star-inserted\">Produktbeschreibung<\/span><\/h4>\n<p class=\"ng-star-inserted\">Entfesseln Sie eine Explosion elektrisierender Farben mit Shaliteink Fluoreszierendem Gr\u00fcn f\u00fcr den Siebdruck. Diese Hochleistungs-Plastisolfarbe wurde speziell entwickelt, um auf einer Vielzahl von Textilien brillante, attraktive fluoreszierende Gr\u00fcnt\u00f6ne zu erzielen. Dank ihrer anwenderfreundlichen, cremigen Konsistenz und geringen Viskosit\u00e4t gew\u00e4hrleistet sie stets gleichm\u00e4\u00dfige und glatte Druckergebnisse, minimiert die Einrichtungszeit und maximiert Ihre Produktivit\u00e4t. Unsere fortschrittliche Formel garantiert hervorragende Deckkraft und erm\u00f6glicht Ihnen so leuchtende Farben selbst auf dunklen Stoffen \u2013 ganz ohne h\u00e4ufiges Grundieren.<\/p>\n<p>Neben seiner attraktiven Optik bietet unser <strong>fluoreszierende gr\u00fcne Plastisolfarbe<\/strong> bietet erhebliche betriebliche Vorteile. Mit einer niedrigen Temperatur von nur 160 \u00b0C (320 \u00b0F) verhindert es das Versengen und Einlaufen von Textilien, insbesondere bei temperaturempfindlichen Mischgeweben wie Polyester. Diese niedrigere Behandlungstemperatur schont nicht nur Ihre Kleidung, sondern tr\u00e4gt auch zur Energieeinsparung bei, da die Belastung Ihres Trockners reduziert wird. Erleben Sie den weichen Griff, der Ihre Drucke auch nach unz\u00e4hligen W\u00e4schen angenehm und langlebig h\u00e4lt. Ob Sie individuelle Bekleidung, Werbeartikel oder k\u00fcnstlerische Designs gestalten \u2013 der fluoreszierende gr\u00fcne Siebdruck von Shaliteink ist die ideale L\u00f6sung. <strong><a href=\"https:\/\/shaliteink.com\/de\/produkt-kategorie\/plastisol-tinte\/\">Plastisol-Tinte<\/a><\/strong> Wir bieten Ihnen die Zuverl\u00e4ssigkeit und Qualit\u00e4t, die Sie ben\u00f6tigen, um Ihre Projekte hervorzuheben.<\/p>\n<h3><img decoding=\"async\" class=\"aligncenter wp-image-4021 size-large\" src=\"https:\/\/shaliteink.com\/wp-content\/uploads\/2025\/04\/Fluorescent-Green-Screen-Printing-Plastisol-Ink-1024x683.jpg\" alt=\"Fluoreszierende gr\u00fcne Plastisol-Siebdrucktinte\" width=\"1024\" height=\"683\" srcset=\"https:\/\/shaliteink.com\/wp-content\/uploads\/2025\/04\/Fluorescent-Green-Screen-Printing-Plastisol-Ink-1024x683.jpg 1024w, https:\/\/shaliteink.com\/wp-content\/uploads\/2025\/04\/Fluorescent-Green-Screen-Printing-Plastisol-Ink-300x200.jpg 300w, https:\/\/shaliteink.com\/wp-content\/uploads\/2025\/04\/Fluorescent-Green-Screen-Printing-Plastisol-Ink-768x512.jpg 768w, https:\/\/shaliteink.com\/wp-content\/uploads\/2025\/04\/Fluorescent-Green-Screen-Printing-Plastisol-Ink-1536x1024.jpg 1536w, https:\/\/shaliteink.com\/wp-content\/uploads\/2025\/04\/Fluorescent-Green-Screen-Printing-Plastisol-Ink-2048x1365.jpg 2048w, https:\/\/shaliteink.com\/wp-content\/uploads\/2025\/04\/Fluorescent-Green-Screen-Printing-Plastisol-Ink-18x12.jpg 18w, https:\/\/shaliteink.com\/wp-content\/uploads\/2025\/04\/Fluorescent-Green-Screen-Printing-Plastisol-Ink-1200x800.jpg 1200w, https:\/\/shaliteink.com\/wp-content\/uploads\/2025\/04\/Fluorescent-Green-Screen-Printing-Plastisol-Ink-150x100.jpg 150w\" sizes=\"(max-width: 1024px) 100vw, 1024px\" \/><\/h3>\n<h3 class=\"ng-star-inserted\"><span class=\"ng-star-inserted\">Wichtigste Vorteile von <strong><a href=\"https:\/\/shaliteink.com\/de\/\">Shaliteink<\/a><\/strong> Fluoreszierende gr\u00fcne Plastisolfarbe:<\/span><\/h3>\n<ul class=\"ng-star-inserted\">\n<li class=\"ng-star-inserted\">Leuchtendes Fluoreszierendes Gr\u00fcn: Erhalten Sie kr\u00e4ftige, elektrisierende Farben, die Aufmerksamkeit erregen.<\/li>\n<li class=\"ng-star-inserted\">Optimale Deckkraft: Sorgt f\u00fcr hervorragende Deckkraft, auch auf dunklen Untergr\u00fcnden, und erm\u00f6glicht so brillante Ausdrucke.<\/li>\n<li class=\"ng-star-inserted\">Soft Hand Print: Sorgt f\u00fcr ein angenehmes, flexibles Tragegef\u00fchl Ihrer fertigen Kleidungsst\u00fccke.<\/li>\n<li class=\"ng-star-inserted\">Einfache Anwendung: Cremige Konsistenz, die im Haar verbleibt und f\u00fcr ein gleichm\u00e4\u00dfiges Auftragen sorgt.<\/li>\n<li class=\"ng-star-inserted\">Universelle Stoffvertr\u00e4glichkeit: Erzielt hervorragende Ergebnisse auf einer Vielzahl von Stoffen, darunter 100% Baumwolle, Baumwoll-Polyester-Mischgewebe und Polyester (bei Verwendung geeigneter Technologien zur Reduzierung des Ausblutens).<\/li>\n<li class=\"ng-star-inserted\">Niedrige Temperatur: H\u00e4rtet effizient bei 160\u00b0C (320\u00b0F) aus, wodurch das Anbrennen und Einlaufen der Textilien reduziert wird.<\/li>\n<li class=\"ng-star-inserted\">Kurze Blitzzeiten: Erreicht optimale Blitztemperaturen von 120\u00b0C-140\u00b0C (248\u00b0F-284\u00b0F) f\u00fcr schnelle Druck-Blitz-Druck-Vorg\u00e4nge.<\/li>\n<li class=\"ng-star-inserted\">Phthalatfreie Formel: Umweltfreundlich und sicher f\u00fcr die Anwender.<\/li>\n<li class=\"ng-star-inserted\">Seidengl\u00e4nzendes Finish: Verleiht Ihren Drucken ein professionelles und attraktives Aussehen.<\/li>\n<li class=\"ng-star-inserted\">Qualit\u00e4t direkt vom Hersteller: Profitieren Sie von zwei Jahrzehnten Fertigungsexzellenz und direkter Lieferung.<\/li>\n<\/ul>\n<h3 class=\"ng-star-inserted\"><span class=\"ng-star-inserted\">Aush\u00e4rtungshinweise:<\/span><\/h3>\n<p>Eine vollst\u00e4ndige Aush\u00e4rtung ist wichtig f\u00fcr die Haltbarkeit des Drucks. Shaliteink Fluorescent Green Plastisolfarbe wurde f\u00fcr eine effiziente Aush\u00e4rtung bei niedrigen Temperaturen entwickelt:<\/p>\n<ul>\n<li>Aush\u00e4rtungstemperatur: 160 \u00b0C (320 \u00b0F) in der gesamten Tintenschicht.<\/li>\n<li>Blitztemperatur: 120\u00b0C-140\u00b0C (248\u00b0F-284\u00b0F) f\u00fcr 3-5 Sekunden.<\/li>\n<\/ul>\n<p>Wichtige Hinweise zur Aush\u00e4rtung: Um eine optimale Aush\u00e4rtung zu gew\u00e4hrleisten, empfehlen wir dringend, vor der Serienproduktion einen Dehnungstest und einen Waschtest durchzuf\u00fchren. Dehnen Sie das bedruckte Kleidungsst\u00fcck um etwa zwei Drittel. Wenn die Farbe verl\u00e4uft und sich nicht zur\u00fcckzieht, ist die Aush\u00e4rtung unzureichend. F\u00fcr einen umfassenden Test lassen Sie das Kleidungsst\u00fcck 5\u201310 Mal waschen, um die vollst\u00e4ndige Aush\u00e4rtung zu best\u00e4tigen. Sollte der Test fehlschlagen, verl\u00e4ngern Sie die Trocknerzeit.<\/p>\n<p>Farbstoffmigration bei Polyester-Mischgeweben: Unsere niedrige Aush\u00e4rtungstemperatur tr\u00e4gt dazu bei, die Farbstoffmigration zu reduzieren, ein h\u00e4ufiges Problem bei Polyestergeweben. Polyesterfarbstoffe gasen typischerweise bei Temperaturen \u00fcber 132 \u00b0C aus. Durch die effiziente Aush\u00e4rtung unserer Plastisolfarben bei 160 \u00b0C minimieren Sie das Risiko des Ausblutens der Farbe in Ihre leuchtend gr\u00fcnen, fluoreszierenden Drucke. F\u00fchren Sie stets Vorversuche mit neuen Stoffarten durch, um die Aush\u00e4rtungsparameter zu optimieren. Beachten Sie, dass die Oberfl\u00e4chentemperaturmessungen mit Laserpistolen irref\u00fchrend sein k\u00f6nnen. Ziel ist es, sicherzustellen, dass die gesamte Farbschicht die angestrebte Aush\u00e4rtungstemperatur erreicht.<\/p>\n<h3 class=\"ng-star-inserted\"><span class=\"ng-star-inserted\">Aufr\u00e4umarbeiten:<\/span><\/h3>\n<p>Mit Shalitink-Plastisolfarben ist die Wartung Ihrer Ger\u00e4te ganz einfach:<\/p>\n<ul>\n<li>Reinigung direkt an der Druckmaschine: Verwenden Sie ein spezielles Plastisol-Druckmaschinenreinigungsmittel oder einen Farbentferner.<\/li>\n<li>Siebreinigung: Verwenden Sie Plastisol-Siebreiniger oder Tintenentferner f\u00fcr eine gr\u00fcndliche Reinigung des Siebs.<\/li>\n<\/ul>\n<h3><img decoding=\"async\" class=\"aligncenter wp-image-4022 size-large\" src=\"https:\/\/shaliteink.com\/wp-content\/uploads\/2025\/04\/Fluorescent-Green-Screen-Printing-Plastisol-Ink-1-1024x683.jpg\" alt=\"Fluoreszierende gr\u00fcne Plastisol-Siebdrucktinte\" width=\"1024\" height=\"683\" srcset=\"https:\/\/shaliteink.com\/wp-content\/uploads\/2025\/04\/Fluorescent-Green-Screen-Printing-Plastisol-Ink-1-1024x683.jpg 1024w, https:\/\/shaliteink.com\/wp-content\/uploads\/2025\/04\/Fluorescent-Green-Screen-Printing-Plastisol-Ink-1-300x200.jpg 300w, https:\/\/shaliteink.com\/wp-content\/uploads\/2025\/04\/Fluorescent-Green-Screen-Printing-Plastisol-Ink-1-768x512.jpg 768w, https:\/\/shaliteink.com\/wp-content\/uploads\/2025\/04\/Fluorescent-Green-Screen-Printing-Plastisol-Ink-1-1536x1024.jpg 1536w, https:\/\/shaliteink.com\/wp-content\/uploads\/2025\/04\/Fluorescent-Green-Screen-Printing-Plastisol-Ink-1-2048x1365.jpg 2048w, https:\/\/shaliteink.com\/wp-content\/uploads\/2025\/04\/Fluorescent-Green-Screen-Printing-Plastisol-Ink-1-18x12.jpg 18w, https:\/\/shaliteink.com\/wp-content\/uploads\/2025\/04\/Fluorescent-Green-Screen-Printing-Plastisol-Ink-1-1200x800.jpg 1200w, https:\/\/shaliteink.com\/wp-content\/uploads\/2025\/04\/Fluorescent-Green-Screen-Printing-Plastisol-Ink-1-150x100.jpg 150w\" sizes=\"(max-width: 1024px) 100vw, 1024px\" \/><\/h3>\n<h3 class=\"ng-star-inserted\"><span class=\"ng-star-inserted\">Profi-Tipps f\u00fcr Shaliteink Plastisol-Tinte:<\/span><\/h3>\n<ul>\n<li>Empfehlung f\u00fcr die Grundierung: F\u00fcr maximale Farbbrillanz und Deckkraft auf sehr dunklen Stoffen empfiehlt sich eine wei\u00dfe Grundierung.<\/li>\n<li>Lagerung: Plastisolfarbe bei Raumtemperatur (18\u201332 \u00b0C) und vor direkter Sonneneinstrahlung gesch\u00fctzt lagern. L\u00e4ngere Einwirkung von Temperaturen \u00fcber 32 \u00b0C kann zum Aush\u00e4rten der Farbe im Beh\u00e4lter f\u00fchren.<\/li>\n<li>Verbindung: Plastisolfarben bilden eine mechanische Verbindung, indem sie sich um die Stofffasern legen, anstatt sie zu f\u00e4rben. Dies gew\u00e4hrleistet eine hervorragende Haltbarkeit und Farbbrillanz.<\/li>\n<\/ul>\n<p>Sichern Sie sich das Beste zum niedrigsten Preis! Kaufen Sie Top-Produkte! <strong>Siebdruckfarben<\/strong> Leuchtende Plastisolfarben zu unschlagbaren Preisen. Perfekt f\u00fcr jedes Projekt. Klicken Sie hier, um unsere Angebote zu sehen!<\/p>","protected":false},"excerpt":{"rendered":"<p>Shaliteink ist ein weltweit f\u00fchrender Anbieter von Plastisolfarben f\u00fcr den Siebdruck und verf\u00fcgt \u00fcber zwanzig Jahre Erfahrung in der Herstellung sowie Direktvertrieb ab Werk. In enger Zusammenarbeit mit vielen weltbekannten Marken bieten wir Ihnen Plastisolfarben in Premiumqualit\u00e4t. Unsere fluoreszierende gr\u00fcne Plastisolfarbe f\u00fcr den Siebdruck wurde speziell f\u00fcr brillante, lebendige Ergebnisse entwickelt und ist daher die ideale Wahl f\u00fcr erfahrene Profis und Einsteiger gleicherma\u00dfen.<\/p>","protected":false},"featured_media":1503,"comment_status":"open","ping_status":"closed","template":"","meta":[],"product_brand":[],"product_cat":[39],"product_tag":[],"class_list":{"0":"post-1254","1":"product","2":"type-product","3":"status-publish","4":"has-post-thumbnail","6":"product_cat-plastisol-ink","8":"first","9":"instock","10":"shipping-taxable","11":"purchasable","12":"product-type-variable"},"tiered_pricing_type":"fixed","tiered_pricing_fixed_rules":[],"tiered_pricing_product_settings":{"layout":"default","base_unit_name":{"singular":null,"plural":null},"default_variation":null},"tiered_pricing_minimum_quantity":null,"tiered_pricing_roles_data":[],"tiered_pricing_percentage_rules":[],"tiered_pricing_maximum_quantity":null,"tiered_pricing_quantity_step":null,"_links":{"self":[{"href":"https:\/\/shaliteink.com\/de\/wp-json\/wp\/v2\/product\/1254","targetHints":{"allow":["GET"]}}],"collection":[{"href":"https:\/\/shaliteink.com\/de\/wp-json\/wp\/v2\/product"}],"about":[{"href":"https:\/\/shaliteink.com\/de\/wp-json\/wp\/v2\/types\/product"}],"replies":[{"embeddable":true,"href":"https:\/\/shaliteink.com\/de\/wp-json\/wp\/v2\/comments?post=1254"}],"version-history":[{"count":0,"href":"https:\/\/shaliteink.com\/de\/wp-json\/wp\/v2\/product\/1254\/revisions"}],"wp:featuredmedia":[{"embeddable":true,"href":"https:\/\/shaliteink.com\/de\/wp-json\/wp\/v2\/media\/1503"}],"wp:attachment":[{"href":"https:\/\/shaliteink.com\/de\/wp-json\/wp\/v2\/media?parent=1254"}],"wp:term":[{"taxonomy":"product_brand","embeddable":true,"href":"https:\/\/shaliteink.com\/de\/wp-json\/wp\/v2\/product_brand?post=1254"},{"taxonomy":"product_cat","embeddable":true,"href":"https:\/\/shaliteink.com\/de\/wp-json\/wp\/v2\/product_cat?post=1254"},{"taxonomy":"product_tag","embeddable":true,"href":"https:\/\/shaliteink.com\/de\/wp-json\/wp\/v2\/product_tag?post=1254"}],"curies":[{"name":"wp","href":"https:\/\/api.w.org\/{rel}","templated":true}]}}