{"id":1212,"date":"2025-04-11T09:43:50","date_gmt":"2025-04-11T09:43:50","guid":{"rendered":"https:\/\/shaliteink.com\/?post_type=product&#038;p=1212"},"modified":"2025-12-10T11:31:33","modified_gmt":"2025-12-10T11:31:33","slug":"fluoreszierende-blaue-siebdruck-plastisolfarbe","status":"publish","type":"product","link":"https:\/\/shaliteink.com\/de\/produkt\/fluoreszierende-blaue-siebdruck-plastisolfarbe\/","title":{"rendered":"Fluoreszierende blaue Plastisol-Siebdrucktinte"},"content":{"rendered":"<h2 class=\"ng-star-inserted\"><span class=\"ng-star-inserted\">Shaliteink Fluoreszierende blaue Plastisolfarbe \u2013 Lebendiger und vielseitiger Siebdruck<\/span><\/h2>\n<p>Unser Innovationsanspruch bedeutet, dass unsere Tinten so konzipiert sind, dass sie Ihren Produktionsprozess optimieren und bei jedem Druckvorgang konstant beeindruckende Ergebnisse liefern. Dieses fluoreszierende Blau <strong><a href=\"https:\/\/shaliteink.com\/de\/produkt-kategorie\/plastisol-tinte\/\">Plastisol-Tinte<\/a><\/strong> Es bietet hervorragende Deckkraft und eine geschmeidige, cremige Textur und gew\u00e4hrleistet so ein nahtloses Druckergebnis, egal ob Sie helle oder dunkle Stoffe bedrucken. Erleben Sie es selbst. <strong><a href=\"https:\/\/shaliteink.com\/de\/produkt\/fluoreszierende-blaue-siebdruck-plastisolfarbe\/\">Shaliteink<\/a><\/strong> Der Unterschied: \u00fcberragende Leistung, brillante Farben und un\u00fcbertroffene Zuverl\u00e4ssigkeit f\u00fcr alle Ihre Siebdruckanforderungen.<\/p>\n<h3><img decoding=\"async\" class=\"aligncenter wp-image-4018 size-large\" src=\"https:\/\/shaliteink.com\/wp-content\/uploads\/2025\/04\/Fluorescent-Blue-Screen-Printing-Plastisol-Ink-1024x683.jpg\" alt=\"Fluoreszierende blaue Plastisol-Siebdrucktinte\" width=\"1024\" height=\"683\" srcset=\"https:\/\/shaliteink.com\/wp-content\/uploads\/2025\/04\/Fluorescent-Blue-Screen-Printing-Plastisol-Ink-1024x683.jpg 1024w, https:\/\/shaliteink.com\/wp-content\/uploads\/2025\/04\/Fluorescent-Blue-Screen-Printing-Plastisol-Ink-300x200.jpg 300w, https:\/\/shaliteink.com\/wp-content\/uploads\/2025\/04\/Fluorescent-Blue-Screen-Printing-Plastisol-Ink-768x512.jpg 768w, https:\/\/shaliteink.com\/wp-content\/uploads\/2025\/04\/Fluorescent-Blue-Screen-Printing-Plastisol-Ink-1536x1024.jpg 1536w, https:\/\/shaliteink.com\/wp-content\/uploads\/2025\/04\/Fluorescent-Blue-Screen-Printing-Plastisol-Ink-2048x1365.jpg 2048w, https:\/\/shaliteink.com\/wp-content\/uploads\/2025\/04\/Fluorescent-Blue-Screen-Printing-Plastisol-Ink-18x12.jpg 18w, https:\/\/shaliteink.com\/wp-content\/uploads\/2025\/04\/Fluorescent-Blue-Screen-Printing-Plastisol-Ink-1200x800.jpg 1200w, https:\/\/shaliteink.com\/wp-content\/uploads\/2025\/04\/Fluorescent-Blue-Screen-Printing-Plastisol-Ink-150x100.jpg 150w\" sizes=\"(max-width: 1024px) 100vw, 1024px\" \/><\/h3>\n<h3 class=\"ng-star-inserted\"><span class=\"ng-star-inserted\">Wichtigste Vorteile der Shaliteink fluoreszierenden blauen Plastisolfarbe:<\/span><\/h3>\n<ul class=\"ng-star-inserted\">\n<li class=\"ng-star-inserted\">Leuchtendes Fluoreszierendes Blau: Erhalten Sie auff\u00e4llige, leuchtend blaue Drucke, die sich von der Masse abheben.<\/li>\n<li class=\"ng-star-inserted\">Optimale Aush\u00e4rtungstemperatur: H\u00e4rtet effizient bei 160\u2103 aus, minimiert den Energieverbrauch und maximiert die Produktionsgeschwindigkeit.<\/li>\n<li class=\"ng-star-inserted\">Soft Hand Print: Erzeugt Drucke mit einem weichen, flexiblen Griff, die sich wunderbar auf Stoffen drapieren.<\/li>\n<li class=\"ng-star-inserted\">Universelle Stoffvertr\u00e4glichkeit: Ideal f\u00fcr eine breite Palette von Materialien, einschlie\u00dflich Baumwolle, Mischgewebe und einigen Polyestern.<\/li>\n<li class=\"ng-star-inserted\">Rezeptur mit geringer Ausblutung: Speziell entwickelt, um bei korrekter Aush\u00e4rtung ein Ausbluten der Farbe auf Polyester- und Mischgeweben zu verhindern.<\/li>\n<li class=\"ng-star-inserted\">Phthalatfreie Tinte: Umweltfreundliche Rezeptur, sicher f\u00fcr ein breites Anwendungsgebiet.<\/li>\n<li class=\"ng-star-inserted\">Hohe Deckkraft: Sorgt f\u00fcr ausgezeichnete Deckkraft und hervorragende Farbs\u00e4ttigung sowohl auf hellen als auch auf dunklen Stoffen.<\/li>\n<li class=\"ng-star-inserted\">Einfache Handhabung: Die geschmeidige, kompakte Konsistenz erm\u00f6glicht einfaches Umr\u00fchren, Portionieren und Drucken.<\/li>\n<li class=\"ng-star-inserted\">Seidengl\u00e4nzendes Finish: Verleiht Ihren fertigen Drucken einen professionellen, attraktiven Glanz.<\/li>\n<li class=\"ng-star-inserted\">Hervorragende Waschbarkeit: Entwickelt f\u00fcr Langlebigkeit, sodass die Drucke auch nach mehrmaligem Waschen nicht verblassen oder knittern.<\/li>\n<\/ul>\n<p>Die fluoreszierende blaue Plastisolfarbe von Shalitienk wurde speziell f\u00fcr einen optimierten Siebdruck-Workflow entwickelt. Dank ihrer niedrigen Temperatur von 160 \u00b0C (im Vergleich zu Farben mit h\u00f6herer Temperatur) wird Ihre Kleidung weniger Hitze ausgesetzt. Dadurch wird das Risiko von Versengen oder Einlaufen, insbesondere bei hitzeempfindlichen Textilien, reduziert. Dies f\u00fchrt au\u00dferdem zu erheblichen Energieeinsparungen und k\u00fcrzeren Produktionszeiten, da Ihr Trockner effizienter arbeiten kann. Die cremige Textur und die geringe Viskosit\u00e4t der Farbe gew\u00e4hrleisten einen gleichm\u00e4\u00dfigen Druck, reduzieren die Erm\u00fcdung des Bedieners und erh\u00f6hen die Druckkonsistenz. F\u00fcr noch brillantere Ergebnisse auf dunkler Kleidung empfehlen wir die Verwendung von Wei\u00df als Grundierung.<\/p>\n<h3 class=\"ng-star-inserted\"><span class=\"ng-star-inserted\">Aush\u00e4rtungshinweise f\u00fcr Shaliteink Fluoreszierende Blaue Plastisolfarbe:<\/span><\/h3>\n<p>Die richtige Behandlung ist wichtig f\u00fcr die Langlebigkeit und Haltbarkeit Ihrer Drucke. Shaliteink <strong>Fluoreszierende blaue Plastisol-Tinte<\/strong> ist f\u00fcr eine zuverl\u00e4ssige Aush\u00e4rtung bei 160\u2103 (320\u00b0F) formuliert.<\/p>\n<ul>\n<li>Aush\u00e4rtungstemperatur: Stellen Sie sicher, dass die gesamte Tintenschicht 160\u2103 (320\u00b0F) erreicht.<\/li>\n<li>Blitztemperatur: Blitzen Sie bei 120 \u00b0C bis 140 \u00b0C (248 \u00b0F bis 284 \u00b0F) f\u00fcr 3\u20135 Sekunden. Dies geschieht \u00fcblicherweise, wenn die Tintenoberfl\u00e4che sich trocken anf\u00fchlt und erleichtert das Auftragen nachfolgender Farbschichten oder die weitere Handhabung.<\/li>\n<li>Allgemeine Testrichtlinien: Vor Produktionsbeginn sollten Sie stets einen Dehnungstest und einen Waschtest an einem Musterkleidungsst\u00fcck durchf\u00fchren. Passen Sie die Verweilzeit oder die F\u00f6rderbandgeschwindigkeit gegebenenfalls an, um eine optimale Behandlung zu gew\u00e4hrleisten. Baumwollkleidung ben\u00f6tigt aufgrund ihrer Saugf\u00e4higkeit unter Umst\u00e4nden etwas l\u00e4nger.<\/li>\n<li>\n<p class=\"ng-star-inserted\"><strong class=\"ng-star-inserted\"><span class=\"ng-star-inserted\">Test auf Heilung:<\/span><\/strong><\/p>\n<ul class=\"ng-star-inserted\">\n<li class=\"ng-star-inserted\">Waschtest: Lassen Sie die Tinte vollst\u00e4ndig abk\u00fchlen. Waschen Sie das Tuch 5\u201310 Mal. Wenn der Druck keine M\u00e4ngel aufweist, ist er vollst\u00e4ndig repariert. Nicht ausreichend fixierte Drucke verschlechtern sich bereits nach 1\u20133 W\u00e4schen deutlich.<\/li>\n<li class=\"ng-star-inserted\">Dehnungstest: Dehnen Sie den bedruckten Bereich des Kleidungsst\u00fccks auf etwa zwei Drittel. Wenn die Tinte platzt und sich nicht zur\u00fcckbildet, ist sie wahrscheinlich nicht richtig ausgeh\u00e4rtet.<\/li>\n<\/ul>\n<\/li>\n<\/ul>\n<h3 class=\"ng-star-inserted\"><span class=\"ng-star-inserted\">Aufr\u00e4umen &amp; Lagern:<\/span><\/h3>\n<p>Eine sachgem\u00e4\u00dfe Reinigung und Lagerung ist unerl\u00e4sslich, um die Qualit\u00e4t Ihrer Siebdruck-Plastisolfarben und -Ger\u00e4te zu erhalten.<\/p>\n<ul>\n<li>Reinigung an der Druckmaschine: Verwenden Sie ein spezielles Plastisol-Druckmaschinenreinigungsmittel oder einen Farbentferner, um das Sieb und den Rakel zu reinigen.<\/li>\n<li>Reinigung des Siebs: F\u00fcr eine gr\u00fcndliche Reinigung des Siebs verwenden Sie Plastisol Screen Wash oder Ink Degradant.<\/li>\n<li>Lagerung: Shaliteink Plastisolfarbe bei Raumtemperatur lagern, idealerweise zwischen 18 und 32 \u00b0C. L\u00e4ngere Einwirkung von direkter Sonneneinstrahlung und Temperaturen \u00fcber 32 \u00b0C vermeiden, da die Farbe im Beh\u00e4lter sonst aush\u00e4rten kann.<\/li>\n<\/ul>\n<h3 class=\"ng-star-inserted\"><span class=\"ng-star-inserted\">Profi-Tipps f\u00fcr den Siebdruck mit Shaliteink Plastisolfarbe:<\/span><\/h3>\n<ul>\n<li>Grundierung f\u00fcr dunkle Stoffe: F\u00fcr ein besonders leuchtendes Fluoreszenzblau auf dunklen Stoffen sollte immer mit einer wei\u00dfen Grundierung gedruckt werden.<\/li>\n<li>Mechanische Verbindung: Nicht vergessen!, <strong>Plastisol-Tinte<\/strong> Es entsteht eine mechanische Verbindung durch Umwickeln der Stofffasern anstatt durch F\u00e4rben. Dies gew\u00e4hrleistet eine bessere Haltbarkeit.<\/li>\n<li>Tintendicke: Dickere Tintenschichten ben\u00f6tigen eine l\u00e4ngere Verweildauer im Trockner, um sicherzustellen, dass die gesamte Tintenschicht die richtige Aush\u00e4rtungstemperatur erreicht.<\/li>\n<li>Polyester-Mischgewebe: Beim Bedrucken von Polyester oder Poly-Mischgeweben tr\u00e4gt die niedrige Aush\u00e4rtungstemperatur der Shaliteink Plastisol-Tinte dazu bei, eine Farbstoffmigration zu verhindern, da sie unterhalb der typischen Sublimationstemperatur von Polyesterfarbstoffen (270-300\u00b0F) aush\u00e4rtet.<\/li>\n<\/ul>\n<p>Entscheiden Sie sich f\u00fcr Shaliteink Fluorescent Blue Plastisolfarbe f\u00fcr Ihr n\u00e4chstes Siebdruckprojekt und erleben Sie die perfekte Kombination aus brillanter Farbe, herausragender Leistung und einfacher Anwendung. Als f\u00fchrender H\u00e4ndler f\u00fcr Siebdruckfarben ist Shaliteink Ihr zuverl\u00e4ssiger Partner f\u00fcr hochwertige L\u00f6sungen direkt vom Hersteller.<\/p>\n<p><img decoding=\"async\" class=\"aligncenter wp-image-4019 size-large\" src=\"https:\/\/shaliteink.com\/wp-content\/uploads\/2025\/04\/Fluorescent-Blue-Screen-Printing-Plastisol-Ink-1-1024x683.jpg\" alt=\"Fluoreszierende blaue Plastisol-Siebdrucktinte\" width=\"1024\" height=\"683\" srcset=\"https:\/\/shaliteink.com\/wp-content\/uploads\/2025\/04\/Fluorescent-Blue-Screen-Printing-Plastisol-Ink-1-1024x683.jpg 1024w, https:\/\/shaliteink.com\/wp-content\/uploads\/2025\/04\/Fluorescent-Blue-Screen-Printing-Plastisol-Ink-1-300x200.jpg 300w, https:\/\/shaliteink.com\/wp-content\/uploads\/2025\/04\/Fluorescent-Blue-Screen-Printing-Plastisol-Ink-1-768x512.jpg 768w, https:\/\/shaliteink.com\/wp-content\/uploads\/2025\/04\/Fluorescent-Blue-Screen-Printing-Plastisol-Ink-1-1536x1024.jpg 1536w, https:\/\/shaliteink.com\/wp-content\/uploads\/2025\/04\/Fluorescent-Blue-Screen-Printing-Plastisol-Ink-1-2048x1365.jpg 2048w, https:\/\/shaliteink.com\/wp-content\/uploads\/2025\/04\/Fluorescent-Blue-Screen-Printing-Plastisol-Ink-1-18x12.jpg 18w, https:\/\/shaliteink.com\/wp-content\/uploads\/2025\/04\/Fluorescent-Blue-Screen-Printing-Plastisol-Ink-1-1200x800.jpg 1200w, https:\/\/shaliteink.com\/wp-content\/uploads\/2025\/04\/Fluorescent-Blue-Screen-Printing-Plastisol-Ink-1-150x100.jpg 150w\" sizes=\"(max-width: 1024px) 100vw, 1024px\" \/><\/p>","protected":false},"excerpt":{"rendered":"<p>Shaliteink pr\u00e4sentiert stolz seine fluoreszierende blaue Plastisolfarbe \u2013 die Premium-Wahl f\u00fcr Siebdruckprofis und -begeisterte, die brillante, ausdrucksstarke Farben suchen. Mit \u00fcber 20 Jahren Erfahrung in der Farbherstellung ist Shaliteink ein weltweit f\u00fchrender Anbieter von Siebdruckfarben und bietet Qualit\u00e4t direkt vom Hersteller, die das Vertrauen vieler weltbekannter Marken genie\u00dft. Unsere fluoreszierende blaue Plastisolfarbe wurde speziell f\u00fcr au\u00dfergew\u00f6hnliche Farbbrillanz und einfache Anwendung entwickelt und ist somit eine unverzichtbare Erg\u00e4nzung f\u00fcr Ihre Siebdruckausr\u00fcstung.<\/p>","protected":false},"featured_media":1505,"comment_status":"open","ping_status":"closed","template":"","meta":[],"product_brand":[],"product_cat":[39],"product_tag":[],"class_list":{"0":"post-1212","1":"product","2":"type-product","3":"status-publish","4":"has-post-thumbnail","6":"product_cat-plastisol-ink","8":"first","9":"instock","10":"shipping-taxable","11":"purchasable","12":"product-type-variable"},"tiered_pricing_type":"fixed","tiered_pricing_fixed_rules":[],"tiered_pricing_product_settings":{"layout":"default","base_unit_name":{"singular":null,"plural":null},"default_variation":null},"tiered_pricing_minimum_quantity":null,"tiered_pricing_roles_data":[],"tiered_pricing_percentage_rules":[],"tiered_pricing_maximum_quantity":null,"tiered_pricing_quantity_step":null,"_links":{"self":[{"href":"https:\/\/shaliteink.com\/de\/wp-json\/wp\/v2\/product\/1212","targetHints":{"allow":["GET"]}}],"collection":[{"href":"https:\/\/shaliteink.com\/de\/wp-json\/wp\/v2\/product"}],"about":[{"href":"https:\/\/shaliteink.com\/de\/wp-json\/wp\/v2\/types\/product"}],"replies":[{"embeddable":true,"href":"https:\/\/shaliteink.com\/de\/wp-json\/wp\/v2\/comments?post=1212"}],"version-history":[{"count":0,"href":"https:\/\/shaliteink.com\/de\/wp-json\/wp\/v2\/product\/1212\/revisions"}],"wp:featuredmedia":[{"embeddable":true,"href":"https:\/\/shaliteink.com\/de\/wp-json\/wp\/v2\/media\/1505"}],"wp:attachment":[{"href":"https:\/\/shaliteink.com\/de\/wp-json\/wp\/v2\/media?parent=1212"}],"wp:term":[{"taxonomy":"product_brand","embeddable":true,"href":"https:\/\/shaliteink.com\/de\/wp-json\/wp\/v2\/product_brand?post=1212"},{"taxonomy":"product_cat","embeddable":true,"href":"https:\/\/shaliteink.com\/de\/wp-json\/wp\/v2\/product_cat?post=1212"},{"taxonomy":"product_tag","embeddable":true,"href":"https:\/\/shaliteink.com\/de\/wp-json\/wp\/v2\/product_tag?post=1212"}],"curies":[{"name":"wp","href":"https:\/\/api.w.org\/{rel}","templated":true}]}}