{"id":1207,"date":"2025-04-11T09:27:46","date_gmt":"2025-04-11T09:27:46","guid":{"rendered":"https:\/\/shaliteink.com\/?post_type=product&#038;p=1207"},"modified":"2025-12-10T11:29:05","modified_gmt":"2025-12-10T11:29:05","slug":"purpurrote-siebdruck-plastisolfarbe","status":"publish","type":"product","link":"https:\/\/shaliteink.com\/de\/produkt\/purpurrote-siebdruck-plastisolfarbe\/","title":{"rendered":"Purpurrote Plastisol-Siebdrucktinte"},"content":{"rendered":"<h3 class=\"ng-star-inserted\"><span class=\"ng-star-inserted\">Warum Shaliteink Purpurrot w\u00e4hlen?\u00a0<\/span><strong class=\"ng-star-inserted\"><span class=\"ng-star-inserted\">Plastisol-Tinte<\/span><\/strong><span class=\"ng-star-inserted\">?<\/span><\/h3>\n<p>Unsere purpurrote Plastisolfarbe wurde sorgf\u00e4ltig entwickelt, um den Anforderungen professioneller und Hobby-Siebdrucker gerecht zu werden. Sie ist nicht einfach nur eine weitere Siebdruckfarbe, sondern ein Beweis f\u00fcr unser Engagement f\u00fcr Innovation, Qualit\u00e4t und Kundenzufriedenheit. <strong><a href=\"https:\/\/shaliteink.com\/de\/\">Shaliteink<\/a><\/strong>, Sie kaufen nicht nur Tinte; Sie investieren in ein Produkt, das Ihren Arbeitsablauf optimiert, die Druckqualit\u00e4t verbessert und Ihnen letztendlich Zeit und Geld spart.<\/p>\n<p><img decoding=\"async\" class=\"wp-image-4015 size-large aligncenter\" src=\"https:\/\/shaliteink.com\/wp-content\/uploads\/2025\/04\/Purplish-Red-Screen-Printing-Plastisol-Ink-1024x683.jpg\" alt=\"Purpurrote Plastisol-Siebdrucktinte\" width=\"1024\" height=\"683\" srcset=\"https:\/\/shaliteink.com\/wp-content\/uploads\/2025\/04\/Purplish-Red-Screen-Printing-Plastisol-Ink-1024x683.jpg 1024w, https:\/\/shaliteink.com\/wp-content\/uploads\/2025\/04\/Purplish-Red-Screen-Printing-Plastisol-Ink-300x200.jpg 300w, https:\/\/shaliteink.com\/wp-content\/uploads\/2025\/04\/Purplish-Red-Screen-Printing-Plastisol-Ink-768x512.jpg 768w, https:\/\/shaliteink.com\/wp-content\/uploads\/2025\/04\/Purplish-Red-Screen-Printing-Plastisol-Ink-1536x1024.jpg 1536w, https:\/\/shaliteink.com\/wp-content\/uploads\/2025\/04\/Purplish-Red-Screen-Printing-Plastisol-Ink-2048x1365.jpg 2048w, https:\/\/shaliteink.com\/wp-content\/uploads\/2025\/04\/Purplish-Red-Screen-Printing-Plastisol-Ink-18x12.jpg 18w, https:\/\/shaliteink.com\/wp-content\/uploads\/2025\/04\/Purplish-Red-Screen-Printing-Plastisol-Ink-1200x800.jpg 1200w, https:\/\/shaliteink.com\/wp-content\/uploads\/2025\/04\/Purplish-Red-Screen-Printing-Plastisol-Ink-150x100.jpg 150w\" sizes=\"(max-width: 1024px) 100vw, 1024px\" \/><\/p>\n<p class=\"ng-star-inserted\"><strong class=\"ng-star-inserted\"><span class=\"ng-star-inserted\">Wichtigste Vorteile:<\/span><\/strong><\/p>\n<ul class=\"ng-star-inserted\">\n<li class=\"ng-star-inserted\">Lebendige, kr\u00e4ftige und hochdeckende Farbe: Erhalten Sie einen satten, auff\u00e4lligen purpurroten Druck mit au\u00dfergew\u00f6hnlicher Deckkraft, perfekt f\u00fcr helle und dunkle Kleidungsst\u00fccke. <strong><a href=\"https:\/\/shaliteink.com\/de\/produkt-kategorie\/plastisol-tinte\/\">Plastisol-Tinte<\/a><\/strong> verleiht Ihren Designs brillante Farben.<\/li>\n<li class=\"ng-star-inserted\">Weicher Handdruck: Trotz seiner hohen Deckkraft sorgt unsere Siebdruckfarbe f\u00fcr ein bemerkenswert weiches Tragegef\u00fchl auf dem Stoff und erh\u00f6ht so den Tragekomfort und die Attraktivit\u00e4t Ihrer fertigen Kleidungsst\u00fccke.<\/li>\n<li class=\"ng-star-inserted\">Universelle Stoffvertr\u00e4glichkeit: Diese Plastisolfarbe wurde f\u00fcr Vielseitigkeit entwickelt und eignet sich hervorragend f\u00fcr eine Vielzahl von Stoffen, was sie zur bevorzugten Wahl f\u00fcr eine Vielzahl von Projekten macht.<\/li>\n<li class=\"ng-star-inserted\">Benutzerfreundlich und einfach in der Anwendung: Shalitink ist so formuliert, dass es eine cremige, fl\u00fcssige Textur hat. <strong>Purpurrote Plastisolfarbe<\/strong> bietet eine ausgezeichnete Verarbeitbarkeit, wodurch Ihr Siebdruckprozess einfacher und effizienter wird.<\/li>\n<li class=\"ng-star-inserted\">Phthalatfreie Formel: Aus \u00dcberzeugung f\u00fcr Sicherheit und Umweltverantwortung ist unsere Plastisolfarbe phthalatfrei, sodass Sie und Ihre Kunden beruhigt sein k\u00f6nnen.<br \/>\nOptimierte Aush\u00e4rtungs- und Abl\u00fcfttemperaturen: Unsere Tinten wurden f\u00fcr maximale Effizienz entwickelt und optimieren Ihre Produktion, ohne Kompromisse bei der Qualit\u00e4t einzugehen.<\/li>\n<\/ul>\n<h3 class=\"ng-star-inserted\"><span class=\"ng-star-inserted\">Merkmale, die Shaliteink auszeichnen<\/span><\/h3>\n<p>Unsere purpurrote Plastisolfarbe vereint Leistung und Praktikabilit\u00e4t in perfekter Weise. Sie ist genauso leistungsstark wie Sie und bietet Eigenschaften, die speziell f\u00fcr moderne Siebdruckumgebungen entwickelt wurden.<\/p>\n<ul>\n<li>Au\u00dfergew\u00f6hnliche Deckkraft: Diese Plastisolfarbe bietet eine ausgezeichnete Deckkraft und eignet sich daher hervorragend als Untermalung auf dunklen Stoffen oder f\u00fcr einlagige Drucke auf hellen Untergr\u00fcnden.<\/li>\n<li>Gebrauchsfertige Konsistenz: Unsere Siebdruckfarbe ist direkt aus dem Eimer einsatzbereit, aufwendiges Mischen oder die Zugabe von Zusatzstoffen entf\u00e4llt.<\/li>\n<li>Eingeschr\u00e4nkte Nass-in-Nass-Druckm\u00f6glichkeiten: Erzielen Sie gestochen scharfe, saubere Ergebnisse mit kontrolliertem Nass-in-Nass-Druck f\u00fcr mehrfarbige Auftr\u00e4ge.<\/li>\n<li>Gleichbleibende Leistung: Jeder Eimer Shaliteink Plastisolfarbe liefert zuverl\u00e4ssige Ergebnisse und gew\u00e4hrleistet so Konsistenz bei allen Ihren Druckauftr\u00e4gen.<\/li>\n<\/ul>\n<h3 class=\"ng-star-inserted\"><span class=\"ng-star-inserted\">Aush\u00e4rtungsanleitung<\/span><\/h3>\n<p class=\"ng-star-inserted\"><span class=\"ng-star-inserted\">Die perfekte Aush\u00e4rtung ist entscheidend f\u00fcr die Haltbarkeit des Drucks. Shaliteink Purpurrot <\/span><strong class=\"ng-star-inserted\"><span class=\"ng-star-inserted\">Plastisol-Tinte<\/span><\/strong><span class=\"ng-star-inserted\">\u00a0ist auf effiziente Aush\u00e4rtung ausgelegt, um Ihre Produktion zu optimieren.<\/span><\/p>\n<ul class=\"ng-star-inserted\">\n<li class=\"ng-star-inserted\">Aush\u00e4rtungstemperatur: Unsere Plastisolfarben h\u00e4rten bei 160 \u00b0C (320 \u00b0F) vollst\u00e4ndig aus. Stellen Sie sicher, dass die gesamte Farbschicht diese Temperatur erreicht, um einen dauerhaften Druck zu gew\u00e4hrleisten. F\u00fcr pr\u00e4zise Temperaturmessungen im Inneren der Farbschicht empfiehlt sich die Verwendung eines Ringf\u00fchlers anstelle einer Lasermessung an der Oberfl\u00e4che.<\/li>\n<li class=\"ng-star-inserted\">Blitztemperatur: Blitzen Sie bei 120 \u00b0C bis 140 \u00b0C (248 \u00b0F bis 284 \u00b0F) f\u00fcr 3\u20135 Sekunden. Die Blitzzeit kann je nach Ausr\u00fcstung und Produktionsaufbau variieren.<\/li>\n<li>Allgemeine Empfehlung: F\u00fcr optimale Ergebnisse, insbesondere bei 100%-Baumwolle, f\u00fchren Sie vor Produktionsbeginn einen Dehnungs- und einen Waschtest an einem Musterkleidungsst\u00fcck durch. Beim Bedrucken dunkler Stoffe empfehlen wir dringend die Verwendung einer wei\u00dfen Grundierung.<\/li>\n<li>\n<p class=\"ng-star-inserted\"><strong class=\"ng-star-inserted\"><span class=\"ng-star-inserted\">Test auf Heilung:<\/span><\/strong><\/p>\n<\/li>\n<\/ul>\n<ul>\n<li>Waschtest: Nach dem Aush\u00e4rten 24 Stunden warten, bevor Sie das Produkt waschen. Die vollst\u00e4ndige Aush\u00e4rtung ist in der Regel nach 5\u201310 W\u00e4schen erreicht; eine starke Unteraush\u00e4rtung kann sich jedoch bereits nach 1\u20133 W\u00e4schen bemerkbar machen.<\/li>\n<li>Dehnungstest: Dehnen Sie das bedruckte Kleidungsst\u00fcck bis zu etwa zwei Dritteln seiner maximalen Dehnbarkeit. Rei\u00dft der Druck und zieht er sich nicht zusammen, deutet dies auf eine unvollst\u00e4ndige Aush\u00e4rtung hin. Sollte der Test fehlschlagen, erh\u00f6hen Sie die Einwirkzeit oder die Temperatur.<\/li>\n<\/ul>\n<h3 class=\"ng-star-inserted\"><span class=\"ng-star-inserted\">Aufr\u00e4umen<\/span><\/h3>\n<p class=\"ng-star-inserted\"><span class=\"ng-star-inserted\">Eine einfache Reinigung ist ein wesentlicher Bestandteil jeder effizienten\u00a0<\/span><strong class=\"ng-star-inserted\"><span class=\"ng-star-inserted\">Siebdruck<\/span><\/strong><span class=\"ng-star-inserted\">\u00a0Verfahren.<\/span><\/p>\n<ul class=\"ng-star-inserted\">\n<li class=\"ng-star-inserted\">Beim Drucken: Verwenden Sie einen speziellen Plastisol-Druckreiniger\/Farbenentferner f\u00fcr eine schnelle und effektive Reinigung Ihrer Siebe und Werkzeuge.<\/li>\n<li class=\"ng-star-inserted\">Im Sp\u00fclbecken: F\u00fcr eine gr\u00fcndliche Siebreinigung verwenden Sie Plastisol Screen Wash\/Color Degradant.<\/li>\n<\/ul>\n<h3><img decoding=\"async\" class=\"aligncenter wp-image-4016 size-large\" src=\"https:\/\/shaliteink.com\/wp-content\/uploads\/2025\/04\/Purplish-Red-Screen-Printing-Plastisol-Ink-1-1024x683.jpg\" alt=\"Purpurrote Plastisol-Siebdrucktinte\" width=\"1024\" height=\"683\" srcset=\"https:\/\/shaliteink.com\/wp-content\/uploads\/2025\/04\/Purplish-Red-Screen-Printing-Plastisol-Ink-1-1024x683.jpg 1024w, https:\/\/shaliteink.com\/wp-content\/uploads\/2025\/04\/Purplish-Red-Screen-Printing-Plastisol-Ink-1-300x200.jpg 300w, https:\/\/shaliteink.com\/wp-content\/uploads\/2025\/04\/Purplish-Red-Screen-Printing-Plastisol-Ink-1-768x512.jpg 768w, https:\/\/shaliteink.com\/wp-content\/uploads\/2025\/04\/Purplish-Red-Screen-Printing-Plastisol-Ink-1-1536x1024.jpg 1536w, https:\/\/shaliteink.com\/wp-content\/uploads\/2025\/04\/Purplish-Red-Screen-Printing-Plastisol-Ink-1-2048x1365.jpg 2048w, https:\/\/shaliteink.com\/wp-content\/uploads\/2025\/04\/Purplish-Red-Screen-Printing-Plastisol-Ink-1-18x12.jpg 18w, https:\/\/shaliteink.com\/wp-content\/uploads\/2025\/04\/Purplish-Red-Screen-Printing-Plastisol-Ink-1-1200x800.jpg 1200w, https:\/\/shaliteink.com\/wp-content\/uploads\/2025\/04\/Purplish-Red-Screen-Printing-Plastisol-Ink-1-150x100.jpg 150w\" sizes=\"(max-width: 1024px) 100vw, 1024px\" \/><\/h3>\n<h3 class=\"ng-star-inserted\"><span class=\"ng-star-inserted\">Profi-Tipps f\u00fcr Shaliteink\u00a0<\/span><strong class=\"ng-star-inserted\"><span class=\"ng-star-inserted\">Plastisol-Tinte<\/span><\/strong><\/h3>\n<ul>\n<li>Lagerung: Bewahren Sie Ihre Shaliteink Plastisolfarben bei Raumtemperatur (18\u201332 \u00b0C) und vor direkter Sonneneinstrahlung gesch\u00fctzt auf. L\u00e4ngere Einwirkung von Temperaturen \u00fcber 32 \u00b0C kann dazu f\u00fchren, dass die Farbe im Beh\u00e4lter aush\u00e4rtet.<\/li>\n<li>Anwendung: Plastisolfarbe bildet eine mechanische Verbindung, indem sie sich um die Stofffasern legt, anstatt sie zu f\u00e4rben.<\/li>\n<li>Sicherheitsdatenblatt: Ausf\u00fchrliche Sicherheitsinformationen finden Sie in unserem Sicherheitsdatenblatt (SDB).<\/li>\n<\/ul>\n<p>Entscheiden Sie sich f\u00fcr Shaliteink Purplish Red Plastisolfarbe f\u00fcr Ihr n\u00e4chstes Siebdruckprojekt und erleben Sie den Unterschied, den zwanzig Jahre Fertigungserfahrung ausmachen. Jetzt bestellen und Ihre Drucke optimieren!<\/p>","protected":false},"excerpt":{"rendered":"<p>Willkommen bei Shaliteink, Ihrem weltweit f\u00fchrenden Anbieter von Siebdruckfarben mit zwei Jahrzehnten Erfahrung in der Fertigung. Wir sind stolz darauf, Ihnen unsere Premium-Plastisolfarbe Purpurrot pr\u00e4sentieren zu k\u00f6nnen \u2013 eine hochdeckende, anwenderfreundliche Farbe, die f\u00fcr brillante Ergebnisse bei all Ihren Siebdruckprojekten sorgt. Pr\u00e4zise formuliert und basierend auf langj\u00e4hriger Branchenerfahrung, bietet Ihnen Shaliteink Purpurrote Plastisolfarbe direkt ab Werk h\u00f6chste Qualit\u00e4t zu wettbewerbsf\u00e4higen Preisen \u2013 dieselbe Qualit\u00e4t, auf die viele weltbekannte Marken vertrauen.<\/p>","protected":false},"featured_media":1453,"comment_status":"open","ping_status":"closed","template":"","meta":[],"product_brand":[],"product_cat":[39],"product_tag":[],"class_list":{"0":"post-1207","1":"product","2":"type-product","3":"status-publish","4":"has-post-thumbnail","6":"product_cat-plastisol-ink","8":"first","9":"instock","10":"shipping-taxable","11":"purchasable","12":"product-type-variable"},"tiered_pricing_type":"fixed","tiered_pricing_fixed_rules":[],"tiered_pricing_product_settings":{"layout":"default","base_unit_name":{"singular":null,"plural":null},"default_variation":null},"tiered_pricing_minimum_quantity":null,"tiered_pricing_roles_data":[],"tiered_pricing_percentage_rules":[],"tiered_pricing_maximum_quantity":null,"tiered_pricing_quantity_step":null,"_links":{"self":[{"href":"https:\/\/shaliteink.com\/de\/wp-json\/wp\/v2\/product\/1207","targetHints":{"allow":["GET"]}}],"collection":[{"href":"https:\/\/shaliteink.com\/de\/wp-json\/wp\/v2\/product"}],"about":[{"href":"https:\/\/shaliteink.com\/de\/wp-json\/wp\/v2\/types\/product"}],"replies":[{"embeddable":true,"href":"https:\/\/shaliteink.com\/de\/wp-json\/wp\/v2\/comments?post=1207"}],"version-history":[{"count":0,"href":"https:\/\/shaliteink.com\/de\/wp-json\/wp\/v2\/product\/1207\/revisions"}],"wp:featuredmedia":[{"embeddable":true,"href":"https:\/\/shaliteink.com\/de\/wp-json\/wp\/v2\/media\/1453"}],"wp:attachment":[{"href":"https:\/\/shaliteink.com\/de\/wp-json\/wp\/v2\/media?parent=1207"}],"wp:term":[{"taxonomy":"product_brand","embeddable":true,"href":"https:\/\/shaliteink.com\/de\/wp-json\/wp\/v2\/product_brand?post=1207"},{"taxonomy":"product_cat","embeddable":true,"href":"https:\/\/shaliteink.com\/de\/wp-json\/wp\/v2\/product_cat?post=1207"},{"taxonomy":"product_tag","embeddable":true,"href":"https:\/\/shaliteink.com\/de\/wp-json\/wp\/v2\/product_tag?post=1207"}],"curies":[{"name":"wp","href":"https:\/\/api.w.org\/{rel}","templated":true}]}}