{"id":1202,"date":"2025-04-11T09:23:05","date_gmt":"2025-04-11T09:23:05","guid":{"rendered":"https:\/\/shaliteink.com\/?post_type=product&#038;p=1202"},"modified":"2025-12-10T11:31:16","modified_gmt":"2025-12-10T11:31:16","slug":"rosa-siebdruck-plastisolfarbe","status":"publish","type":"product","link":"https:\/\/shaliteink.com\/de\/produkt\/rosa-siebdruck-plastisolfarbe\/","title":{"rendered":"Rosa Plastisol-Tinte f\u00fcr Siebdruck"},"content":{"rendered":"<h3 class=\"ng-star-inserted\"><span class=\"ng-star-inserted\">Wichtigste Vorteile, die Sie lieben werden:<\/span><\/h3>\n<ul class=\"ng-star-inserted\">\n<li class=\"ng-star-inserted\">LEUCHTENDES &amp; KNALLIGES PINK: Erhalten Sie atemberaubende, auff\u00e4llige Pinkt\u00f6ne, die zu jedem Outfit toll aussehen.<\/li>\n<li class=\"ng-star-inserted\">Hohe Deckkraft: Hervorragende Deckkraft auch auf dunklen Stoffen, wodurch die Notwendigkeit mehrerer Durchg\u00e4nge reduziert wird.<\/li>\n<li class=\"ng-star-inserted\">Soft Hand Print: Erleben Sie ein luxuri\u00f6s weiches Gef\u00fchl, das Ihre Kunden zu sch\u00e4tzen wissen werden.<\/li>\n<li class=\"ng-star-inserted\">Universelle Stoffvertr\u00e4glichkeit: Ideal f\u00fcr eine breite Palette von Materialien, von 100% Baumwolle bis hin zu anspruchsvollen Polyester-Mischgeweben.<\/li>\n<li class=\"ng-star-inserted\">Formel mit geringem Ausbluten: Speziell entwickelt, um ein Ausbluten der Farbe auf Polyestergemischen zu verhindern und so f\u00fcr klare, saubere Druckergebnisse zu sorgen.<\/li>\n<li class=\"ng-star-inserted\">Effiziente Aush\u00e4rtung bei niedrigen Temperaturen: H\u00e4rtet bei bemerkenswert niedrigen 160\u2103 (320\u00b0F) aus, spart Energie und verk\u00fcrzt die Produktionszeit.<\/li>\n<li class=\"ng-star-inserted\">Benutzerfreundliche Konsistenz: Cremige, feine Textur f\u00fcr m\u00fcheloses Drucken an der Druckmaschine.<\/li>\n<li class=\"ng-star-inserted\">Phthalatfrei: Umweltfreundlich und sicher f\u00fcr Drucker und Tr\u00e4ger.<\/li>\n<li class=\"ng-star-inserted\">Halbgl\u00e4nzendes Finish: Verleiht Ihren fertigen Drucken einen professionellen Glanz.<\/li>\n<\/ul>\n<p>Unser Shaliteink <strong><a href=\"https:\/\/shaliteink.com\/de\/produkt\/rosa-siebdruck-plastisolfarbe\/\">Rosa Plastisol-Tinte<\/a><\/strong> Diese Tinte ist mehr als nur ein Produkt; sie steht f\u00fcr Innovation und Qualit\u00e4t. Ihre leuchtenden Pigmente und hohe Deckkraft machen sie zur idealen Wahl f\u00fcr Einzelmotive und als dynamische Komponente in mehrfarbigen Drucken. Die leichtg\u00e4ngige und bedienerfreundliche Vorrichtung sorgt f\u00fcr weniger Erm\u00fcdung und gleichm\u00e4\u00dfigere Ergebnisse und macht Ihren Siebdruckprozess angenehmer und effizienter.<\/p>\n<h3><img decoding=\"async\" class=\"aligncenter wp-image-4012 size-large\" src=\"https:\/\/shaliteink.com\/wp-content\/uploads\/2025\/04\/Pink-Screen-Printing-Plastisol-Ink-1024x683.jpg\" alt=\"Rosa Plastisol-Tinte f\u00fcr Siebdruck\" width=\"1024\" height=\"683\" srcset=\"https:\/\/shaliteink.com\/wp-content\/uploads\/2025\/04\/Pink-Screen-Printing-Plastisol-Ink-1024x683.jpg 1024w, https:\/\/shaliteink.com\/wp-content\/uploads\/2025\/04\/Pink-Screen-Printing-Plastisol-Ink-300x200.jpg 300w, https:\/\/shaliteink.com\/wp-content\/uploads\/2025\/04\/Pink-Screen-Printing-Plastisol-Ink-768x512.jpg 768w, https:\/\/shaliteink.com\/wp-content\/uploads\/2025\/04\/Pink-Screen-Printing-Plastisol-Ink-1536x1024.jpg 1536w, https:\/\/shaliteink.com\/wp-content\/uploads\/2025\/04\/Pink-Screen-Printing-Plastisol-Ink-2048x1365.jpg 2048w, https:\/\/shaliteink.com\/wp-content\/uploads\/2025\/04\/Pink-Screen-Printing-Plastisol-Ink-18x12.jpg 18w, https:\/\/shaliteink.com\/wp-content\/uploads\/2025\/04\/Pink-Screen-Printing-Plastisol-Ink-1200x800.jpg 1200w, https:\/\/shaliteink.com\/wp-content\/uploads\/2025\/04\/Pink-Screen-Printing-Plastisol-Ink-150x100.jpg 150w\" sizes=\"(max-width: 1024px) 100vw, 1024px\" \/><\/h3>\n<h3 class=\"ng-star-inserted\"><span class=\"ng-star-inserted\">Entwickelt f\u00fcr Leistung und Effizienz<\/span><\/h3>\n<p>Shaliteink Pink Plastisol-Tinte zeichnet sich durch eine hochmoderne Niedrigtemperaturh\u00e4rtung aus und hebt sich damit von anderen Produkten der Branche ab. Mit einer Behandlungstemperatur von nur 160 \u00b0C (320 \u00b0F) reduzieren Sie den Energieverbrauch deutlich und beschleunigen Ihre Produktionsabl\u00e4ufe. Diese niedrige Temperatur ist besonders vorteilhaft bei w\u00e4rmeempfindlichen Textilien, da sie das Risiko von Verbrennungen oder Einlaufen erheblich minimiert. Verabschieden Sie sich von den Problemen herk\u00f6mmlicher Hochtemperaturtinte und profitieren Sie von der Effizienz von Shaliteink.<\/p>\n<p>Dank der hervorragenden Deckkraft der Tinte erhalten Sie brillante, farbtreue Drucke mit weniger Druckvorg\u00e4ngen. Das steigert Ihre Produktivit\u00e4t und reduziert Materialverschwendung. Ob Sie individuelle Kleidung, Werbeartikel oder Kunstdrucke gestalten \u2013 unsere rosa Plastisolfarbe sorgt daf\u00fcr, dass Ihre Designs mit bemerkenswerter Klarheit und Langlebigkeit hervorstechen.<\/p>\n<h3 class=\"ng-star-inserted\"><span class=\"ng-star-inserted\">Aush\u00e4rtungsrichtlinien f\u00fcr optimale Ergebnisse:<\/span><\/h3>\n<p>Eine pr\u00e4zise Aush\u00e4rtung ist wichtig f\u00fcr die Langlebigkeit und Waschbarkeit Ihrer Drucke. <strong><a href=\"https:\/\/shaliteink.com\/de\/\">Shaliteink<\/a> <\/strong>Pinkfarbene Plastisolfarbe wurde f\u00fcr eine einfache Aush\u00e4rtung bei bestimmten Temperaturen entwickelt.<\/p>\n<ul>\n<li>Aush\u00e4rtungstemperatur: 160 \u00b0C (320 \u00b0F). Stellen Sie sicher, dass die gesamte Tintenschicht diese Temperatur erreicht, um eine vollst\u00e4ndige Aush\u00e4rtung zu gew\u00e4hrleisten.<\/li>\n<li>Blitztemperatur: 120 \u00b0C bis 140 \u00b0C (248 \u00b0F bis 284 \u00b0F). 3\u20135 Sekunden blitzen lassen, um eine klebefreie Oberfl\u00e4che f\u00fcr den Mehrfarbendruck zu erhalten.<\/li>\n<\/ul>\n<p>Profi-Tipp zum Aush\u00e4rten: Laser-Thermometer liefern zwar Oberfl\u00e4chentemperaturen, aber eine Ringsonde oder Temperaturstreifen messen die Kerntemperatur der Tinte genauer. F\u00fcr eine vollst\u00e4ndige Aush\u00e4rtung muss Plastisolfarbe in der gesamten Farbschicht 160 \u00b0C erreichen. Beim Bedrucken dunkler Stoffe oder Mischgewebe empfiehlt sich die Print-Flash-Print-Technologie f\u00fcr optimale Deckkraft und zur Vermeidung von Farbmigration.<\/p>\n<h3 class=\"ng-star-inserted\"><span class=\"ng-star-inserted\">Allgemeine Testempfehlungen:<\/span><\/h3>\n<p>Vor Beginn der Serienproduktion empfehlen wir dringend einen Dehnungs- und einen Waschtest. Diese einfachen Schritte gew\u00e4hrleisten, dass Ihre Drucke optimal fixiert sind und wiederholtem Waschen standhalten. Sollte die Farbe beim Dehnungstest stark einrei\u00dfen oder nach ein bis drei W\u00e4schen verblassen, verl\u00e4ngern Sie die Trocknerzeit. F\u00fcr beste Ergebnisse eignen sich Baumwollstoffe der Marke 100%, unsere Formel mit geringem Ausbluten erzielt aber auch auf Mischgeweben hervorragende Ergebnisse.<\/p>\n<h3 class=\"ng-star-inserted\"><span class=\"ng-star-inserted\">M\u00fchelose Reinigung:<\/span><\/h3>\n<p>Mit Shelliteink Pink Plastisol Tinte ist es ganz einfach, einen sauberen Arbeitsplatz zu gew\u00e4hrleisten.<\/p>\n<ul>\n<li>Zum Thema Druck: Verwenden Sie einen dedizierten <strong><a href=\"https:\/\/shaliteink.com\/de\/produkt-kategorie\/plastisol-tinte\/\">Plastisol-Tinte<\/a><\/strong> Reinigungsmittel f\u00fcr Druckmaschinen oder Farbl\u00f6ser zur schnellen Reinigung von Sieben und Rakeln.<\/li>\n<li>Im Waschbecken: F\u00fcr eine gr\u00fcndliche Reinigung des Siebs verwenden Sie Plastisol Screen Wash oder einen Tintenl\u00f6ser, um alle Tintenreste zu entfernen.<\/li>\n<\/ul>\n<h3><img decoding=\"async\" class=\"aligncenter wp-image-4013 size-large\" src=\"https:\/\/shaliteink.com\/wp-content\/uploads\/2025\/04\/Pink-Screen-Printing-Plastisol-Ink-1-1024x683.jpg\" alt=\"Rosa Plastisol-Tinte f\u00fcr Siebdruck\" width=\"1024\" height=\"683\" srcset=\"https:\/\/shaliteink.com\/wp-content\/uploads\/2025\/04\/Pink-Screen-Printing-Plastisol-Ink-1-1024x683.jpg 1024w, https:\/\/shaliteink.com\/wp-content\/uploads\/2025\/04\/Pink-Screen-Printing-Plastisol-Ink-1-300x200.jpg 300w, https:\/\/shaliteink.com\/wp-content\/uploads\/2025\/04\/Pink-Screen-Printing-Plastisol-Ink-1-768x512.jpg 768w, https:\/\/shaliteink.com\/wp-content\/uploads\/2025\/04\/Pink-Screen-Printing-Plastisol-Ink-1-1536x1024.jpg 1536w, https:\/\/shaliteink.com\/wp-content\/uploads\/2025\/04\/Pink-Screen-Printing-Plastisol-Ink-1-2048x1365.jpg 2048w, https:\/\/shaliteink.com\/wp-content\/uploads\/2025\/04\/Pink-Screen-Printing-Plastisol-Ink-1-18x12.jpg 18w, https:\/\/shaliteink.com\/wp-content\/uploads\/2025\/04\/Pink-Screen-Printing-Plastisol-Ink-1-1200x800.jpg 1200w, https:\/\/shaliteink.com\/wp-content\/uploads\/2025\/04\/Pink-Screen-Printing-Plastisol-Ink-1-150x100.jpg 150w\" sizes=\"(max-width: 1024px) 100vw, 1024px\" \/><\/h3>\n<h3 class=\"ng-star-inserted\"><span class=\"ng-star-inserted\">Speicherinformationen:<\/span><\/h3>\n<p>Bewahren Sie Ihre Shaliteink Pink Plastisol-Tinte an einem k\u00fchlen, trockenen Ort zwischen 18 und 32 \u00b0C auf. Vermeiden Sie l\u00e4ngere direkte Sonneneinstrahlung und Temperaturen \u00fcber 32 \u00b0C, da die Tinte im Beh\u00e4lter sonst aush\u00e4rten kann.<\/p>\n<h3 class=\"ng-star-inserted\"><span class=\"ng-star-inserted\">Warum Shaliteink Pink w\u00e4hlen?\u00a0<\/span><strong class=\"ng-star-inserted\"><span class=\"ng-star-inserted\">Plastisol-Tinte<\/span><\/strong><span class=\"ng-star-inserted\">?<\/span><\/h3>\n<p>Bei Shaliteink vereinen wir langj\u00e4hrige Erfahrung mit einem tiefen Verst\u00e4ndnis Ihrer Anforderungen im Siebdruck. Unsere pinkfarbene Plastisolfarbe ist ein Beweis f\u00fcr unser Engagement f\u00fcr Qualit\u00e4t, Leistung und ein optimales Preis-Leistungs-Verh\u00e4ltnis. Ob Sie auff\u00e4llige Kleidung, einzigartige Merchandise-Artikel gestalten oder einfach die Kunst des Siebdrucks entdecken m\u00f6chten \u2013 unsere leuchtend pinkfarbene Farbe liefert stets professionelle Ergebnisse. Machen Sie sich bereit, Ihre Ideen mit Shaliteink in atemberaubende Realit\u00e4t zu verwandeln!<\/p>\n<p>&nbsp;<\/p>","protected":false},"excerpt":{"rendered":"<p>Willkommen bei Shaliteink, Ihrem weltweit f\u00fchrenden Anbieter von Siebdruckfarben mit \u00fcber 20 Jahren Erfahrung in der Fertigung. Wir pr\u00e4sentieren stolz unsere neue pinkfarbene Plastisolfarbe f\u00fcr den Siebdruck \u2013 eine brillante und leistungsstarke L\u00f6sung, die Ihre Designs optimal zur Geltung bringt. Dank unseres Direktvertriebs ab Werk erhalten Sie Premiumqualit\u00e4t zu unschlagbaren Preisen. Dieses Versprechen hat uns starke Partnerschaften mit weltbekannten Marken erm\u00f6glicht. Diese au\u00dfergew\u00f6hnliche Plastisolfarbe eignet sich sowohl f\u00fcr professionelle Drucker als auch f\u00fcr ambitionierte Hobbyk\u00fcnstler und liefert bei jedem Druckvorgang beeindruckende Ergebnisse.<\/p>","protected":false},"featured_media":1479,"comment_status":"open","ping_status":"closed","template":"","meta":[],"product_brand":[],"product_cat":[39],"product_tag":[],"class_list":{"0":"post-1202","1":"product","2":"type-product","3":"status-publish","4":"has-post-thumbnail","6":"product_cat-plastisol-ink","8":"first","9":"instock","10":"shipping-taxable","11":"purchasable","12":"product-type-variable"},"tiered_pricing_type":"fixed","tiered_pricing_fixed_rules":[],"tiered_pricing_product_settings":{"layout":"default","base_unit_name":{"singular":null,"plural":null},"default_variation":null},"tiered_pricing_minimum_quantity":null,"tiered_pricing_roles_data":[],"tiered_pricing_percentage_rules":[],"tiered_pricing_maximum_quantity":null,"tiered_pricing_quantity_step":null,"_links":{"self":[{"href":"https:\/\/shaliteink.com\/de\/wp-json\/wp\/v2\/product\/1202","targetHints":{"allow":["GET"]}}],"collection":[{"href":"https:\/\/shaliteink.com\/de\/wp-json\/wp\/v2\/product"}],"about":[{"href":"https:\/\/shaliteink.com\/de\/wp-json\/wp\/v2\/types\/product"}],"replies":[{"embeddable":true,"href":"https:\/\/shaliteink.com\/de\/wp-json\/wp\/v2\/comments?post=1202"}],"version-history":[{"count":0,"href":"https:\/\/shaliteink.com\/de\/wp-json\/wp\/v2\/product\/1202\/revisions"}],"wp:featuredmedia":[{"embeddable":true,"href":"https:\/\/shaliteink.com\/de\/wp-json\/wp\/v2\/media\/1479"}],"wp:attachment":[{"href":"https:\/\/shaliteink.com\/de\/wp-json\/wp\/v2\/media?parent=1202"}],"wp:term":[{"taxonomy":"product_brand","embeddable":true,"href":"https:\/\/shaliteink.com\/de\/wp-json\/wp\/v2\/product_brand?post=1202"},{"taxonomy":"product_cat","embeddable":true,"href":"https:\/\/shaliteink.com\/de\/wp-json\/wp\/v2\/product_cat?post=1202"},{"taxonomy":"product_tag","embeddable":true,"href":"https:\/\/shaliteink.com\/de\/wp-json\/wp\/v2\/product_tag?post=1202"}],"curies":[{"name":"wp","href":"https:\/\/api.w.org\/{rel}","templated":true}]}}