{"id":1192,"date":"2025-04-11T09:07:35","date_gmt":"2025-04-11T09:07:35","guid":{"rendered":"https:\/\/shaliteink.com\/?post_type=product&#038;p=1192"},"modified":"2025-12-10T11:32:13","modified_gmt":"2025-12-10T11:32:13","slug":"rosarote-siebdruck-plastisolfarbe","status":"publish","type":"product","link":"https:\/\/shaliteink.com\/de\/produkt\/rosarote-siebdruck-plastisolfarbe\/","title":{"rendered":"Rosenrote Plastisol-Siebdrucktinte"},"content":{"rendered":"<p class=\"ng-star-inserted\"><strong class=\"ng-star-inserted\"><span class=\"ng-star-inserted\">Wichtigste Vorteile der Shaliteink-Plastisolfarbe in Rosenrot:<\/span><\/strong><\/p>\n<ul class=\"ng-star-inserted\">\n<li class=\"ng-star-inserted\">Optimale Aush\u00e4rtungstemperatur: H\u00e4rtet effizient bei 160 \u00b0C (320 \u00b0F) aus, reduziert den Energieverbrauch und sch\u00fctzt das Kleidungsst\u00fcck vor Versengen oder Einlaufen.<\/li>\n<li class=\"ng-star-inserted\">Soft Hand Print: Erhalten Sie ein unglaublich weiches und glattes Tragegef\u00fchl Ihrer bedruckten Kleidungsst\u00fccke und erh\u00f6hen Sie so den Tragekomfort.<\/li>\n<li class=\"ng-star-inserted\">Universelle Stoffvertr\u00e4glichkeit: Vielseitig einsetzbar f\u00fcr eine breite Palette von Stoffen und bietet gleichbleibende Leistung bei unterschiedlichen Materialien.<\/li>\n<li class=\"ng-star-inserted\">Ausgezeichnete Deckkraft: Hohe Deckkraft, die auch auf dunklen Stoffen f\u00fcr eine brillante und kr\u00e4ftige Farbwiedergabe sorgt, oft ohne dass eine Grundierung erforderlich ist.<\/li>\n<li class=\"ng-star-inserted\">Benutzerfreundliche Konsistenz: Die cremige, feink\u00f6rnige Textur macht die Verarbeitung sowohl f\u00fcr manuelle als auch f\u00fcr automatische Pressen au\u00dfergew\u00f6hnlich einfach.<\/li>\n<li class=\"ng-star-inserted\">Phthalatfreie Formel: Aus Verantwortung f\u00fcr Sicherheit und Umweltschutz werden unsere Tinten ohne Phthalate hergestellt.<\/li>\n<li class=\"ng-star-inserted\">Eigenschaften mit geringem Ausbluten: Speziell entwickelt, um die Farbstoffmigration auf Polyester- und Mischgeweben zu reduzieren und Ihnen so gestochen scharfe, lebendige Drucke zu erm\u00f6glichen.<\/li>\n<li class=\"ng-star-inserted\">Seidengl\u00e4nzendes Finish: Verleiht Ihren fertigen Designs ein professionelles, attraktives seidenmattes Aussehen.<\/li>\n<\/ul>\n<p><img decoding=\"async\" class=\"wp-image-4006 size-large aligncenter\" src=\"https:\/\/shaliteink.com\/wp-content\/uploads\/2025\/04\/Rose-Red-Screen-Printing-Plastisol-Ink-1024x683.jpg\" alt=\"Rosenrote Plastisol-Siebdrucktinte\" width=\"1024\" height=\"683\" srcset=\"https:\/\/shaliteink.com\/wp-content\/uploads\/2025\/04\/Rose-Red-Screen-Printing-Plastisol-Ink-1024x683.jpg 1024w, https:\/\/shaliteink.com\/wp-content\/uploads\/2025\/04\/Rose-Red-Screen-Printing-Plastisol-Ink-300x200.jpg 300w, https:\/\/shaliteink.com\/wp-content\/uploads\/2025\/04\/Rose-Red-Screen-Printing-Plastisol-Ink-768x512.jpg 768w, https:\/\/shaliteink.com\/wp-content\/uploads\/2025\/04\/Rose-Red-Screen-Printing-Plastisol-Ink-1536x1024.jpg 1536w, https:\/\/shaliteink.com\/wp-content\/uploads\/2025\/04\/Rose-Red-Screen-Printing-Plastisol-Ink-2048x1365.jpg 2048w, https:\/\/shaliteink.com\/wp-content\/uploads\/2025\/04\/Rose-Red-Screen-Printing-Plastisol-Ink-18x12.jpg 18w, https:\/\/shaliteink.com\/wp-content\/uploads\/2025\/04\/Rose-Red-Screen-Printing-Plastisol-Ink-1200x800.jpg 1200w, https:\/\/shaliteink.com\/wp-content\/uploads\/2025\/04\/Rose-Red-Screen-Printing-Plastisol-Ink-150x100.jpg 150w\" sizes=\"(max-width: 1024px) 100vw, 1024px\" \/><\/p>\n<p>Erleben Sie den Unterschied mit Shaliteink<strong> Rosarote Plastisol-Tinte<\/strong>. Dieses au\u00dfergew\u00f6hnliche <strong><a href=\"https:\/\/shaliteink.com\/de\/screen-printing-ink\/\">Siebdruckfarbe<\/a><\/strong> Es optimiert Ihren Produktionsprozess und liefert brillante, langlebige Drucke, die immer wieder beeindrucken. Die niedrige Aush\u00e4rtungstemperatur spart nicht nur Zeit und Energie, sondern sch\u00fctzt auch empfindliche Stoffe vor Hitzesch\u00e4den und macht es somit zur idealen Wahl f\u00fcr eine Vielzahl von Projekten. Die leuchtende, pink-rote Farbe l\u00e4sst Ihr Design erstrahlen und verleiht jedem Outfit einen Hauch von Eleganz und Ausdrucksst\u00e4rke.<\/p>\n<p><strong><a href=\"https:\/\/shaliteink.com\/de\/\">Shaliteink<\/a><\/strong> steht f\u00fcr Qualit\u00e4t und Zuverl\u00e4ssigkeit. Unsere zwanzigj\u00e4hrige Fertigungserfahrung garantiert, dass jeder Eimer von <strong><a href=\"https:\/\/shaliteink.com\/de\/produkt-kategorie\/plastisol-tinte\/\">Plastisol-Tinte<\/a><\/strong> Erf\u00fcllt h\u00f6chste Industriestandards. Mit Shaliteink investieren Sie in ein Produkt, das Spitzentechnologie mit praktischer Anwendung vereint und so stets \u00fcberragende Ergebnisse garantiert.<\/p>\n<p class=\"ng-star-inserted\"><strong class=\"ng-star-inserted\"><span class=\"ng-star-inserted\">Aush\u00e4rtungsrichtlinien f\u00fcr Shaliteink Rosarote Plastisolfarbe:<\/span><\/strong><\/p>\n<ul class=\"ng-star-inserted\">\n<li class=\"ng-star-inserted\">Aush\u00e4rtung bei 160 \u00b0C (320 \u00b0F): Stellen Sie sicher, dass die gesamte Tintenschicht diese Temperatur erreicht und beibeh\u00e4lt, um vollst\u00e4ndig auszuh\u00e4rten.<\/li>\n<li>Blitzen bei 120\u00b0C-140\u00b0C (248\u00b0F-284\u00b0F): Eine kurze Blitzzeit tr\u00e4gt zu einer schnelleren Produktion bei, ohne die Qualit\u00e4t zu beeintr\u00e4chtigen.<\/li>\n<li>Allgemeine Testempfehlung: F\u00fchren Sie vor Produktionsbeginn stets einen Dehnungs- und einen Waschtest am Musterkleidungsst\u00fcck durch. Dies gew\u00e4hrleistet die korrekten Aush\u00e4rtungs- und Druckparameter. F\u00fcr optimale Ergebnisse empfehlen wir die Verwendung von Naturfasern; besonders hervorzuheben ist die Baumwolle 100%.<\/li>\n<li>\n<p class=\"ng-star-inserted\"><strong class=\"ng-star-inserted\"><span class=\"ng-star-inserted\">Pr\u00fcfung auf optimale Aush\u00e4rtung:<\/span><\/strong><\/p>\n<\/li>\n<\/ul>\n<ul>\n<li>Waschtest: F\u00fchren Sie 5\u201310 W\u00e4schen durch, um die Behandlung vollst\u00e4ndig zu testen. Schlecht fixierte Drucke verschlechtern sich bereits nach 1\u20133 W\u00e4schen.<\/li>\n<li>Dehnungstest: Dehnen Sie das bedruckte Kleidungsst\u00fcck um etwa zwei Drittel seiner L\u00e4nge. Rei\u00dft der Druck und zieht er sich nicht zusammen, ist er nicht ausreichend ausgeh\u00e4rtet. Erh\u00f6hen Sie gegebenenfalls die Aush\u00e4rtungszeit oder -temperatur.<\/li>\n<\/ul>\n<p class=\"ng-star-inserted\"><strong class=\"ng-star-inserted\"><span class=\"ng-star-inserted\">Niedrige Aush\u00e4rtung und Farbstoffmigration verstehen:<\/span><\/strong><\/p>\n<p>Ein wesentlicher Vorteil der Shaliteink Rose Red Plastisolfarbe ist ihre Aush\u00e4rtung bei 160 \u00b0C. Diese niedrige Temperatur ist wichtig, um ein Abf\u00e4rben zu verhindern, insbesondere bei Polyester- und Mischgeweben. Die meisten Polyesterfarben h\u00e4rten erst bei hohen Temperaturen aus (typischerweise 132\u2013149 \u00b0C). Erreicht das Gewebe w\u00e4hrend des Aush\u00e4rtungsprozesses erneut diese Temperatur, k\u00f6nnen die Farbstoffe wieder in den gasf\u00f6rmigen Zustand \u00fcbergehen und in die Plastisolfarbe ausbluten, was zum Verblassen des Drucks f\u00fchrt. Durch die Aush\u00e4rtung unterhalb dieser kritischen Temperatur hilft die Shaliteink Rose Red Farbe, dieses h\u00e4ufige Problem zu vermeiden und sorgt so f\u00fcr gestochen scharfe und farbtreue Drucke.<\/p>\n<p>Wichtiger Hinweis zu Temperaturmessungen: Bei der Pr\u00fcfung der Aush\u00e4rtungstemperatur liefert ein Laserthermometer nur oberfl\u00e4chliche Messwerte, die irref\u00fchrend sein k\u00f6nnen. F\u00fcr eine genaue Messung der Innentemperatur der Tintenschicht wird ein Ringf\u00fchler dringend empfohlen. Die gesamte Tintenschicht muss 160 \u00b0C erreichen, um vollst\u00e4ndig auszuh\u00e4rten. Faktoren wie Tintenauftragsdicke, Tunnell\u00e4nge und Umgebungstemperatur k\u00f6nnen die Aush\u00e4rtungszeit beeinflussen. Passen Sie daher stets die Trocknereinstellungen an und f\u00fchren Sie einen gr\u00fcndlichen Waschtest durch, um die korrekte Aush\u00e4rtung zu \u00fcberpr\u00fcfen.<\/p>\n<p><img decoding=\"async\" class=\"wp-image-4007 size-large aligncenter\" src=\"https:\/\/shaliteink.com\/wp-content\/uploads\/2025\/04\/Rose-Red-Screen-Printing-Plastisol-Ink-1-1024x683.jpg\" alt=\"Rosenrote Plastisol-Siebdrucktinte\" width=\"1024\" height=\"683\" srcset=\"https:\/\/shaliteink.com\/wp-content\/uploads\/2025\/04\/Rose-Red-Screen-Printing-Plastisol-Ink-1-1024x683.jpg 1024w, https:\/\/shaliteink.com\/wp-content\/uploads\/2025\/04\/Rose-Red-Screen-Printing-Plastisol-Ink-1-300x200.jpg 300w, https:\/\/shaliteink.com\/wp-content\/uploads\/2025\/04\/Rose-Red-Screen-Printing-Plastisol-Ink-1-768x512.jpg 768w, https:\/\/shaliteink.com\/wp-content\/uploads\/2025\/04\/Rose-Red-Screen-Printing-Plastisol-Ink-1-1536x1024.jpg 1536w, https:\/\/shaliteink.com\/wp-content\/uploads\/2025\/04\/Rose-Red-Screen-Printing-Plastisol-Ink-1-2048x1365.jpg 2048w, https:\/\/shaliteink.com\/wp-content\/uploads\/2025\/04\/Rose-Red-Screen-Printing-Plastisol-Ink-1-18x12.jpg 18w, https:\/\/shaliteink.com\/wp-content\/uploads\/2025\/04\/Rose-Red-Screen-Printing-Plastisol-Ink-1-1200x800.jpg 1200w, https:\/\/shaliteink.com\/wp-content\/uploads\/2025\/04\/Rose-Red-Screen-Printing-Plastisol-Ink-1-150x100.jpg 150w\" sizes=\"(max-width: 1024px) 100vw, 1024px\" \/><\/p>\n<p class=\"ng-star-inserted\"><strong class=\"ng-star-inserted\"><span class=\"ng-star-inserted\">Aufr\u00e4umen und Einlagern:<\/span><\/strong><\/p>\n<ul class=\"ng-star-inserted\">\n<li class=\"ng-star-inserted\">Reinigung an der Druckmaschine: Verwenden Sie Ecotex\u00ae Plastisol Press Wash\/Ink Degradant oder ein \u00e4hnliches Produkt, um Siebe und Rakel schnell und effizient zu reinigen.<\/li>\n<li class=\"ng-star-inserted\">Sp\u00fclbeckenreinigung: F\u00fcr eine gr\u00fcndliche Siebreinigung verwenden Sie Ecotex\u00ae Plastisol Screen Wash\/Color Degradant.<\/li>\n<li class=\"ng-star-inserted\">Lagerung: Bewahren Sie Ihre Shaliteink Plastisolfarben bei Raumtemperatur, idealerweise zwischen 18 und 32 \u00b0C, und vor direkter Sonneneinstrahlung gesch\u00fctzt auf. L\u00e4ngere Einwirkung von Temperaturen \u00fcber 32 \u00b0C kann dazu f\u00fchren, dass die Farbe im Beh\u00e4lter aush\u00e4rtet und ihre Haltbarkeit verk\u00fcrzt wird.<\/li>\n<\/ul>\n<p class=\"ng-star-inserted\"><strong class=\"ng-star-inserted\"><span class=\"ng-star-inserted\">Profi-Tipps f\u00fcr optimale Ergebnisse:<\/span><\/strong><\/p>\n<ul>\n<li>Plastisolfarbe bildet eine mechanische Verbindung mit den Textilfasern, anstatt sie zu f\u00e4rben.<\/li>\n<li>F\u00fcr optimale Ergebnisse auf dunklen Stoffen empfiehlt sich eine wei\u00dfe Grundierung, obwohl dies aufgrund unserer hohen Deckkraft oft nicht notwendig ist.<\/li>\n<li>Die regelm\u00e4\u00dfige Wartung Ihres Siebs und Ihrer Ger\u00e4te gew\u00e4hrleistet eine gleichbleibende Druckqualit\u00e4t.<\/li>\n<\/ul>\n<p>Entdecken Sie unser komplettes Sortiment an Plastisolfarben und Siebdruckzubeh\u00f6r f\u00fcr optimale Druckergebnisse. Shaliteink ist Ihr zuverl\u00e4ssiger Partner f\u00fcr hochwertige Siebdruckfarben.<\/p>","protected":false},"excerpt":{"rendered":"<p>Shaliteink pr\u00e4sentiert stolz seine rosarote Siebdruck-Plastisolfarbe \u2013 eine Premium-L\u00f6sung f\u00fcr erfahrene Profis und ambitionierte Einsteiger. Dank zweier Jahrzehnte Erfahrung in der Fertigung und Direktvertrieb ab Werk ist Shaliteink ein weltweit f\u00fchrender Anbieter, der eng mit renommierten Marken aus aller Welt zusammenarbeitet, um Ihnen erstklassige Plastisolfarben zu bieten. Unsere rosarote Farbe liefert exzellente Ergebnisse und garantiert brillante, langlebige und luxuri\u00f6s weiche Drucke.<\/p>","protected":false},"featured_media":1451,"comment_status":"open","ping_status":"closed","template":"","meta":[],"product_brand":[],"product_cat":[39],"product_tag":[],"class_list":{"0":"post-1192","1":"product","2":"type-product","3":"status-publish","4":"has-post-thumbnail","6":"product_cat-plastisol-ink","8":"first","9":"instock","10":"shipping-taxable","11":"purchasable","12":"product-type-variable"},"tiered_pricing_type":"fixed","tiered_pricing_fixed_rules":[],"tiered_pricing_product_settings":{"layout":"default","base_unit_name":{"singular":null,"plural":null},"default_variation":null},"tiered_pricing_minimum_quantity":null,"tiered_pricing_roles_data":[],"tiered_pricing_percentage_rules":[],"tiered_pricing_maximum_quantity":null,"tiered_pricing_quantity_step":null,"_links":{"self":[{"href":"https:\/\/shaliteink.com\/de\/wp-json\/wp\/v2\/product\/1192","targetHints":{"allow":["GET"]}}],"collection":[{"href":"https:\/\/shaliteink.com\/de\/wp-json\/wp\/v2\/product"}],"about":[{"href":"https:\/\/shaliteink.com\/de\/wp-json\/wp\/v2\/types\/product"}],"replies":[{"embeddable":true,"href":"https:\/\/shaliteink.com\/de\/wp-json\/wp\/v2\/comments?post=1192"}],"version-history":[{"count":0,"href":"https:\/\/shaliteink.com\/de\/wp-json\/wp\/v2\/product\/1192\/revisions"}],"wp:featuredmedia":[{"embeddable":true,"href":"https:\/\/shaliteink.com\/de\/wp-json\/wp\/v2\/media\/1451"}],"wp:attachment":[{"href":"https:\/\/shaliteink.com\/de\/wp-json\/wp\/v2\/media?parent=1192"}],"wp:term":[{"taxonomy":"product_brand","embeddable":true,"href":"https:\/\/shaliteink.com\/de\/wp-json\/wp\/v2\/product_brand?post=1192"},{"taxonomy":"product_cat","embeddable":true,"href":"https:\/\/shaliteink.com\/de\/wp-json\/wp\/v2\/product_cat?post=1192"},{"taxonomy":"product_tag","embeddable":true,"href":"https:\/\/shaliteink.com\/de\/wp-json\/wp\/v2\/product_tag?post=1192"}],"curies":[{"name":"wp","href":"https:\/\/api.w.org\/{rel}","templated":true}]}}