{"id":1186,"date":"2025-04-11T09:02:38","date_gmt":"2025-04-11T09:02:38","guid":{"rendered":"https:\/\/shaliteink.com\/?post_type=product&#038;p=1186"},"modified":"2025-12-10T11:30:25","modified_gmt":"2025-12-10T11:30:25","slug":"rote-siebdruck-plastisolfarbe-2","status":"publish","type":"product","link":"https:\/\/shaliteink.com\/de\/produkt\/rote-siebdruck-plastisolfarbe-2\/","title":{"rendered":"Rote Plastisol-Siebdrucktinte"},"content":{"rendered":"<h3><img decoding=\"async\" class=\"wp-image-4003 size-large aligncenter\" src=\"https:\/\/shaliteink.com\/wp-content\/uploads\/2025\/04\/Red-Screen-Printing-Plastisol-Ink-1024x683.jpg\" alt=\"Rote Plastisol-Siebdrucktinte\" width=\"1024\" height=\"683\" srcset=\"https:\/\/shaliteink.com\/wp-content\/uploads\/2025\/04\/Red-Screen-Printing-Plastisol-Ink-1024x683.jpg 1024w, https:\/\/shaliteink.com\/wp-content\/uploads\/2025\/04\/Red-Screen-Printing-Plastisol-Ink-300x200.jpg 300w, https:\/\/shaliteink.com\/wp-content\/uploads\/2025\/04\/Red-Screen-Printing-Plastisol-Ink-768x512.jpg 768w, https:\/\/shaliteink.com\/wp-content\/uploads\/2025\/04\/Red-Screen-Printing-Plastisol-Ink-1536x1024.jpg 1536w, https:\/\/shaliteink.com\/wp-content\/uploads\/2025\/04\/Red-Screen-Printing-Plastisol-Ink-2048x1365.jpg 2048w, https:\/\/shaliteink.com\/wp-content\/uploads\/2025\/04\/Red-Screen-Printing-Plastisol-Ink-18x12.jpg 18w, https:\/\/shaliteink.com\/wp-content\/uploads\/2025\/04\/Red-Screen-Printing-Plastisol-Ink-1200x800.jpg 1200w, https:\/\/shaliteink.com\/wp-content\/uploads\/2025\/04\/Red-Screen-Printing-Plastisol-Ink-150x100.jpg 150w\" sizes=\"(max-width: 1024px) 100vw, 1024px\" \/><\/h3>\n<h3 class=\"ng-star-inserted\"><span class=\"ng-star-inserted\">Wichtigste Vorteile und Funktionen:<\/span><\/h3>\n<ul class=\"ng-star-inserted\">\n<li class=\"ng-star-inserted\">Leuchtendes und kr\u00e4ftiges Rot: Holen Sie sich den Blickfang, den roten Druck in farbtreuer Qualit\u00e4t, der im Freien auff\u00e4llt.<\/li>\n<li class=\"ng-star-inserted\">Extrem blickdicht: Hervorragende Deckkraft, auch auf dunkler Kleidung, wodurch die Notwendigkeit vieler Durchg\u00e4nge reduziert wird.<\/li>\n<li class=\"ng-star-inserted\">Sanfter Handabdruck: Genie\u00dfen Sie eine glatte, flexible Oberfl\u00e4che, die sich angenehm anf\u00fchlt.<\/li>\n<li class=\"ng-star-inserted\">Universelle Stoffvertr\u00e4glichkeit: Ideal f\u00fcr eine breite Palette von Materialien, darunter 100% Baumwolle, Baumwoll-Polyester-Mischgewebe und viele synthetische Stoffe.<\/li>\n<li class=\"ng-star-inserted\">Formel mit geringem Ausbluten: Speziell entwickelt, um ein Ausbluten der Farbe auf Polyester- und Poly-Kopf-Kleidung zu verhindern und so f\u00fcr saubere, klare Linien zu sorgen.<\/li>\n<li class=\"ng-star-inserted\">Phthalatfrei: Umweltfreundlich und sicher f\u00fcr Drucker und Tr\u00e4ger.<\/li>\n<li class=\"ng-star-inserted\">Die Anwendung ist einfach: Unsere cremige Plastisolfarbe mit kurzen R\u00e4ndern flie\u00dft m\u00fchelos durch das Sieb und sorgt so f\u00fcr ein angenehmes Druckerlebnis \u2013 sowohl f\u00fcr Anf\u00e4nger als auch f\u00fcr erfahrene Profis.<\/li>\n<li class=\"ng-star-inserted\">Zuverl\u00e4ssige Behandlung: Eine pr\u00e4zise Behandlung bei 160 \u00b0C (320 \u00b0F) erm\u00f6glicht eine effiziente und schnelle Produktion bei geringem Energieverbrauch.<\/li>\n<li class=\"ng-star-inserted\">Optimale Blitztemperatur: Leuchtet schnell bei 120\u2013140 \u00b0 C (248\u2013284 \u00b0 F) f\u00fcr effizientes Drucken mit mehreren Anrufern.<\/li>\n<li class=\"ng-star-inserted\">Gleichbleibende Qualit\u00e4t: Verl\u00e4sslich durch zwanzig Jahre Fertigungsexzellenz und zuverl\u00e4ssig durch weltbekannte Marken.<\/li>\n<\/ul>\n<h3 class=\"ng-star-inserted\"><span class=\"ng-star-inserted\">Entfesseln Sie Ihre Kreativit\u00e4t mit Shaliteink Red\u00a0<\/span><strong class=\"ng-star-inserted\"><span class=\"ng-star-inserted\">Plastisol-Tinte<\/span><\/strong><\/h3>\n<p>Shaliteink rote Plastisolfarbe ist die ideale L\u00f6sung f\u00fcr hochwertigen Siebdruck. Ob individuelle Bekleidung, Kampagnenartikel oder k\u00fcnstlerische Designs \u2013 unsere Farbe liefert zuverl\u00e4ssige Leistung und herausragende Ergebnisse. Dank ihrer hohen Deckkraft erzielen Sie mit wenigen Farbschichten leuchtend rote Drucke, was Zeit und Farbe spart. Die angenehme Haptik sorgt f\u00fcr maximalen Tragekomfort und macht Ihre bedruckten Kleidungsst\u00fccke besonders attraktiv.<\/p>\n<p>Wir verstehen die Herausforderungen des Siebdrucks, insbesondere bei der Verarbeitung unterschiedlicher Stoffarten. Deshalb ist unsere Formel mit geringem Ausbluten ein echter Durchbruch f\u00fcr Polyestergemische. Sie verhindert unerw\u00fcnschtes Auslaufen der Farbe und bewahrt die Integrit\u00e4t Ihrer Designs. <strong><a href=\"https:\/\/shaliteink.com\/de\/\">Shalitink<\/a><\/strong> Unser Engagement f\u00fcr Innovation und Qualit\u00e4t stellt sicher, dass jeder Eimer roter Plastisolfarbe den h\u00f6chsten Industriestandards entspricht und Sie somit jederzeit in die Lage versetzt, professionelle Druckergebnisse zu erzielen.<\/p>\n<h3 class=\"ng-star-inserted\"><span class=\"ng-star-inserted\">Aush\u00e4rtungsanleitung &amp; Richtlinien:<\/span><\/h3>\n<p>F\u00fcr optimale Haftung und Waschbest\u00e4ndigkeit fixieren Sie die rote Shaliteink-Plastisolfarbe bei 160 \u00b0C. Sobald die gesamte Farbschicht 160 \u00b0C erreicht hat, ist die Farbe vollst\u00e4ndig ausgeh\u00e4rtet.<\/p>\n<ul class=\"ng-star-inserted\">\n<li class=\"ng-star-inserted\">\n<p class=\"ng-star-inserted\"><strong class=\"ng-star-inserted\"><span class=\"ng-star-inserted\">Aush\u00e4rtungstemperatur:<\/span><\/strong><span class=\"ng-star-inserted\">\u00a0160 \u00b0C (320 \u00b0F)<\/span><\/p>\n<\/li>\n<\/ul>\n<ul>\n<li class=\"ng-star-inserted\"><strong class=\"ng-star-inserted\"><span class=\"ng-star-inserted\">Blitztemperatur:<\/span><\/strong><span class=\"ng-star-inserted\">\u00a0120-140 \u00b0C (248-284 \u00b0F) f\u00fcr 3-5 Sekunden.<br \/>\n<\/span><\/li>\n<\/ul>\n<p class=\"ng-star-inserted\"><strong class=\"ng-star-inserted\"><span class=\"ng-star-inserted\">Wichtige Aush\u00e4rtungstipps:<\/span><\/strong><\/p>\n<ul>\n<li>F\u00fcr eine optimale Temperaturbehandlung empfiehlt sich die Verwendung eines Temperaturf\u00fchlers oder von Temperaturstreifen, um sicherzustellen, dass der Kern der Tintenschicht die Zieltemperatur erreicht. Laserpistolen k\u00f6nnen zu fehlerhaften Messwerten der Oberfl\u00e4chentemperatur f\u00fchren.<\/li>\n<li>Waschtest: Lassen Sie den Druck nach der Behandlung abk\u00fchlen und f\u00fchren Sie anschlie\u00dfend (nach 24 Stunden) einen Waschtest durch, um die Wirksamkeit der Behandlung zu \u00fcberpr\u00fcfen. Der Druck sollte 5\u201310 W\u00e4schen ohne Qualit\u00e4tsverlust \u00fcberstehen.<\/li>\n<li>Dehnungstest: Dehnen Sie den langsam bedruckten Stoff um etwa zwei Drittel Ihrer maximalen Dehnbarkeit. Wenn die Tinte rei\u00dft und sich nicht zur\u00fcckzieht, handelt es sich m\u00f6glicherweise um eine zu geringe Bedruckung.<\/li>\n<li>Hinweise zur W\u00e4schepflege: Baumwollkleidung ben\u00f6tigt aufgrund ihres Feuchtigkeitsgehalts m\u00f6glicherweise etwas l\u00e4nger im Trockner als Polyesterkleidung. Passen Sie die Trocknereinstellungen entsprechend an.<\/li>\n<li>Farbauftragsdicke: Dicke Farbauftr\u00e4ge ben\u00f6tigen naturgem\u00e4\u00df mehr Zeit, um eine vollst\u00e4ndige Aush\u00e4rtung in der gesamten Schicht zu erreichen.<\/li>\n<\/ul>\n<h3 class=\"ng-star-inserted\"><span class=\"ng-star-inserted\">Aufr\u00e4umen &amp; Lagern:<\/span><\/h3>\n<ul>\n<li>In der Presse: Nutzen Sie einen speziellen umweltfreundlichen <strong><a href=\"https:\/\/shaliteink.com\/de\/produkt-kategorie\/plastisol-tinte\/\">Plastisol-Tinte<\/a><\/strong> Druckwaschmittel oder Farbabrieb f\u00fcr eine schnelle Reinigung zwischen den Auftr\u00e4gen.<\/li>\n<li>Im Sp\u00fclbecken: F\u00fcr die Siebreinigung im Reklaven verwenden Sie ein starkes Plastisol-Siebwaschmittel oder einen Tintenabbauer, um Tintenreste gut zu entfernen.<\/li>\n<li>Lagerung: Rote Plastisolfarbe k\u00fchl und trocken bei 18\u201332 \u00b0C lagern, vor direkter Sonneneinstrahlung und extremen Temperaturen sch\u00fctzen. Bei l\u00e4ngerem Kontakt mit Temperaturen \u00fcber 32 \u00b0C kann die Farbe im Beh\u00e4lter aush\u00e4rten.<\/li>\n<\/ul>\n<h3><img decoding=\"async\" class=\"wp-image-4004 size-large aligncenter\" src=\"https:\/\/shaliteink.com\/wp-content\/uploads\/2025\/04\/Red-Screen-Printing-Plastisol-Ink-1-1024x683.jpg\" alt=\"Rote Plastisol-Siebdrucktinte\" width=\"1024\" height=\"683\" srcset=\"https:\/\/shaliteink.com\/wp-content\/uploads\/2025\/04\/Red-Screen-Printing-Plastisol-Ink-1-1024x683.jpg 1024w, https:\/\/shaliteink.com\/wp-content\/uploads\/2025\/04\/Red-Screen-Printing-Plastisol-Ink-1-300x200.jpg 300w, https:\/\/shaliteink.com\/wp-content\/uploads\/2025\/04\/Red-Screen-Printing-Plastisol-Ink-1-768x512.jpg 768w, https:\/\/shaliteink.com\/wp-content\/uploads\/2025\/04\/Red-Screen-Printing-Plastisol-Ink-1-1536x1024.jpg 1536w, https:\/\/shaliteink.com\/wp-content\/uploads\/2025\/04\/Red-Screen-Printing-Plastisol-Ink-1-2048x1365.jpg 2048w, https:\/\/shaliteink.com\/wp-content\/uploads\/2025\/04\/Red-Screen-Printing-Plastisol-Ink-1-18x12.jpg 18w, https:\/\/shaliteink.com\/wp-content\/uploads\/2025\/04\/Red-Screen-Printing-Plastisol-Ink-1-1200x800.jpg 1200w, https:\/\/shaliteink.com\/wp-content\/uploads\/2025\/04\/Red-Screen-Printing-Plastisol-Ink-1-150x100.jpg 150w\" sizes=\"(max-width: 1024px) 100vw, 1024px\" \/><\/h3>\n<h3 class=\"ng-star-inserted\"><span class=\"ng-star-inserted\">Warum Sie sich f\u00fcr Shaliteink entscheiden sollten\u00a0<\/span><a href=\"https:\/\/shaliteink.com\/de\/screen-printing-ink\/\"><strong class=\"ng-star-inserted\"><span class=\"ng-star-inserted\">Siebdruckfarbe<\/span><\/strong><\/a><span class=\"ng-star-inserted\">\u00a0Bed\u00fcrfnisse?<\/span><\/h3>\n<p>Bei Shaliteink verkaufen wir nicht nur Plastisolfarbe; wir bieten L\u00f6sungen, die Ihre Kreativit\u00e4t befl\u00fcgeln und Ihre Produktion steigern. Dank unseres Direktvertriebs ab Werk erhalten Sie Premiumqualit\u00e4t zu wettbewerbsf\u00e4higen Preisen. Mit der roten Plastisolfarbe von Shaliteink entscheiden Sie sich f\u00fcr ein Produkt, das auf zwanzig Jahren Branchenerfahrung basiert, f\u00fcr au\u00dfergew\u00f6hnliche Leistung entwickelt wurde und Ihnen ein komfortables und erfolgreiches Siebdruckerlebnis erm\u00f6glicht.<\/p>\n<p>Jetzt einkaufen und den Unterschied von Shaliteink f\u00fcr Ihr n\u00e4chstes Siebdruckprojekt entdecken! Holen Sie sich die beste Siebdruckfarbe f\u00fcr brillante Ergebnisse und einfache Anwendung.<\/p>","protected":false},"excerpt":{"rendered":"<p>Verleihen Sie Ihren Siebdruckprojekten mit der hochwertigen roten Plastisolfarbe von Shaliteink neuen Glanz. Als weltweit f\u00fchrender Hersteller mit zwei Jahrzehnten Erfahrung bietet Shaliteink erstklassige Siebdruckmaterialien direkt ab Werk. Unsere rote Plastisolfarbe zeichnet sich durch hervorragende Farbbrillanz, optimale Deckkraft und einfache Handhabung aus und sorgt so f\u00fcr dauerhaft brillante und wundersch\u00f6ne Druckergebnisse.<\/p>","protected":false},"featured_media":1459,"comment_status":"open","ping_status":"closed","template":"","meta":[],"product_brand":[],"product_cat":[39],"product_tag":[],"class_list":{"0":"post-1186","1":"product","2":"type-product","3":"status-publish","4":"has-post-thumbnail","6":"product_cat-plastisol-ink","8":"first","9":"instock","10":"shipping-taxable","11":"purchasable","12":"product-type-variable"},"tiered_pricing_type":"fixed","tiered_pricing_fixed_rules":[],"tiered_pricing_product_settings":{"layout":"default","base_unit_name":{"singular":null,"plural":null},"default_variation":null},"tiered_pricing_minimum_quantity":null,"tiered_pricing_roles_data":[],"tiered_pricing_percentage_rules":[],"tiered_pricing_maximum_quantity":null,"tiered_pricing_quantity_step":null,"_links":{"self":[{"href":"https:\/\/shaliteink.com\/de\/wp-json\/wp\/v2\/product\/1186","targetHints":{"allow":["GET"]}}],"collection":[{"href":"https:\/\/shaliteink.com\/de\/wp-json\/wp\/v2\/product"}],"about":[{"href":"https:\/\/shaliteink.com\/de\/wp-json\/wp\/v2\/types\/product"}],"replies":[{"embeddable":true,"href":"https:\/\/shaliteink.com\/de\/wp-json\/wp\/v2\/comments?post=1186"}],"version-history":[{"count":0,"href":"https:\/\/shaliteink.com\/de\/wp-json\/wp\/v2\/product\/1186\/revisions"}],"wp:featuredmedia":[{"embeddable":true,"href":"https:\/\/shaliteink.com\/de\/wp-json\/wp\/v2\/media\/1459"}],"wp:attachment":[{"href":"https:\/\/shaliteink.com\/de\/wp-json\/wp\/v2\/media?parent=1186"}],"wp:term":[{"taxonomy":"product_brand","embeddable":true,"href":"https:\/\/shaliteink.com\/de\/wp-json\/wp\/v2\/product_brand?post=1186"},{"taxonomy":"product_cat","embeddable":true,"href":"https:\/\/shaliteink.com\/de\/wp-json\/wp\/v2\/product_cat?post=1186"},{"taxonomy":"product_tag","embeddable":true,"href":"https:\/\/shaliteink.com\/de\/wp-json\/wp\/v2\/product_tag?post=1186"}],"curies":[{"name":"wp","href":"https:\/\/api.w.org\/{rel}","templated":true}]}}