{"id":1178,"date":"2025-04-11T08:49:33","date_gmt":"2025-04-11T08:49:33","guid":{"rendered":"https:\/\/shaliteink.com\/?post_type=product&#038;p=1178"},"modified":"2025-12-10T11:28:18","modified_gmt":"2025-12-10T11:28:18","slug":"rote-siebdruck-plastisolfarbe","status":"publish","type":"product","link":"https:\/\/shaliteink.com\/de\/produkt\/rote-siebdruck-plastisolfarbe\/","title":{"rendered":"Tiefrote Plastisol-Siebdrucktinte"},"content":{"rendered":"<p class=\"ng-star-inserted\"><strong class=\"ng-star-inserted\"><span class=\"ng-star-inserted\">Titel: Tiefrote Plastisolfarbe f\u00fcr den Siebdruck \u2013 Erzielen Sie brillante Druckergebnisse mit Shaliteink<\/span><\/strong><\/p>\n<p>Unter Ber\u00fccksichtigung des Nutzers, <a href=\"https:\/\/shaliteink.com\/de\/produkt-kategorie\/plastisol-tinte\/\"><strong>Plastisol-Tinte<\/strong><\/a> Die cremige, leicht zu verarbeitende Konsistenz sorgt f\u00fcr ein gleichm\u00e4\u00dfiges Druckergebnis \u2013 egal ob Sie Profi oder Einsteiger sind. Dank des geringen Volumens eignet sich Shaliteink Deep Red ideal f\u00fcr h\u00e4ufige Anwendungen und erm\u00f6glicht scharfe Details und vollst\u00e4ndige Deckkraft auf verschiedensten Textilien. Die au\u00dfergew\u00f6hnliche Farbvielfalt von Shaliteink Deep Red erm\u00f6glicht es, selbst auf dunklen Stoffen mit wenigen Durchg\u00e4ngen intensive Farben zu erzielen und Ihren Produktionsprozess zu optimieren.<\/p>\n<p><img decoding=\"async\" class=\"wp-image-4001 size-large aligncenter\" src=\"https:\/\/shaliteink.com\/wp-content\/uploads\/2025\/04\/Deep-Red-Screen-Printing-Plastisol-Ink-1-1024x683.jpg\" alt=\"Tiefrote Plastisol-Siebdrucktinte\" width=\"1024\" height=\"683\" srcset=\"https:\/\/shaliteink.com\/wp-content\/uploads\/2025\/04\/Deep-Red-Screen-Printing-Plastisol-Ink-1-1024x683.jpg 1024w, https:\/\/shaliteink.com\/wp-content\/uploads\/2025\/04\/Deep-Red-Screen-Printing-Plastisol-Ink-1-300x200.jpg 300w, https:\/\/shaliteink.com\/wp-content\/uploads\/2025\/04\/Deep-Red-Screen-Printing-Plastisol-Ink-1-768x512.jpg 768w, https:\/\/shaliteink.com\/wp-content\/uploads\/2025\/04\/Deep-Red-Screen-Printing-Plastisol-Ink-1-1536x1024.jpg 1536w, https:\/\/shaliteink.com\/wp-content\/uploads\/2025\/04\/Deep-Red-Screen-Printing-Plastisol-Ink-1-2048x1365.jpg 2048w, https:\/\/shaliteink.com\/wp-content\/uploads\/2025\/04\/Deep-Red-Screen-Printing-Plastisol-Ink-1-18x12.jpg 18w, https:\/\/shaliteink.com\/wp-content\/uploads\/2025\/04\/Deep-Red-Screen-Printing-Plastisol-Ink-1-1200x800.jpg 1200w, https:\/\/shaliteink.com\/wp-content\/uploads\/2025\/04\/Deep-Red-Screen-Printing-Plastisol-Ink-1-150x100.jpg 150w\" sizes=\"(max-width: 1024px) 100vw, 1024px\" \/><\/p>\n<p>Eines der herausragenden Merkmale von Shaliteink <strong>Tiefrote Plastisol-Tinte<\/strong> Das effiziente Behandlungsprofil zeichnet sich durch die Behandlung bei 160 \u00b0C (320 \u00b0F) aus und bietet ein optimales Verh\u00e4ltnis zwischen Geschwindigkeit und Textilqualit\u00e4t. Diese spezielle Behandlung beugt Hitzesch\u00e4den und Einlaufen vor und ist besonders vorteilhaft bei Polyestergemischen, wie sie beispielsweise bei empfindlicher Sommerkleidung vorkommen. Die Blitzbehandlung bei 120 \u00b0C bis 140 \u00b0C (248 \u00b0F bis 284 \u00b0F) erm\u00f6glicht schnelles Trocknen zwischen den einzelnen Lagen, steigert die Produktivit\u00e4t und sorgt f\u00fcr gestochen scharfe, mehrfarbige Designs. Diese Niedrigtemperatur-Blitzbehandlung ist besonders wirksam, um Farbmigration beim Bedrucken von Polyester zu verhindern.<\/p>\n<p>Wir wissen, wie wichtig ein sanfter Griff bei der Herstellung von Kleidung ist. <strong><a href=\"https:\/\/shaliteink.com\/de\/\">Shaliteink<\/a><\/strong> Die tiefrote Plastisolfarbe erzeugt einen weichen, flexiblen Druck, der sich den Bewegungen des Stoffes anpasst und so maximalen Tragekomfort gew\u00e4hrleistet. Diese fettfreie Farbe ist zudem umwelt- und gesundheitsvertr\u00e4glich. Dank ihrer Vielseitigkeit eignet sie sich f\u00fcr eine breite Palette an Textilien und liefert stets professionelle Ergebnisse \u2013 von 100%-Baumwolle bis hin zu verschiedenen Polyestergeweben.<\/p>\n<p class=\"ng-star-inserted\"><strong class=\"ng-star-inserted\"><span class=\"ng-star-inserted\">Hauptmerkmale und Vorteile:<\/span><\/strong><\/p>\n<ul class=\"ng-star-inserted\">\n<li class=\"ng-star-inserted\">Lebhaftes Dunkelrot: Setzen Sie auf gewagte, luxuri\u00f6se und auff\u00e4llige rote Muster.<\/li>\n<li class=\"ng-star-inserted\">H\u00f6here Deckkraft: ausgezeichnete Deckkraft auf heller und dunkler Kleidung, reduziert das Durchscheinen von Farben.<\/li>\n<li class=\"ng-star-inserted\">Optimale Behandlung: 160 \u00b0C (320 \u00b0F) sorgt f\u00fcr eine feste Behandlung und reduziert Besch\u00e4digungen der Kleidung.<\/li>\n<li class=\"ng-star-inserted\">Blitzschnelles Aufleuchten: F\u00fcr effizientes Drucken mit mehreren Anrufern sorgt eine Blitztemperatur von 120 \u00b0C bis 140 \u00b0C (248 \u00b0F bis 284 \u00b0F).<\/li>\n<li class=\"ng-star-inserted\">Angenehm weiches Tragegef\u00fchl: Die Drucke bleiben weich und flexibel, die Kleidung erh\u00f6ht den Tragekomfort.<\/li>\n<li class=\"ng-star-inserted\">Es ist einfach in der Anwendung: Gew\u00e4hrleistet cremige Stabilit\u00e4t und kurze Haltbarkeit f\u00fcr ein geschmeidiges Auftragen.<\/li>\n<li class=\"ng-star-inserted\">Universelle Stoffvertr\u00e4glichkeit: ideal f\u00fcr Baumwolle, Polyestergewebe und andere g\u00e4ngige Tr\u00e4germaterialien.<\/li>\n<li class=\"ng-star-inserted\">Geringe Farbausblutung: Speziell entwickelt, um die Farbstoffmigration bei Polyestergemischen zu reduzieren.<\/li>\n<li class=\"ng-star-inserted\">Phthalatfrei: Umweltfreundlich und sicher f\u00fcr die Anwender.<\/li>\n<\/ul>\n<p class=\"ng-star-inserted\"><strong class=\"ng-star-inserted\"><span class=\"ng-star-inserted\">Richtlinien zur Heilung:<\/span><\/strong><\/p>\n<p>F\u00fcr optimale Waschbest\u00e4ndigkeit und Farbechtheit fixieren Sie die tiefrote Shaliteink-Plastisolfarbe bei 160 \u00b0C (320 \u00b0F) in der gesamten Farbschicht. Je nach Werkstattausr\u00fcstung und Farbauftrag trocknen Sie die Farbe anschlie\u00dfend 3\u20135 Sekunden lang bei 120\u2013140 \u00b0C (248\u2013284 \u00b0F). F\u00fchren Sie vor Produktionsbeginn stets einen Dehnungs- und Waschtest an einem Stoffmuster durch, um die korrekte Behandlung sicherzustellen. Ein gut behandelter Druck ist rei\u00dffest und \u00fcbersteht mehrere W\u00e4schen. Beachten Sie, dass die Temperaturmessung mit einem Laserger\u00e4t ungenau sein kann. Verwenden Sie daher f\u00fcr pr\u00e4zise Ergebnisse einen Temperaturf\u00fchler oder Temperaturstreifen, um die Temperatur im Inneren der Farbe zu messen.<\/p>\n<p><img decoding=\"async\" class=\"wp-image-4000 size-large aligncenter\" src=\"https:\/\/shaliteink.com\/wp-content\/uploads\/2025\/04\/Deep-Red-Screen-Printing-Plastisol-Ink-1024x683.jpg\" alt=\"Tiefrote Plastisol-Siebdrucktinte\" width=\"1024\" height=\"683\" srcset=\"https:\/\/shaliteink.com\/wp-content\/uploads\/2025\/04\/Deep-Red-Screen-Printing-Plastisol-Ink-1024x683.jpg 1024w, https:\/\/shaliteink.com\/wp-content\/uploads\/2025\/04\/Deep-Red-Screen-Printing-Plastisol-Ink-300x200.jpg 300w, https:\/\/shaliteink.com\/wp-content\/uploads\/2025\/04\/Deep-Red-Screen-Printing-Plastisol-Ink-768x512.jpg 768w, https:\/\/shaliteink.com\/wp-content\/uploads\/2025\/04\/Deep-Red-Screen-Printing-Plastisol-Ink-1536x1024.jpg 1536w, https:\/\/shaliteink.com\/wp-content\/uploads\/2025\/04\/Deep-Red-Screen-Printing-Plastisol-Ink-2048x1365.jpg 2048w, https:\/\/shaliteink.com\/wp-content\/uploads\/2025\/04\/Deep-Red-Screen-Printing-Plastisol-Ink-18x12.jpg 18w, https:\/\/shaliteink.com\/wp-content\/uploads\/2025\/04\/Deep-Red-Screen-Printing-Plastisol-Ink-1200x800.jpg 1200w, https:\/\/shaliteink.com\/wp-content\/uploads\/2025\/04\/Deep-Red-Screen-Printing-Plastisol-Ink-150x100.jpg 150w\" sizes=\"(max-width: 1024px) 100vw, 1024px\" \/><\/p>\n<p class=\"ng-star-inserted\"><strong class=\"ng-star-inserted\"><span class=\"ng-star-inserted\">Aufr\u00e4umarbeiten:<\/span><\/strong><\/p>\n<p>Die Reinigung erfolgt direkt nach dem Drucken mit Shaliteink-Plastisolfarbe. Verwenden Sie f\u00fcr die Reinigung nach dem Drucken ein spezielles Plastisol-Druckmaschinenreinigungsmittel oder einen Farbentferner. F\u00fcr die Siebreinigung entfernt ein starkes Plastisol-Siebreinigungsmittel oder ein Farbentferner effektiv alle Farbreste.<\/p>\n<p class=\"ng-star-inserted\"><strong class=\"ng-star-inserted\"><span class=\"ng-star-inserted\">Speicherinformationen:<\/span><\/strong><\/p>\n<p>Lagern Sie eine k\u00fchle, tiefrote Plastisolfarbe von Shaliteink an einem k\u00fchlen, trockenen Ort zwischen 18 und 32 \u00b0C (65\u201390 \u00b0F) und sch\u00fctzen Sie sie vor direkter Sonneneinstrahlung. Bei l\u00e4ngerem Kontakt mit Temperaturen \u00fcber diesem Bereich kann die Behandlung bereits im Farbbeh\u00e4lter beginnen.<\/p>","protected":false},"excerpt":{"rendered":"<p>Die tiefrote Plastisolfarbe von Shaliteink verleiht Ihren Textildruckprojekten das gewisse Extra \u2013 eine Premium-Option f\u00fcr Siebdrucker, die Wert auf brillante Farben und zuverl\u00e4ssige Leistung legen. Seit zwei Jahrzehnten ist Shaliteink weltweit f\u00fchrend in der Herstellung hochwertiger Plastisolfarben f\u00fcr den Siebdruck und arbeitet mit weltbekannten Marken zusammen, um h\u00f6chste Qualit\u00e4t zu gew\u00e4hrleisten. Unsere tiefrote Plastisolfarbe ist Ausdruck dieses Engagements: Sie bietet eine satte, deckende Farbe, die Ihre Designs in beeindruckende, langlebige Drucke verwandelt.<\/p>","protected":false},"featured_media":1455,"comment_status":"open","ping_status":"closed","template":"","meta":[],"product_brand":[],"product_cat":[39],"product_tag":[],"class_list":{"0":"post-1178","1":"product","2":"type-product","3":"status-publish","4":"has-post-thumbnail","6":"product_cat-plastisol-ink","8":"first","9":"instock","10":"shipping-taxable","11":"purchasable","12":"product-type-variable"},"tiered_pricing_type":"fixed","tiered_pricing_fixed_rules":[],"tiered_pricing_product_settings":{"layout":"default","base_unit_name":{"singular":null,"plural":null},"default_variation":null},"tiered_pricing_minimum_quantity":null,"tiered_pricing_roles_data":[],"tiered_pricing_percentage_rules":[],"tiered_pricing_maximum_quantity":null,"tiered_pricing_quantity_step":null,"_links":{"self":[{"href":"https:\/\/shaliteink.com\/de\/wp-json\/wp\/v2\/product\/1178","targetHints":{"allow":["GET"]}}],"collection":[{"href":"https:\/\/shaliteink.com\/de\/wp-json\/wp\/v2\/product"}],"about":[{"href":"https:\/\/shaliteink.com\/de\/wp-json\/wp\/v2\/types\/product"}],"replies":[{"embeddable":true,"href":"https:\/\/shaliteink.com\/de\/wp-json\/wp\/v2\/comments?post=1178"}],"version-history":[{"count":0,"href":"https:\/\/shaliteink.com\/de\/wp-json\/wp\/v2\/product\/1178\/revisions"}],"wp:featuredmedia":[{"embeddable":true,"href":"https:\/\/shaliteink.com\/de\/wp-json\/wp\/v2\/media\/1455"}],"wp:attachment":[{"href":"https:\/\/shaliteink.com\/de\/wp-json\/wp\/v2\/media?parent=1178"}],"wp:term":[{"taxonomy":"product_brand","embeddable":true,"href":"https:\/\/shaliteink.com\/de\/wp-json\/wp\/v2\/product_brand?post=1178"},{"taxonomy":"product_cat","embeddable":true,"href":"https:\/\/shaliteink.com\/de\/wp-json\/wp\/v2\/product_cat?post=1178"},{"taxonomy":"product_tag","embeddable":true,"href":"https:\/\/shaliteink.com\/de\/wp-json\/wp\/v2\/product_tag?post=1178"}],"curies":[{"name":"wp","href":"https:\/\/api.w.org\/{rel}","templated":true}]}}