{"id":1173,"date":"2025-04-11T08:43:33","date_gmt":"2025-04-11T08:43:33","guid":{"rendered":"https:\/\/shaliteink.com\/?post_type=product&#038;p=1173"},"modified":"2025-12-10T11:29:08","modified_gmt":"2025-12-10T11:29:08","slug":"orange-rote-siebdruck-plastisolfarbe","status":"publish","type":"product","link":"https:\/\/shaliteink.com\/de\/produkt\/orange-rote-siebdruck-plastisolfarbe\/","title":{"rendered":"Orangerote Plastisol-Siebdrucktinte"},"content":{"rendered":"<p class=\"ng-star-inserted\"><strong class=\"ng-star-inserted\"><span class=\"ng-star-inserted\">Shaliteink Orange-Rot Siebdruck-Plastisolfarbe \u2013 Entfesseln Sie lebendige Kreativit\u00e4t<\/span><\/strong><\/p>\n<p>In <strong><a href=\"https:\/\/shaliteink.com\/de\/\">Shaliteink<\/a><\/strong>, Mit zwei Jahrzehnten Erfahrung in der Fertigung und im Direktvertrieb ab Werk sind wir stolz darauf, weltweit f\u00fchrend im Bereich Plastisolfarben f\u00fcr den Siebdruck zu sein. Wir arbeiten mit weltbekannten Marken zusammen, um Ihnen h\u00f6chste Qualit\u00e4t zu bieten. <strong>orange-rote Plastisolfarbe<\/strong> ist da keine Ausnahme. Entwickelt sowohl f\u00fcr professionelle Druckereien als auch f\u00fcr Hobbyisten, gew\u00e4hrleistet es atemberaubende, langlebige Drucke auf einer breiten Palette von Textilien mit Hochleistungstinte.<\/p>\n<p><img decoding=\"async\" class=\"wp-image-3997 size-large aligncenter\" src=\"https:\/\/shaliteink.com\/wp-content\/uploads\/2025\/04\/Orange-Red-Screen-Printing-Plastisol-Ink-1024x683.jpg\" alt=\"Orangerote Plastisol-Siebdrucktinte\" width=\"1024\" height=\"683\" srcset=\"https:\/\/shaliteink.com\/wp-content\/uploads\/2025\/04\/Orange-Red-Screen-Printing-Plastisol-Ink-1024x683.jpg 1024w, https:\/\/shaliteink.com\/wp-content\/uploads\/2025\/04\/Orange-Red-Screen-Printing-Plastisol-Ink-300x200.jpg 300w, https:\/\/shaliteink.com\/wp-content\/uploads\/2025\/04\/Orange-Red-Screen-Printing-Plastisol-Ink-768x512.jpg 768w, https:\/\/shaliteink.com\/wp-content\/uploads\/2025\/04\/Orange-Red-Screen-Printing-Plastisol-Ink-1536x1024.jpg 1536w, https:\/\/shaliteink.com\/wp-content\/uploads\/2025\/04\/Orange-Red-Screen-Printing-Plastisol-Ink-2048x1365.jpg 2048w, https:\/\/shaliteink.com\/wp-content\/uploads\/2025\/04\/Orange-Red-Screen-Printing-Plastisol-Ink-18x12.jpg 18w, https:\/\/shaliteink.com\/wp-content\/uploads\/2025\/04\/Orange-Red-Screen-Printing-Plastisol-Ink-1200x800.jpg 1200w, https:\/\/shaliteink.com\/wp-content\/uploads\/2025\/04\/Orange-Red-Screen-Printing-Plastisol-Ink-150x100.jpg 150w\" sizes=\"(max-width: 1024px) 100vw, 1024px\" \/><\/p>\n<p class=\"ng-star-inserted\"><strong class=\"ng-star-inserted\"><span class=\"ng-star-inserted\">Die wichtigsten Vorteile, die uns auszeichnen:<\/span><\/strong><\/p>\n<ul class=\"ng-star-inserted\">\n<li class=\"ng-star-inserted\">Leuchtendes und kr\u00e4ftiges Orangerot: Erhalten Sie auff\u00e4llige, farbtreue Drucke, die auf verschiedenen Kost\u00fcmen besonders gut zur Geltung kommen.<\/li>\n<li class=\"ng-star-inserted\">Superior opkar: Ausgezeichnete Deckkraft, auch auf dicker Kleidung, macht eine Unterlackierung oft \u00fcberfl\u00fcssig.<\/li>\n<li class=\"ng-star-inserted\">Weiches Tragegef\u00fchl: Ihr Druck f\u00fchlt sich bemerkenswert weich an und erh\u00f6ht so den Tragekomfort des Kleidungsst\u00fccks.<\/li>\n<li class=\"ng-star-inserted\">Es l\u00e4sst sich leicht verarbeiten: Eine cremige, kurzkantige Stabilit\u00e4t sorgt f\u00fcr ein reibungsloses und einfaches Drucken und reduziert die Erm\u00fcdung.<\/li>\n<li class=\"ng-star-inserted\">Kompatibilit\u00e4t mit universellen Stoffen: 100% Baumwolle, Baumwoll-Polyester-Mischgewebe und sogar eine breite Palette von Materialien, einschlie\u00dflich einiger Polyester-Mischgewebe.<\/li>\n<li class=\"ng-star-inserted\">Phthalatfreie Formel: eine sichere Option f\u00fcr Drucker und Umwelt.<\/li>\n<li class=\"ng-star-inserted\">Zuverl\u00e4ssig geringes Ausbluten: Sauber, klar, sorgt f\u00fcr gestochen scharfe Ergebnisse und reduziert die Farbstoffmigration bei Polyestergemischen.<\/li>\n<li class=\"ng-star-inserted\">Finnisch seidenmatt: Ein professioneller Glanz wertet Ihren fertigen Druck auf.<\/li>\n<li class=\"ng-star-inserted\">Qualit\u00e4t direkt vom Hersteller: Profitieren Sie von unserer zwanzigj\u00e4hrigen Fertigungserfahrung und direkten Preisen.<\/li>\n<\/ul>\n<p class=\"ng-star-inserted\"><strong class=\"ng-star-inserted\"><span class=\"ng-star-inserted\">Optimierte Aush\u00e4rtung f\u00fcr H\u00f6chstleistungen:<\/span><\/strong><\/p>\n<p>Shaliteink Orange Red Plastisol Ink ist f\u00fcr eine effiziente und zuverl\u00e4ssige Behandlung konzipiert.<\/p>\n<ul>\n<li>Behandlungstemperatur: F\u00fcr eine optimale Behandlung sollte die Temperatur 160 \u00b0C (320 \u00b0F) betragen. Diese pr\u00e4zise Temperatur gew\u00e4hrleistet maximale Haltbarkeit und Waschbest\u00e4ndigkeit.<\/li>\n<li>Blitztemperatur: Blitzen Sie bei 120 \u00b0C \u2013 140 \u00b0C (248 \u00b0F \u2013 284 \u00b0F) f\u00fcr 3\u20135 Sekunden. Diese kurze Blitzzeit beschleunigt die Bearbeitung von Mehrfarbendrucken.<\/li>\n<\/ul>\n<p class=\"ng-star-inserted\"><strong class=\"ng-star-inserted\"><span class=\"ng-star-inserted\">Wichtige Hinweise zur Aush\u00e4rtung:<\/span><\/strong><\/p>\n<p>Die richtige Behandlung ist wichtig f\u00fcr die Langlebigkeit Ihres Drucks. Wir empfehlen, vor der Serienproduktion sowohl einen Dehnungstest als auch einen Waschtest durchzuf\u00fchren. Dehnen Sie das bedruckte Textil beim Dehnungstest etwa zu zwei Dritteln. Wenn der Druck rei\u00dft und sich nicht zur\u00fcckzieht, kann dies zu Qualit\u00e4tseinbu\u00dfen f\u00fchren. Beurteilen Sie die Haltbarkeit beim Waschtest nach 5\u201310 W\u00e4schen. Sollte der Druck nach 1\u20133 W\u00e4schen an Qualit\u00e4t verlieren, verl\u00e4ngern Sie die Behandlungszeit oder passen Sie die Trocknereinstellungen an. Beachten Sie, dass die gesamte Farbschicht die Behandlungstemperatur von 160 \u00b0C erreichen muss. Laser-Thermometer k\u00f6nnen die Oberfl\u00e4chentemperatur ungenau messen; verwenden Sie daher am besten einen Ringf\u00fchler f\u00fcr eine pr\u00e4zisere Temperaturmessung der inneren Farbschicht. Dicke Farbschichten, die Farbtemperatur und die L\u00e4nge Ihres Trocknertunnels beeinflussen die gesamte Behandlungsdauer.<\/p>\n<p class=\"ng-star-inserted\"><strong class=\"ng-star-inserted\"><span class=\"ng-star-inserted\">M\u00fchelose Reinigung:<\/span><\/strong><\/p>\n<p>Die Reinigung nach dem Druckvorgang ist mit Shaliteink ganz einfach.<\/p>\n<ul>\n<li>Reinigung direkt an der Druckmaschine: Verwenden Sie ein spezielles Plastisol-Druckreiniger oder einen Tintenentferner, um das saubere Sieb schnell zu reinigen.<\/li>\n<li>Gr\u00fcndliche Siebreinigung: F\u00fcr eine vollst\u00e4ndige Siebreinigung verwenden Sie Plastisol-Siebreiniger oder Farbzersetzungsmittel im Sp\u00fclbecken.<\/li>\n<\/ul>\n<p class=\"ng-star-inserted\"><strong class=\"ng-star-inserted\"><span class=\"ng-star-inserted\">Profi-Tipps f\u00fcr perfekte Druckergebnisse:<\/span><\/strong><\/p>\n<ul>\n<li>Lagerung: Lagern Sie die Shaliteink <strong><a href=\"https:\/\/shaliteink.com\/de\/produkt-kategorie\/plastisol-tinte\/\">Plastisol-Tinte<\/a><\/strong> Bei Raumtemperatur, idealerweise zwischen 18 und 32 \u00b0C (65\u201390 \u00b0F), lagern. L\u00e4ngeren Kontakt mit Temperaturen \u00fcber 32 \u00b0C (90 \u00b0F) vermeiden, da dies zu einer Reaktion in Tintenbeh\u00e4ltern f\u00fchren kann.<\/li>\n<li>Empfehlung f\u00fcr die Untergrundfarbe: Obwohl unsere orange-rote Plastisolfarbe eine hohe Mehrdeutigkeit aufweist, empfehlen wir die Verwendung einer wei\u00dfen Untergrundfarbe beim Bedrucken sehr dunkler Textilien, um eine optimale Farbwiedergabe und -pr\u00e4zision zu erzielen.<\/li>\n<li>Plastisol verstehen: Plastisolfarbe ist kein Farbstoff; sie legt sich um die Faser und bildet eine starke mechanische Verbindung. Deshalb ist die richtige Behandlung so wichtig.<\/li>\n<li>Sicherheitsdaten: Ausf\u00fchrliche Sicherheitsinformationen finden Sie im Sicherheitsdatenblatt unserer orangeroten Plastisolfarbe.<\/li>\n<\/ul>\n<p><img decoding=\"async\" class=\"aligncenter wp-image-3998 size-large\" src=\"https:\/\/shaliteink.com\/wp-content\/uploads\/2025\/04\/Orange-Red-Screen-Printing-Plastisol-Ink-1-1024x683.jpg\" alt=\"Orangerote Plastisol-Siebdrucktinte\" width=\"1024\" height=\"683\" srcset=\"https:\/\/shaliteink.com\/wp-content\/uploads\/2025\/04\/Orange-Red-Screen-Printing-Plastisol-Ink-1-1024x683.jpg 1024w, https:\/\/shaliteink.com\/wp-content\/uploads\/2025\/04\/Orange-Red-Screen-Printing-Plastisol-Ink-1-300x200.jpg 300w, https:\/\/shaliteink.com\/wp-content\/uploads\/2025\/04\/Orange-Red-Screen-Printing-Plastisol-Ink-1-768x512.jpg 768w, https:\/\/shaliteink.com\/wp-content\/uploads\/2025\/04\/Orange-Red-Screen-Printing-Plastisol-Ink-1-1536x1024.jpg 1536w, https:\/\/shaliteink.com\/wp-content\/uploads\/2025\/04\/Orange-Red-Screen-Printing-Plastisol-Ink-1-2048x1365.jpg 2048w, https:\/\/shaliteink.com\/wp-content\/uploads\/2025\/04\/Orange-Red-Screen-Printing-Plastisol-Ink-1-18x12.jpg 18w, https:\/\/shaliteink.com\/wp-content\/uploads\/2025\/04\/Orange-Red-Screen-Printing-Plastisol-Ink-1-1200x800.jpg 1200w, https:\/\/shaliteink.com\/wp-content\/uploads\/2025\/04\/Orange-Red-Screen-Printing-Plastisol-Ink-1-150x100.jpg 150w\" sizes=\"(max-width: 1024px) 100vw, 1024px\" \/><\/p>\n<p class=\"ng-star-inserted\"><strong class=\"ng-star-inserted\"><span class=\"ng-star-inserted\">Warum Shaliteink w\u00e4hlen?<\/span><\/strong><\/p>\n<p>Mit Shaliteink kaufen Sie nicht nur Siebdruckfarbe, sondern investieren in zwanzig Jahre Qualit\u00e4t, Zuverl\u00e4ssigkeit und Branchenexpertise. Dank unseres Direktvertriebs erhalten Sie Premium-Plastisolfarbe zu wettbewerbsf\u00e4higen Preisen \u2013 die ideale Wahl f\u00fcr Ihr n\u00e4chstes Druckprojekt. Erleben Sie den Unterschied! Ob Profi oder Einsteiger: Unsere orange-rote Plastisolfarbe optimiert Ihre Siebdruckergebnisse. Sichern Sie sich unsere erstklassigen Siebdruckfarben und brillanten Plastisolfarben zu unschlagbaren Preisen.<\/p>","protected":false},"excerpt":{"rendered":"<p>Unsere orange-rote Plastisolfarbe f\u00fcr den Siebdruck wurde f\u00fcr h\u00f6chste Effizienz und herausragende Ergebnisse entwickelt. Erleben Sie die einfache Handhabung einer Premiumfarbe, die bei jedem Druck brillante, deckende Farben liefert. Verabschieden Sie sich von komplizierten Einrichtungsschritten und begr\u00fc\u00dfen Sie eine optimierte Produktion mit einer Farbe, die Ihren Anspr\u00fcchen gerecht wird.<\/p>","protected":false},"featured_media":1465,"comment_status":"open","ping_status":"closed","template":"","meta":[],"product_brand":[],"product_cat":[39],"product_tag":[],"class_list":{"0":"post-1173","1":"product","2":"type-product","3":"status-publish","4":"has-post-thumbnail","6":"product_cat-plastisol-ink","8":"first","9":"instock","10":"shipping-taxable","11":"purchasable","12":"product-type-variable"},"tiered_pricing_type":"fixed","tiered_pricing_fixed_rules":[],"tiered_pricing_product_settings":{"layout":"default","base_unit_name":{"singular":null,"plural":null},"default_variation":null},"tiered_pricing_minimum_quantity":null,"tiered_pricing_roles_data":[],"tiered_pricing_percentage_rules":[],"tiered_pricing_maximum_quantity":null,"tiered_pricing_quantity_step":null,"_links":{"self":[{"href":"https:\/\/shaliteink.com\/de\/wp-json\/wp\/v2\/product\/1173","targetHints":{"allow":["GET"]}}],"collection":[{"href":"https:\/\/shaliteink.com\/de\/wp-json\/wp\/v2\/product"}],"about":[{"href":"https:\/\/shaliteink.com\/de\/wp-json\/wp\/v2\/types\/product"}],"replies":[{"embeddable":true,"href":"https:\/\/shaliteink.com\/de\/wp-json\/wp\/v2\/comments?post=1173"}],"version-history":[{"count":0,"href":"https:\/\/shaliteink.com\/de\/wp-json\/wp\/v2\/product\/1173\/revisions"}],"wp:featuredmedia":[{"embeddable":true,"href":"https:\/\/shaliteink.com\/de\/wp-json\/wp\/v2\/media\/1465"}],"wp:attachment":[{"href":"https:\/\/shaliteink.com\/de\/wp-json\/wp\/v2\/media?parent=1173"}],"wp:term":[{"taxonomy":"product_brand","embeddable":true,"href":"https:\/\/shaliteink.com\/de\/wp-json\/wp\/v2\/product_brand?post=1173"},{"taxonomy":"product_cat","embeddable":true,"href":"https:\/\/shaliteink.com\/de\/wp-json\/wp\/v2\/product_cat?post=1173"},{"taxonomy":"product_tag","embeddable":true,"href":"https:\/\/shaliteink.com\/de\/wp-json\/wp\/v2\/product_tag?post=1173"}],"curies":[{"name":"wp","href":"https:\/\/api.w.org\/{rel}","templated":true}]}}