{"id":1168,"date":"2025-04-11T08:37:54","date_gmt":"2025-04-11T08:37:54","guid":{"rendered":"https:\/\/shaliteink.com\/?post_type=product&#038;p=1168"},"modified":"2025-12-10T11:23:48","modified_gmt":"2025-12-10T11:23:48","slug":"orange-gelbe-siebdruck-plastisolfarbe","status":"publish","type":"product","link":"https:\/\/shaliteink.com\/de\/produkt\/orange-gelbe-siebdruck-plastisolfarbe\/","title":{"rendered":"Orange-gelbe Plastisol-Siebdrucktinte"},"content":{"rendered":"<p class=\"ng-star-inserted\"><strong class=\"ng-star-inserted\"><span class=\"ng-star-inserted\">Shaliteink Orange Gelbe Siebdruck-Plastisolfarbe \u2013 Erzielen Sie brillante Druckergebnisse mit un\u00fcbertroffener Effizienz<\/span><\/strong><\/p>\n<p>Erleben Sie Spitzenleistung im Siebdruck mit der Plastisol-Siebdruckfarbe Shaliteink Orange Yellow. Als weltweit f\u00fchrender Anbieter von Siebdruckfarben mit zwei Jahrzehnten Erfahrung in der Fertigung bietet Ihnen Shaliteink Premiumqualit\u00e4t. <strong><a href=\"https:\/\/shaliteink.com\/de\/produkt-kategorie\/plastisol-tinte\/\">Plastisol-Tinte<\/a><\/strong> Entwickelt f\u00fcr au\u00dfergew\u00f6hnliche Ergebnisse und einzigartige Benutzerfreundlichkeit. Unser Direktvertrieb ab Werk, kombiniert mit einer starken Partnerschaft mit weltbekannten Marken, garantiert Ihnen Produkte h\u00f6chster Qualit\u00e4t, die Ihre Drucke aufwerten.<\/p>\n<p><img decoding=\"async\" class=\"aligncenter wp-image-3994 size-large\" src=\"https:\/\/shaliteink.com\/wp-content\/uploads\/2025\/04\/Orange-Yellow-Screen-Printing-Plastisol-Ink-1024x683.jpg\" alt=\"Orange-gelbe Plastisol-Siebdrucktinte\" width=\"1024\" height=\"683\" srcset=\"https:\/\/shaliteink.com\/wp-content\/uploads\/2025\/04\/Orange-Yellow-Screen-Printing-Plastisol-Ink-1024x683.jpg 1024w, https:\/\/shaliteink.com\/wp-content\/uploads\/2025\/04\/Orange-Yellow-Screen-Printing-Plastisol-Ink-300x200.jpg 300w, https:\/\/shaliteink.com\/wp-content\/uploads\/2025\/04\/Orange-Yellow-Screen-Printing-Plastisol-Ink-768x512.jpg 768w, https:\/\/shaliteink.com\/wp-content\/uploads\/2025\/04\/Orange-Yellow-Screen-Printing-Plastisol-Ink-1536x1024.jpg 1536w, https:\/\/shaliteink.com\/wp-content\/uploads\/2025\/04\/Orange-Yellow-Screen-Printing-Plastisol-Ink-2048x1365.jpg 2048w, https:\/\/shaliteink.com\/wp-content\/uploads\/2025\/04\/Orange-Yellow-Screen-Printing-Plastisol-Ink-18x12.jpg 18w, https:\/\/shaliteink.com\/wp-content\/uploads\/2025\/04\/Orange-Yellow-Screen-Printing-Plastisol-Ink-1200x800.jpg 1200w, https:\/\/shaliteink.com\/wp-content\/uploads\/2025\/04\/Orange-Yellow-Screen-Printing-Plastisol-Ink-150x100.jpg 150w\" sizes=\"(max-width: 1024px) 100vw, 1024px\" \/><\/p>\n<p class=\"ng-star-inserted\"><strong class=\"ng-star-inserted\"><span class=\"ng-star-inserted\">Wichtigste Vorteile und Funktionen:<\/span><\/strong><\/p>\n<ul class=\"ng-star-inserted\">\n<li class=\"ng-star-inserted\">Brillante und deckende Farbwirkung: Erzielen Sie luxuri\u00f6se, kr\u00e4ftige orange-gelbe Drucke, die selbst auf dunkler Kleidung hervorragend zur Geltung kommen. Unsere Plastisolfarbe bietet exzellente Farbtiefe und reduziert den Bedarf an mehreren Druckvorg\u00e4ngen.<\/li>\n<li class=\"ng-star-inserted\">Sanfte Handabdr\u00fccke: Ein luxuri\u00f6ser, kaum sp\u00fcrbarer Druck auf Ihrer Kleidung. Diese Siebdruck-Plastisolfarbe h\u00e4rtet in einer d\u00fcnnen, flexiblen Schicht aus, die den nat\u00fcrlichen Fall des Stoffes erh\u00e4lt.<\/li>\n<li class=\"ng-star-inserted\">Universelle Stoffvertr\u00e4glichkeit: Ideal f\u00fcr verschiedene Materialarten, von 100%-Baumwolle \u00fcber Baumwoll-Polymer-Mischgewebe bis hin zu einigen Polyestergeweben (bei entsprechender Technik). Es ist eine vielseitige Plastisolfarbe f\u00fcr unterschiedlichste Projekte.<\/li>\n<li class=\"ng-star-inserted\">Optimale Eigenschaften hinsichtlich geringem Ausbluten: speziell entwickelt, um die Farbstoffmigration zu reduzieren, insbesondere bei der Verarbeitung von anspruchsvollen Polyestermischungen, damit Ihr Orange perfekt f\u00fcr den gelben Druckton geeignet ist.<\/li>\n<li class=\"ng-star-inserted\">Phthalatfreie Formulierung: Entspricht modernen Industriestandards und ist somit eine sichere Option f\u00fcr Drucker und die Umwelt.<\/li>\n<li class=\"ng-star-inserted\">Die Anwendung ist kinderleicht: Unsere Plastisolfarbe zeichnet sich durch eine cremige Konsistenz und kurze, stabile R\u00e4nder aus und ist direkt aus dem Eimer gebrauchsfertig. Sie bietet hervorragende Siebstabilit\u00e4t und gleichm\u00e4\u00dfige Druckergebnisse und ist somit ideal f\u00fcr jedes Siebdruckprojekt.<\/li>\n<li class=\"ng-star-inserted\">Schnelle Behandlung f\u00fcr maximale Effizienz: Bei niedriger Behandlungstemperatur <strong><a href=\"https:\/\/shaliteink.com\/de\/screen-printing-ink\/\">Siebdruckfarbe<\/a><\/strong> erzeugt Tintenproduktionszyklen, wodurch die Energiekosten gesenkt und das Risiko des Versengens oder Schrumpfens verringert werden.<\/li>\n<li class=\"ng-star-inserted\">Finnisch seidenmatt: Ihre Ausdrucke sehen professionell und ansprechend aus.<\/li>\n<\/ul>\n<p class=\"ng-star-inserted\"><strong class=\"ng-star-inserted\"><span class=\"ng-star-inserted\">Aush\u00e4rtungsrichtlinien f\u00fcr Shaliteink Plastisolfarbe:<\/span><\/strong><\/p>\n<p>Die optimale Behandlung ist entscheidend f\u00fcr die Haltbarkeit und Langlebigkeit Ihres Drucks. Shaliteink Orange-Gelb Plastisolfarbe bietet ein effizientes Behandlungsprofil:<\/p>\n<ul>\n<li>Behandlungstemperatur: 160 \u00b0C (320 \u00b0F). Stellen Sie sicher, dass die gesamte Farbschicht diese Temperatur f\u00fcr die vorgegebene Verweilzeit erreicht und beibeh\u00e4lt. F\u00fcr eine pr\u00e4zise Temperaturmessung der inneren Farbschicht wird die Verwendung eines Ringf\u00fchlers dringend empfohlen, da Laser-Thermometer ungenaue Oberfl\u00e4chenmesswerte liefern k\u00f6nnen.<\/li>\n<li>Blitztemperatur: 120 \u00b0C \u2013 140 \u00b0C (248 \u00b0F \u2013 284 \u00b0F) f\u00fcr 3\u20135 Sekunden. Diese kurze Blitzzeit tr\u00e4gt zu einer schnellen Produktion beim Drucken vieler Farben oder bei Verwendung von Untergrundierung bei.<\/li>\n<li class=\"ng-star-inserted\"><strong class=\"ng-star-inserted\"><span class=\"ng-star-inserted\">Testen Sie Ihre Heilmethode:<\/span><\/strong><\/li>\n<li>Waschtest: Warten Sie 24 Stunden nach dem Waschen. Die vollst\u00e4ndige Wirkung ist in der Regel nach 5\u201310 W\u00e4schen ohne Qualit\u00e4tsverlust best\u00e4tigt. Bei hochwertiger Unterw\u00e4sche k\u00f6nnen bereits nach 1\u20133 W\u00e4schen Risse oder ein vollst\u00e4ndiges Verschwinden der Beschichtung auftreten.<\/li>\n<li>Dehnungstest: Ein Abschnitt des bedruckten Kleidungsst\u00fccks wird um etwa zwei Drittel seiner urspr\u00fcnglichen L\u00e4nge gedehnt. Wenn der Aufdruck rei\u00dft und sich nicht glatt zur\u00fccklegt, deutet dies auf das Tragen von Unterw\u00e4sche hin.<\/li>\n<li>Wichtige Hinweise: Die Tintenmenge, die Temperatur der Tintenumgebung, die L\u00e4nge und Temperatur des Trocknertunnels sowie die Stoffart (Baumwolle oder Mischgewebe) beeinflussen alle ben\u00f6tigten Zeiten. F\u00fchren Sie vor der Serienproduktion immer einen Testdruck und einen Testwaschgang durch, um die optimalen Einstellungen zu ermitteln.<\/li>\n<\/ul>\n<p class=\"ng-star-inserted\"><strong class=\"ng-star-inserted\"><span class=\"ng-star-inserted\">Aufr\u00e4umarbeiten:<\/span><\/strong><\/p>\n<p>Die Pflege Ihrer Ger\u00e4te ist mit Shaliteink Plastisolfarbe ganz einfach. Reinigen Sie die Druckmaschine mit dem \u00fcblichen Plastisolfarben-Reiniger und f\u00fchren Sie die Pressenreinigung sowohl an der Druckmaschine als auch im Sp\u00fclbecken durch.<\/p>\n<p class=\"ng-star-inserted\"><strong class=\"ng-star-inserted\"><span class=\"ng-star-inserted\">Speicherinformationen:<\/span><\/strong><\/p>\n<p>Lagern Sie die Shaliteink-Plastisolfarbe bei Raumtemperatur, idealerweise zwischen 18 und 32 \u00b0C, und sch\u00fctzen Sie sie vor direkter Sonneneinstrahlung. Bei l\u00e4ngerem Kontakt mit Temperaturen \u00fcber 32 \u00b0C kann die Farbe im Beh\u00e4lter aush\u00e4rten.<\/p>\n<p class=\"ng-star-inserted\"><strong class=\"ng-star-inserted\"><span class=\"ng-star-inserted\">Profi-Tipps f\u00fcr optimale Ergebnisse:<\/span><\/strong><\/p>\n<ul class=\"ng-star-inserted\">\n<li class=\"ng-star-inserted\">Grundierung f\u00fcr dunkle Kleidung: Um die leuchtendsten orange-gelben Effekte auf dunkler Kleidung zu erzielen, empfehlen wir dringend, eine wei\u00dfe Grundierung mit hochwei\u00dfer Tinte, z. B. hochdeckender Plastisolfarbe, aufzutragen.<\/li>\n<li>Mechanische Bindung: Plastisolfarbe erzeugt eine mechanische Bindung, indem sie die Fasern des Stoffes umh\u00fcllt, anstatt sie zu f\u00e4rben. Eine sachgem\u00e4\u00dfe Behandlung gew\u00e4hrleistet eine starke und dauerhafte Verbindung.<\/li>\n<\/ul>\n<p>Investieren Sie noch heute in Shaliteink Orange Yellow Screen Printing Plastisol Inc. und entdecken Sie, warum unz\u00e4hlige Profis uns bei ihren Siebdruckprojekten vertrauen. Erhalten Sie bei jedem Projekt regelm\u00e4\u00dfig hochwertige und visuell beeindruckende Druckergebnisse. Jetzt kaufen und den Unterschied von Shaliteink erleben!<\/p>\n<p><img decoding=\"async\" class=\"wp-image-3995 size-large aligncenter\" src=\"https:\/\/shaliteink.com\/wp-content\/uploads\/2025\/04\/Orange-Yellow-Screen-Printing-Plastisol-Ink-1-1024x683.jpg\" alt=\"Orange-gelbe Plastisol-Siebdrucktinte\" width=\"1024\" height=\"683\" srcset=\"https:\/\/shaliteink.com\/wp-content\/uploads\/2025\/04\/Orange-Yellow-Screen-Printing-Plastisol-Ink-1-1024x683.jpg 1024w, https:\/\/shaliteink.com\/wp-content\/uploads\/2025\/04\/Orange-Yellow-Screen-Printing-Plastisol-Ink-1-300x200.jpg 300w, https:\/\/shaliteink.com\/wp-content\/uploads\/2025\/04\/Orange-Yellow-Screen-Printing-Plastisol-Ink-1-768x512.jpg 768w, https:\/\/shaliteink.com\/wp-content\/uploads\/2025\/04\/Orange-Yellow-Screen-Printing-Plastisol-Ink-1-1536x1024.jpg 1536w, https:\/\/shaliteink.com\/wp-content\/uploads\/2025\/04\/Orange-Yellow-Screen-Printing-Plastisol-Ink-1-2048x1365.jpg 2048w, https:\/\/shaliteink.com\/wp-content\/uploads\/2025\/04\/Orange-Yellow-Screen-Printing-Plastisol-Ink-1-18x12.jpg 18w, https:\/\/shaliteink.com\/wp-content\/uploads\/2025\/04\/Orange-Yellow-Screen-Printing-Plastisol-Ink-1-1200x800.jpg 1200w, https:\/\/shaliteink.com\/wp-content\/uploads\/2025\/04\/Orange-Yellow-Screen-Printing-Plastisol-Ink-1-150x100.jpg 150w\" sizes=\"(max-width: 1024px) 100vw, 1024px\" \/><\/p>","protected":false},"excerpt":{"rendered":"<p>Die Shaliteink Orange-Gelb Plastisolfarbe wurde speziell f\u00fcr die Anforderungen moderner Siebdrucker entwickelt und bietet ein brillantes, deckendes und unglaublich weiches Druckergebnis. Dank ihrer vielseitigen Einsatzm\u00f6glichkeiten eignet sie sich ideal f\u00fcr eine breite Palette von Textil- und Druckanwendungen. Ihre unkomplizierte Handhabung sorgt f\u00fcr eine problemlose Produktion und brillante Ergebnisse. Verabschieden Sie sich von komplexen Einrichtungsschritten und erleben Sie eine neue \u00c4ra des spontanen, hochwertigen Druckens. Ob erfahrener Profi oder Einsteiger \u2013 unsere Plastisolfarbe optimiert Ihren Workflow und steigert Ihre Produktivit\u00e4t.<\/p>","protected":false},"featured_media":2030,"comment_status":"open","ping_status":"closed","template":"","meta":[],"product_brand":[],"product_cat":[39],"product_tag":[],"class_list":{"0":"post-1168","1":"product","2":"type-product","3":"status-publish","4":"has-post-thumbnail","6":"product_cat-plastisol-ink","8":"first","9":"instock","10":"shipping-taxable","11":"purchasable","12":"product-type-variable"},"tiered_pricing_type":"fixed","tiered_pricing_fixed_rules":[],"tiered_pricing_product_settings":{"layout":"default","base_unit_name":{"singular":null,"plural":null},"default_variation":null},"tiered_pricing_minimum_quantity":null,"tiered_pricing_roles_data":[],"tiered_pricing_percentage_rules":[],"tiered_pricing_maximum_quantity":null,"tiered_pricing_quantity_step":null,"_links":{"self":[{"href":"https:\/\/shaliteink.com\/de\/wp-json\/wp\/v2\/product\/1168","targetHints":{"allow":["GET"]}}],"collection":[{"href":"https:\/\/shaliteink.com\/de\/wp-json\/wp\/v2\/product"}],"about":[{"href":"https:\/\/shaliteink.com\/de\/wp-json\/wp\/v2\/types\/product"}],"replies":[{"embeddable":true,"href":"https:\/\/shaliteink.com\/de\/wp-json\/wp\/v2\/comments?post=1168"}],"version-history":[{"count":0,"href":"https:\/\/shaliteink.com\/de\/wp-json\/wp\/v2\/product\/1168\/revisions"}],"wp:featuredmedia":[{"embeddable":true,"href":"https:\/\/shaliteink.com\/de\/wp-json\/wp\/v2\/media\/2030"}],"wp:attachment":[{"href":"https:\/\/shaliteink.com\/de\/wp-json\/wp\/v2\/media?parent=1168"}],"wp:term":[{"taxonomy":"product_brand","embeddable":true,"href":"https:\/\/shaliteink.com\/de\/wp-json\/wp\/v2\/product_brand?post=1168"},{"taxonomy":"product_cat","embeddable":true,"href":"https:\/\/shaliteink.com\/de\/wp-json\/wp\/v2\/product_cat?post=1168"},{"taxonomy":"product_tag","embeddable":true,"href":"https:\/\/shaliteink.com\/de\/wp-json\/wp\/v2\/product_tag?post=1168"}],"curies":[{"name":"wp","href":"https:\/\/api.w.org\/{rel}","templated":true}]}}