{"id":1163,"date":"2025-04-11T08:32:36","date_gmt":"2025-04-11T08:32:36","guid":{"rendered":"https:\/\/shaliteink.com\/?post_type=product&#038;p=1163"},"modified":"2025-12-10T11:29:08","modified_gmt":"2025-12-10T11:29:08","slug":"orangefarbene-siebdruck-plastisolfarbe","status":"publish","type":"product","link":"https:\/\/shaliteink.com\/de\/produkt\/orangefarbene-siebdruck-plastisolfarbe\/","title":{"rendered":"Orange Plastisol-Siebdrucktinte"},"content":{"rendered":"<h3 class=\"ng-star-inserted\"><span class=\"ng-star-inserted\">Beschreibung: Unlo<\/span>ck Brilliance mit Shaliteink Orange Plastisol Tinte<\/h3>\n<p><img decoding=\"async\" class=\"wp-image-3991 size-large aligncenter\" src=\"https:\/\/shaliteink.com\/wp-content\/uploads\/2025\/04\/Orange-Screen-Printing-Plastisol-Ink-1024x683.jpg\" alt=\"Orange Plastisol-Siebdrucktinte\" width=\"1024\" height=\"683\" srcset=\"https:\/\/shaliteink.com\/wp-content\/uploads\/2025\/04\/Orange-Screen-Printing-Plastisol-Ink-1024x683.jpg 1024w, https:\/\/shaliteink.com\/wp-content\/uploads\/2025\/04\/Orange-Screen-Printing-Plastisol-Ink-300x200.jpg 300w, https:\/\/shaliteink.com\/wp-content\/uploads\/2025\/04\/Orange-Screen-Printing-Plastisol-Ink-768x512.jpg 768w, https:\/\/shaliteink.com\/wp-content\/uploads\/2025\/04\/Orange-Screen-Printing-Plastisol-Ink-1536x1024.jpg 1536w, https:\/\/shaliteink.com\/wp-content\/uploads\/2025\/04\/Orange-Screen-Printing-Plastisol-Ink-2048x1365.jpg 2048w, https:\/\/shaliteink.com\/wp-content\/uploads\/2025\/04\/Orange-Screen-Printing-Plastisol-Ink-18x12.jpg 18w, https:\/\/shaliteink.com\/wp-content\/uploads\/2025\/04\/Orange-Screen-Printing-Plastisol-Ink-1200x800.jpg 1200w, https:\/\/shaliteink.com\/wp-content\/uploads\/2025\/04\/Orange-Screen-Printing-Plastisol-Ink-150x100.jpg 150w\" sizes=\"(max-width: 1024px) 100vw, 1024px\" \/><\/p>\n<p>Erleben Sie den Unterschied mit Shaliteink Orange Plastisolfarbe \u2013 speziell entwickelt f\u00fcr leuchtende und kr\u00e4ftige Oranget\u00f6ne. Diese Premium-Plastisolfarbe ist das Ergebnis von zwei Jahrzehnten Erfahrung in der Fertigung und bietet die perfekte Kombination aus Qualit\u00e4t, Leistung und Benutzerfreundlichkeit. Ob Sie ein erfahrener Profi oder Einsteiger sind: Mit unserer orangenen Siebdruck-Plastisolfarbe erzielen Sie brillante und langlebige Druckergebnisse so einfach wie nie zuvor.<\/p>\n<p>Unsere orangefarbene Plastisolfarbe sorgt f\u00fcr ein angenehmes, weiches Druckergebnis und garantiert, dass sich Ihre Kleidung genauso gut anf\u00fchlt, wie sie aussieht. Sie ist universell mit einer Vielzahl von Textilien kompatibel und somit eine \u00e4u\u00dferst vielseitige Option f\u00fcr unterschiedlichste Druckanforderungen. Bef\u00fcrchten Sie Farbverl\u00e4ufe bei Farbmischungen? Unsere Farbe zeichnet sich durch geringes Ausbluten aus, sorgt f\u00fcr scharfe Linien und verhindert Farbwanderung \u2013 f\u00fcr professionelle Ergebnisse bei jedem Druck.<\/p>\n<p>Eine der herausragenden Eigenschaften der orangefarbenen Plastisolfarbe von Shaliteink ist ihre Niedertemperaturbehandlung. Durch die effektive Behandlung bei nur 160 \u00b0C beugt diese Farbe dem Anbrennen und Schrumpfen vor, insbesondere bei w\u00e4rmeempfindlichen Materialien. Die niedrige Behandlungstemperatur tr\u00e4gt au\u00dferdem zu Energieeinsparungen und k\u00fcrzeren Produktionszeiten bei, da sie den Bedarf an gro\u00dffl\u00e4chiger W\u00e4rmebehandlung reduziert und eine effizientere Nutzung Ihres Trockners erm\u00f6glicht.<\/p>\n<p>Dieser Nicht-Fettleibige <a href=\"https:\/\/shaliteink.com\/de\/produkt-kategorie\/plastisol-tinte\/\"><strong>Plastisol-Tinte<\/strong><\/a> Es ist zudem hochdeckend und sorgt so f\u00fcr eine hervorragende Deckkraft auf dunklen Textilien. Dank seiner cremigen Konsistenz, der guten Verarbeitbarkeit, der Stabilit\u00e4t und der geringen Viskosit\u00e4t l\u00e4sst es sich angenehm verarbeiten, reduziert die Erm\u00fcdung und gew\u00e4hrleistet einen gleichm\u00e4\u00dfigen Auftrag. Das seidenmatte Finish verleiht Ihren Designs einen professionellen Glanz und l\u00e4sst Ihre Drucke besonders gut zur Geltung kommen.<\/p>\n<p>Shaliteink steht f\u00fcr Qualit\u00e4t und garantiert, dass jeder Eimer unserer orangefarbenen Plastisolfarbe f\u00fcr intensive Farbabgabe, hervorragende Haltbarkeit und zuverl\u00e4ssige Leistung sorgt. Damit ist sie die ideale Wahl f\u00fcr alle, die Plastisolfarbe kaufen m\u00f6chten, die St\u00e4rke mit professionellen Ergebnissen vereint.<\/p>\n<h3 class=\"ng-star-inserted\"><span class=\"ng-star-inserted\">Hauptmerkmale und Vorteile: Warum Shaliteink Orange Plastisolfarbe w\u00e4hlen?<\/span><\/h3>\n<ul class=\"ng-star-inserted\">\n<li class=\"ng-star-inserted\">Strahlendes Orange: Entdecken Sie auff\u00e4llige, kr\u00e4ftige und luxuri\u00f6se orangefarbene Muster, die alle Blicke auf sich ziehen.<\/li>\n<li class=\"ng-star-inserted\">Weiche Handabdr\u00fccke: Genie\u00dfen Sie ein glattes, weiches Tragegef\u00fchl bei bedruckter Kleidung und erh\u00f6hen Sie so den Tragekomfort.<\/li>\n<li class=\"ng-star-inserted\">Universelle Stoffvertr\u00e4glichkeit: Funktioniert grunds\u00e4tzlich mit einer breiten Palette von Kleidungsst\u00fccken, von 100% Baumwolle bis hin zu verschiedenen Schichtmischgeweben.<\/li>\n<li class=\"ng-star-inserted\">Formel mit geringem Ausbluten: Gew\u00e4hrleistet ein sauberes und schnelles Design und reduziert die Farbstoffmigration auf Polyester- und Poly-Mischgeweben.<\/li>\n<li class=\"ng-star-inserted\">Phthalatfrei: Eine sichere Option f\u00fcr Drucker und Umwelt.<\/li>\n<li class=\"ng-star-inserted\">Extrem deckend: Es bietet auch auf dunklen Untergr\u00fcnden eine ausgezeichnete Deckkraft, wodurch die Notwendigkeit vieler Durchg\u00e4nge reduziert wird.<\/li>\n<li class=\"ng-star-inserted\">Es ist einfach zu verarbeiten: cremiges, spontanes Drucken und geringe K\u00f6rperstabilit\u00e4t sorgen f\u00fcr einen reibungslosen Arbeitsablauf.<\/li>\n<li class=\"ng-star-inserted\">Niedrige Behandlungstemperatur: Effiziente Behandlung bei 160 \u00b0C, sch\u00fctzt die Kleidung vor Hitzesch\u00e4den, spart Energie und beschleunigt die Produktion.<\/li>\n<li class=\"ng-star-inserted\">Finnisch seidenmatt: Verleiht den vorbereiteten Drucken einen professionellen und attraktiven Glanz.<\/li>\n<li class=\"ng-star-inserted\">Langlebig und waschbest\u00e4ndig: Drucke, die sich im Laufe der Zeit bew\u00e4hren und auch nach mehrmaligem Waschen ihre Leuchtkraft behalten.<\/li>\n<\/ul>\n<h3 class=\"ng-star-inserted\"><span class=\"ng-star-inserted\">Aush\u00e4rtungshinweise: Optimale Haltbarkeit erzielen<\/span><\/h3>\n<p class=\"ng-star-inserted\"><span class=\"ng-star-inserted\">Eine ordnungsgem\u00e4\u00dfe Aush\u00e4rtung ist entscheidend f\u00fcr die Langlebigkeit und Haltbarkeit Ihres Produkts.\u00a0<\/span><a href=\"https:\/\/shaliteink.com\/de\/produkt\/orangefarbene-siebdruck-plastisolfarbe\/\"><strong class=\"ng-star-inserted\"><span class=\"ng-star-inserted\">Siebdruckfarbe<\/span><\/strong><\/a><span class=\"ng-star-inserted\">. F\u00fcr Shaliteink<a href=\"https:\/\/shaliteink.com\/de\/produkt\/orangefarbene-siebdruck-plastisolfarbe\/\">\u00a0<\/a><\/span><strong><span class=\"ng-star-inserted\">Orangefarbene Plastisol-Tinte<\/span><\/strong><span class=\"ng-star-inserted\">, Wir empfehlen daher Folgendes:<\/span><\/p>\n<ul class=\"ng-star-inserted\">\n<li class=\"ng-star-inserted\">Behandlungstemperatur: 160 \u00b0C (320 \u00b0F). Stellen Sie sicher, dass die gesamte Farbschicht diese Temperatur f\u00fcr eine vollst\u00e4ndige Behandlung erreicht.<\/li>\n<li class=\"ng-star-inserted\">\n<p class=\"ng-star-inserted\"><span class=\"ng-star-inserted\">Blitztemperatur<\/span><span class=\"ng-star-inserted\">:\u00a0<\/span><span class=\"ng-star-inserted\">120 \u00b0C bis 140 \u00b0C<\/span><span class=\"ng-star-inserted\">\u00a0(120 \u00b0C bis 140 \u00b0C) f\u00fcr 3-5 Sekunden. Die Blitzzeiten k\u00f6nnen je nach Ger\u00e4t variieren.<\/span><\/p>\n<\/li>\n<\/ul>\n<p><strong class=\"ng-star-inserted\"><span class=\"ng-star-inserted\">Wichtige Richtlinien zur Ausheilung<\/span><\/strong><span class=\"ng-star-inserted\">:<\/span><\/p>\n<p>Um die vollst\u00e4ndige Behandlung zu best\u00e4tigen, f\u00fchren Sie nach 24 Stunden einen Waschtest durch. Nach 5\u201310 W\u00e4schen sollte der Druck keine Qualit\u00e4tseinbu\u00dfen aufweisen. Alternativ k\u00f6nnen Sie den Dehntest durchf\u00fchren: Dehnen Sie den bedruckten Stoff bis zu etwa 2\/3 seiner maximalen Dehnbarkeit. Wenn der Druck Risse bekommt und sich nicht zur\u00fcckzieht, deutet dies auf eine unzureichende Behandlung hin. Passen Sie die Geschwindigkeits- und Temperatureinstellungen Ihres Trockners entsprechend an. Wir empfehlen dringend, vor Beginn der Serienproduktion kleine Testdrucke durchzuf\u00fchren und sowohl Dehnbarkeit als auch Waschbest\u00e4ndigkeit zu pr\u00fcfen. Die besten Ergebnisse werden in der Regel auf Baumwollkleidung aus 100%-Baumwolle erzielt.<\/p>\n<h3><img decoding=\"async\" class=\"aligncenter wp-image-3992 size-large\" src=\"https:\/\/shaliteink.com\/wp-content\/uploads\/2025\/04\/Orange-Screen-Printing-Plastisol-Ink-1-1024x683.jpg\" alt=\"Orange Plastisol-Siebdrucktinte\" width=\"1024\" height=\"683\" srcset=\"https:\/\/shaliteink.com\/wp-content\/uploads\/2025\/04\/Orange-Screen-Printing-Plastisol-Ink-1-1024x683.jpg 1024w, https:\/\/shaliteink.com\/wp-content\/uploads\/2025\/04\/Orange-Screen-Printing-Plastisol-Ink-1-300x200.jpg 300w, https:\/\/shaliteink.com\/wp-content\/uploads\/2025\/04\/Orange-Screen-Printing-Plastisol-Ink-1-768x512.jpg 768w, https:\/\/shaliteink.com\/wp-content\/uploads\/2025\/04\/Orange-Screen-Printing-Plastisol-Ink-1-1536x1024.jpg 1536w, https:\/\/shaliteink.com\/wp-content\/uploads\/2025\/04\/Orange-Screen-Printing-Plastisol-Ink-1-2048x1365.jpg 2048w, https:\/\/shaliteink.com\/wp-content\/uploads\/2025\/04\/Orange-Screen-Printing-Plastisol-Ink-1-18x12.jpg 18w, https:\/\/shaliteink.com\/wp-content\/uploads\/2025\/04\/Orange-Screen-Printing-Plastisol-Ink-1-1200x800.jpg 1200w, https:\/\/shaliteink.com\/wp-content\/uploads\/2025\/04\/Orange-Screen-Printing-Plastisol-Ink-1-150x100.jpg 150w\" sizes=\"(max-width: 1024px) 100vw, 1024px\" \/><\/h3>\n<h3 class=\"ng-star-inserted\"><span class=\"ng-star-inserted\">Reinigung: Einfache Wartung<\/span><\/h3>\n<p>Beim Siebdruck ist ein sauberer Siebdruckbereich unerl\u00e4sslich. Die orangefarbene Plastisolfarbe von Shaliteink erm\u00f6glicht eine direkte Reinigung.<\/p>\n<ul>\n<li>An der Druckmaschine: Verwenden Sie eine spezielle Plastisol-Druckw\u00e4sche oder Farbentfernerl\u00f6sung, um die Farbe schnell vom Sieb zu entfernen.<\/li>\n<li>Im Sp\u00fclbecken: F\u00fcr eine gr\u00fcndliche Siebreinigung verwenden Sie Plastisol-Siebreiniger oder Tintenentferner.<\/li>\n<\/ul>\n<p>Profi-Tipp: Plastisolfarbe f\u00e4rbt Stoffe nicht; sie verbindet sich mechanisch mit den Fasern. Nehmen Sie Ihre Plastisolfarbe bei Raumtemperatur (18\u201332 \u00b0C) aus der direkten Sonneneinstrahlung. Bei Temperaturen \u00fcber 32 \u00b0C kann die Farbe im Beh\u00e4lter ausbleichen.<\/p>\n<h3 class=\"ng-star-inserted\"><span class=\"ng-star-inserted\">Kaufen Sie Shaliteink Orange Plastisolfarbe noch heute!<\/span><\/h3>\n<p>Sind Sie bereit, Ihre Siebdruckprojekte auf ein neues Level zu heben? Entscheiden Sie sich f\u00fcr Shaliteink Orange Plastisolfarbe \u2013 f\u00fcr un\u00fcbertroffene Farbbrillanz, einfache Anwendung und Langlebigkeit. Als f\u00fchrender Anbieter von Plastisolfarben bieten wir Ihnen Preise direkt vom Hersteller und die Sicherheit von zwei Jahrzehnten Erfahrung in der Farbherstellung. Jetzt bestellen und den Unterschied mit Shaliteink erleben!<\/p>\n<p>Sie m\u00f6chten mehr erfahren? In unserem Blog finden Sie Tipps zu Siebdrucktechniken und bew\u00e4hrten Methoden!<\/p>","protected":false},"excerpt":{"rendered":"<p>Willkommen bei Shaliteink, Ihrem zuverl\u00e4ssigen Partner f\u00fcr hochwertige Plastisolfarben f\u00fcr den Siebdruck seit zwanzig Jahren. Als globaler Marktf\u00fchrer mit Direktvertrieb ab Werk und Kooperationen mit weltbekannten Marken bieten wir Ihnen erstklassige Plastisolfarben f\u00fcr Ihre Druckprojekte. Entdecken Sie unsere orangefarbene Plastisolfarbe f\u00fcr den Siebdruck \u2013 eine brillante und farbintensive L\u00f6sung f\u00fcr au\u00dfergew\u00f6hnliche Ergebnisse.<\/p>","protected":false},"featured_media":1463,"comment_status":"open","ping_status":"closed","template":"","meta":[],"product_brand":[],"product_cat":[39],"product_tag":[],"class_list":{"0":"post-1163","1":"product","2":"type-product","3":"status-publish","4":"has-post-thumbnail","6":"product_cat-plastisol-ink","8":"first","9":"instock","10":"shipping-taxable","11":"purchasable","12":"product-type-variable"},"tiered_pricing_type":"fixed","tiered_pricing_fixed_rules":[],"tiered_pricing_product_settings":{"layout":"default","base_unit_name":{"singular":null,"plural":null},"default_variation":null},"tiered_pricing_minimum_quantity":null,"tiered_pricing_roles_data":[],"tiered_pricing_percentage_rules":[],"tiered_pricing_maximum_quantity":null,"tiered_pricing_quantity_step":null,"_links":{"self":[{"href":"https:\/\/shaliteink.com\/de\/wp-json\/wp\/v2\/product\/1163","targetHints":{"allow":["GET"]}}],"collection":[{"href":"https:\/\/shaliteink.com\/de\/wp-json\/wp\/v2\/product"}],"about":[{"href":"https:\/\/shaliteink.com\/de\/wp-json\/wp\/v2\/types\/product"}],"replies":[{"embeddable":true,"href":"https:\/\/shaliteink.com\/de\/wp-json\/wp\/v2\/comments?post=1163"}],"version-history":[{"count":0,"href":"https:\/\/shaliteink.com\/de\/wp-json\/wp\/v2\/product\/1163\/revisions"}],"wp:featuredmedia":[{"embeddable":true,"href":"https:\/\/shaliteink.com\/de\/wp-json\/wp\/v2\/media\/1463"}],"wp:attachment":[{"href":"https:\/\/shaliteink.com\/de\/wp-json\/wp\/v2\/media?parent=1163"}],"wp:term":[{"taxonomy":"product_brand","embeddable":true,"href":"https:\/\/shaliteink.com\/de\/wp-json\/wp\/v2\/product_brand?post=1163"},{"taxonomy":"product_cat","embeddable":true,"href":"https:\/\/shaliteink.com\/de\/wp-json\/wp\/v2\/product_cat?post=1163"},{"taxonomy":"product_tag","embeddable":true,"href":"https:\/\/shaliteink.com\/de\/wp-json\/wp\/v2\/product_tag?post=1163"}],"curies":[{"name":"wp","href":"https:\/\/api.w.org\/{rel}","templated":true}]}}