{"id":1153,"date":"2025-04-11T08:16:33","date_gmt":"2025-04-11T08:16:33","guid":{"rendered":"https:\/\/shaliteink.com\/?post_type=product&#038;p=1153"},"modified":"2025-12-10T11:32:05","modified_gmt":"2025-12-10T11:32:05","slug":"goldgelbe-siebdruck-plastisolfarbe","status":"publish","type":"product","link":"https:\/\/shaliteink.com\/de\/produkt\/goldgelbe-siebdruck-plastisolfarbe\/","title":{"rendered":"Goldgelbe Plastisol-Siebdrucktinte"},"content":{"rendered":"<p>Verleihen Sie Ihren Siebdruckprojekten mit Shaliteink den letzten Schliff. <strong>goldgelbe Plastisolfarbe<\/strong>. Als weltweit f\u00fchrender Hersteller mit zwei Jahrzehnten Erfahrung und Direktvertrieb ab Werk bietet Ihnen Shaliteink eine Premium-Tintenl\u00f6sung, auf die weltbekannte Marken vertrauen. Unsere goldgelbe Plastisolfarbe wurde sorgf\u00e4ltig entwickelt, um \u00fcberraschend lebendige, deckende Drucke zu erzielen, die auf verschiedensten Textilien hervorragend zur Geltung kommen. Dies ist mehr als nur Tinte; es ist ein Versprechen f\u00fcr Qualit\u00e4t, Effizienz und exzellente Ergebnisse f\u00fcr jeden Drucker, vom Hobbydrucker bis zum professionellen Produktionsunternehmen.<\/p>\n<p><img decoding=\"async\" class=\"wp-image-3985 size-large aligncenter\" src=\"https:\/\/shaliteink.com\/wp-content\/uploads\/2025\/04\/Golden-Yellow-Screen-Printing-Plastisol-Ink-1024x683.jpg\" alt=\"\" width=\"1024\" height=\"683\" srcset=\"https:\/\/shaliteink.com\/wp-content\/uploads\/2025\/04\/Golden-Yellow-Screen-Printing-Plastisol-Ink-1024x683.jpg 1024w, https:\/\/shaliteink.com\/wp-content\/uploads\/2025\/04\/Golden-Yellow-Screen-Printing-Plastisol-Ink-300x200.jpg 300w, https:\/\/shaliteink.com\/wp-content\/uploads\/2025\/04\/Golden-Yellow-Screen-Printing-Plastisol-Ink-768x512.jpg 768w, https:\/\/shaliteink.com\/wp-content\/uploads\/2025\/04\/Golden-Yellow-Screen-Printing-Plastisol-Ink-1536x1024.jpg 1536w, https:\/\/shaliteink.com\/wp-content\/uploads\/2025\/04\/Golden-Yellow-Screen-Printing-Plastisol-Ink-2048x1365.jpg 2048w, https:\/\/shaliteink.com\/wp-content\/uploads\/2025\/04\/Golden-Yellow-Screen-Printing-Plastisol-Ink-18x12.jpg 18w, https:\/\/shaliteink.com\/wp-content\/uploads\/2025\/04\/Golden-Yellow-Screen-Printing-Plastisol-Ink-1200x800.jpg 1200w, https:\/\/shaliteink.com\/wp-content\/uploads\/2025\/04\/Golden-Yellow-Screen-Printing-Plastisol-Ink-150x100.jpg 150w\" sizes=\"(max-width: 1024px) 100vw, 1024px\" \/><\/p>\n<p class=\"ng-star-inserted\"><strong class=\"ng-star-inserted\"><span class=\"ng-star-inserted\">Hauptmerkmale und Vorteile:<\/span><\/strong><\/p>\n<ul class=\"ng-star-inserted\">\n<li class=\"ng-star-inserted\">Strahlendes Goldgelb: Erhalten Sie einen satten, naturgetreuen Goldgelbton, der auf jedem Kleid zur Geltung kommt.<\/li>\n<li class=\"ng-star-inserted\">H\u00f6here Deckkraft bei Buttermilch: Hervorragende Deckkraft, wodurch weniger Farbauftr\u00e4ge n\u00f6tig sind und brillante, lebendige Ausdrucke gew\u00e4hrleistet werden. Ideal f\u00fcr die Erzeugung einer einfarbigen Fl\u00e4che oder f\u00fcr einen markanten Effekt.<\/li>\n<li class=\"ng-star-inserted\">Weiches Tragegef\u00fchl: Drucke, die sich unglaublich weich anf\u00fchlen, den Tragekomfort der Kleidung erh\u00f6hen und ihre Attraktivit\u00e4t steigern.<\/li>\n<li class=\"ng-star-inserted\">Es ist einfach zu verarbeiten: Kurzk\u00f6rperstabilit\u00e4t f\u00fcr cremiges, gleichm\u00e4\u00dfiges Drucken und spontanes Abl\u00f6sen des Siebs.<\/li>\n<li class=\"ng-star-inserted\">Universelle Stoffvertr\u00e4glichkeit: Hervorragend geeignet f\u00fcr eine breite Palette von Kleidungsst\u00fccken, darunter 100% Baumwolle, Baumwoll-Polyester-Mischgewebe und viele synthetische Stoffe.<\/li>\n<li class=\"ng-star-inserted\">Phthalatfreie Formel: eine sichere Option f\u00fcr Drucker und Tr\u00e4ger.<\/li>\n<li class=\"ng-star-inserted\">Qualit\u00e4t direkt vom Hersteller: Vorteile aus zwei Jahrzehnten Fertigungsexzellenz und globaler Pr\u00e4senz.<\/li>\n<\/ul>\n<p class=\"ng-star-inserted\"><strong class=\"ng-star-inserted\"><span class=\"ng-star-inserted\">Richtlinien zur Heilung:<\/span><\/strong><\/p>\n<p>Die goldgelbe Plastisolfarbe von Shaliteink wurde f\u00fcr optimale Leistung und Effizienz entwickelt und zeichnet sich durch eine niedrige Verarbeitungstemperatur aus, um Ihre Kleidung zu schonen und Energie zu sparen.<\/p>\n<ul>\n<li>Behandlungstemperatur: Unsere Tinte wird bei 160 \u00b0C (320 \u00b0F) in der gesamten Tintenschicht behandelt. Die pr\u00e4zise Temperaturmessung innerhalb des Tintenfilms ist f\u00fcr eine dauerhafte Behandlung wichtig. Obwohl Oberfl\u00e4chenthermometer hilfreich sind, empfehlen wir die Verwendung von Ringf\u00fchlern oder Temperaturstreifen, um sicherzustellen, dass die Tinte 160 \u00b0C erreicht.<\/li>\n<li>Blitztemperatur: Bei mehrfarbigen Drucken oder wenn die Leuchtkraft reduziert ist, leuchtet unsere Tinte effizient bei Temperaturen zwischen 120 \u00b0C und 140 \u00b0C (248 \u00b0F und 284 \u00b0F) f\u00fcr 3 bis 5 Sekunden.<\/li>\n<li>Wasch- und Dehnungstest: Wir empfehlen dringend, nach 24 Stunden einen Wasch- und einen Dehnungstest durchzuf\u00fchren, um die vollst\u00e4ndige Behandlung vor Beginn einer gr\u00f6\u00dferen Produktionsserie zu best\u00e4tigen. Ein korrekt korrigierter Druck rei\u00dft nach Dehnung oder mehreren W\u00e4schen nicht und zeigt keine Abnutzungserscheinungen. Erh\u00f6hen Sie die Einwirkzeit oder die Temperatur, falls die Tests fehlschlagen.<\/li>\n<\/ul>\n<p class=\"ng-star-inserted\"><strong class=\"ng-star-inserted\"><span class=\"ng-star-inserted\">Aufr\u00e4umarbeiten:<\/span><\/strong><\/p>\n<p class=\"ng-star-inserted\"><span class=\"ng-star-inserted\">Mit Shaliteink-Tinten ist die Wartung Ihrer Ger\u00e4te ganz einfach.<\/span><\/p>\n<ul class=\"ng-star-inserted\">\n<li class=\"ng-star-inserted\">An der Druckmaschine: Verwenden Sie ein handels\u00fcbliches Plastisol-Druckreiniger oder einen Tintenentferner, damit Sieb und Andruckrolle schnell gereinigt werden k\u00f6nnen.<\/li>\n<li class=\"ng-star-inserted\">Im Waschbecken: F\u00fcr eine vollst\u00e4ndige Siebreinigung verwenden Sie ein hochwertiges Plastisol-Siebwaschmittel oder einen Tintenentferner.<\/li>\n<\/ul>\n<p class=\"ng-star-inserted\"><strong class=\"ng-star-inserted\"><span class=\"ng-star-inserted\">Profi-Tipps f\u00fcr optimale Ergebnisse:<\/span><\/strong><\/p>\n<ul>\n<li>Unterbedruckung: Beim Bedrucken dunkler Textilien, insbesondere mit hellen Farben, kann eine Grundierung mit wei\u00dfer Plastisolfarbe die Leuchtkraft und Deckkraft des Goldgelbs deutlich erh\u00f6hen.<\/li>\n<li>Aufbewahrung: Bewahren Sie Ihr Shaliteink auf <strong><a href=\"https:\/\/shaliteink.com\/de\/produkt-kategorie\/plastisol-tinte\/\">Plastisol-Tinte<\/a><\/strong> Bei Raumtemperatur, idealerweise zwischen 18 und 32 \u00b0C (65\u201390 \u00b0F), lagern. Vermeiden Sie direkte Sonneneinstrahlung und Temperaturen \u00fcber 32 \u00b0C, damit die Tinte im Beh\u00e4lter aush\u00e4rten kann.<\/li>\n<li>Polyester-Ausbluten: Unsere Tinte ist so konzipiert, dass die Farbstoffmigration reduziert wird. Durch die Behandlung bei 160 \u00b0C bleiben Sie effektiv unterhalb der Temperatur, bei der viele Polyesterfarbstoffe substituiert werden, und verhindern so das Ausbluten der Tinte.<\/li>\n<\/ul>\n<p>Sind Sie bereit, den Unterschied zu erleben? Jetzt die besten Produkte von Shaliteink entdecken! <strong><a href=\"https:\/\/shaliteink.com\/de\/screen-printing-ink\/\">Siebdruckfarbe<\/a><\/strong> und erzielen Sie bei jedem Projekt professionelle, hervorragende Ergebnisse.<\/p>\n<p><img decoding=\"async\" class=\"aligncenter wp-image-3986 size-large\" src=\"https:\/\/shaliteink.com\/wp-content\/uploads\/2025\/04\/Golden-Yellow-Screen-Printing-Plastisol-Ink-1-1024x683.jpg\" alt=\"Goldgelbe Plastisol-Siebdrucktinte\" width=\"1024\" height=\"683\" srcset=\"https:\/\/shaliteink.com\/wp-content\/uploads\/2025\/04\/Golden-Yellow-Screen-Printing-Plastisol-Ink-1-1024x683.jpg 1024w, https:\/\/shaliteink.com\/wp-content\/uploads\/2025\/04\/Golden-Yellow-Screen-Printing-Plastisol-Ink-1-300x200.jpg 300w, https:\/\/shaliteink.com\/wp-content\/uploads\/2025\/04\/Golden-Yellow-Screen-Printing-Plastisol-Ink-1-768x512.jpg 768w, https:\/\/shaliteink.com\/wp-content\/uploads\/2025\/04\/Golden-Yellow-Screen-Printing-Plastisol-Ink-1-1536x1024.jpg 1536w, https:\/\/shaliteink.com\/wp-content\/uploads\/2025\/04\/Golden-Yellow-Screen-Printing-Plastisol-Ink-1-2048x1365.jpg 2048w, https:\/\/shaliteink.com\/wp-content\/uploads\/2025\/04\/Golden-Yellow-Screen-Printing-Plastisol-Ink-1-18x12.jpg 18w, https:\/\/shaliteink.com\/wp-content\/uploads\/2025\/04\/Golden-Yellow-Screen-Printing-Plastisol-Ink-1-1200x800.jpg 1200w, https:\/\/shaliteink.com\/wp-content\/uploads\/2025\/04\/Golden-Yellow-Screen-Printing-Plastisol-Ink-1-150x100.jpg 150w\" sizes=\"(max-width: 1024px) 100vw, 1024px\" \/><\/p>","protected":false},"excerpt":{"rendered":"<p>Die goldgelbe Plastisolfarbe von Shaliteink ist f\u00fcr die spontane Anwendung konzipiert und garantiert eine geschmeidige, cremige Textur f\u00fcr optimale Druckergebnisse direkt aus dem Farbeimer. Erleben Sie einen angenehmen Druckprozess, der Aufwand minimiert und Ihre Kreativit\u00e4t maximiert. Wir wissen, wie wichtig Zeit und Kosten f\u00fcr Siebdruckereien sind. Deshalb ist unsere Farbe besonders effizient und sparsam. Ihre hohe Leistungsf\u00e4higkeit bedeutet, dass Sie oft schon mit wenigen Farbauftr\u00e4gen leuchtende Farben erzielen und so Farbe und Produktionszeit sparen.<br \/>\nOb Sie nun auf 100%-Baumwolle, Polyestergemischen oder anderen g\u00e4ngigen Textilien arbeiten \u2013 unsere goldgelbe Plastisolfarbe bietet hervorragende Haftung und Haltbarkeit. Sie f\u00fchlt sich weich an und sorgt f\u00fcr ein angenehmes und ansprechendes Tragegef\u00fchl Ihrer Kleidung. Damit ist sie die ideale Wahl f\u00fcr Modekost\u00fcme, Predigerartikel und individuelle Designs. Dank der Innovationskraft von shalliteink erhalten Sie stets ein zuverl\u00e4ssiges und gleichbleibendes Produkt, sodass Sie sich ganz auf die Gestaltung Ihres Meisterwerks konzentrieren k\u00f6nnen.<\/p>","protected":false},"featured_media":1447,"comment_status":"open","ping_status":"closed","template":"","meta":[],"product_brand":[],"product_cat":[39],"product_tag":[],"class_list":{"0":"post-1153","1":"product","2":"type-product","3":"status-publish","4":"has-post-thumbnail","6":"product_cat-plastisol-ink","8":"first","9":"instock","10":"shipping-taxable","11":"purchasable","12":"product-type-variable"},"tiered_pricing_type":"fixed","tiered_pricing_fixed_rules":[],"tiered_pricing_product_settings":{"layout":"default","base_unit_name":{"singular":null,"plural":null},"default_variation":null},"tiered_pricing_minimum_quantity":null,"tiered_pricing_roles_data":[],"tiered_pricing_percentage_rules":[],"tiered_pricing_maximum_quantity":null,"tiered_pricing_quantity_step":null,"_links":{"self":[{"href":"https:\/\/shaliteink.com\/de\/wp-json\/wp\/v2\/product\/1153","targetHints":{"allow":["GET"]}}],"collection":[{"href":"https:\/\/shaliteink.com\/de\/wp-json\/wp\/v2\/product"}],"about":[{"href":"https:\/\/shaliteink.com\/de\/wp-json\/wp\/v2\/types\/product"}],"replies":[{"embeddable":true,"href":"https:\/\/shaliteink.com\/de\/wp-json\/wp\/v2\/comments?post=1153"}],"version-history":[{"count":0,"href":"https:\/\/shaliteink.com\/de\/wp-json\/wp\/v2\/product\/1153\/revisions"}],"wp:featuredmedia":[{"embeddable":true,"href":"https:\/\/shaliteink.com\/de\/wp-json\/wp\/v2\/media\/1447"}],"wp:attachment":[{"href":"https:\/\/shaliteink.com\/de\/wp-json\/wp\/v2\/media?parent=1153"}],"wp:term":[{"taxonomy":"product_brand","embeddable":true,"href":"https:\/\/shaliteink.com\/de\/wp-json\/wp\/v2\/product_brand?post=1153"},{"taxonomy":"product_cat","embeddable":true,"href":"https:\/\/shaliteink.com\/de\/wp-json\/wp\/v2\/product_cat?post=1153"},{"taxonomy":"product_tag","embeddable":true,"href":"https:\/\/shaliteink.com\/de\/wp-json\/wp\/v2\/product_tag?post=1153"}],"curies":[{"name":"wp","href":"https:\/\/api.w.org\/{rel}","templated":true}]}}