{"id":1148,"date":"2025-04-11T08:08:26","date_gmt":"2025-04-11T08:08:26","guid":{"rendered":"https:\/\/shaliteink.com\/?post_type=product&#038;p=1148"},"modified":"2025-12-10T11:31:37","modified_gmt":"2025-12-10T11:31:37","slug":"gelbe-siebdruck-plastisolfarbe","status":"publish","type":"product","link":"https:\/\/shaliteink.com\/de\/produkt\/gelbe-siebdruck-plastisolfarbe\/","title":{"rendered":"Gelbe Plastisol-Siebdrucktinte"},"content":{"rendered":"<p>Bringen Sie Ihre Siebdruckprojekte mit der hochwertigen gelben Plastisolfarbe von shaliteink zum Strahlen. Seit zwei Jahrzehnten ist shaliteink ein weltweit f\u00fchrender Hersteller von hochwertigen Plastisolfarben f\u00fcr den Siebdruck und arbeitet eng mit weltbekannten Marken zusammen. Unsere individuelle Fertigung garantiert Ihnen beste Produkte, basierend auf umfassender Erfahrung. Diese leuchtend gelbe Plastisolfarbe liefert herausragende Ergebnisse und ist somit die ideale Wahl f\u00fcr professionelle Siebdrucker und ambitionierte Hobbyk\u00fcnstler, die Wert auf au\u00dfergew\u00f6hnliche Qualit\u00e4t und einfache Anwendung legen.<\/p>\n<p><img decoding=\"async\" class=\"aligncenter wp-image-3983 size-large\" src=\"https:\/\/shaliteink.com\/wp-content\/uploads\/2025\/04\/Yellow-Screen-Printing-Plastisol-Ink-1-1024x683.jpg\" alt=\"Gelbe Plastisol-Siebdrucktinte\" width=\"1024\" height=\"683\" srcset=\"https:\/\/shaliteink.com\/wp-content\/uploads\/2025\/04\/Yellow-Screen-Printing-Plastisol-Ink-1-1024x683.jpg 1024w, https:\/\/shaliteink.com\/wp-content\/uploads\/2025\/04\/Yellow-Screen-Printing-Plastisol-Ink-1-300x200.jpg 300w, https:\/\/shaliteink.com\/wp-content\/uploads\/2025\/04\/Yellow-Screen-Printing-Plastisol-Ink-1-768x512.jpg 768w, https:\/\/shaliteink.com\/wp-content\/uploads\/2025\/04\/Yellow-Screen-Printing-Plastisol-Ink-1-1536x1024.jpg 1536w, https:\/\/shaliteink.com\/wp-content\/uploads\/2025\/04\/Yellow-Screen-Printing-Plastisol-Ink-1-2048x1365.jpg 2048w, https:\/\/shaliteink.com\/wp-content\/uploads\/2025\/04\/Yellow-Screen-Printing-Plastisol-Ink-1-18x12.jpg 18w, https:\/\/shaliteink.com\/wp-content\/uploads\/2025\/04\/Yellow-Screen-Printing-Plastisol-Ink-1-1200x800.jpg 1200w, https:\/\/shaliteink.com\/wp-content\/uploads\/2025\/04\/Yellow-Screen-Printing-Plastisol-Ink-1-150x100.jpg 150w\" sizes=\"(max-width: 1024px) 100vw, 1024px\" \/><\/p>\n<p class=\"ng-star-inserted\"><strong class=\"ng-star-inserted\"><span class=\"ng-star-inserted\">Wichtigste Vorteile:<\/span><\/strong><\/p>\n<ul class=\"ng-star-inserted\">\n<li class=\"ng-star-inserted\">Einfache Behandlung bei 160 \u00b0C: Unser <strong><a href=\"https:\/\/shaliteink.com\/de\/produkt-kategorie\/plastisol-tinte\/\">Plastisol-Tinte<\/a><\/strong> Es h\u00e4rtet effizient bei niedrigen Temperaturen aus und reduziert insbesondere das Risiko des Versengens und Einlaufens von hitzeempfindlicher Kleidung. Zudem erm\u00f6glicht es Energieeinsparungen und eine schnellere Produktion.<\/li>\n<li class=\"ng-star-inserted\">Weicher Handdruck: Erleben Sie ein luxuri\u00f6ses, weiches Tragegef\u00fchl bei Ihrer bedruckten Kleidung, genie\u00dfen Sie hohen Tragekomfort und steigern Sie die Gesamtqualit\u00e4t Ihres Kleidungsst\u00fccks.<\/li>\n<li class=\"ng-star-inserted\">Universelle Stoffkompatibilit\u00e4t: Vielseitig genug f\u00fcr eine breite Palette von Kleidungsst\u00fccken, von 100% Baumwolle bis hin zu verschiedenen Poly-Deds, garantiert h\u00e4ufige Ergebnisse in Ihren Projekten.<\/li>\n<li class=\"ng-star-inserted\">Geringes Ausbluten bei Mischgewebe: Speziell entwickelt, um ein Ausbluten der Farbe auf Polyester- und Mischgewebe zu verhindern und so die Integrit\u00e4t und Leuchtkraft Ihres gelben Aufdrucks zu erhalten.<\/li>\n<li class=\"ng-star-inserted\">Phthalatfreie Formel: Wir setzen uns f\u00fcr Sicherheit und Umweltverantwortung ein. <strong><a href=\"https:\/\/shaliteink.com\/de\/screen-printing-ink\/\">Siebdruckfarbe<\/a><\/strong> wird ohne Phthalate hergestellt.<\/li>\n<li class=\"ng-star-inserted\">Extrem deckend: Selbst bei starker, leuchtend gelber Deckkraft auf dunkler Kleidung reduziert sich oft die Notwendigkeit vieler Durchg\u00e4nge.<\/li>\n<li class=\"ng-star-inserted\">Es ist einfach zu handhaben: Die Laufruhe und die Stabilit\u00e4t des kurzen Geh\u00e4uses gew\u00e4hrleisten spontanes Drucken, reduzieren die Erm\u00fcdung und erh\u00f6hen die Effizienz.<\/li>\n<li class=\"ng-star-inserted\">Finnisch seidenmatt: Verleiht Ihren vorbereiteten Drucken einen professionellen, attraktiven Glanz.<\/li>\n<\/ul>\n<p>Shaliteink <strong>Gelbe Plastisolfarbe<\/strong> Diese Tinte ist mehr als nur eine Druckfarbe; sie ist eine L\u00f6sung, die Ihre Produktivit\u00e4t und Ausgabequalit\u00e4t steigert. Dank der niedrigen Verarbeitungstemperatur ist sie eine wirtschaftliche Option, die Ihnen hilft, Strom zu sparen und potenzielle St\u00f6rungen zu minimieren. Diese Tinte wurde von Siebdruckern f\u00fcr Siebdrucker entwickelt und erf\u00fcllt somit die strengen Anforderungen der Branche.<\/p>\n<p class=\"ng-star-inserted\"><strong class=\"ng-star-inserted\"><span class=\"ng-star-inserted\">Merkmale:<\/span><\/strong><\/p>\n<ul class=\"ng-star-inserted\">\n<li class=\"ng-star-inserted\">\n<p class=\"ng-star-inserted\"><span class=\"ng-star-inserted\">Kr\u00e4ftige und leuchtende gelbe Farbe<\/span><\/p>\n<\/li>\n<li class=\"ng-star-inserted\">\n<p class=\"ng-star-inserted\"><span class=\"ng-star-inserted\">Hohe Deckkraft f\u00fcr hervorragende Deckkraft<\/span><\/p>\n<\/li>\n<li class=\"ng-star-inserted\">\n<p class=\"ng-star-inserted\"><span class=\"ng-star-inserted\">Cremige und gut druckbare Konsistenz<\/span><\/p>\n<\/li>\n<li class=\"ng-star-inserted\">\n<p class=\"ng-star-inserted\"><span class=\"ng-star-inserted\">Weiche Handabdr\u00fccke f\u00fcr bequeme Kleidung<\/span><\/p>\n<\/li>\n<li class=\"ng-star-inserted\">\n<p class=\"ng-star-inserted\"><span class=\"ng-star-inserted\">Kurze Aufhellzeiten und niedrigere Aush\u00e4rtungstemperatur<\/span><\/p>\n<\/li>\n<li class=\"ng-star-inserted\">\n<p class=\"ng-star-inserted\"><span class=\"ng-star-inserted\">Hervorragend geeignet sowohl f\u00fcr den Direktdruck als auch als Untergrund.<\/span><\/p>\n<\/li>\n<\/ul>\n<p class=\"ng-star-inserted\"><strong class=\"ng-star-inserted\"><span class=\"ng-star-inserted\">Aush\u00e4rtungshinweise:<\/span><\/strong><\/p>\n<p>Die gelbe Plastisolfarbe von Shaliteink h\u00e4rtet bei einer stabilen Temperatur von 160 \u00b0C aus. F\u00fcr optimale Ergebnisse muss die gesamte Farbschicht diese Temperatur erreichen und halten. Abh\u00e4ngig von den spezifischen Gegebenheiten Ihrer Produktionsst\u00e4tte und den jeweiligen Produktionsparametern kann eine Kurzzeitbehandlung bei 120 \u00b0C bis 140 \u00b0C f\u00fcr 3\u20135 Sekunden erfolgen.<\/p>\n<p class=\"ng-star-inserted\"><strong class=\"ng-star-inserted\"><span class=\"ng-star-inserted\">Wichtige Hinweise zur Aush\u00e4rtung:<\/span><\/strong><\/p>\n<p>Um eine vollst\u00e4ndige Behandlung zu gew\u00e4hrleisten, empfehlen wir sowohl einen Dehnungstest als auch einen Waschtest. Bedrucken Sie das Kleidungsst\u00fcck bis zu etwa zwei Dritteln seiner normalen Dehnbarkeit. Wenn die Farbe rei\u00dft und sich nicht wiederherstellt, ist die Behandlung m\u00f6glicherweise unzureichend. F\u00fcr einen vollst\u00e4ndigen Waschtest sind in der Regel 5\u201310 W\u00e4schen erforderlich, um die Behandlung endg\u00fcltig zu best\u00e4tigen. Bei stark unzureichend behandelten Drucken kann sich die Farbwirkung jedoch bereits nach 1\u20133 W\u00e4schen verschlechtern. Passen Sie die Behandlungsdauer an, falls der Test negativ ausf\u00e4llt.<br \/>\nBei der Verarbeitung von Polyester oder Markenkleidung aus Polyester ist die niedrige Behandlungstemperatur der Shaliteink Plastisolfarbe besonders vorteilhaft. Die meisten Polyester-Textilfarben fixieren bei Temperaturen zwischen 132 \u00b0C und 149 \u00b0C. Durch die Fixierung unserer Farbe bei 160 \u00b0C, also oberhalb der spezifischen Farbstoffmigrationsschwelle, gew\u00e4hrleisten wir brillante Drucke ohne Ausbluten der Farbe. Diese spezielle Rezeptur reduziert die Farbstoffmigration und gibt Ihnen somit Sicherheit bei anspruchsvollen Materialien.<\/p>\n<p class=\"ng-star-inserted\"><strong class=\"ng-star-inserted\"><span class=\"ng-star-inserted\">Aufr\u00e4umarbeiten:<\/span><\/strong><\/p>\n<p>Die Reinigung von Druckmaschinen kann effektiv mit Plastisol-Druckreiniger oder Farbentferner durchgef\u00fchrt werden. F\u00fcr die Siebreinigung im Waschbecken verwenden Sie einen speziellen Plastisol-Siebreiniger oder Farbentferner.<\/p>\n<p class=\"ng-star-inserted\"><strong class=\"ng-star-inserted\"><span class=\"ng-star-inserted\">Speicherinformationen:<\/span><\/strong><\/p>\n<p>Lagern Sie die Shaliteink-Plastisolfarbe bei Raumtemperatur, idealerweise zwischen 18 und 32 \u00b0C (65\u201390 \u00b0F). Vermeiden Sie direkte Sonneneinstrahlung. Bei l\u00e4ngerem Kontakt mit Temperaturen \u00fcber 32 \u00b0C (90 \u00b0F) kann die Farbe im Beh\u00e4lter aush\u00e4rten.<\/p>\n<p class=\"ng-star-inserted\"><strong class=\"ng-star-inserted\"><span class=\"ng-star-inserted\">Profi-Tipps:<\/span><\/strong><\/p>\n<ul class=\"ng-star-inserted\">\n<li class=\"ng-star-inserted\">Plastisolfarbe f\u00e4rbt den Stoff nicht; stattdessen bildet sie eine mechanische Verbindung, indem sie sich um die Faser legt.<\/li>\n<li class=\"ng-star-inserted\">F\u00fcr eine besonders intensive Farbwiedergabe empfehlen wir, beim Drucken mit gelber Shaliteink-Plastisolfarbe auf dunkler Kleidung eine wei\u00dfe Grundierung zu verwenden.<\/li>\n<li class=\"ng-star-inserted\">F\u00fchren Sie vor der vollst\u00e4ndigen Produktion stets einen Probedruck, einen Dehnungstest und einen Waschtest durch, um die korrekte Verarbeitung und Druckqualit\u00e4t sicherzustellen.<\/li>\n<\/ul>\n<p>F\u00fcr detailliertere Informationen, das Sicherheitsdatenblatt und die Farbtabelle besuchen Sie bitte unsere Website oder kontaktieren Sie unser Support-Team.<\/p>\n<p><img decoding=\"async\" class=\"aligncenter wp-image-3982 size-large\" src=\"https:\/\/shaliteink.com\/wp-content\/uploads\/2025\/04\/Yellow-Screen-Printing-Plastisol-Ink-1024x683.jpg\" alt=\"Gelbe Plastisol-Siebdrucktinte\" width=\"1024\" height=\"683\" srcset=\"https:\/\/shaliteink.com\/wp-content\/uploads\/2025\/04\/Yellow-Screen-Printing-Plastisol-Ink-1024x683.jpg 1024w, https:\/\/shaliteink.com\/wp-content\/uploads\/2025\/04\/Yellow-Screen-Printing-Plastisol-Ink-300x200.jpg 300w, https:\/\/shaliteink.com\/wp-content\/uploads\/2025\/04\/Yellow-Screen-Printing-Plastisol-Ink-768x512.jpg 768w, https:\/\/shaliteink.com\/wp-content\/uploads\/2025\/04\/Yellow-Screen-Printing-Plastisol-Ink-1536x1024.jpg 1536w, https:\/\/shaliteink.com\/wp-content\/uploads\/2025\/04\/Yellow-Screen-Printing-Plastisol-Ink-2048x1365.jpg 2048w, https:\/\/shaliteink.com\/wp-content\/uploads\/2025\/04\/Yellow-Screen-Printing-Plastisol-Ink-18x12.jpg 18w, https:\/\/shaliteink.com\/wp-content\/uploads\/2025\/04\/Yellow-Screen-Printing-Plastisol-Ink-1200x800.jpg 1200w, https:\/\/shaliteink.com\/wp-content\/uploads\/2025\/04\/Yellow-Screen-Printing-Plastisol-Ink-150x100.jpg 150w\" sizes=\"(max-width: 1024px) 100vw, 1024px\" \/><\/p>","protected":false},"excerpt":{"rendered":"<p>Unsere gelbe Plastisolfarbe f\u00fcr den Siebdruck zeichnet sich durch eine cremige, kurzkantige Textur aus, die f\u00fcr gleichm\u00e4\u00dfige und konsistente Druckergebnisse sorgt. Erleben Sie kr\u00e4ftige, deckende Farben, die auf verschiedenen Textilien optimal zur Geltung kommen und Ihren Designs das professionelle Finish verleihen, das sie verdienen. Diese Plastisolfarbe eignet sich perfekt f\u00fcr leuchtend gelbe Drucke, egal ob Sie Baumwolle, Polyestergemische oder andere g\u00e4ngige Textilien bedrucken. Shaliteink unterst\u00fctzt Ihren Druckerfolg mit einer Farbe, die nicht nur hervorragende Ergebnisse liefert, sondern auch deutliche Vorteile f\u00fcr Ihre Produktion bietet.<\/p>","protected":false},"featured_media":1443,"comment_status":"open","ping_status":"closed","template":"","meta":[],"product_brand":[],"product_cat":[39],"product_tag":[],"class_list":{"0":"post-1148","1":"product","2":"type-product","3":"status-publish","4":"has-post-thumbnail","6":"product_cat-plastisol-ink","8":"first","9":"instock","10":"shipping-taxable","11":"purchasable","12":"product-type-variable"},"tiered_pricing_type":"fixed","tiered_pricing_fixed_rules":[],"tiered_pricing_product_settings":{"layout":"default","base_unit_name":{"singular":null,"plural":null},"default_variation":null},"tiered_pricing_minimum_quantity":null,"tiered_pricing_roles_data":[],"tiered_pricing_percentage_rules":[],"tiered_pricing_maximum_quantity":null,"tiered_pricing_quantity_step":null,"_links":{"self":[{"href":"https:\/\/shaliteink.com\/de\/wp-json\/wp\/v2\/product\/1148","targetHints":{"allow":["GET"]}}],"collection":[{"href":"https:\/\/shaliteink.com\/de\/wp-json\/wp\/v2\/product"}],"about":[{"href":"https:\/\/shaliteink.com\/de\/wp-json\/wp\/v2\/types\/product"}],"replies":[{"embeddable":true,"href":"https:\/\/shaliteink.com\/de\/wp-json\/wp\/v2\/comments?post=1148"}],"version-history":[{"count":0,"href":"https:\/\/shaliteink.com\/de\/wp-json\/wp\/v2\/product\/1148\/revisions"}],"wp:featuredmedia":[{"embeddable":true,"href":"https:\/\/shaliteink.com\/de\/wp-json\/wp\/v2\/media\/1443"}],"wp:attachment":[{"href":"https:\/\/shaliteink.com\/de\/wp-json\/wp\/v2\/media?parent=1148"}],"wp:term":[{"taxonomy":"product_brand","embeddable":true,"href":"https:\/\/shaliteink.com\/de\/wp-json\/wp\/v2\/product_brand?post=1148"},{"taxonomy":"product_cat","embeddable":true,"href":"https:\/\/shaliteink.com\/de\/wp-json\/wp\/v2\/product_cat?post=1148"},{"taxonomy":"product_tag","embeddable":true,"href":"https:\/\/shaliteink.com\/de\/wp-json\/wp\/v2\/product_tag?post=1148"}],"curies":[{"name":"wp","href":"https:\/\/api.w.org\/{rel}","templated":true}]}}