{"id":1143,"date":"2025-04-11T07:47:43","date_gmt":"2025-04-11T07:47:43","guid":{"rendered":"https:\/\/shaliteink.com\/?post_type=product&#038;p=1143"},"modified":"2025-12-10T11:31:02","modified_gmt":"2025-12-10T11:31:02","slug":"tief-zitronengelbe-siebdruck-plastisolfarbe","status":"publish","type":"product","link":"https:\/\/shaliteink.com\/de\/produkt\/tief-zitronengelbe-siebdruck-plastisolfarbe\/","title":{"rendered":"Tief zitronengelbe Plastisol-Siebdrucktinte"},"content":{"rendered":"<h3><img decoding=\"async\" class=\"aligncenter wp-image-3980 size-large\" src=\"https:\/\/shaliteink.com\/wp-content\/uploads\/2025\/04\/Deep-Lemon-Yellow-Screen-Printing-Plastisol-Ink-1-1024x683.jpg\" alt=\"Tief zitronengelbe Plastisol-Siebdrucktinte\" width=\"1024\" height=\"683\" srcset=\"https:\/\/shaliteink.com\/wp-content\/uploads\/2025\/04\/Deep-Lemon-Yellow-Screen-Printing-Plastisol-Ink-1-1024x683.jpg 1024w, https:\/\/shaliteink.com\/wp-content\/uploads\/2025\/04\/Deep-Lemon-Yellow-Screen-Printing-Plastisol-Ink-1-300x200.jpg 300w, https:\/\/shaliteink.com\/wp-content\/uploads\/2025\/04\/Deep-Lemon-Yellow-Screen-Printing-Plastisol-Ink-1-768x512.jpg 768w, https:\/\/shaliteink.com\/wp-content\/uploads\/2025\/04\/Deep-Lemon-Yellow-Screen-Printing-Plastisol-Ink-1-1536x1024.jpg 1536w, https:\/\/shaliteink.com\/wp-content\/uploads\/2025\/04\/Deep-Lemon-Yellow-Screen-Printing-Plastisol-Ink-1-2048x1365.jpg 2048w, https:\/\/shaliteink.com\/wp-content\/uploads\/2025\/04\/Deep-Lemon-Yellow-Screen-Printing-Plastisol-Ink-1-18x12.jpg 18w, https:\/\/shaliteink.com\/wp-content\/uploads\/2025\/04\/Deep-Lemon-Yellow-Screen-Printing-Plastisol-Ink-1-1200x800.jpg 1200w, https:\/\/shaliteink.com\/wp-content\/uploads\/2025\/04\/Deep-Lemon-Yellow-Screen-Printing-Plastisol-Ink-1-150x100.jpg 150w\" sizes=\"(max-width: 1024px) 100vw, 1024px\" \/><\/h3>\n<h3 class=\"ng-star-inserted\"><span class=\"ng-star-inserted\">Wichtigste Vorteile, die Sie lieben werden:<\/span><\/h3>\n<ul class=\"ng-star-inserted\">\n<li class=\"ng-star-inserted\">Strahlendes, tiefes Zitronengelb: Atemberaubend mit au\u00dfergew\u00f6hnlicher Farbs\u00e4ttigung \u2013 sichern Sie sich den gelben Druck, der alle Blicke auf sich zieht.<\/li>\n<li class=\"ng-star-inserted\">Optimale Behandlung bei niedrigeren Temperaturen: Wirkt effizient bei 160 \u00b0C (320 \u00b0F), reduziert den Energieverbrauch und verhindert das Versengen oder Einlaufen des Stoffes.<\/li>\n<li class=\"ng-star-inserted\">Schnelle Aufhellungszeit: Die Behandlung erfolgt bei 120 \u00b0C (248 \u00b0F) bis 140 \u00b0C (284 \u00b0F), was Ihre Produktionseffizienz steigert.<\/li>\n<li class=\"ng-star-inserted\">Superior opkar: bietet hervorragende Deckkraft, auch bei dicker Kleidung, und macht eine Unterlage oft \u00fcberfl\u00fcssig.<\/li>\n<li class=\"ng-star-inserted\">Weiches Tragegef\u00fchl: Erzeugt einen glatten, angenehmen Druck, der den nat\u00fcrlichen Fall des Stoffes beibeh\u00e4lt.<\/li>\n<li class=\"ng-star-inserted\">Es l\u00e4sst sich leicht verarbeiten: Unsere cremige, kurzviskose Formel sorgt f\u00fcr ein gleichm\u00e4\u00dfiges Auftragen und eine ausgezeichnete Volumenstabilit\u00e4t.<\/li>\n<li class=\"ng-star-inserted\">Vielseitige Stoffvertr\u00e4glichkeit: Ideal f\u00fcr verschiedene Materialarten, einschlie\u00dflich 100% Baumwolle, Baumwoll-Polyester-Mischgewebe und Polyester (bei entsprechender Beachtung der Vorsichtsma\u00dfnahmen).<\/li>\n<li class=\"ng-star-inserted\">Geringe Ausblutungseigenschaften: Gew\u00e4hrleistet einen sauberen und klaren Druck, reduziert die Farbstoffmigration bei Polyestergemischen.<\/li>\n<\/ul>\n<p>Phthalatfreie Formel: eine sichere Option f\u00fcr Drucker und Umwelt.<\/p>\n<h3 class=\"ng-star-inserted\"><span class=\"ng-star-inserted\">Warum sollten Sie sich f\u00fcr Shaliteink Plastisolfarbe in Tiefzitronengelb entscheiden?<\/span><\/h3>\n<p>In <strong><a href=\"https:\/\/shaliteink.com\/de\/\">Shaliteink<\/a><\/strong>, Wir verstehen die Anforderungen der Siebdruckindustrie. Unsere tief zitronengelbe Plastisolfarbe ist ein wahres Kraftpaket und bietet die ideale Balance aus Leistung, Deckkraft und Benutzerfreundlichkeit. Ob Sie eine professionelle Druckerei oder ein Hobbydrucker sind \u2013 Sie werden die einfache Anwendung und die professionellen Ergebnisse unserer Farbe zu sch\u00e4tzen wissen. Die niedrige Verarbeitungstemperatur ist ein entscheidender Vorteil: Sie erm\u00f6glicht kurze Produktionszeiten, erhebliche Energieeinsparungen und schont die Textilien. Verabschieden Sie sich von gleichm\u00e4\u00dfigen, brillanten Drucken mit Shaliteink und Namaste.<\/p>\n<h3 class=\"ng-star-inserted\"><span class=\"ng-star-inserted\">Aush\u00e4rtungs- und Blitzrichtlinien:<\/span><\/h3>\n<p class=\"ng-star-inserted\"><span class=\"ng-star-inserted\">Eine perfekte Aush\u00e4rtung ist entscheidend f\u00fcr die Haltbarkeit. Shaliteink\u00a0<\/span><strong class=\"ng-star-inserted\"><span class=\"ng-star-inserted\">Tief zitronengelbe Plastisol-Tinte<\/span><\/strong><span class=\"ng-star-inserted\">\u00a0ist f\u00fcr eine effiziente Aush\u00e4rtung bei niedrigen Temperaturen konzipiert und gew\u00e4hrleistet so die Langlebigkeit Ihrer Drucke.<\/span><\/p>\n<ul class=\"ng-star-inserted\">\n<li class=\"ng-star-inserted\">Behandlungstemperatur: 160 \u00b0C (320 \u00b0F). Stellen Sie sicher, dass die gesamte Tintenschicht diese Temperatur f\u00fcr eine vollst\u00e4ndige Behandlung erreicht. Laserpistolen k\u00f6nnen die Oberfl\u00e4chentemperatur ungenau messen; verwenden Sie f\u00fcr optimale Ergebnisse einen Ringf\u00fchler oder Temperaturstreifen, um die Kerntemperatur der Tinte zu messen.<\/li>\n<li class=\"ng-star-inserted\">Blitztemperatur: 120 \u00b0C (248 \u00b0F) bis 140 \u00b0C (284 \u00b0F) f\u00fcr 3\u20135 Sekunden. Die Blitzdauer kann je nach Ger\u00e4t und Tintenmenge variieren.<\/li>\n<li class=\"ng-star-inserted\">Waschtest: Wir empfehlen, nach den ersten 24 Stunden einen Waschtest durchzuf\u00fchren. Ein fachgerecht korrigierter Druck \u00fcbersteht 5\u201310 W\u00e4schen ohne Risse oder Besch\u00e4digungen.<\/li>\n<li class=\"ng-star-inserted\">Dehnungstest: Den bedruckten Stoff etwa zu zwei Dritteln seiner L\u00e4nge ausbreiten. Wenn die Tinte rei\u00dft und sich nicht zur\u00fcckzieht, ist die Behandlung m\u00f6glicherweise unzureichend. Die Trocknungszeit oder -temperatur leicht erh\u00f6hen.<\/li>\n<li class=\"ng-star-inserted\">Polyestergemisch: Beim Bedrucken von Polyester oder Poly-Deeds tr\u00e4gt die schonende Behandlung von Shaliteink-Plastisolfarbe dazu bei, temperaturbedingte Farbstoffmigration zu verhindern. Die meisten Polyesterfarbstoffe sind erst ab 132 \u00b0C (270 \u00b0F) aktiv. Eine Behandlung unterhalb dieser Temperaturschwelle reduziert das Risiko von Blutungen im Rachenraum deutlich.<\/li>\n<\/ul>\n<h3 class=\"ng-star-inserted\"><span class=\"ng-star-inserted\">Profi-Tipps f\u00fcr optimale Ergebnisse:<\/span><\/h3>\n<ul class=\"ng-star-inserted\">\n<li class=\"ng-star-inserted\">Lagerung: Die Shaliteink-Plastisolfarbe sollte bei Raumtemperatur, idealerweise zwischen 18 und 32 \u00b0C, und vor direkter Sonneneinstrahlung gesch\u00fctzt gelagert werden. Bei l\u00e4ngerem Kontakt mit Temperaturen \u00fcber 32 \u00b0C kann die Farbe im Beh\u00e4lter aush\u00e4rten.<\/li>\n<li class=\"ng-star-inserted\">Adjirawar: Sch\u00fctteln Sie die Tinte vor Gebrauch immer gut, um eine gleichm\u00e4\u00dfige Viskosit\u00e4t und Farbwirkung zu gew\u00e4hrleisten.<\/li>\n<li class=\"ng-star-inserted\">Grundierung: Obwohl unser dunkles Zitronengelb einen hohen Opazit\u00e4tswert f\u00fcr den Gelbstich bietet, wird f\u00fcr maximale Farbbrillanz bei sehr dunklen Textilien eine wei\u00dfe Grundierung (z. B. ein hochoptisches Wei\u00df) empfohlen, insbesondere wenn ein einstufiger Druck nicht ausreicht.<\/li>\n<li class=\"ng-star-inserted\">Aries-Wert: F\u00fcr optimale Ergebnisse konsultieren Sie bitte unser technisches Datenblatt mit empfohlenen Aries-Berechnungen f\u00fcr verschiedene Anwendungen. Im Allgemeinen eignen sich die niedrigeren Aries-Werte f\u00fcr deckende Drucke auf dunklen Untergr\u00fcnden.<\/li>\n<\/ul>\n<h3><img decoding=\"async\" class=\"wp-image-3979 size-large aligncenter\" src=\"https:\/\/shaliteink.com\/wp-content\/uploads\/2025\/04\/Deep-Lemon-Yellow-Screen-Printing-Plastisol-Ink-1024x683.jpg\" alt=\"Tief zitronengelbe Plastisol-Siebdrucktinte\" width=\"1024\" height=\"683\" srcset=\"https:\/\/shaliteink.com\/wp-content\/uploads\/2025\/04\/Deep-Lemon-Yellow-Screen-Printing-Plastisol-Ink-1024x683.jpg 1024w, https:\/\/shaliteink.com\/wp-content\/uploads\/2025\/04\/Deep-Lemon-Yellow-Screen-Printing-Plastisol-Ink-300x200.jpg 300w, https:\/\/shaliteink.com\/wp-content\/uploads\/2025\/04\/Deep-Lemon-Yellow-Screen-Printing-Plastisol-Ink-768x512.jpg 768w, https:\/\/shaliteink.com\/wp-content\/uploads\/2025\/04\/Deep-Lemon-Yellow-Screen-Printing-Plastisol-Ink-1536x1024.jpg 1536w, https:\/\/shaliteink.com\/wp-content\/uploads\/2025\/04\/Deep-Lemon-Yellow-Screen-Printing-Plastisol-Ink-2048x1365.jpg 2048w, https:\/\/shaliteink.com\/wp-content\/uploads\/2025\/04\/Deep-Lemon-Yellow-Screen-Printing-Plastisol-Ink-18x12.jpg 18w, https:\/\/shaliteink.com\/wp-content\/uploads\/2025\/04\/Deep-Lemon-Yellow-Screen-Printing-Plastisol-Ink-1200x800.jpg 1200w, https:\/\/shaliteink.com\/wp-content\/uploads\/2025\/04\/Deep-Lemon-Yellow-Screen-Printing-Plastisol-Ink-150x100.jpg 150w\" sizes=\"(max-width: 1024px) 100vw, 1024px\" \/><\/h3>\n<h3 class=\"ng-star-inserted\"><span class=\"ng-star-inserted\">Einfache Reinigung:<\/span><\/h3>\n<p class=\"ng-star-inserted\"><span class=\"ng-star-inserted\">Mit Shaliteink ist die Reinigung nach einem erfolgreichen Druckvorgang ganz einfach. Unser\u00a0<\/span><a href=\"https:\/\/shaliteink.com\/de\/produkt-kategorie\/plastisol-tinte\/\"><strong class=\"ng-star-inserted\"><span class=\"ng-star-inserted\">Plastisol-Tinte<\/span><\/strong><\/a><span class=\"ng-star-inserted\">\u00a0sind so konzipiert, dass sie sich leicht von Sieben und Werkzeugen entfernen lassen.<\/span><\/p>\n<ul class=\"ng-star-inserted\">\n<li class=\"ng-star-inserted\">An der Druckmaschine: Verwenden Sie eine spezielle Plastisol-Druckw\u00e4sche oder einen Tintenentferner.<\/li>\n<li class=\"ng-star-inserted\">Im Waschbecken: Zur vollst\u00e4ndigen Reinigung des Siebs verwenden Sie Plastisol-Siebreiniger\/Tintenentferner, um alle Tintenreste zu entfernen.<\/li>\n<\/ul>\n<h3 class=\"ng-star-inserted\"><span class=\"ng-star-inserted\">Sicherheitsdatenblatt &amp; Farbleitfaden:<\/span><\/h3>\n<p>Ausf\u00fchrliche Sicherheitsinformationen finden Sie in unserem Sicherheitsdatenblatt (SDB). Ein digitaler Farbf\u00fchrer f\u00fcr unser gesamtes Plastisolfarben-Sortiment steht Ihnen ebenfalls zur Verf\u00fcgung, um Ihnen bei der Auswahl der richtigen Farbt\u00f6ne f\u00fcr Ihr n\u00e4chstes Siebdruckprojekt zu helfen.<\/p>\n<p>Erleben Sie noch heute den Shaliteink-Unterschied. Holen Sie sich das Beste zum g\u00fcnstigeren Preis!<\/p>","protected":false},"excerpt":{"rendered":"<p>Shaliteink Deep Lemon Plastisolfarbe \u2013 die Premium-Siebdruckfarbe ohne Phthalate, entwickelt f\u00fcr Profis und ambitionierte Hobbydrucker. Mit zwei Jahrzehnten Erfahrung in der Fertigung bietet Shaliteink eine erstklassige L\u00f6sung, die mit weltbekannten Marken zusammenarbeitet und einzigartige Qualit\u00e4t und Leistung garantiert. Unsere dunkelzitronengelbe Plastisolfarbe sorgt f\u00fcr lebendige, gleichm\u00e4\u00dfige Ergebnisse auf einer Vielzahl von Textilien und l\u00e4sst Ihr Design optimal zur Geltung kommen.<\/p>","protected":false},"featured_media":1445,"comment_status":"open","ping_status":"closed","template":"","meta":[],"product_brand":[],"product_cat":[39],"product_tag":[],"class_list":{"0":"post-1143","1":"product","2":"type-product","3":"status-publish","4":"has-post-thumbnail","6":"product_cat-plastisol-ink","8":"first","9":"instock","10":"shipping-taxable","11":"purchasable","12":"product-type-variable"},"tiered_pricing_type":"fixed","tiered_pricing_fixed_rules":[],"tiered_pricing_product_settings":{"layout":"default","base_unit_name":{"singular":null,"plural":null},"default_variation":null},"tiered_pricing_minimum_quantity":null,"tiered_pricing_roles_data":[],"tiered_pricing_percentage_rules":[],"tiered_pricing_maximum_quantity":null,"tiered_pricing_quantity_step":null,"_links":{"self":[{"href":"https:\/\/shaliteink.com\/de\/wp-json\/wp\/v2\/product\/1143","targetHints":{"allow":["GET"]}}],"collection":[{"href":"https:\/\/shaliteink.com\/de\/wp-json\/wp\/v2\/product"}],"about":[{"href":"https:\/\/shaliteink.com\/de\/wp-json\/wp\/v2\/types\/product"}],"replies":[{"embeddable":true,"href":"https:\/\/shaliteink.com\/de\/wp-json\/wp\/v2\/comments?post=1143"}],"version-history":[{"count":0,"href":"https:\/\/shaliteink.com\/de\/wp-json\/wp\/v2\/product\/1143\/revisions"}],"wp:featuredmedia":[{"embeddable":true,"href":"https:\/\/shaliteink.com\/de\/wp-json\/wp\/v2\/media\/1445"}],"wp:attachment":[{"href":"https:\/\/shaliteink.com\/de\/wp-json\/wp\/v2\/media?parent=1143"}],"wp:term":[{"taxonomy":"product_brand","embeddable":true,"href":"https:\/\/shaliteink.com\/de\/wp-json\/wp\/v2\/product_brand?post=1143"},{"taxonomy":"product_cat","embeddable":true,"href":"https:\/\/shaliteink.com\/de\/wp-json\/wp\/v2\/product_cat?post=1143"},{"taxonomy":"product_tag","embeddable":true,"href":"https:\/\/shaliteink.com\/de\/wp-json\/wp\/v2\/product_tag?post=1143"}],"curies":[{"name":"wp","href":"https:\/\/api.w.org\/{rel}","templated":true}]}}