{"id":1138,"date":"2025-04-11T07:21:11","date_gmt":"2025-04-11T07:21:11","guid":{"rendered":"https:\/\/shaliteink.com\/?post_type=product&#038;p=1138"},"modified":"2025-12-10T11:32:15","modified_gmt":"2025-12-10T11:32:15","slug":"zitronengelbe-siebdruck-plastisolfarbe","status":"publish","type":"product","link":"https:\/\/shaliteink.com\/de\/produkt\/zitronengelbe-siebdruck-plastisolfarbe\/","title":{"rendered":"Zitronengelbe Plastisol-Siebdrucktinte"},"content":{"rendered":"<p>Shaliteink Lemon ist Ingenieur f\u00fcr beides <strong>Zitronengelbe Plastisolfarbe <\/strong>Effizienz und \u00fcberraschende visuelle Effekte. Diese Premium-Siebdruckfarbe ist sofort einsatzbereit und bietet eine gleichm\u00e4\u00dfige, cremige Farbstabilit\u00e4t, die das Drucken vereinfacht. Ob Sie ein erfahrener Profi oder Einsteiger sind \u2013 Sie werden die Benutzerfreundlichkeit und die gleichbleibend hohe Druckqualit\u00e4t zu sch\u00e4tzen wissen. Verabschieden Sie sich von komplizierten Einrichtungsschritten und freuen Sie sich auf brillante, langlebige Designs.<\/p>\n<p><img decoding=\"async\" class=\"wp-image-3976 size-large aligncenter\" src=\"https:\/\/shaliteink.com\/wp-content\/uploads\/2025\/04\/Lemon-Yellow-Screen-Printing-Plastisol-Ink-1024x683.jpg\" alt=\"Zitronengelbe Plastisol-Siebdrucktinte\" width=\"1024\" height=\"683\" srcset=\"https:\/\/shaliteink.com\/wp-content\/uploads\/2025\/04\/Lemon-Yellow-Screen-Printing-Plastisol-Ink-1024x683.jpg 1024w, https:\/\/shaliteink.com\/wp-content\/uploads\/2025\/04\/Lemon-Yellow-Screen-Printing-Plastisol-Ink-300x200.jpg 300w, https:\/\/shaliteink.com\/wp-content\/uploads\/2025\/04\/Lemon-Yellow-Screen-Printing-Plastisol-Ink-768x512.jpg 768w, https:\/\/shaliteink.com\/wp-content\/uploads\/2025\/04\/Lemon-Yellow-Screen-Printing-Plastisol-Ink-1536x1024.jpg 1536w, https:\/\/shaliteink.com\/wp-content\/uploads\/2025\/04\/Lemon-Yellow-Screen-Printing-Plastisol-Ink-2048x1365.jpg 2048w, https:\/\/shaliteink.com\/wp-content\/uploads\/2025\/04\/Lemon-Yellow-Screen-Printing-Plastisol-Ink-18x12.jpg 18w, https:\/\/shaliteink.com\/wp-content\/uploads\/2025\/04\/Lemon-Yellow-Screen-Printing-Plastisol-Ink-1200x800.jpg 1200w, https:\/\/shaliteink.com\/wp-content\/uploads\/2025\/04\/Lemon-Yellow-Screen-Printing-Plastisol-Ink-150x100.jpg 150w\" sizes=\"(max-width: 1024px) 100vw, 1024px\" \/><\/p>\n<h3 class=\"ng-star-inserted\"><span class=\"ng-star-inserted\">Wichtigste Vorteile und Funktionen:<\/span><\/h3>\n<ul class=\"ng-star-inserted\">\n<li class=\"ng-star-inserted\">Leuchtendes und deckendes Zitronengelb: strahlende, kr\u00e4ftige und hochdeckende Drucke, die selbst auf dunkler Kleidung (bei entsprechender Grundierung) richtig zur Geltung kommen. <strong><a href=\"https:\/\/shaliteink.com\/de\/produkt-kategorie\/plastisol-tinte\/\">Plastisol-Tinte<\/a><\/strong> sorgt f\u00fcr h\u00e4ufige Farbs\u00e4ttigung und damit f\u00fcr auff\u00e4llige Ergebnisse.<\/li>\n<li class=\"ng-star-inserted\">Angenehm weiche Drucke: Genie\u00dfen Sie das superweiche Tragegef\u00fchl Ihrer bedruckten Kleidung. Unser Siebdruckverfahren verbindet die Plastisolfarbe mechanisch mit dem Stoff und umh\u00fcllt die Fasern. So entsteht ein komfortabler, flexibler Druck, der nicht rei\u00dft und sich nicht schwer anf\u00fchlt.<\/li>\n<li class=\"ng-star-inserted\">Optimale niedrige Behandlungstemperatur (160 \u00b0C): Profitieren Sie von kurzen Produktionszeiten und erheblichen Energieeinsparungen. Unsere speziell entwickelte Plastisolfarbe h\u00e4rtet effizient bei niedrigen Temperaturen aus, wodurch das Risiko von Versengen oder Einlaufen, insbesondere bei w\u00e4rmeempfindlicher Kleidung, reduziert wird.<\/li>\n<li class=\"ng-star-inserted\">Hervorragende Blitztemperatur (120\u2013140 \u00b0 C \/ 248\u2013284 \u00b0 F): Schnelle Blitzzeiten f\u00fcr Mehrfarbendrucke, Steigerung der Produktivit\u00e4t ohne Kompromisse bei der Druckqualit\u00e4t.<\/li>\n<li class=\"ng-star-inserted\">Universelle Stoffkompatibilit\u00e4t: Dieses vielseitige <strong><a href=\"https:\/\/shaliteink.com\/de\/screen-printing-ink\/\">Siebdruckfarbe<\/a><\/strong> Es eignet sich hervorragend f\u00fcr eine breite Palette von Materialien, darunter 100% Baumwolle, Baumwoll-Polyester-Mischgewebe und sogar einige Polyester-Mischgewebe, was es zur idealen Wahl f\u00fcr verschiedene Projekte macht.<\/li>\n<li class=\"ng-star-inserted\">Nicht-Fu\u00df-Formel: Aus Sicherheits- und Umweltbewusstsein heraus ist die Plastisolfarbe von Shaliteink so konzipiert, dass sie nicht fusselt und somit sowohl Druckern als auch Anwendern Sicherheit bietet.<\/li>\n<li class=\"ng-star-inserted\">Und die Verarbeitung von kurzviskoser Tinte ist einfach: Dank ihrer cremigen, kurzviskosen Konsistenz l\u00e4sst sie sich unglaublich leicht auf der Strukturpresse verarbeiten, was f\u00fcr einen gleichm\u00e4\u00dfigen Farbauftrag und scharfe Details in Ihren Designs sorgt.<br \/>\nFinnisch seidenmatt: Erhalten Sie ein professionelles, seidenmattes Finish, das die optische Wirkung Ihrer gedruckten Grafiken verst\u00e4rkt.<\/li>\n<\/ul>\n<h3 class=\"ng-star-inserted\"><span class=\"ng-star-inserted\">Warum Shaliteink Zitronengelbe Plastisolfarbe w\u00e4hlen?<\/span><\/h3>\n<p>In <strong><a href=\"https:\/\/shaliteink.com\/de\/\">Shaliteink<\/a><\/strong>, Wir verstehen die Anforderungen des modernen Siebdrucks. Unsere zitronengelbe Plastisolfarbe \u00fcberzeugt nicht nur durch ihre Farbe, sondern auch durch Leistung, Zuverl\u00e4ssigkeit und die F\u00e4higkeit, effizient hervorragende Ergebnisse zu erzielen. Die niedrige Behandlungstemperatur ist ein entscheidender Vorteil, der die Stromkosten senkt und den Arbeitsablauf optimiert. Dies ist besonders vorteilhaft bei der Verarbeitung von Polyestergemischen, da die Farbe unterhalb der Ausblutungsgrenze des Polyesters fixiert wird und so ein Auslaufen verhindert wird. Unser Fokus auf eine hochwertige und dennoch erschwingliche Siebdruckfarbe garantiert Ihnen optimale Ergebnisse \u2013 Projekt f\u00fcr Projekt.<\/p>\n<h3 class=\"ng-star-inserted\"><span class=\"ng-star-inserted\">Aush\u00e4rtungshinweise:<\/span><\/h3>\n<p>Eine vollst\u00e4ndige Behandlung ist wichtig f\u00fcr die Haltbarkeit des Drucks. F\u00fcr optimale Ergebnisse mit Shaliteink Zitronengelb Plastisolfarbe:<\/p>\n<ul>\n<li>Behandlungstemperatur: Behandlung bei 160 \u00b0C (320 \u00b0F). Sobald die gesamte Farbschicht diese Temperatur erreicht hat, ist die Farbe vollst\u00e4ndig ausgeh\u00e4rtet.<\/li>\n<li>Blitztemperatur: Blitzen Sie bei 120\u2013140 \u00b0C (248\u2013284 \u00b0F) f\u00fcr 3\u20135 Sekunden. Die Blitzzeit kann je nach Ausr\u00fcstung und Produktionsbedingungen variieren.<\/li>\n<li>Pr\u00fcfung: Wir empfehlen dringend, vor der Serienproduktion einen Dehnungstest und einen Waschtest durchzuf\u00fchren. Bedrucken Sie etwa zwei Drittel der Breite des Kleidungsst\u00fccks. Falls der Druck rei\u00dft und sich nicht wieder in seine urspr\u00fcngliche Form zur\u00fcckbildet, verl\u00e4ngern Sie die Behandlungszeit. F\u00fcnf bis zehn W\u00e4schen best\u00e4tigen die Wirksamkeit der Behandlung.<\/li>\n<li>Profi-Tipp: F\u00fcr eine pr\u00e4zise Behandlung empfiehlt sich die Verwendung einer Ringsonde zur Messung der Tintentemperatur im Inneren. Laserpistolen k\u00f6nnen aufgrund von Reflexionen an der Oberfl\u00e4che irref\u00fchrende Messwerte liefern und zeigen oft 60\u2013100 \u00b0F weniger an als die tats\u00e4chliche Tintentemperatur im Inneren w\u00e4hrend des Behandlungszyklus. Passen Sie Ihre Oberfl\u00e4chentemperaturmessung entsprechend an, um sicherzustellen, dass der Tintenkern gezielt mit einer hohen Oberfl\u00e4chentemperatur von 160 \u00b0C behandelt wird.<\/li>\n<\/ul>\n<h3><img decoding=\"async\" class=\"aligncenter wp-image-3977 size-large\" src=\"https:\/\/shaliteink.com\/wp-content\/uploads\/2025\/04\/Lemon-Yellow-Screen-Printing-Plastisol-Ink-1-1024x683.jpg\" alt=\"Zitronengelbe Plastisol-Siebdrucktinte\" width=\"1024\" height=\"683\" srcset=\"https:\/\/shaliteink.com\/wp-content\/uploads\/2025\/04\/Lemon-Yellow-Screen-Printing-Plastisol-Ink-1-1024x683.jpg 1024w, https:\/\/shaliteink.com\/wp-content\/uploads\/2025\/04\/Lemon-Yellow-Screen-Printing-Plastisol-Ink-1-300x200.jpg 300w, https:\/\/shaliteink.com\/wp-content\/uploads\/2025\/04\/Lemon-Yellow-Screen-Printing-Plastisol-Ink-1-768x512.jpg 768w, https:\/\/shaliteink.com\/wp-content\/uploads\/2025\/04\/Lemon-Yellow-Screen-Printing-Plastisol-Ink-1-1536x1024.jpg 1536w, https:\/\/shaliteink.com\/wp-content\/uploads\/2025\/04\/Lemon-Yellow-Screen-Printing-Plastisol-Ink-1-2048x1365.jpg 2048w, https:\/\/shaliteink.com\/wp-content\/uploads\/2025\/04\/Lemon-Yellow-Screen-Printing-Plastisol-Ink-1-18x12.jpg 18w, https:\/\/shaliteink.com\/wp-content\/uploads\/2025\/04\/Lemon-Yellow-Screen-Printing-Plastisol-Ink-1-1200x800.jpg 1200w, https:\/\/shaliteink.com\/wp-content\/uploads\/2025\/04\/Lemon-Yellow-Screen-Printing-Plastisol-Ink-1-150x100.jpg 150w\" sizes=\"(max-width: 1024px) 100vw, 1024px\" \/><\/h3>\n<h3 class=\"ng-star-inserted\"><span class=\"ng-star-inserted\">Aufr\u00e4umarbeiten:<\/span><\/h3>\n<p class=\"ng-star-inserted\"><span class=\"ng-star-inserted\">Die einfache Reinigung ist ein weiterer Vorteil von\u00a0<\/span><strong class=\"ng-star-inserted\"><span class=\"ng-star-inserted\">Plastisolfarbe von Shaliteink<\/span><\/strong><span class=\"ng-star-inserted\">.<\/span><\/p>\n<ul class=\"ng-star-inserted\">\n<li class=\"ng-star-inserted\">An der Druckmaschine: Verwenden Sie eine spezielle Plastisol-Druckw\u00e4sche oder einen Tintenentferner.<\/li>\n<li>Im Waschbecken: Verwenden Sie Plastisol-Siebreiniger oder Farbl\u00f6ser zur gr\u00fcndlichen Siebreinigung.<\/li>\n<\/ul>\n<h3 class=\"ng-star-inserted\"><span class=\"ng-star-inserted\">Speicherinformationen:<\/span><\/h3>\n<p>Lagern Sie die Shaliteink-Plastisolfarbe bei Raumtemperatur, idealerweise zwischen 18 und 32 \u00b0C, und vermeiden Sie direkte Sonneneinstrahlung. Bei l\u00e4ngerem Kontakt mit Temperaturen \u00fcber 32 \u00b0C kann die Farbe im Beh\u00e4lter aush\u00e4rten.<\/p>\n<h3 class=\"ng-star-inserted\"><span class=\"ng-star-inserted\">Bereit f\u00fcr pr\u00e4zise und brillante Druckergebnisse?<\/span><\/h3>\n<p>F\u00fcr Ihr n\u00e4chstes Siebdruckprojekt w\u00e4hlen Sie Shaliteink Zitronengelb Plastisolfarbe und erleben Sie den Unterschied, der Qualit\u00e4t und Innovation ausmacht. Unser Anspruch an Exzellenz, kombiniert mit unseren attraktiven Preisen direkt vom Hersteller, garantiert Ihnen bestes Siebdruckmaterial ohne Kompromisse. Entdecken Sie unsere gesamte Farbpalette an Plastisolfarben und bringen Sie Ihre Drucke auf ein neues Level!<\/p>","protected":false},"excerpt":{"rendered":"<p>Bringen Sie Ihre Siebdruckprojekte mit Shaliteink Zitronengelb Plastisolfarbe zum Strahlen. Als weltweit f\u00fchrender Anbieter von Plastisolfarben f\u00fcr den Siebdruck mit zwei Jahrzehnten Erfahrung in der Herstellung bieten wir Ihnen direkt vom Hersteller Qualit\u00e4t, auf die Profis vertrauen. Unsere enge Zusammenarbeit mit weltbekannten Marken garantiert Ihnen hochwertige Plastisolfarbe f\u00fcr au\u00dfergew\u00f6hnliche Ergebnisse. Dieser leuchtende Zitronengelbton ist perfekt, um Ihren Textilien Farbe und Pers\u00f6nlichkeit zu verleihen und sicherzustellen, dass Ihr Design mit brillanter Klarheit und einem gro\u00dfartigen Ergebnis besticht.<\/p>","protected":false},"featured_media":1441,"comment_status":"open","ping_status":"closed","template":"","meta":[],"product_brand":[],"product_cat":[39],"product_tag":[],"class_list":{"0":"post-1138","1":"product","2":"type-product","3":"status-publish","4":"has-post-thumbnail","6":"product_cat-plastisol-ink","8":"first","9":"instock","10":"shipping-taxable","11":"purchasable","12":"product-type-variable"},"tiered_pricing_type":"fixed","tiered_pricing_fixed_rules":[],"tiered_pricing_product_settings":{"layout":"default","base_unit_name":{"singular":null,"plural":null},"default_variation":null},"tiered_pricing_minimum_quantity":null,"tiered_pricing_roles_data":[],"tiered_pricing_percentage_rules":[],"tiered_pricing_maximum_quantity":null,"tiered_pricing_quantity_step":null,"_links":{"self":[{"href":"https:\/\/shaliteink.com\/de\/wp-json\/wp\/v2\/product\/1138","targetHints":{"allow":["GET"]}}],"collection":[{"href":"https:\/\/shaliteink.com\/de\/wp-json\/wp\/v2\/product"}],"about":[{"href":"https:\/\/shaliteink.com\/de\/wp-json\/wp\/v2\/types\/product"}],"replies":[{"embeddable":true,"href":"https:\/\/shaliteink.com\/de\/wp-json\/wp\/v2\/comments?post=1138"}],"version-history":[{"count":0,"href":"https:\/\/shaliteink.com\/de\/wp-json\/wp\/v2\/product\/1138\/revisions"}],"wp:featuredmedia":[{"embeddable":true,"href":"https:\/\/shaliteink.com\/de\/wp-json\/wp\/v2\/media\/1441"}],"wp:attachment":[{"href":"https:\/\/shaliteink.com\/de\/wp-json\/wp\/v2\/media?parent=1138"}],"wp:term":[{"taxonomy":"product_brand","embeddable":true,"href":"https:\/\/shaliteink.com\/de\/wp-json\/wp\/v2\/product_brand?post=1138"},{"taxonomy":"product_cat","embeddable":true,"href":"https:\/\/shaliteink.com\/de\/wp-json\/wp\/v2\/product_cat?post=1138"},{"taxonomy":"product_tag","embeddable":true,"href":"https:\/\/shaliteink.com\/de\/wp-json\/wp\/v2\/product_tag?post=1138"}],"curies":[{"name":"wp","href":"https:\/\/api.w.org\/{rel}","templated":true}]}}