{"id":1133,"date":"2025-04-11T07:11:51","date_gmt":"2025-04-11T07:11:51","guid":{"rendered":"https:\/\/shaliteink.com\/?post_type=product&#038;p=1133"},"modified":"2025-12-10T11:29:56","modified_gmt":"2025-12-10T11:29:56","slug":"saureblaue-siebdruck-plastisolfarbe","status":"publish","type":"product","link":"https:\/\/shaliteink.com\/de\/produkt\/saureblaue-siebdruck-plastisolfarbe\/","title":{"rendered":"S\u00e4ureblaue Plastisol-Siebdrucktinte"},"content":{"rendered":"<h2 class=\"ng-star-inserted\"><span class=\"ng-star-inserted\">Warum Shaliteink Acid Blue w\u00e4hlen?\u00a0<\/span><strong class=\"ng-star-inserted\"><span class=\"ng-star-inserted\">Plastisol-Tinte<\/span><\/strong><span class=\"ng-star-inserted\">?<\/span><\/h2>\n<p>In <a href=\"https:\/\/shaliteink.com\/de\/\"><strong>Shaliteink<\/strong><\/a>, Wir verstehen die Anforderungen sowohl von kommerziellen Druckereien als auch von ambitionierten Hobbydruckereien. Deshalb bieten wir Ihnen folgende Leistungen an:<strong> S\u00e4ureblaue Plastisolfarbe<\/strong> Shalietink Acid Blue wurde f\u00fcr einfache Anwendung, optimale Druckergebnisse und lange Haltbarkeit entwickelt. Dies gew\u00e4hrleistet eine sichere Druckumgebung ohne Kompromisse bei der Qualit\u00e4t der phthalatfreien Formel. Von komplexen Designs bis hin zu ausdrucksstarken Grafiken \u2013 Shalietink Acid Blue liefert durchg\u00e4ngig brillante und ansprechende Ergebnisse.<\/p>\n<p><img decoding=\"async\" class=\"wp-image-3974 size-large aligncenter\" src=\"https:\/\/shaliteink.com\/wp-content\/uploads\/2025\/04\/Acid-Blue-Screen-Printing-Plastisol-Ink-1-1024x683.jpg\" alt=\"S\u00e4ureblaue Plastisol-Siebdrucktinte\" width=\"1024\" height=\"683\" srcset=\"https:\/\/shaliteink.com\/wp-content\/uploads\/2025\/04\/Acid-Blue-Screen-Printing-Plastisol-Ink-1-1024x683.jpg 1024w, https:\/\/shaliteink.com\/wp-content\/uploads\/2025\/04\/Acid-Blue-Screen-Printing-Plastisol-Ink-1-300x200.jpg 300w, https:\/\/shaliteink.com\/wp-content\/uploads\/2025\/04\/Acid-Blue-Screen-Printing-Plastisol-Ink-1-768x512.jpg 768w, https:\/\/shaliteink.com\/wp-content\/uploads\/2025\/04\/Acid-Blue-Screen-Printing-Plastisol-Ink-1-1536x1024.jpg 1536w, https:\/\/shaliteink.com\/wp-content\/uploads\/2025\/04\/Acid-Blue-Screen-Printing-Plastisol-Ink-1-2048x1365.jpg 2048w, https:\/\/shaliteink.com\/wp-content\/uploads\/2025\/04\/Acid-Blue-Screen-Printing-Plastisol-Ink-1-18x12.jpg 18w, https:\/\/shaliteink.com\/wp-content\/uploads\/2025\/04\/Acid-Blue-Screen-Printing-Plastisol-Ink-1-1200x800.jpg 1200w, https:\/\/shaliteink.com\/wp-content\/uploads\/2025\/04\/Acid-Blue-Screen-Printing-Plastisol-Ink-1-150x100.jpg 150w\" sizes=\"(max-width: 1024px) 100vw, 1024px\" \/><\/p>\n<p class=\"ng-star-inserted\"><strong class=\"ng-star-inserted\"><span class=\"ng-star-inserted\">Wichtigste Vorteile der Shaliteink Acid Blue Plastisolfarbe:<\/span><\/strong><\/p>\n<ul class=\"ng-star-inserted\">\n<li class=\"ng-star-inserted\">Leuchtendes und kr\u00e4ftiges S\u00e4ureblau: Erzielen Sie mit unserem intensiven, satten S\u00e4ureblau einen wirklich fesselnden Druck.<\/li>\n<li class=\"ng-star-inserted\">Au\u00dfergew\u00f6hnlicher Opkar: Entwickelt f\u00fcr hervorragende Deckkraft auf verschiedenen Kleidungsst\u00fccken, auch auf dunkler Kleidung.<\/li>\n<li class=\"ng-star-inserted\">Angenehm weiches Tragegef\u00fchl: Ihre fertigen Drucke f\u00fchlen sich weich an, die Kleidung erh\u00f6ht den Tragekomfort.<\/li>\n<li class=\"ng-star-inserted\">Zuverl\u00e4ssige Leistung: Einfach zu verarbeiten, bietet eine glatte, cremige Textur f\u00fcr h\u00e4ufiges Drucken.<\/li>\n<li class=\"ng-star-inserted\">Universelle Stoffvertr\u00e4glichkeit: Ideal f\u00fcr eine breite Palette von Textilien, insbesondere 100% Baumwolle, Baumwoll-Polyester-Mischgewebe und mehr.<\/li>\n<li class=\"ng-star-inserted\">Phthalatfreie Formel: Wir setzen auf Sicherheit und Umweltverantwortung.<\/li>\n<li class=\"ng-star-inserted\">Qualit\u00e4t direkt vom Hersteller: Unsere zwanzigj\u00e4hrige Fertigungserfahrung und die Einsparungen durch Direktbezug vom Hersteller.<\/li>\n<\/ul>\n<p>Egal ob Sie individuelle Bekleidung, Kampagnenartikel oder k\u00fcnstlerische Kleidung herstellen, die s\u00e4ureblaue Plastisolfarbe von shaliteink bietet Ihnen professionelle L\u00f6sungen, die Ihre Designs optimal zur Geltung bringen.<\/p>\n<h2 class=\"ng-star-inserted\"><strong class=\"ng-star-inserted\"><span class=\"ng-star-inserted\">Aush\u00e4rtungs- und Blitzrichtlinien<\/span><\/strong><span class=\"ng-star-inserted\">\u00a0f\u00fcr optimale Ergebnisse<\/span><\/h2>\n<p>F\u00fcr Waschbest\u00e4ndigkeit und ein professionelles Ergebnis ist ein vollst\u00e4ndig fixierter Druck unerl\u00e4sslich. Die s\u00e4ureblaue Plastisolfarbe von Shaliteink ist f\u00fcr eine zuverl\u00e4ssige Anwendung konzipiert und gew\u00e4hrleistet, dass Ihre Designs auch nach h\u00e4ufigem Waschen nicht verblassen.<\/p>\n<ul>\n<li>Behandlungstemperatur: Unsere Plastisolfarbe h\u00e4rtet bei 160 \u00b0C (320 \u00b0F) in der gesamten Farbschicht vollst\u00e4ndig aus.<\/li>\n<li>Blitztemperatur: F\u00fcr effizientes Multisplend-Drucken oder Untermalen 3\u20135 Sekunden lang bei 120 \u00b0C bis 140 \u00b0C (248 \u00b0F bis 284 \u00b0F) blitztrocknen. Dadurch entsteht eine Haut auf der Tinte, die optimale Bedruckbarkeit gew\u00e4hrleistet und ein Verschmieren der nachfolgenden Schichten verhindert.<\/li>\n<\/ul>\n<p>Profi-Tipp zur Behandlung: Oberfl\u00e4chentemperaturmessger\u00e4te sind zwar hilfreich, liefern aber nur einen Richtwert. F\u00fcr eine pr\u00e4zise Behandlung, insbesondere bei dicken Farbschichten, muss die Farbschicht 160 \u00b0C erreichen. Um die korrekte Behandlung zu gew\u00e4hrleisten, f\u00fchren Sie vor der Produktion einen Dehnungs- und einen Waschtest an einem Stoffmuster durch. Ein optimal behandelter Druck rei\u00dft mit dem Stoff und \u00fcbersteht mehrere W\u00e4schen.<\/p>\n<h2 class=\"ng-star-inserted\"><strong class=\"ng-star-inserted\"><span class=\"ng-star-inserted\">Aufr\u00e4umen &amp; Einlagern<\/span><\/strong><\/h2>\n<p>Die Instandhaltung Ihrer Ausr\u00fcstung und die Erhaltung Ihrer <strong><a href=\"https:\/\/shaliteink.com\/de\/produkt-kategorie\/plastisol-tinte\/\">Plastisol-Tinte<\/a><\/strong> Mit Shaliteink ist es ganz einfach.<\/p>\n<ul>\n<li>Auf dem Sieb: Reinigen Sie das Sieb und pressen Sie es schnell ab. Verwenden Sie dazu ein spezielles Reinigungsmittel f\u00fcr Plastisolfarbenpressen oder einen Farbentferner.<\/li>\n<li>Reinigung von Sieb und Druckmaschinen: Zur vollst\u00e4ndigen Reinigung von Sieb und Werkzeugen der Druckmaschine verwenden Sie ein starkes Siebreinigungsmittel\/Farbenl\u00f6ser.<\/li>\n<\/ul>\n<p>Lagerung: Die Shaliteink-Plastisolfarbe sollte k\u00fchl und trocken, idealerweise zwischen 18 \u00b0C und 32 \u00b0C, gelagert werden. Direkte Sonneneinstrahlung und l\u00e4ngere Einwirkung von Temperaturen \u00fcber 32 \u00b0C sind zu vermeiden, da die Farbe sonst im Beh\u00e4lter aush\u00e4rten kann.<\/p>\n<h2 class=\"ng-star-inserted\"><strong class=\"ng-star-inserted\"><span class=\"ng-star-inserted\">Expertentipps f\u00fcr den Siebdruck mit Shaliteink Plastisolfarbe<\/span><\/strong><\/h2>\n<ul class=\"ng-star-inserted\">\n<li class=\"ng-star-inserted\">Grundierung bei dunklen Farben: F\u00fcr ein besonders leuchtendes, kr\u00e4ftiges Acid-Blau auf dunkler Kleidung empfehlen wir, gro\u00dfz\u00fcgig Wei\u00df als Grundierung aufzutragen. Dadurch kommen die Farben erst richtig zur Geltung.<\/li>\n<li class=\"ng-star-inserted\">Widder-Z\u00e4hlung: W\u00e4hlen Sie Ihre Designdetails und die passende Widder-Berechnung f\u00fcr den gew\u00fcnschten Farbauftrag. Feine Siebe eignen sich im Allgemeinen f\u00fcr gro\u00dffl\u00e4chige Drucke, w\u00e4hrend grobe Siebe f\u00fcr dicke Farbauftr\u00e4ge verwendet werden.<\/li>\n<li class=\"ng-star-inserted\">Print-Flash-Print: F\u00fcr maximalen Kontrast und Leuchtkraft, insbesondere auf dunkler Kleidung, empfiehlt sich die Print-Flash-Print-Technik mit niedrigerem Aries-Siebdruck.<\/li>\n<li class=\"ng-star-inserted\">Dehnungstest: F\u00fchren Sie nach dem Aush\u00e4rten immer einen Dehnungstest durch. Wenn sich die Risse in der Tinte nicht zur\u00fcckbilden, ist die Aush\u00e4rtung m\u00f6glicherweise unzureichend. Verl\u00e4ngern Sie die Verweildauer im Trockner.<\/li>\n<li class=\"ng-star-inserted\">Waschtest: Lassen Sie die Tinte nach dem Auftragen 24 Stunden lang vollst\u00e4ndig eintrocknen und f\u00fchren Sie dann einen Waschtest durch, um die Haltbarkeit zu \u00fcberpr\u00fcfen.<\/li>\n<\/ul>\n<p class=\"ng-star-inserted\"><span class=\"ng-star-inserted\">Shaliteink ist Ihr vertrauensw\u00fcrdiger Partner f\u00fcr Premium-Produkte.\u00a0<\/span><strong class=\"ng-star-inserted\"><span class=\"ng-star-inserted\">Siebdruckzubeh\u00f6r<\/span><\/strong><span class=\"ng-star-inserted\">. Unser Qualit\u00e4tsanspruch in Kombination mit unserem Direktvertrieb ab Werk bedeutet, dass Sie das Beste erhalten.\u00a0<\/span><strong class=\"ng-star-inserted\"><span class=\"ng-star-inserted\">Plastisol-Tinte<\/span><\/strong><span class=\"ng-star-inserted\">\u00a0zu einem unschlagbaren Preis. Entdecken Sie unser gesamtes Sortiment.\u00a0<\/span><strong class=\"ng-star-inserted\"><span class=\"ng-star-inserted\">Plastisol-Tinten<\/span><\/strong><span class=\"ng-star-inserted\">\u00a0und verbessern Sie Ihre Druckprozesse noch heute!<\/span><\/p>\n<p><img decoding=\"async\" class=\"wp-image-3973 size-large aligncenter\" src=\"https:\/\/shaliteink.com\/wp-content\/uploads\/2025\/04\/Acid-Blue-Screen-Printing-Plastisol-Ink-1024x683.jpg\" alt=\"S\u00e4ureblaue Plastisol-Siebdrucktinte\" width=\"1024\" height=\"683\" srcset=\"https:\/\/shaliteink.com\/wp-content\/uploads\/2025\/04\/Acid-Blue-Screen-Printing-Plastisol-Ink-1024x683.jpg 1024w, https:\/\/shaliteink.com\/wp-content\/uploads\/2025\/04\/Acid-Blue-Screen-Printing-Plastisol-Ink-300x200.jpg 300w, https:\/\/shaliteink.com\/wp-content\/uploads\/2025\/04\/Acid-Blue-Screen-Printing-Plastisol-Ink-768x512.jpg 768w, https:\/\/shaliteink.com\/wp-content\/uploads\/2025\/04\/Acid-Blue-Screen-Printing-Plastisol-Ink-1536x1024.jpg 1536w, https:\/\/shaliteink.com\/wp-content\/uploads\/2025\/04\/Acid-Blue-Screen-Printing-Plastisol-Ink-2048x1365.jpg 2048w, https:\/\/shaliteink.com\/wp-content\/uploads\/2025\/04\/Acid-Blue-Screen-Printing-Plastisol-Ink-18x12.jpg 18w, https:\/\/shaliteink.com\/wp-content\/uploads\/2025\/04\/Acid-Blue-Screen-Printing-Plastisol-Ink-1200x800.jpg 1200w, https:\/\/shaliteink.com\/wp-content\/uploads\/2025\/04\/Acid-Blue-Screen-Printing-Plastisol-Ink-150x100.jpg 150w\" sizes=\"(max-width: 1024px) 100vw, 1024px\" \/><\/p>","protected":false},"excerpt":{"rendered":"<p>Shaliteink Acid Blue Siebdruck \u2013 Entdecken Sie die Welt brillanter Farben und professioneller Ergebnisse mit Plastisolfarbe. Seit zwei Jahrzehnten ist Shaliteink weltweit f\u00fchrend in der Herstellung hochwertiger Siebdruckfarben und bietet Qualit\u00e4t direkt vom Hersteller, auf die sich weltbekannte Marken verlassen k\u00f6nnen. Unsere Acid Blue Plastisolfarbe wurde sorgf\u00e4ltig entwickelt, um Ihnen \u00fcberraschende Leuchtkraft f\u00fcr all Ihre Textildruckanforderungen, au\u00dfergew\u00f6hnliche Deckkraft und zuverl\u00e4ssige Leistung zu bieten. Erleben Sie den Unterschied, der aus jahrelanger Erfahrung und h\u00f6chstem Qualit\u00e4tsanspruch resultiert.<\/p>","protected":false},"featured_media":1511,"comment_status":"open","ping_status":"closed","template":"","meta":[],"product_brand":[],"product_cat":[39],"product_tag":[],"class_list":{"0":"post-1133","1":"product","2":"type-product","3":"status-publish","4":"has-post-thumbnail","6":"product_cat-plastisol-ink","8":"first","9":"instock","10":"shipping-taxable","11":"purchasable","12":"product-type-variable"},"tiered_pricing_type":"fixed","tiered_pricing_fixed_rules":[],"tiered_pricing_product_settings":{"layout":"default","base_unit_name":{"singular":null,"plural":null},"default_variation":null},"tiered_pricing_minimum_quantity":null,"tiered_pricing_roles_data":[],"tiered_pricing_percentage_rules":[],"tiered_pricing_maximum_quantity":null,"tiered_pricing_quantity_step":null,"_links":{"self":[{"href":"https:\/\/shaliteink.com\/de\/wp-json\/wp\/v2\/product\/1133","targetHints":{"allow":["GET"]}}],"collection":[{"href":"https:\/\/shaliteink.com\/de\/wp-json\/wp\/v2\/product"}],"about":[{"href":"https:\/\/shaliteink.com\/de\/wp-json\/wp\/v2\/types\/product"}],"replies":[{"embeddable":true,"href":"https:\/\/shaliteink.com\/de\/wp-json\/wp\/v2\/comments?post=1133"}],"version-history":[{"count":0,"href":"https:\/\/shaliteink.com\/de\/wp-json\/wp\/v2\/product\/1133\/revisions"}],"wp:featuredmedia":[{"embeddable":true,"href":"https:\/\/shaliteink.com\/de\/wp-json\/wp\/v2\/media\/1511"}],"wp:attachment":[{"href":"https:\/\/shaliteink.com\/de\/wp-json\/wp\/v2\/media?parent=1133"}],"wp:term":[{"taxonomy":"product_brand","embeddable":true,"href":"https:\/\/shaliteink.com\/de\/wp-json\/wp\/v2\/product_brand?post=1133"},{"taxonomy":"product_cat","embeddable":true,"href":"https:\/\/shaliteink.com\/de\/wp-json\/wp\/v2\/product_cat?post=1133"},{"taxonomy":"product_tag","embeddable":true,"href":"https:\/\/shaliteink.com\/de\/wp-json\/wp\/v2\/product_tag?post=1133"}],"curies":[{"name":"wp","href":"https:\/\/api.w.org\/{rel}","templated":true}]}}