{"id":1128,"date":"2025-04-11T07:05:50","date_gmt":"2025-04-11T07:05:50","guid":{"rendered":"https:\/\/shaliteink.com\/?post_type=product&#038;p=1128"},"modified":"2025-12-10T11:29:40","modified_gmt":"2025-12-10T11:29:40","slug":"hellblaue-siebdruck-plastisolfarbe","status":"publish","type":"product","link":"https:\/\/shaliteink.com\/de\/produkt\/hellblaue-siebdruck-plastisolfarbe\/","title":{"rendered":"Leuchtend blaue Plastisol-Tinte f\u00fcr Siebdruck"},"content":{"rendered":"<h3 class=\"ng-star-inserted\"><span class=\"ng-star-inserted\">Warum Shaliteink Bright Blue Plastisolfarbe w\u00e4hlen?<\/span><\/h3>\n<p>Unser <strong>leuchtend blaue Plastisolfarbe<\/strong> Es wurde sowohl f\u00fcr erfahrene Profis als auch f\u00fcr Anf\u00e4nger entwickelt, was jedes Mal bessere Ergebnisse gew\u00e4hrleistet. <strong><a href=\"https:\/\/shaliteink.com\/de\/produkt-kategorie\/plastisol-tinte\/\">Siebdruckfarbe<\/a><\/strong> ist Teil unserer Hauptproduktlinie f\u00fcr Plastisolfarben, die mit h\u00f6chster Pr\u00e4zision und umfassendem Verst\u00e4ndnis der Anforderungen von Siebdruckern hergestellt wird. Erleben Sie mit Shaliteink ein neues Niveau an Effizienz und K\u00f6nnen.<\/p>\n<p><img decoding=\"async\" class=\"wp-image-3970 size-large aligncenter\" src=\"https:\/\/shaliteink.com\/wp-content\/uploads\/2025\/04\/Bright-Blue-Screen-Printing-Plastisol-Ink-1024x683.jpg\" alt=\"Leuchtend blaue Plastisol-Tinte f\u00fcr Siebdruck\" width=\"1024\" height=\"683\" srcset=\"https:\/\/shaliteink.com\/wp-content\/uploads\/2025\/04\/Bright-Blue-Screen-Printing-Plastisol-Ink-1024x683.jpg 1024w, https:\/\/shaliteink.com\/wp-content\/uploads\/2025\/04\/Bright-Blue-Screen-Printing-Plastisol-Ink-300x200.jpg 300w, https:\/\/shaliteink.com\/wp-content\/uploads\/2025\/04\/Bright-Blue-Screen-Printing-Plastisol-Ink-768x512.jpg 768w, https:\/\/shaliteink.com\/wp-content\/uploads\/2025\/04\/Bright-Blue-Screen-Printing-Plastisol-Ink-1536x1024.jpg 1536w, https:\/\/shaliteink.com\/wp-content\/uploads\/2025\/04\/Bright-Blue-Screen-Printing-Plastisol-Ink-2048x1365.jpg 2048w, https:\/\/shaliteink.com\/wp-content\/uploads\/2025\/04\/Bright-Blue-Screen-Printing-Plastisol-Ink-18x12.jpg 18w, https:\/\/shaliteink.com\/wp-content\/uploads\/2025\/04\/Bright-Blue-Screen-Printing-Plastisol-Ink-1200x800.jpg 1200w, https:\/\/shaliteink.com\/wp-content\/uploads\/2025\/04\/Bright-Blue-Screen-Printing-Plastisol-Ink-150x100.jpg 150w\" sizes=\"(max-width: 1024px) 100vw, 1024px\" \/><\/p>\n<p class=\"ng-star-inserted\"><strong class=\"ng-star-inserted\"><span class=\"ng-star-inserted\">Wichtigste Vorteile und Funktionen:<\/span><\/strong><\/p>\n<ul class=\"ng-star-inserted\">\n<li class=\"ng-star-inserted\">Leuchtende und kr\u00e4ftige Farben: Sichern Sie sich die auff\u00e4lligen, naturgetreuen, gl\u00e4nzenden blauen Drucke, die im Au\u00dfenbereich sofort ins Auge fallen.<\/li>\n<li class=\"ng-star-inserted\">H\u00f6here Deckkraft: Unsere Plastisolfarbe bietet eine ausgezeichnete Deckkraft, auch auf dunkler Kleidung, und reduziert oft den Bedarf an vielen Farbdurchg\u00e4ngen.<\/li>\n<li class=\"ng-star-inserted\">Weiche Handabdr\u00fccke: Genie\u00dfen Sie ein glattes, weiches Tragegef\u00fchl Ihrer bedruckten Kleidung und erh\u00f6hen Sie so den Tragekomfort.<\/li>\n<li class=\"ng-star-inserted\">Die Verarbeitung ist einfach: Dank der kurzviskosen Textur unserer Siebdruck-Plastisolfarbe l\u00e4sst sie sich unglaublich leicht r\u00fchren, bedrucken und reinigen.<\/li>\n<li class=\"ng-star-inserted\">Universelle Stoffvertr\u00e4glichkeit: Ideal f\u00fcr verschiedene Arten von Kleidung, insbesondere f\u00fcr 100% Baumwolle und verschiedene Mischgewebe.<\/li>\n<li class=\"ng-star-inserted\">Phthalatfreie Formel: Wir setzen auf Sicherheit und Umweltverantwortung.<\/li>\n<li class=\"ng-star-inserted\">Individuelle Behandlung: Entwickelt f\u00fcr eine effiziente Behandlung bei minimalem Energieverbrauch.<\/li>\n<\/ul>\n<h3 class=\"ng-star-inserted\"><span class=\"ng-star-inserted\">Produktdetails<\/span><\/h3>\n<p>Unsere leuchtend blaue Plastisolfarbe f\u00fcr den Siebdruck erzielt ein zentimetergl\u00e4nzendes Finish und verleiht Ihren Drucken ein professionelles Aussehen. Die hohe Farbst\u00e4rke erm\u00f6glicht einen begrenzten Farbauftrag und kurze Abl\u00fcftzeiten, was Ihren Produktionsablauf optimiert. Beim Bedrucken dunkler Untergr\u00fcnde empfehlen wir die Druck-Abl\u00fcft-Druck-Technik oder die Verwendung einer wei\u00dfen Grundierung f\u00fcr optimale Farbwiedergabe. F\u00fcr einfarbige Drucke erzielen Sie die besten Ergebnisse auf einem leuchtend blauen oder hellen Untergrund.<\/p>\n<h3 class=\"ng-star-inserted\"><span class=\"ng-star-inserted\">Aush\u00e4rtungshinweise f\u00fcr Shaliteink Plastisolfarbe<\/span><\/h3>\n<p>Die optimale Behandlung ist entscheidend f\u00fcr die Haltbarkeit des Drucks. Unsere leuchtend blaue Plastisolfarbe bietet Ihnen ein individuell anpassbares Behandlungsprofil, um Zeit und Energie zu sparen.<\/p>\n<ul>\n<li>Behandlungstemperatur: Unsere Tinte ist f\u00fcr eine Behandlungstemperatur von 160 \u00b0C (320 \u00b0F) ausgelegt. Stellen Sie sicher, dass die gesamte Tintenschicht diese Temperatur erreicht und beibeh\u00e4lt, um eine optimale Aush\u00e4rtung zu gew\u00e4hrleisten.<\/li>\n<li>Blitztemperatur: Blitzen Sie bei 120 \u00b0C bis 140 \u00b0C (248 \u00b0F bis 284 \u00b0F) f\u00fcr etwa 3\u20135 Sekunden. Die Blitzdauer kann je nach Ger\u00e4t und Konfiguration variieren.<\/li>\n<\/ul>\n<p><strong class=\"ng-star-inserted\"><span class=\"ng-star-inserted\">Wichtige Hinweise zur Aush\u00e4rtung:<\/span><\/strong><\/p>\n<p>Um die Behandlung vollst\u00e4ndig zu testen, lassen Sie das T-Shirt 5\u201310 Mal waschen. Zeigt der Druck bereits nach 1\u20133 W\u00e4schen Abnutzungserscheinungen, ist die Behandlung unzureichend. Ein weiterer schneller Test ist der Dehnungstest: Dehnen Sie den Druck auf etwa zwei Drittel der L\u00e4nge des T-Shirts aus. Rei\u00dft der Druck dabei und zieht er sich nicht zur\u00fcck, ist die Behandlung ebenfalls unzureichend. Wir empfehlen, vor der Serienproduktion einen Dehnungs- und einen Waschtest im kleinen Ma\u00dfstab durchzuf\u00fchren, um die korrekte Behandlung und den Druck zu gew\u00e4hrleisten. Verl\u00e4ngern Sie die Behandlungszeit, falls die Tests fehlschlagen.<\/p>\n<p><strong class=\"ng-star-inserted\"><span class=\"ng-star-inserted\">Polyestermischungen &amp; Farbstoffmigration:<\/span><\/strong><\/p>\n<p>Unsere Plastisolfarbe wurde speziell entwickelt, um das Ausbluten von Polyestergemischen zu reduzieren. Durch eine Behandlung bei 160 \u00b0C l\u00e4sst sich das Risiko der Farbstoffmigration deutlich verringern. Die meisten Polyester-Textilfarben werden bei Temperaturen zwischen 132 \u00b0C und 139 \u00b0C (270 \u00b0F\u2013300 \u00b0F) fixiert. Eine Behandlung unterhalb dieses Bereichs tr\u00e4gt dazu bei, dass die Farben wieder in den gasf\u00f6rmigen Zustand \u00fcbergehen und das Ausbluten der Farbe verhindert wird.<\/p>\n<p><strong class=\"ng-star-inserted\"><span class=\"ng-star-inserted\">Profi-Tipp zur Temperaturmessung:<\/span><\/strong><\/p>\n<p>Beachten Sie, dass Laser-Thermometer nur Oberfl\u00e4chentemperaturen messen und daher irref\u00fchrend sein k\u00f6nnen. Um die Temperatur der inneren Tintenschicht exakt zu bestimmen, empfiehlt sich die Verwendung eines Ringf\u00fchlers. Die Oberfl\u00e4chentemperatur kann, insbesondere in kleinen Trockentunneln, um 60\u2013100 \u00b0F von der tats\u00e4chlichen Kerntemperatur der Tinte abweichen. Faktoren wie Tintendicke, Ausgangstemperatur der Tinte und L\u00e4nge des Trockentunnels beeinflussen die gemessenen Zeiten.<\/p>\n<p><img decoding=\"async\" class=\"aligncenter wp-image-3971 size-large\" src=\"https:\/\/shaliteink.com\/wp-content\/uploads\/2025\/04\/Bright-Blue-Screen-Printing-Plastisol-Ink-1-1024x683.jpg\" alt=\"Leuchtend blaue Plastisol-Tinte f\u00fcr Siebdruck\" width=\"1024\" height=\"683\" srcset=\"https:\/\/shaliteink.com\/wp-content\/uploads\/2025\/04\/Bright-Blue-Screen-Printing-Plastisol-Ink-1-1024x683.jpg 1024w, https:\/\/shaliteink.com\/wp-content\/uploads\/2025\/04\/Bright-Blue-Screen-Printing-Plastisol-Ink-1-300x200.jpg 300w, https:\/\/shaliteink.com\/wp-content\/uploads\/2025\/04\/Bright-Blue-Screen-Printing-Plastisol-Ink-1-768x512.jpg 768w, https:\/\/shaliteink.com\/wp-content\/uploads\/2025\/04\/Bright-Blue-Screen-Printing-Plastisol-Ink-1-1536x1024.jpg 1536w, https:\/\/shaliteink.com\/wp-content\/uploads\/2025\/04\/Bright-Blue-Screen-Printing-Plastisol-Ink-1-2048x1365.jpg 2048w, https:\/\/shaliteink.com\/wp-content\/uploads\/2025\/04\/Bright-Blue-Screen-Printing-Plastisol-Ink-1-18x12.jpg 18w, https:\/\/shaliteink.com\/wp-content\/uploads\/2025\/04\/Bright-Blue-Screen-Printing-Plastisol-Ink-1-1200x800.jpg 1200w, https:\/\/shaliteink.com\/wp-content\/uploads\/2025\/04\/Bright-Blue-Screen-Printing-Plastisol-Ink-1-150x100.jpg 150w\" sizes=\"(max-width: 1024px) 100vw, 1024px\" \/><\/p>\n<h3 class=\"ng-star-inserted\"><span class=\"ng-star-inserted\">Aufr\u00e4umen &amp; Einlagern<\/span><\/h3>\n<p>Mit shaliteink ist die Wartung Ihrer Ger\u00e4te und die Schonung Ihrer Tinte ganz einfach.<\/p>\n<ul>\n<li>An der Druckmaschine: Verwenden Sie ein spezielles Plastisol-Druckmaschinenreinigungsmittel\/Farbenentferner f\u00fcr eine effiziente Reinigung.<\/li>\n<li>Im Waschbecken: Ein Plastisol-Siebreiniger\/Tintenentferner reinigt Ihren Siebdruck effektiv.<\/li>\n<\/ul>\n<p><strong class=\"ng-star-inserted\"><span class=\"ng-star-inserted\">Speicherinformationen:<\/span><\/strong><\/p>\n<p>Speichern Sie Ihre Shaliteink <strong><a href=\"https:\/\/shaliteink.com\/de\/produkt-kategorie\/plastisol-tinte\/\">Plastisol-Tinte<\/a><\/strong> Bei Raumtemperatur, idealerweise zwischen 18 \u00b0C und 32 \u00b0C, lagern und direkte Sonneneinstrahlung vermeiden. Bei l\u00e4ngerem Kontakt mit Temperaturen \u00fcber 32 \u00b0C kann die Tinte im Beh\u00e4lter reagieren und ihre Funktion beeintr\u00e4chtigen.<\/p>\n<h3 class=\"ng-star-inserted\"><span class=\"ng-star-inserted\">Sicherheitsdatenblatt<\/span><\/h3>\n<p>Detaillierte Sicherheitsinformationen finden Sie in unserem Sicherheitsdatenblatt (SDB), das auf unserer Website zum Download bereitsteht.<\/p>","protected":false},"excerpt":{"rendered":"<p>Shaliteink ist ein weltweit f\u00fchrender Anbieter von Plastisol-Siebdruckfarben und verf\u00fcgt \u00fcber zwanzig Jahre Erfahrung in der Herstellung sowie Direktvertrieb ab Werk. Wir arbeiten mit vielen weltbekannten Marken zusammen und bieten Ihnen Premiumqualit\u00e4t und herausragende Leistung. Unsere leuchtend blaue Plastisol-Siebdruckfarbe verleiht Ihren Druckprojekten atemberaubende Farbbrillanz und ist dabei besonders benutzerfreundlich.<\/p>","protected":false},"featured_media":1473,"comment_status":"open","ping_status":"closed","template":"","meta":[],"product_brand":[],"product_cat":[39],"product_tag":[],"class_list":{"0":"post-1128","1":"product","2":"type-product","3":"status-publish","4":"has-post-thumbnail","6":"product_cat-plastisol-ink","8":"first","9":"instock","10":"shipping-taxable","11":"purchasable","12":"product-type-variable"},"tiered_pricing_type":"fixed","tiered_pricing_fixed_rules":[],"tiered_pricing_product_settings":{"layout":"default","base_unit_name":{"singular":null,"plural":null},"default_variation":null},"tiered_pricing_minimum_quantity":null,"tiered_pricing_roles_data":[],"tiered_pricing_percentage_rules":[],"tiered_pricing_maximum_quantity":null,"tiered_pricing_quantity_step":null,"_links":{"self":[{"href":"https:\/\/shaliteink.com\/de\/wp-json\/wp\/v2\/product\/1128","targetHints":{"allow":["GET"]}}],"collection":[{"href":"https:\/\/shaliteink.com\/de\/wp-json\/wp\/v2\/product"}],"about":[{"href":"https:\/\/shaliteink.com\/de\/wp-json\/wp\/v2\/types\/product"}],"replies":[{"embeddable":true,"href":"https:\/\/shaliteink.com\/de\/wp-json\/wp\/v2\/comments?post=1128"}],"version-history":[{"count":0,"href":"https:\/\/shaliteink.com\/de\/wp-json\/wp\/v2\/product\/1128\/revisions"}],"wp:featuredmedia":[{"embeddable":true,"href":"https:\/\/shaliteink.com\/de\/wp-json\/wp\/v2\/media\/1473"}],"wp:attachment":[{"href":"https:\/\/shaliteink.com\/de\/wp-json\/wp\/v2\/media?parent=1128"}],"wp:term":[{"taxonomy":"product_brand","embeddable":true,"href":"https:\/\/shaliteink.com\/de\/wp-json\/wp\/v2\/product_brand?post=1128"},{"taxonomy":"product_cat","embeddable":true,"href":"https:\/\/shaliteink.com\/de\/wp-json\/wp\/v2\/product_cat?post=1128"},{"taxonomy":"product_tag","embeddable":true,"href":"https:\/\/shaliteink.com\/de\/wp-json\/wp\/v2\/product_tag?post=1128"}],"curies":[{"name":"wp","href":"https:\/\/api.w.org\/{rel}","templated":true}]}}