{"id":1109,"date":"2025-04-11T06:18:04","date_gmt":"2025-04-11T06:18:04","guid":{"rendered":"https:\/\/shaliteink.com\/?post_type=product&#038;p=1109"},"modified":"2025-12-10T11:32:03","modified_gmt":"2025-12-10T11:32:03","slug":"tiefblaue-siebdruck-plastisolfarbe","status":"publish","type":"product","link":"https:\/\/shaliteink.com\/de\/produkt\/tiefblaue-siebdruck-plastisolfarbe\/","title":{"rendered":"Tiefblaue Plastisol-Tinte f\u00fcr Siebdruck"},"content":{"rendered":"<p class=\"ng-star-inserted\"><strong class=\"ng-star-inserted\"><span class=\"ng-star-inserted\">Wichtigste Vorteile und Funktionen:<\/span><\/strong><\/p>\n<ul class=\"ng-star-inserted\">\n<li class=\"ng-star-inserted\">Optimale Aush\u00e4rtung: Erzielen Sie perfekte Druckergebnisse durch gleichm\u00e4\u00dfige Aush\u00e4rtung bei 160 \u00b0C (320 \u00b0F). Unsere sorgf\u00e4ltig entwickelte Formel <strong><a href=\"https:\/\/shaliteink.com\/de\/produkt-kategorie\/plastisol-tinte\/\">Plastisol-Tinte<\/a> <\/strong>garantiert eine vollst\u00e4ndige Polymerisation und gew\u00e4hrleistet so maximale Waschbarkeit und Haltbarkeit.<\/li>\n<li>Weiches Handgef\u00fchl: Trotz seiner hohen Deckkraft ist Shaliteink <strong>Tiefblaue Siebdruckfarbe<\/strong> verleiht ein unglaublich weiches Griffgef\u00fchl und macht Ihre Stoffe dadurch angenehm und begehrenswert.<\/li>\n<li>Universelle Stoffvertr\u00e4glichkeit: Entwickelt f\u00fcr optimale Ergebnisse auf einer Vielzahl von Stoffen, von reiner Baumwolle (100%) bis hin zu verschiedenen Mischgeweben. Diese Vielseitigkeit macht es zur ersten Wahl f\u00fcr jedes Projekt.<\/li>\n<li>Hervorragende Eigenschaften hinsichtlich geringem Ausbluten: Dank seiner fortschrittlichen Formel reduziert es die Farbstoffmigration auf Polyester- und Mischgeweben. So bleiben Ihre dunkelblauen Drucke gestochen scharf und frei von unerw\u00fcnschten Verf\u00e4rbungen.<\/li>\n<li>Phthalatfreie Formel: Wir setzen uns f\u00fcr Sicherheit und Umweltverantwortung ein., <strong><a href=\"https:\/\/shaliteink.com\/de\/\">Shaliteink<\/a><\/strong> Plastisolfarbe ist phthalatfrei und bietet somit Sicherheit sowohl f\u00fcr Drucker als auch f\u00fcr Endverbraucher.<\/li>\n<li>Hohe Deckkraft: Erzielen Sie brillante, lebendige, tiefblaue Drucke auf hellen wie dunklen Stoffen mit au\u00dfergew\u00f6hnlicher Deckkraft, oft mit weniger Druckvorg\u00e4ngen.<\/li>\n<li>Benutzerfreundliche Konsistenz: Unsere Plastisolfarben haben eine cremige, feink\u00f6rnige Textur, die sich leicht verarbeiten l\u00e4sst und f\u00fcr ein reibungsloses, intuitives Drucken sowie eine hervorragende Detailwiedergabe sorgt.<\/li>\n<li>Seidengl\u00e4nzendes Finish: Sorgt f\u00fcr ein professionelles, seidenmattes Finish, das die optische Wirkung Ihrer Designs verst\u00e4rkt und ihnen ein edles und hochwertiges Aussehen verleiht.<\/li>\n<li>Schnelles Abl\u00fcften und effiziente Produktion: Mit einem Abl\u00fcfttemperaturbereich von 120 \u00b0C bis 140 \u00b0C (248 \u00b0F bis 284 \u00b0F) erm\u00f6glicht die Shaliteink Deep Blue Plastisolfarbe schnelle Produktionszyklen, steigert die Effizienz Ihres Betriebs und senkt die Energiekosten.<\/li>\n<\/ul>\n<p><img decoding=\"async\" class=\"wp-image-3961 size-large aligncenter\" src=\"https:\/\/shaliteink.com\/wp-content\/uploads\/2025\/04\/Deep-Blue-Screen-Printing-Plastisol-Ink-1024x683.jpg\" alt=\"Tiefblaue Plastisol-Tinte f\u00fcr Siebdruck\" width=\"1024\" height=\"683\" srcset=\"https:\/\/shaliteink.com\/wp-content\/uploads\/2025\/04\/Deep-Blue-Screen-Printing-Plastisol-Ink-1024x683.jpg 1024w, https:\/\/shaliteink.com\/wp-content\/uploads\/2025\/04\/Deep-Blue-Screen-Printing-Plastisol-Ink-300x200.jpg 300w, https:\/\/shaliteink.com\/wp-content\/uploads\/2025\/04\/Deep-Blue-Screen-Printing-Plastisol-Ink-768x512.jpg 768w, https:\/\/shaliteink.com\/wp-content\/uploads\/2025\/04\/Deep-Blue-Screen-Printing-Plastisol-Ink-1536x1024.jpg 1536w, https:\/\/shaliteink.com\/wp-content\/uploads\/2025\/04\/Deep-Blue-Screen-Printing-Plastisol-Ink-2048x1365.jpg 2048w, https:\/\/shaliteink.com\/wp-content\/uploads\/2025\/04\/Deep-Blue-Screen-Printing-Plastisol-Ink-18x12.jpg 18w, https:\/\/shaliteink.com\/wp-content\/uploads\/2025\/04\/Deep-Blue-Screen-Printing-Plastisol-Ink-1200x800.jpg 1200w, https:\/\/shaliteink.com\/wp-content\/uploads\/2025\/04\/Deep-Blue-Screen-Printing-Plastisol-Ink-150x100.jpg 150w\" sizes=\"(max-width: 1024px) 100vw, 1024px\" \/><\/p>\n<p class=\"ng-star-inserted\"><strong class=\"ng-star-inserted\"><span class=\"ng-star-inserted\">Aush\u00e4rtungsrichtlinien f\u00fcr Shaliteink Deep Blue Plastisolfarbe:<\/span><\/strong><\/p>\n<p>F\u00fcr optimale Ergebnisse h\u00e4rten Sie Shaliteink Deep Blue Plastisolfarbe bei 160 \u00b0C aus. Die Farbe ist vollst\u00e4ndig ausgeh\u00e4rtet, sobald die gesamte Farbschicht 160 \u00b0C erreicht hat. Wir empfehlen die Verwendung eines Temperaturf\u00fchlers oder eines speziellen Infrarot-Thermometers, um die Innentemperatur der Farbe pr\u00e4zise zu messen. Oberfl\u00e4chentemperaturmessungen mit Lasern k\u00f6nnen irref\u00fchrend sein. Erhitzen Sie Ihren Druck 3\u20135 Sekunden lang auf 120\u2013140 \u00b0C.<\/p>\n<p><strong class=\"ng-star-inserted\"><span class=\"ng-star-inserted\">Testen Sie Ihre Heilmethode:<\/span><\/strong><\/p>\n<p>Um eine optimale Aush\u00e4rtung zu gew\u00e4hrleisten, f\u00fchren Sie nach dem Abk\u00fchlen des Drucks einen Dehnungstest durch. Dehnen Sie den bedruckten Bereich bis auf etwa zwei Drittel der normalen Dehnbarkeit des Kleidungsst\u00fccks. Wenn die Farbe verl\u00e4uft und sich nicht zur\u00fcckzieht, ist die Aush\u00e4rtung unzureichend. F\u00fchren Sie zur Sicherheit einen Waschtest durch; vollst\u00e4ndig ausgeh\u00e4rtete Drucke \u00fcberstehen 5\u201310 W\u00e4schen ohne Qualit\u00e4tsverlust. F\u00fchren Sie vor der Serienproduktion stets kleine Testdrucke durch, um die Einstellungen zu optimieren.<\/p>\n<p><strong class=\"ng-star-inserted\"><span class=\"ng-star-inserted\">Polyestermischungen &amp; Farbstoffmigration:<\/span><\/strong><\/p>\n<p>Unsere Formel mit geringem Ausbluten eignet sich hervorragend f\u00fcr Mischgewebe. Durch die Behandlung bei 160 \u00b0C bleiben Sie unterhalb der typischen Sublimationstemperatur der meisten Polyestergewebe (132\u2013149 \u00b0C), wodurch ein Auslaufen der Farbe effektiv verhindert und die tiefblaue Farbe erhalten bleibt.<\/p>\n<p class=\"ng-star-inserted\"><strong class=\"ng-star-inserted\"><span class=\"ng-star-inserted\">Aufr\u00e4umen &amp; Lagern:<\/span><\/strong><\/p>\n<ul class=\"ng-star-inserted\">\n<li class=\"ng-star-inserted\">An der Druckmaschine: Verwenden Sie ein spezielles Plastisol-Druckmaschinenreinigungsmittel oder einen Farbentferner f\u00fcr eine schnelle und einfache Reinigung w\u00e4hrend der Produktion.<\/li>\n<li class=\"ng-star-inserted\">Im Waschbecken: Um den Siebdruck aufzubereiten, verwenden Sie Plastisol Screen Wash oder einen Tintenentferner, um Tintenreste effizient zu entfernen.<\/li>\n<li class=\"ng-star-inserted\">Lagerung: Shalitetink Plastisolfarbe k\u00fchl und trocken bei 18 \u00b0C bis 32 \u00b0C lagern und vor direkter Sonneneinstrahlung sch\u00fctzen. L\u00e4ngere Einwirkung von Temperaturen \u00fcber 32 \u00b0C kann zum Aush\u00e4rten der Farbe im Beh\u00e4lter f\u00fchren.<\/li>\n<\/ul>\n<p class=\"ng-star-inserted\"><strong class=\"ng-star-inserted\"><span class=\"ng-star-inserted\">Profi-Tipps von Shaliteink:<\/span><\/strong><\/p>\n<p>Plastisolfarbe verbindet sich mechanisch mit den Textilfasern, anstatt sie zu f\u00e4rben. F\u00fcr optimale Ergebnisse, insbesondere auf dunklen Stoffen, empfiehlt sich eine wei\u00dfe Grundierung, um die Leuchtkraft des Dunkelblaus zu maximieren. Achten Sie stets auf die korrekte Siebspannung und verwenden Sie die richtige Maschenweite f\u00fcr einen optimalen Farbauftrag.<\/p>\n<p><img decoding=\"async\" class=\"wp-image-3962 size-large aligncenter\" src=\"https:\/\/shaliteink.com\/wp-content\/uploads\/2025\/04\/Deep-Blue-Screen-Printing-Plastisol-Ink-1-1024x683.jpg\" alt=\"Tiefblaue Plastisol-Tinte f\u00fcr Siebdruck\" width=\"1024\" height=\"683\" srcset=\"https:\/\/shaliteink.com\/wp-content\/uploads\/2025\/04\/Deep-Blue-Screen-Printing-Plastisol-Ink-1-1024x683.jpg 1024w, https:\/\/shaliteink.com\/wp-content\/uploads\/2025\/04\/Deep-Blue-Screen-Printing-Plastisol-Ink-1-300x200.jpg 300w, https:\/\/shaliteink.com\/wp-content\/uploads\/2025\/04\/Deep-Blue-Screen-Printing-Plastisol-Ink-1-768x512.jpg 768w, https:\/\/shaliteink.com\/wp-content\/uploads\/2025\/04\/Deep-Blue-Screen-Printing-Plastisol-Ink-1-1536x1024.jpg 1536w, https:\/\/shaliteink.com\/wp-content\/uploads\/2025\/04\/Deep-Blue-Screen-Printing-Plastisol-Ink-1-2048x1365.jpg 2048w, https:\/\/shaliteink.com\/wp-content\/uploads\/2025\/04\/Deep-Blue-Screen-Printing-Plastisol-Ink-1-18x12.jpg 18w, https:\/\/shaliteink.com\/wp-content\/uploads\/2025\/04\/Deep-Blue-Screen-Printing-Plastisol-Ink-1-1200x800.jpg 1200w, https:\/\/shaliteink.com\/wp-content\/uploads\/2025\/04\/Deep-Blue-Screen-Printing-Plastisol-Ink-1-150x100.jpg 150w\" sizes=\"(max-width: 1024px) 100vw, 1024px\" \/><\/p>","protected":false},"excerpt":{"rendered":"<p>Erleben Sie Siebdruck auf einem neuen Niveau mit Shaliteink Deep Blue Siebdruck-Plastisolfarbe. Als weltweit f\u00fchrender Hersteller mit \u00fcber 20 Jahren Erfahrung und direkter Produktion bietet Ihnen Shaliteink Premium-Plastisolfarben, die f\u00fcr \u00fcberragende Leistung und atemberaubende Ergebnisse entwickelt wurden. Wir verstehen die Anforderungen des modernen Siebdrucks. Deshalb liefert unsere Deep Blue Plastisolfarbe gleichbleibend hochwertige Druckergebnisse und ist somit die ideale Wahl f\u00fcr erfahrene Profis und ambitionierte K\u00fcnstler.<\/p>\n<p>Unsere tiefblaue Siebdruck-Plastisolfarbe ist mehr als nur Farbe; sie ist ein Beweis f\u00fcr unser Engagement f\u00fcr Exzellenz und Innovation. In enger Zusammenarbeit mit vielen weltbekannten Marken haben wir unsere Rezepturen optimiert, um sicherzustellen, dass jeder Eimer Shaliteink unvergleichliche Leuchtkraft und Haltbarkeit bietet. Dieser satte, tiefe Blauton eignet sich perfekt, um ein klares Statement zu setzen und Ihren Designs einen Hauch von Eleganz zu verleihen. Ob Baumwolle, Mischgewebe oder andere Stoffe \u2013 Shaliteink Deep Blue Plastisolfarbe garantiert brillante, langanhaltende Farben, die auch nach h\u00e4ufigem Waschen best\u00e4ndig sind.<\/p>","protected":false},"featured_media":1469,"comment_status":"open","ping_status":"closed","template":"","meta":[],"product_brand":[],"product_cat":[39],"product_tag":[],"class_list":{"0":"post-1109","1":"product","2":"type-product","3":"status-publish","4":"has-post-thumbnail","6":"product_cat-plastisol-ink","8":"first","9":"instock","10":"shipping-taxable","11":"purchasable","12":"product-type-variable"},"tiered_pricing_type":"fixed","tiered_pricing_fixed_rules":[],"tiered_pricing_product_settings":{"layout":"default","base_unit_name":{"singular":null,"plural":null},"default_variation":null},"tiered_pricing_minimum_quantity":null,"tiered_pricing_roles_data":[],"tiered_pricing_percentage_rules":[],"tiered_pricing_maximum_quantity":null,"tiered_pricing_quantity_step":null,"_links":{"self":[{"href":"https:\/\/shaliteink.com\/de\/wp-json\/wp\/v2\/product\/1109","targetHints":{"allow":["GET"]}}],"collection":[{"href":"https:\/\/shaliteink.com\/de\/wp-json\/wp\/v2\/product"}],"about":[{"href":"https:\/\/shaliteink.com\/de\/wp-json\/wp\/v2\/types\/product"}],"replies":[{"embeddable":true,"href":"https:\/\/shaliteink.com\/de\/wp-json\/wp\/v2\/comments?post=1109"}],"version-history":[{"count":0,"href":"https:\/\/shaliteink.com\/de\/wp-json\/wp\/v2\/product\/1109\/revisions"}],"wp:featuredmedia":[{"embeddable":true,"href":"https:\/\/shaliteink.com\/de\/wp-json\/wp\/v2\/media\/1469"}],"wp:attachment":[{"href":"https:\/\/shaliteink.com\/de\/wp-json\/wp\/v2\/media?parent=1109"}],"wp:term":[{"taxonomy":"product_brand","embeddable":true,"href":"https:\/\/shaliteink.com\/de\/wp-json\/wp\/v2\/product_brand?post=1109"},{"taxonomy":"product_cat","embeddable":true,"href":"https:\/\/shaliteink.com\/de\/wp-json\/wp\/v2\/product_cat?post=1109"},{"taxonomy":"product_tag","embeddable":true,"href":"https:\/\/shaliteink.com\/de\/wp-json\/wp\/v2\/product_tag?post=1109"}],"curies":[{"name":"wp","href":"https:\/\/api.w.org\/{rel}","templated":true}]}}