{"id":1097,"date":"2025-04-11T05:49:20","date_gmt":"2025-04-11T05:49:20","guid":{"rendered":"https:\/\/shaliteink.com\/?post_type=product&#038;p=1097"},"modified":"2025-12-10T11:31:46","modified_gmt":"2025-12-10T11:31:46","slug":"violett-rote-siebdruck-plastisolfarbe","status":"publish","type":"product","link":"https:\/\/shaliteink.com\/de\/produkt\/violett-rote-siebdruck-plastisolfarbe\/","title":{"rendered":"Violett-rote Siebdruck-Plastisolfarbe"},"content":{"rendered":"<h3 class=\"ng-star-inserted\"><span class=\"ng-star-inserted\">Wichtigste Vorteile der Shaliteink Violett-Rot-Plastisolfarbe:<\/span><\/h3>\n<ul class=\"ng-star-inserted\">\n<li class=\"ng-star-inserted\">Lebhafte und kr\u00e4ftige Farben: Auff\u00e4llige, leuchtende Violettt\u00f6ne erhalten rote Akzente, die die Blicke auf sich ziehen.<\/li>\n<li class=\"ng-star-inserted\">Hochgradig blickdicht: Bietet eine ausgezeichnete Deckkraft, auch auf dunkler Kleidung, wodurch oft mehrere Durchg\u00e4nge \u00fcberfl\u00fcssig werden.<\/li>\n<li class=\"ng-star-inserted\">Weiche Handabdr\u00fccke: Genie\u00dfen Sie ein glattes, flexibles Finish, das sich nahtlos in die Kleidung einf\u00fcgt.<\/li>\n<li class=\"ng-star-inserted\">Universelle Stoffvertr\u00e4glichkeit: Ideal f\u00fcr eine Vielzahl von Materialien, darunter 100% Baumwolle, Baumwoll-Polyester-Mischgewebe und viele synthetische Stoffe.<\/li>\n<li class=\"ng-star-inserted\">Speziell entwickelte Formel mit geringem Ausbluten: Entwickelt, um die Farbstoffmigration zu reduzieren, was insbesondere bei Polyestermischungen wichtig ist.<\/li>\n<li class=\"ng-star-inserted\">Phthalatfrei: Eine sichere Option f\u00fcr Sie und die Umwelt.<\/li>\n<li class=\"ng-star-inserted\">Es l\u00e4sst sich leicht verarbeiten: eine cremige, kurzkantige Textur f\u00fcr spontanes Drucken und einheitliche Ergebnisse.<\/li>\n<li class=\"ng-star-inserted\">Fachgerechte Behandlung: Schnelle Behandlung w\u00e4hrend der Produktionszeit und Energiekostenersparnis, 160 \u00b0 C (320 \u00b0 F).<\/li>\n<li>Gleichbleibende Qualit\u00e4t: Shaliteink profitiert von zwanzig Jahren Fertigungserfahrung und strenger Qualit\u00e4tskontrolle.<\/li>\n<\/ul>\n<p>In\u00a0<strong><a href=\"https:\/\/shaliteink.com\/de\/\">Shaliteink<\/a><\/strong>, Wir verstehen, dass Effizienz und Qualit\u00e4t von gr\u00f6\u00dfter Bedeutung sind.\u00a0<strong>violett-rote Plastisolfarbe<\/strong>\u00a0Das Verfahren ist speziell f\u00fcr die Behandlung bei einer niedrigen Temperatur von 160 \u00b0C (320 \u00b0F) ausgelegt. Dadurch wird das Risiko von Verbrennungen und Einlaufen der Textilien deutlich reduziert, insbesondere bei hitzeempfindlichen Materialien. Die niedrige Behandlungstemperatur tr\u00e4gt au\u00dferdem zu einem geringeren Energieverbrauch bei und macht Ihre Siebdruckverfahren somit wirtschaftlicher und langlebiger.<\/p>\n<p><img decoding=\"async\" class=\"aligncenter wp-image-3838 size-large\" src=\"https:\/\/shaliteink.com\/wp-content\/uploads\/2025\/04\/Violet-Red-Screen-Printing-Plastisol-Ink-1024x768.png\" alt=\"Violett-rote Siebdruck-Plastisolfarbe\" width=\"1024\" height=\"768\" srcset=\"https:\/\/shaliteink.com\/wp-content\/uploads\/2025\/04\/Violet-Red-Screen-Printing-Plastisol-Ink-1024x768.png 1024w, https:\/\/shaliteink.com\/wp-content\/uploads\/2025\/04\/Violet-Red-Screen-Printing-Plastisol-Ink-300x225.png 300w, https:\/\/shaliteink.com\/wp-content\/uploads\/2025\/04\/Violet-Red-Screen-Printing-Plastisol-Ink-768x576.png 768w, https:\/\/shaliteink.com\/wp-content\/uploads\/2025\/04\/Violet-Red-Screen-Printing-Plastisol-Ink-1536x1152.png 1536w, https:\/\/shaliteink.com\/wp-content\/uploads\/2025\/04\/Violet-Red-Screen-Printing-Plastisol-Ink-2048x1536.png 2048w, https:\/\/shaliteink.com\/wp-content\/uploads\/2025\/04\/Violet-Red-Screen-Printing-Plastisol-Ink-16x12.png 16w, https:\/\/shaliteink.com\/wp-content\/uploads\/2025\/04\/Violet-Red-Screen-Printing-Plastisol-Ink-1200x900.png 1200w, https:\/\/shaliteink.com\/wp-content\/uploads\/2025\/04\/Violet-Red-Screen-Printing-Plastisol-Ink-150x113.png 150w\" sizes=\"(max-width: 1024px) 100vw, 1024px\" \/><\/p>\n<h3 class=\"ng-star-inserted\"><span class=\"ng-star-inserted\">Details &amp; Leistung:<\/span><\/h3>\n<p>F\u00fcr optimale Ergebnisse beim Druck einfarbiger Textilien erzielt unsere violettrote Plastisolfarbe die besten Ergebnisse auf wei\u00dfen oder hellen Untergr\u00fcnden. Beim Direktdruck auf dunkle Baumwollkleidung empfiehlt sich die Druck-Blitz-Druck-Technik mit einem Raster mit niedriger Aufl\u00f6sung (Aries), um maximale Farbtiefe und Leuchtkraft zu erreichen. Die hohe Deckkraft unserer Farbe sorgt f\u00fcr brillante, lebendige Drucke und erh\u00e4lt gleichzeitig den angenehm weichen Griff. So sind Ihre fertigen Produkte nicht nur optisch ansprechend, sondern auch angenehm zu tragen.<\/p>\n<h3 class=\"ng-star-inserted\"><span class=\"ng-star-inserted\">Richtlinien zur Heilung:<\/span><\/h3>\n<ul class=\"ng-star-inserted\">\n<li class=\"ng-star-inserted\">Behandlungstemperatur: 160 \u00b0 C (320 \u00b0 F) in der gesamten Tintenschicht.<\/li>\n<li>Blitztemperatur: 120 \u00b0C (248 \u00b0F) bis 140 \u00b0C (284 \u00b0F) f\u00fcr 3-5 Sekunden.<\/li>\n<li>Wichtiger Hinweis zur Behandlung: Die Tinte ist vollst\u00e4ndig ausgeh\u00e4rtet, wenn die gesamte Tintenschicht 160 \u00b0C erreicht hat. Laserthermometer k\u00f6nnen die Oberfl\u00e4chentemperatur irref\u00fchrend messen, da sie nur die reflektierende Oberfl\u00e4che erfassen. F\u00fcr eine genaue Temperaturmessung im Inneren empfehlen wir die Verwendung eines Ringthermometers. Bei Verwendung eines Laserthermometers ist zu erwarten, dass die Oberfl\u00e4chentemperatur im Kern der Tintenschicht \u00fcber 160 \u00b0C liegt.<\/li>\n<li>Pr\u00fcfung der vollst\u00e4ndigen Behandlung: Wir empfehlen, vor der Serienproduktion sowohl einen Dehnungstest als auch einen Waschtest durchzuf\u00fchren. Falls der Aufdruck nach dem Aufrei\u00dfen oder nach dem Bedrucken von etwa zwei Dritteln des Kleidungsst\u00fccks nicht zur\u00fcckgeht oder sich die Qualit\u00e4t nach 1\u20133 W\u00e4schen verschlechtert, erh\u00f6hen Sie die Behandlungszeit oder -temperatur leicht. Naturfasern wie 100%-Baumwolle erzielen in der Regel die besten Ergebnisse.<\/li>\n<\/ul>\n<h3 class=\"ng-star-inserted\"><span class=\"ng-star-inserted\">Profi-Tipps f\u00fcr optimale Ergebnisse:<\/span><\/h3>\n<p><strong><a href=\"https:\/\/shaliteink.com\/de\/produkt-kategorie\/plastisol-tinte\/\">Plastisol-Tinte<\/a><\/strong> Plastisolfarbe verbindet sich mechanisch mit den Fasern, anstatt sie zu f\u00e4rben. Daher ist eine sorgf\u00e4ltige Behandlung f\u00fcr die Haltbarkeit unerl\u00e4sslich. Lagern Sie Ihre Plastisolfarbe bei Raumtemperatur, idealerweise zwischen 18 und 32 \u00b0C. Bei l\u00e4ngerem Kontakt mit Temperaturen \u00fcber 32 \u00b0C kann die Farbe im Beh\u00e4lter austrocknen. Beim Bedrucken dunkler Textilien empfehlen wir die Verwendung einer wei\u00dfen Grundierung f\u00fcr eine besonders leuchtende und pr\u00e4zise Farbwiedergabe.<\/p>\n<h3 class=\"ng-star-inserted\"><span class=\"ng-star-inserted\">Aufr\u00e4umarbeiten:<\/span><\/h3>\n<ul class=\"ng-star-inserted\">\n<li class=\"ng-star-inserted\">An der Druckmaschine: Verwenden Sie einen speziellen Plastisol-Druckmaschinenreiniger oder Farbl\u00f6ser f\u00fcr eine einfache Reinigung.<\/li>\n<li>Im Waschbecken: Ein Plastisol-Siebreiniger oder ein Farbentferner reinigt Ihren Siebdruck effektiv.<\/li>\n<\/ul>\n<p>Entscheiden Sie sich f\u00fcr Shaliteink Vaulat Red Siebdruck-Plastisolfarbe \u2013 f\u00fcr au\u00dfergew\u00f6hnliche Qualit\u00e4t, brillante Farben und zuverl\u00e4ssige Leistung. Erleben Sie den Unterschied, der sich seit zwanzig Jahren in jedem Druck widerspiegelt. Bestellen Sie jetzt und \u00fcberzeugen Sie sich selbst, warum Shaliteink die erste Wahl f\u00fcr Top-Marken und anspruchsvolle Druckereien ist.<\/p>\n<p><img decoding=\"async\" class=\"aligncenter wp-image-3839 size-large\" src=\"https:\/\/shaliteink.com\/wp-content\/uploads\/2025\/04\/Violet-Red-Screen-Printing-Plastisol-Ink-1-1024x958.png\" alt=\"Violett-rote Siebdruck-Plastisolfarbe\" width=\"1024\" height=\"958\" srcset=\"https:\/\/shaliteink.com\/wp-content\/uploads\/2025\/04\/Violet-Red-Screen-Printing-Plastisol-Ink-1-1024x958.png 1024w, https:\/\/shaliteink.com\/wp-content\/uploads\/2025\/04\/Violet-Red-Screen-Printing-Plastisol-Ink-1-300x281.png 300w, https:\/\/shaliteink.com\/wp-content\/uploads\/2025\/04\/Violet-Red-Screen-Printing-Plastisol-Ink-1-768x718.png 768w, https:\/\/shaliteink.com\/wp-content\/uploads\/2025\/04\/Violet-Red-Screen-Printing-Plastisol-Ink-1-1536x1437.png 1536w, https:\/\/shaliteink.com\/wp-content\/uploads\/2025\/04\/Violet-Red-Screen-Printing-Plastisol-Ink-1-2048x1916.png 2048w, https:\/\/shaliteink.com\/wp-content\/uploads\/2025\/04\/Violet-Red-Screen-Printing-Plastisol-Ink-1-13x12.png 13w, https:\/\/shaliteink.com\/wp-content\/uploads\/2025\/04\/Violet-Red-Screen-Printing-Plastisol-Ink-1-1200x1122.png 1200w, https:\/\/shaliteink.com\/wp-content\/uploads\/2025\/04\/Violet-Red-Screen-Printing-Plastisol-Ink-1-150x140.png 150w\" sizes=\"(max-width: 1024px) 100vw, 1024px\" \/><\/p>","protected":false},"excerpt":{"rendered":"<p>Willkommen bei Shaliteink, Ihrem seit zwei Jahrzehnten weltweit f\u00fchrenden Anbieter von Siebdruckfarben. Dank unserer umfassenden Produktionserfahrung und des Direktvertriebs ab Werk arbeiten wir mit weltbekannten Marken zusammen, um Ihnen au\u00dfergew\u00f6hnliche Qualit\u00e4t zu bieten. Unser Fokus liegt auf optimalen Plastisolfarben, und unsere violett-rote Siebdruck-Plastisolfarbe bildet da keine Ausnahme. Diese Farbe wurde f\u00fcr professionelle und ambitionierte Anwender gleicherma\u00dfen entwickelt und vereint lebendige \u00c4sthetik mit zuverl\u00e4ssiger Leistung, damit Ihre Drucke garantiert herausstechen.<\/p>\n<div class=\"woocommerce-product-details__short-description\">\n<p>Shaliteink Violet Red Plastisolfarbe wurde entwickelt, um Ihre Siebdruckprojekte einfacher und effektiver zu gestalten. Diese Premium-Plastisolfarbe bietet einen wundersch\u00f6nen, kr\u00e4ftigen Violettrotton, der auch nach der Behandlung seine Leuchtkraft beh\u00e4lt. Der fortschrittliche Fraktionierer sorgt f\u00fcr hervorragende Deckkraft und ein weiches, glattes Finish und macht sie somit zur idealen Wahl f\u00fcr eine Vielzahl von Textilien und Designs.<\/p>\n<\/div>\n<div class=\"wd-product-info wd-sold-count\"><\/div>","protected":false},"featured_media":1477,"comment_status":"open","ping_status":"closed","template":"","meta":[],"product_brand":[],"product_cat":[39],"product_tag":[],"class_list":{"0":"post-1097","1":"product","2":"type-product","3":"status-publish","4":"has-post-thumbnail","6":"product_cat-plastisol-ink","8":"first","9":"instock","10":"shipping-taxable","11":"purchasable","12":"product-type-variable"},"tiered_pricing_type":"fixed","tiered_pricing_fixed_rules":[],"tiered_pricing_product_settings":{"layout":"default","base_unit_name":{"singular":null,"plural":null},"default_variation":null},"tiered_pricing_minimum_quantity":null,"tiered_pricing_roles_data":[],"tiered_pricing_percentage_rules":[],"tiered_pricing_maximum_quantity":null,"tiered_pricing_quantity_step":null,"_links":{"self":[{"href":"https:\/\/shaliteink.com\/de\/wp-json\/wp\/v2\/product\/1097","targetHints":{"allow":["GET"]}}],"collection":[{"href":"https:\/\/shaliteink.com\/de\/wp-json\/wp\/v2\/product"}],"about":[{"href":"https:\/\/shaliteink.com\/de\/wp-json\/wp\/v2\/types\/product"}],"replies":[{"embeddable":true,"href":"https:\/\/shaliteink.com\/de\/wp-json\/wp\/v2\/comments?post=1097"}],"version-history":[{"count":0,"href":"https:\/\/shaliteink.com\/de\/wp-json\/wp\/v2\/product\/1097\/revisions"}],"wp:featuredmedia":[{"embeddable":true,"href":"https:\/\/shaliteink.com\/de\/wp-json\/wp\/v2\/media\/1477"}],"wp:attachment":[{"href":"https:\/\/shaliteink.com\/de\/wp-json\/wp\/v2\/media?parent=1097"}],"wp:term":[{"taxonomy":"product_brand","embeddable":true,"href":"https:\/\/shaliteink.com\/de\/wp-json\/wp\/v2\/product_brand?post=1097"},{"taxonomy":"product_cat","embeddable":true,"href":"https:\/\/shaliteink.com\/de\/wp-json\/wp\/v2\/product_cat?post=1097"},{"taxonomy":"product_tag","embeddable":true,"href":"https:\/\/shaliteink.com\/de\/wp-json\/wp\/v2\/product_tag?post=1097"}],"curies":[{"name":"wp","href":"https:\/\/api.w.org\/{rel}","templated":true}]}}