{"id":1089,"date":"2025-04-11T05:27:42","date_gmt":"2025-04-11T05:27:42","guid":{"rendered":"https:\/\/shaliteink.com\/?post_type=product&#038;p=1089"},"modified":"2025-12-10T11:30:54","modified_gmt":"2025-12-10T11:30:54","slug":"violette-siebdruck-plastisolfarbe","status":"publish","type":"product","link":"https:\/\/shaliteink.com\/de\/produkt\/violette-siebdruck-plastisolfarbe\/","title":{"rendered":"Violette Siebdruck-Plastisolfarbe"},"content":{"rendered":"<p class=\"ng-star-inserted\"><strong class=\"ng-star-inserted\"><span class=\"ng-star-inserted\">Wichtigste Vorteile von <\/span><\/strong><strong><span class=\"ng-star-inserted\"><a href=\"https:\/\/shaliteink.com\/de\/\">Shaliteink<\/a><\/span><\/strong><strong class=\"ng-star-inserted\"><span class=\"ng-star-inserted\"> Violette Plastisolfarbe:<\/span><\/strong><\/p>\n<ul class=\"ng-star-inserted\">\n<li class=\"ng-star-inserted\">Au\u00dfergew\u00f6hnlich kontrastreiche und lebendige Farben: Atemberaubende, farbtreue violette Drucke mit gr\u00f6\u00dferer Farbvielfalt, selbst auf dunkler Kleidung.<\/li>\n<li>Optimale Niedrigtemperaturbehandlung: Unsere Plastisolfarbe wird bei genau 160 \u00b0C (320 \u00b0F) effektiv behandelt, was die Energiekosten deutlich senkt, die Produktion beschleunigt und das Risiko von Fleckenbildung oder Einlaufen der Textilien verringert.<\/li>\n<li>Ein weiches Tragegef\u00fchl: Erleben Sie einen unglaublich weichen Druck, der den nat\u00fcrlichen Fall und das Tragegef\u00fchl des Stoffes beibeh\u00e4lt und so maximalen Tragekomfort gew\u00e4hrleistet.<\/li>\n<li>Universelle Stoffkompatibilit\u00e4t: Dieses vielseitige Siebdruckverfahren erzielt hervorragende Ergebnisse auf einer breiten Palette von Stoffen. <strong><a href=\"https:\/\/shaliteink.com\/de\/produkt-kategorie\/plastisol-tinte\/\">Plastisol-Tinte<\/a><\/strong> Ob Kleidung aus 100%-Baumwolle, Baumwoll-Polyester-Mischgewebe oder sogar feinen Polyestergemischen \u2013 es ist die Wahl f\u00fcr vielf\u00e4ltige Projekte.<\/li>\n<li>Formel mit geringem Ausbluten: Speziell entwickelt, um das Ausbluten von Farbstoffen auf Polyester- und Mischgewebe zu verhindern und sicherzustellen, dass Ihre violetten Drucke scharf und lebendig bleiben, ohne unerw\u00fcnschtes Ausbluten der Farben.<\/li>\n<li>Spontanes Druckerlebnis: Dank der glatten, kurzkantigen Stabilit\u00e4t ist die Verarbeitung mit unserer Plastisolfarbe unglaublich einfach und erm\u00f6glicht h\u00e4ufige, qualitativ hochwertige Ergebnisse bei jeder Br\u00fccke.<\/li>\n<li>Non-Fothlet Formation: Engagiert f\u00fcr Sicherheit und Umweltverantwortung, <strong><a href=\"https:\/\/shaliteink.com\/de\/screen-printing-ink\/\">Siebdruckfarbe<\/a><\/strong> von Shaliteink ist stolz darauf, nicht zu fasten.<\/li>\n<\/ul>\n<p><img decoding=\"async\" class=\"wp-image-3835 size-full aligncenter\" src=\"https:\/\/shaliteink.com\/wp-content\/uploads\/2025\/04\/Violet-Screen-Printing-Plastisol-Ink.png\" alt=\"Violette Siebdruck-Plastisolfarbe\" width=\"860\" height=\"855\" srcset=\"https:\/\/shaliteink.com\/wp-content\/uploads\/2025\/04\/Violet-Screen-Printing-Plastisol-Ink.png 860w, https:\/\/shaliteink.com\/wp-content\/uploads\/2025\/04\/Violet-Screen-Printing-Plastisol-Ink-300x298.png 300w, https:\/\/shaliteink.com\/wp-content\/uploads\/2025\/04\/Violet-Screen-Printing-Plastisol-Ink-150x149.png 150w, https:\/\/shaliteink.com\/wp-content\/uploads\/2025\/04\/Violet-Screen-Printing-Plastisol-Ink-768x764.png 768w, https:\/\/shaliteink.com\/wp-content\/uploads\/2025\/04\/Violet-Screen-Printing-Plastisol-Ink-12x12.png 12w\" sizes=\"(max-width: 860px) 100vw, 860px\" \/><\/p>\n<p class=\"ng-star-inserted\"><strong class=\"ng-star-inserted\"><span class=\"ng-star-inserted\">Entdecken Sie den Shaliteink-Unterschied:<\/span><\/strong><\/p>\n<p>Wir bei Shaliteink verstehen die Anforderungen der Siebdruckindustrie. Unsere violette Plastisolfarbe f\u00fcr den Siebdruck ist mehr als nur eine Farbe; sie ist Ausdruck unseres Engagements f\u00fcr Innovation und Qualit\u00e4t. Die sorgf\u00e4ltig abgestimmte Viskosit\u00e4t garantiert hervorragende Siebstabilit\u00e4t und gestochen scharfe Details, w\u00e4hrend die schnelle Verdunstung (120\u2013140 \u00b0C) professionellen Mehrfarbendruck erm\u00f6glicht. Ob Sie eine professionelle Druckerei oder ein ambitionierter Handwerker sind \u2013 die Plastisolfarbe von Shaliteink liefert Ergebnisse auf h\u00f6chstem Niveau, die Ihre Kunden begeistern und Ihren Erfolg steigern. Mit unserer Plastisolfarbe investieren Sie in Zuverl\u00e4ssigkeit und Exzellenz.<\/p>\n<p class=\"ng-star-inserted\"><strong class=\"ng-star-inserted\"><span class=\"ng-star-inserted\">Aush\u00e4rtungshinweise f\u00fcr optimale Ergebnisse:<\/span><\/strong><\/p>\n<p>Die richtige Behandlung ist wichtig f\u00fcr die Haltbarkeit und Waschbest\u00e4ndigkeit Ihrer Drucke.<\/p>\n<ul>\n<li>Behandlungstemperatur: Unsere violette Plastisolfarbe ist vollst\u00e4ndig ausgeh\u00e4rtet, wenn die gesamte Farbschicht 160 \u00b0C (320 \u00b0F) erreicht hat. F\u00fcr optimale Ergebnisse empfehlen wir die Verwendung eines Ringf\u00fchlers oder eines Thermolabels zur genauen Messung der inneren Farbtemperatur, da Laser-Thermometer bei Oberfl\u00e4chenmessungen irref\u00fchrende Ergebnisse liefern k\u00f6nnen.<\/li>\n<li>Blitztemperatur: F\u00fcr Mehrfarbendruck oder schnelles Trocknen der Oberfl\u00e4che die Tinte 3\u20135 Sekunden lang bei 120\u2013140 \u00b0C (248\u2013284 \u00b0F) blitzen. Passen Sie die Blitzzeit je nach Ger\u00e4t und Tintenmenge an.<\/li>\n<li>Pr\u00fcfung der Aush\u00e4rtung: Lassen Sie den Druck vollst\u00e4ndig abk\u00fchlen, bevor Sie einen Dehnungstest durchf\u00fchren. Spannen Sie etwa zwei Drittel der bedruckten Fl\u00e4che des Kleidungsst\u00fccks im Dehnbereich. Wenn die Farbe rei\u00dft und sich nicht wieder zur\u00fcckbildet, ist die Aush\u00e4rtung unzureichend. Ein Waschtest nach 24 Stunden best\u00e4tigt die vollst\u00e4ndige Aush\u00e4rtung. Bei Unterdrucken ist nach ein bis drei W\u00e4schen mit einer deutlichen Farbver\u00e4nderung zu rechnen. F\u00fchren Sie den ersten Test immer vor Produktionsbeginn durch.<\/li>\n<\/ul>\n<p class=\"ng-star-inserted\"><strong class=\"ng-star-inserted\"><span class=\"ng-star-inserted\">Reinigung &amp; Lagerung:<\/span><\/strong><\/p>\n<ul>\n<li>Reinigung an der Druckmaschine: F\u00fcr einen schnellen Farbwechsel oder die Reinigung am Ende des Drucktages verwenden Sie einen speziellen Plastisol-Farbenentferner oder eine Druckmaschinenreinigung.<\/li>\n<li>Siebreinigung: F\u00fcr eine gr\u00fcndliche Siebreinigung in Waschkabinen entfernt ein effektives Plastisol-Siebreiniger alle Farbreste und bereitet Ihr Sieb f\u00fcr den n\u00e4chsten Einsatz vor.<\/li>\n<li>Lagerung: Die Shaliteink-Plastisolfarbe sollte k\u00fchl und trocken, idealerweise zwischen 18 und 32 \u00b0C, gelagert werden. Vermeiden Sie Temperaturen \u00fcber direkter Sonneneinstrahlung oder l\u00e4ngere Einwirkung hoher Temperaturen, um eine vorzeitige Aush\u00e4rtung im Beh\u00e4lter zu verhindern.<\/li>\n<\/ul>\n<p>Entscheiden Sie sich f\u00fcr Shaliteink Violett-Plastisolfarbe f\u00fcr brillante Farben, optimale Druckeigenschaften und h\u00f6chste Leistung. Sie bietet beste Siebdruckergebnisse und intelligente L\u00f6sungen f\u00fcr die Zufriedenheit Ihrer Kunden. Entdecken Sie die M\u00f6glichkeiten von Shaliteink und heben Sie Ihre Siebdruckprojekte auf ein neues Niveau!<\/p>\n<p><img decoding=\"async\" class=\"wp-image-3836 size-large aligncenter\" src=\"https:\/\/shaliteink.com\/wp-content\/uploads\/2025\/04\/Violet-Screen-Printing-Plastisol-Ink-1-1024x987.png\" alt=\"Violette Siebdruck-Plastisolfarbe\" width=\"1024\" height=\"987\" srcset=\"https:\/\/shaliteink.com\/wp-content\/uploads\/2025\/04\/Violet-Screen-Printing-Plastisol-Ink-1-1024x987.png 1024w, https:\/\/shaliteink.com\/wp-content\/uploads\/2025\/04\/Violet-Screen-Printing-Plastisol-Ink-1-300x289.png 300w, https:\/\/shaliteink.com\/wp-content\/uploads\/2025\/04\/Violet-Screen-Printing-Plastisol-Ink-1-768x740.png 768w, https:\/\/shaliteink.com\/wp-content\/uploads\/2025\/04\/Violet-Screen-Printing-Plastisol-Ink-1-1536x1480.png 1536w, https:\/\/shaliteink.com\/wp-content\/uploads\/2025\/04\/Violet-Screen-Printing-Plastisol-Ink-1-2048x1974.png 2048w, https:\/\/shaliteink.com\/wp-content\/uploads\/2025\/04\/Violet-Screen-Printing-Plastisol-Ink-1-12x12.png 12w, https:\/\/shaliteink.com\/wp-content\/uploads\/2025\/04\/Violet-Screen-Printing-Plastisol-Ink-1-1200x1157.png 1200w, https:\/\/shaliteink.com\/wp-content\/uploads\/2025\/04\/Violet-Screen-Printing-Plastisol-Ink-1-150x145.png 150w\" sizes=\"(max-width: 1024px) 100vw, 1024px\" \/><\/p>\n<p>&nbsp;<\/p>","protected":false},"excerpt":{"rendered":"<p>Verleihen Sie Ihren Textilien mit der violetten Plastisolfarbe von shaliteink den letzten Schliff \u2013 eine Premium-L\u00f6sung, die sich gleicherma\u00dfen f\u00fcr professionelle Siebdrucker und ambitionierte Hobbydrucker eignet. Dank zweier Jahrzehnte Erfahrung in der Herstellung von Siebdruckfarben ist shaliteink ein weltweit f\u00fchrender Anbieter und steht f\u00fcr fabrikneue Qualit\u00e4t, auf die sich weltbekannte Marken verlassen k\u00f6nnen. Unsere violette Plastisolfarbe verk\u00f6rpert diese Tradition und bietet einzigartige Leistung, leuchtende Farben und einfache Anwendung \u2013 die ideale Wahl f\u00fcr jedes Siebdruckprojekt.<\/p>","protected":false},"featured_media":1471,"comment_status":"open","ping_status":"closed","template":"","meta":[],"product_brand":[],"product_cat":[39],"product_tag":[],"class_list":{"0":"post-1089","1":"product","2":"type-product","3":"status-publish","4":"has-post-thumbnail","6":"product_cat-plastisol-ink","8":"first","9":"instock","10":"shipping-taxable","11":"purchasable","12":"product-type-variable"},"tiered_pricing_type":"fixed","tiered_pricing_fixed_rules":[],"tiered_pricing_product_settings":{"layout":"default","base_unit_name":{"singular":null,"plural":null},"default_variation":null},"tiered_pricing_minimum_quantity":null,"tiered_pricing_roles_data":[],"tiered_pricing_percentage_rules":[],"tiered_pricing_maximum_quantity":null,"tiered_pricing_quantity_step":null,"_links":{"self":[{"href":"https:\/\/shaliteink.com\/de\/wp-json\/wp\/v2\/product\/1089","targetHints":{"allow":["GET"]}}],"collection":[{"href":"https:\/\/shaliteink.com\/de\/wp-json\/wp\/v2\/product"}],"about":[{"href":"https:\/\/shaliteink.com\/de\/wp-json\/wp\/v2\/types\/product"}],"replies":[{"embeddable":true,"href":"https:\/\/shaliteink.com\/de\/wp-json\/wp\/v2\/comments?post=1089"}],"version-history":[{"count":0,"href":"https:\/\/shaliteink.com\/de\/wp-json\/wp\/v2\/product\/1089\/revisions"}],"wp:featuredmedia":[{"embeddable":true,"href":"https:\/\/shaliteink.com\/de\/wp-json\/wp\/v2\/media\/1471"}],"wp:attachment":[{"href":"https:\/\/shaliteink.com\/de\/wp-json\/wp\/v2\/media?parent=1089"}],"wp:term":[{"taxonomy":"product_brand","embeddable":true,"href":"https:\/\/shaliteink.com\/de\/wp-json\/wp\/v2\/product_brand?post=1089"},{"taxonomy":"product_cat","embeddable":true,"href":"https:\/\/shaliteink.com\/de\/wp-json\/wp\/v2\/product_cat?post=1089"},{"taxonomy":"product_tag","embeddable":true,"href":"https:\/\/shaliteink.com\/de\/wp-json\/wp\/v2\/product_tag?post=1089"}],"curies":[{"name":"wp","href":"https:\/\/api.w.org\/{rel}","templated":true}]}}