{"id":1078,"date":"2025-04-11T03:20:34","date_gmt":"2025-04-11T03:20:34","guid":{"rendered":"https:\/\/shaliteink.com\/?post_type=product&#038;p=1078"},"modified":"2025-12-10T11:26:00","modified_gmt":"2025-12-10T11:26:00","slug":"grune-siebdruck-plastisolfarbe","status":"publish","type":"product","link":"https:\/\/shaliteink.com\/de\/produkt\/grune-siebdruck-plastisolfarbe\/","title":{"rendered":"Gr\u00fcne Plastisol-Tinte f\u00fcr den Siebdruck"},"content":{"rendered":"<h3 class=\"ng-star-inserted\"><span class=\"ng-star-inserted\">Entdecken Sie den Shaliteink-Unterschied<\/span><\/h3>\n<p>Wir bei Shaliteink verstehen die Anforderungen des modernen Siebdrucks. <strong><a href=\"https:\/\/shaliteink.com\/de\/produkt-kategorie\/plastisol-tinte\/\">Plastisol-Tinte<\/a><\/strong> Wir verkaufen direkt ab Werk und garantieren Ihnen so ein hochwertiges Produkt zu einem wettbewerbsf\u00e4higen Preis. Durch die Zusammenarbeit mit zahlreichen weltbekannten Marken konnten wir unseren Ruf f\u00fcr Glaubw\u00fcrdigkeit und Innovation im Markt f\u00fcr Plastisolfarben weiter st\u00e4rken. Unsere gr\u00fcne Plastisolfarbe f\u00fcr den Siebdruck unterstreicht dieses Engagement und bietet eine ebenso effektive wie benutzerfreundliche L\u00f6sung.<\/p>\n<h3><img decoding=\"async\" class=\"wp-image-3823 size-large aligncenter\" src=\"https:\/\/shaliteink.com\/wp-content\/uploads\/2025\/04\/Green-Screen-Printing-Plastisol-Ink-1024x1006.png\" alt=\"Gr\u00fcne Plastisol-Tinte f\u00fcr den Siebdruck\" width=\"1024\" height=\"1006\" srcset=\"https:\/\/shaliteink.com\/wp-content\/uploads\/2025\/04\/Green-Screen-Printing-Plastisol-Ink-1024x1006.png 1024w, https:\/\/shaliteink.com\/wp-content\/uploads\/2025\/04\/Green-Screen-Printing-Plastisol-Ink-300x295.png 300w, https:\/\/shaliteink.com\/wp-content\/uploads\/2025\/04\/Green-Screen-Printing-Plastisol-Ink-768x754.png 768w, https:\/\/shaliteink.com\/wp-content\/uploads\/2025\/04\/Green-Screen-Printing-Plastisol-Ink-1536x1509.png 1536w, https:\/\/shaliteink.com\/wp-content\/uploads\/2025\/04\/Green-Screen-Printing-Plastisol-Ink-2048x2011.png 2048w, https:\/\/shaliteink.com\/wp-content\/uploads\/2025\/04\/Green-Screen-Printing-Plastisol-Ink-12x12.png 12w, https:\/\/shaliteink.com\/wp-content\/uploads\/2025\/04\/Green-Screen-Printing-Plastisol-Ink-1200x1179.png 1200w, https:\/\/shaliteink.com\/wp-content\/uploads\/2025\/04\/Green-Screen-Printing-Plastisol-Ink-150x147.png 150w\" sizes=\"(max-width: 1024px) 100vw, 1024px\" \/><\/h3>\n<h3 class=\"ng-star-inserted\"><span class=\"ng-star-inserted\">Wichtigste Vorteile der gr\u00fcnen Plastisolfarbe von Shaliteink:<\/span><\/h3>\n<ul class=\"ng-star-inserted\">\n<li class=\"ng-star-inserted\">Lebendiges, deckendes Gr\u00fcn: Erzielen Sie atemberaubende, farbtreue Druckergebnisse mit unserer hochdeckenden Formel. <strong>gr\u00fcne Plastisolfarbe<\/strong> Durch die Verwendung unterschiedlicher Farben auf verschiedenen Stoffen wird die Notwendigkeit vieler Durchg\u00e4nge reduziert.<\/li>\n<li>Weicher Handdruck: Ungeachtet seiner Mehrdeutigkeit f\u00fchlen sich Drucke bemerkenswert weich an, Kleidung wirkt entspannend und ansprechend. Das macht unsere <strong><a href=\"https:\/\/shaliteink.com\/de\/screen-printing-ink\/\">Siebdruckfarbe<\/a><\/strong> Perfekt f\u00fcr hochwertige Bekleidung.<\/li>\n<li>Universelle Stoffvertr\u00e4glichkeit: Urspr\u00fcnglich f\u00fcr die Verwendung mit einer Vielzahl von Textilien entwickelt, darunter 100%-Baumwolle, Baumwoll-Polyester-Mischgewebe und sogar einige Synthetikfasern. Unsere Plastisolfarbe garantiert gleichbleibend gute Ergebnisse bei Ihren vielf\u00e4ltigen Projekten.<\/li>\n<li>Geringer Farbausbluten bei Polyestergemischen: Sorgen um Farbmigration geh\u00f6ren der Vergangenheit an. Unsere Spezialformel verhindert das Ausbluten der Farbe, insbesondere bei anspruchsvollen Polyestergemischen, und sorgt so f\u00fcr klare, saubere Linien.<\/li>\n<li>Fothalatfreie Formel: Aus Sicherheits- und Umweltbewusstsein ist unsere Plastisolfarbe fothalatfrei, was sowohl Druckern als auch Endverbrauchern ein beruhigendes Gef\u00fchl gibt.<\/li>\n<li>Die Verarbeitung ist dank des kurzen Farbauftrags besonders einfach: Erleben Sie eine cremige, gleichm\u00e4\u00dfige Farbstabilit\u00e4t, die f\u00fcr komfortables Drucken sorgt. Unsere Plastisolfarbe f\u00fcr den Siebdruck flie\u00dft geschmeidig durch Ihr Sieb, reduziert die Erm\u00fcdung und steigert die Effizienz.<\/li>\n<li>Schnellh\u00e4rtung bei 160 \u00b0C: Beschleunigen Sie Ihre Produktion und sparen Sie Energie mit unserer schnellh\u00e4rtenden Plastisolfarbe. Diese h\u00e4rtet bereits bei 160 \u00b0C vollst\u00e4ndig aus, wodurch die Verweilzeit verk\u00fcrzt und ein m\u00f6gliches Anbrennen der Textilien vermieden wird.<\/li>\n<li>Optimale Blitztemperatur: Unsere Plastisolfarbe leuchtet optimal zwischen 120 \u00b0C und 140 \u00b0C, was ein schnelles Trocknen der Zwischenschichten und effizientes Mehrfarbendrucken erm\u00f6glicht.<\/li>\n<\/ul>\n<p>Finnisch seidenmatt: Erhalten Sie ein professionelles, seidenmattes Finish, das Ihren Druckdesigns einen Hauch von Eleganz verleiht.<\/p>\n<h3 class=\"ng-star-inserted\"><span class=\"ng-star-inserted\">Optimiert f\u00fcr Produktionseffizienz<\/span><\/h3>\n<p>Die gr\u00fcne Plastisolfarbe von Shaliteink f\u00fcr den Siebdruck wurde entwickelt, um Ihren Arbeitsablauf zu optimieren. Die niedrigere Behandlungstemperatur von 160 \u00b0C verhindert nicht nur Schrumpfung und Anbrennen, sondern reduziert auch den Energieverbrauch und macht sie somit zu einer kosteng\u00fcnstigen Alternative. Diese Plastisolfarbe ist ideal f\u00fcr Betriebe, die auf teure Hochtemperatur-Durchlauftrockner verzichten m\u00f6chten.<\/p>\n<p>F\u00fcr dunkle Textilien empfehlen wir eine Grundierung, um die Leuchtkraft und Deckkraft des Gr\u00fcns zu optimieren. Unsere Siebdruckfarbe ist \u00e4u\u00dferst vielseitig und garantiert hervorragende Ergebnisse, egal ob Sie komplexe Designs oder ausdrucksstarke Grafiken drucken.<\/p>\n<h3 class=\"ng-star-inserted\"><span class=\"ng-star-inserted\">Aush\u00e4rtungsrichtlinien f\u00fcr Shaliteink Plastisolfarbe:<\/span><\/h3>\n<ul class=\"ng-star-inserted\">\n<li class=\"ng-star-inserted\">Behandlungstemperatur: Die vollst\u00e4ndige Behandlung sollte bei 160 \u00b0C (320 \u00b0F) erfolgen. Stellen Sie sicher, dass die gesamte Tintenschicht diese Temperatur erreicht, um optimale Haftung und Haltbarkeit zu gew\u00e4hrleisten.<\/li>\n<li>Blitztemperatur: Blitztrocknen Sie bei 120 \u00b0C bis 140 \u00b0C (248 \u00b0F bis 284 \u00b0F) f\u00fcr 3\u20135 Sekunden. Passen Sie Ihre Werkstattausr\u00fcstung und den Farbauftrag an die Schichtdicke an.<\/li>\n<li>Pr\u00fcfung der Behandlungsqualit\u00e4t: Eine zuverl\u00e4ssige Behandlung h\u00e4lt in der Regel 5\u201310 W\u00e4schen stand. F\u00fcr einen Schnelltest f\u00fchren Sie den \u201cDehnungstest\u201d durch: Bedrucken Sie etwa zwei Drittel der Breite des T-Shirts. Wenn der Druck rei\u00dft und sich nicht zur\u00fcckzieht, deutet dies auf eine unzureichende Behandlung hin. Wir empfehlen grunds\u00e4tzlich, Dehnung und Waschbest\u00e4ndigkeit vor der Serienproduktion zu testen.<\/li>\n<li>Stoffempfehlung: F\u00fcr beste Ergebnisse verwenden Sie Naturfasern, insbesondere Baumwolle vom Typ 100%.<\/li>\n<\/ul>\n<h3 class=\"ng-star-inserted\"><span class=\"ng-star-inserted\">Einfache Reinigung:<\/span><\/h3>\n<ul>\n<li>An der Druckmaschine: Verwenden Sie eine spezielle Plastisol-Druckw\u00e4sche oder einen Tintenentferner.<\/li>\n<li>Im Waschbecken: Verwenden Sie ein Plastisol-Siebreiniger oder einen Farbl\u00f6ser zur gr\u00fcndlichen Siebreinigung.<\/li>\n<\/ul>\n<h3 class=\"ng-star-inserted\"><span class=\"ng-star-inserted\">Profi-Tipps f\u00fcr Shaliteink Plastisol-Tinte:<\/span><\/h3>\n<p>Denken Sie daran, dass Plastisolfarbe eine mechanische Verbindung mit den Textilfasern eingeht, anstatt sie zu f\u00e4rben. Lagern Sie Ihre Shaliteink-Plastisolfarbe bei Raumtemperatur. Bei Temperaturen \u00fcber 32 \u00b0C (90 \u00b0F) kann die Farbe im Beh\u00e4lter bei l\u00e4ngerem Kontakt aush\u00e4rten. Bewahren Sie sie daher immer an einem k\u00fchlen, trockenen Ort auf.<\/p>\n<p>Shaliteink Green Screen Printing verleiht Ihren Siebdruckprojekten mit Plastisolfarbe das gewisse Extra. Erleben Sie die perfekte Kombination aus Qualit\u00e4t, Leistung und Preis.<\/p>\n<p><img decoding=\"async\" class=\"wp-image-3825 size-large aligncenter\" src=\"https:\/\/shaliteink.com\/wp-content\/uploads\/2025\/04\/Green-Screen-Printing-Plastisol-Ink-1-1013x1024.png\" alt=\"Gr\u00fcne Plastisol-Tinte f\u00fcr den Siebdruck\" width=\"1013\" height=\"1024\" srcset=\"https:\/\/shaliteink.com\/wp-content\/uploads\/2025\/04\/Green-Screen-Printing-Plastisol-Ink-1-1013x1024.png 1013w, https:\/\/shaliteink.com\/wp-content\/uploads\/2025\/04\/Green-Screen-Printing-Plastisol-Ink-1-297x300.png 297w, https:\/\/shaliteink.com\/wp-content\/uploads\/2025\/04\/Green-Screen-Printing-Plastisol-Ink-1-768x776.png 768w, https:\/\/shaliteink.com\/wp-content\/uploads\/2025\/04\/Green-Screen-Printing-Plastisol-Ink-1-1520x1536.png 1520w, https:\/\/shaliteink.com\/wp-content\/uploads\/2025\/04\/Green-Screen-Printing-Plastisol-Ink-1-2026x2048.png 2026w, https:\/\/shaliteink.com\/wp-content\/uploads\/2025\/04\/Green-Screen-Printing-Plastisol-Ink-1-12x12.png 12w, https:\/\/shaliteink.com\/wp-content\/uploads\/2025\/04\/Green-Screen-Printing-Plastisol-Ink-1-1200x1213.png 1200w, https:\/\/shaliteink.com\/wp-content\/uploads\/2025\/04\/Green-Screen-Printing-Plastisol-Ink-1-150x152.png 150w\" sizes=\"(max-width: 1013px) 100vw, 1013px\" \/><\/p>","protected":false},"excerpt":{"rendered":"<p>Sie suchen eine Siebdruckerei nach Plastisolfarbe, die au\u00dfergew\u00f6hnliche Ergebnisse liefert und Ihren Produktionsprozess optimiert? Shaliteink, ein weltweit f\u00fchrender Hersteller mit zwei Jahrzehnten Erfahrung, pr\u00e4sentiert stolz seine Premium-Plastisolfarbe f\u00fcr den gr\u00fcnen Siebdruck. Diese Farbe wurde f\u00fcr h\u00f6chste Anspr\u00fcche entwickelt und bietet einzigartige Farbvielfalt, brillante Farben und einfache Anwendung \u2013 die ideale Wahl f\u00fcr erfahrene Profis und Einsteiger im Siebdruck.<\/p>","protected":false},"featured_media":1483,"comment_status":"open","ping_status":"closed","template":"","meta":[],"product_brand":[],"product_cat":[39],"product_tag":[],"class_list":{"0":"post-1078","1":"product","2":"type-product","3":"status-publish","4":"has-post-thumbnail","6":"product_cat-plastisol-ink","8":"first","9":"instock","10":"shipping-taxable","11":"purchasable","12":"product-type-variable"},"tiered_pricing_type":"fixed","tiered_pricing_fixed_rules":[],"tiered_pricing_product_settings":{"layout":"default","base_unit_name":{"singular":null,"plural":null},"default_variation":null},"tiered_pricing_minimum_quantity":null,"tiered_pricing_roles_data":[],"tiered_pricing_percentage_rules":[],"tiered_pricing_maximum_quantity":null,"tiered_pricing_quantity_step":null,"_links":{"self":[{"href":"https:\/\/shaliteink.com\/de\/wp-json\/wp\/v2\/product\/1078","targetHints":{"allow":["GET"]}}],"collection":[{"href":"https:\/\/shaliteink.com\/de\/wp-json\/wp\/v2\/product"}],"about":[{"href":"https:\/\/shaliteink.com\/de\/wp-json\/wp\/v2\/types\/product"}],"replies":[{"embeddable":true,"href":"https:\/\/shaliteink.com\/de\/wp-json\/wp\/v2\/comments?post=1078"}],"version-history":[{"count":0,"href":"https:\/\/shaliteink.com\/de\/wp-json\/wp\/v2\/product\/1078\/revisions"}],"wp:featuredmedia":[{"embeddable":true,"href":"https:\/\/shaliteink.com\/de\/wp-json\/wp\/v2\/media\/1483"}],"wp:attachment":[{"href":"https:\/\/shaliteink.com\/de\/wp-json\/wp\/v2\/media?parent=1078"}],"wp:term":[{"taxonomy":"product_brand","embeddable":true,"href":"https:\/\/shaliteink.com\/de\/wp-json\/wp\/v2\/product_brand?post=1078"},{"taxonomy":"product_cat","embeddable":true,"href":"https:\/\/shaliteink.com\/de\/wp-json\/wp\/v2\/product_cat?post=1078"},{"taxonomy":"product_tag","embeddable":true,"href":"https:\/\/shaliteink.com\/de\/wp-json\/wp\/v2\/product_tag?post=1078"}],"curies":[{"name":"wp","href":"https:\/\/api.w.org\/{rel}","templated":true}]}}