{"id":1072,"date":"2025-04-10T10:22:35","date_gmt":"2025-04-10T10:22:35","guid":{"rendered":"https:\/\/shaliteink.com\/?post_type=product&#038;p=1072"},"modified":"2025-12-10T11:31:49","modified_gmt":"2025-12-10T11:31:49","slug":"extra-schwarze-siebdruck-plastisolfarbe","status":"publish","type":"product","link":"https:\/\/shaliteink.com\/de\/produkt\/extra-schwarze-siebdruck-plastisolfarbe\/","title":{"rendered":"Extra schwarze Plastisol-Siebdrucktinte"},"content":{"rendered":"<p>Diese hohe Demonstration <strong><a href=\"https:\/\/shaliteink.com\/de\/produkt-kategorie\/plastisol-tinte\/\">Plastisol-Tinte<\/a><\/strong> Shaliteink Extra Black bietet au\u00dfergew\u00f6hnliche Ergebnisse und sorgt f\u00fcr brillante, schwarze Drucke auf dunkler Kleidung, ohne dass mehrere Farbschichten n\u00f6tig sind. Genie\u00dfen Sie das angenehm weiche Tragegef\u00fchl, das Ihre fertigen Produkte komfortabel und ansprechend macht. Die Farbe ist benutzerfreundlich, flie\u00dft gleichm\u00e4\u00dfig durch den Siebdruckrahmen und bietet hervorragende Druckergebnisse. So wird die Produktion effizienter und weniger Aufwand.<\/p>\n<p>Wir verstehen die Anforderungen des modernen Siebdrucks. Deshalb wurde unsere andere schwarze Plastisolfarbe als kosteng\u00fcnstige Alternative ohne Qualit\u00e4tseinbu\u00dfen entwickelt. Dank ihrer gebrauchsfertigen Stabilit\u00e4t k\u00f6nnen Sie den Eimer \u00f6ffnen und sofort mit dem Drucken beginnen \u2013 das spart Ihnen wertvolle Zeit und M\u00fche. Von komplexen Designs bis hin zu einfarbigen Fl\u00e4chen liefert Shaliteink stets brillante, professionelle Ergebnisse mit hohem Schwarzanteil.<\/p>\n<p><img decoding=\"async\" class=\"aligncenter wp-image-3953 size-large\" src=\"https:\/\/shaliteink.com\/wp-content\/uploads\/2025\/04\/Extra-Black-Screen-Printing-Plastisol-Ink-1024x683.jpg\" alt=\"Extra schwarze Plastisol-Siebdrucktinte\" width=\"1024\" height=\"683\" srcset=\"https:\/\/shaliteink.com\/wp-content\/uploads\/2025\/04\/Extra-Black-Screen-Printing-Plastisol-Ink-1024x683.jpg 1024w, https:\/\/shaliteink.com\/wp-content\/uploads\/2025\/04\/Extra-Black-Screen-Printing-Plastisol-Ink-300x200.jpg 300w, https:\/\/shaliteink.com\/wp-content\/uploads\/2025\/04\/Extra-Black-Screen-Printing-Plastisol-Ink-768x512.jpg 768w, https:\/\/shaliteink.com\/wp-content\/uploads\/2025\/04\/Extra-Black-Screen-Printing-Plastisol-Ink-1536x1024.jpg 1536w, https:\/\/shaliteink.com\/wp-content\/uploads\/2025\/04\/Extra-Black-Screen-Printing-Plastisol-Ink-2048x1365.jpg 2048w, https:\/\/shaliteink.com\/wp-content\/uploads\/2025\/04\/Extra-Black-Screen-Printing-Plastisol-Ink-18x12.jpg 18w, https:\/\/shaliteink.com\/wp-content\/uploads\/2025\/04\/Extra-Black-Screen-Printing-Plastisol-Ink-1200x800.jpg 1200w, https:\/\/shaliteink.com\/wp-content\/uploads\/2025\/04\/Extra-Black-Screen-Printing-Plastisol-Ink-150x100.jpg 150w\" sizes=\"(max-width: 1024px) 100vw, 1024px\" \/><\/p>\n<p class=\"ng-star-inserted\"><strong class=\"ng-star-inserted\"><span class=\"ng-star-inserted\">Wichtigste Vorteile:<\/span><\/strong><\/p>\n<ul class=\"ng-star-inserted\">\n<li class=\"ng-star-inserted\">Au\u00dfergew\u00f6hnlicher Opkar: Reichhaltige, tiefschwarze Drucke mit Tiefpassfiltern, sogar auf dunklen Untergr\u00fcnden.<\/li>\n<li class=\"ng-star-inserted\">Weiche Handabdr\u00fccke: Genie\u00dfen Sie ein komfortables, flexibles Tragegef\u00fchl, das den Tragekomfort der Kleidung verbessert.<\/li>\n<li class=\"ng-star-inserted\">Universelle Stoffvertr\u00e4glichkeit: Ideal f\u00fcr verschiedene Arten von Kleidung, darunter Baumwolle, Polyester-Mischgewebe und mehr.<\/li>\n<li class=\"ng-star-inserted\">Non-Phthalate Sutra: Eine sichere Option f\u00fcr Ihr Gesch\u00e4ft und die Umwelt.<\/li>\n<li class=\"ng-star-inserted\">Einfache Handhabung: Die cremige, kurzkantige Stabilit\u00e4t gew\u00e4hrleistet einen reibungslosen Druckprozess und geringe Verstopfungsgefahr des Siebs.<\/li>\n<li class=\"ng-star-inserted\">Qualit\u00e4t direkt vom Hersteller: Zwanzig Jahre Erfahrung in der Herstellung und der Direktvertrieb von Shaliteink garantieren erstklassige Siebdruckfarbe zu wettbewerbsf\u00e4higen Preisen.<\/li>\n<\/ul>\n<p class=\"ng-star-inserted\"><strong class=\"ng-star-inserted\"><span class=\"ng-star-inserted\">Merkmale:<\/span><\/strong><\/p>\n<ul>\n<li>Kr\u00e4ftiges und lebendiges Schwarz: Ein intensives, langanhaltendes Schwarz, das wirklich hervorsticht.<\/li>\n<li>H\u00f6here op vargery: ausgezeichnete Abdeckung, wodurch der Bedarf an Unterbau bei vielen Anwendungen reduziert wird.<\/li>\n<li>Cremiges und einfaches Drucken: reibungslose App, entwickelt f\u00fcr bessere Details.<\/li>\n<li>Weicher Handdruck: sorgt f\u00fcr ein angenehmes Tragegef\u00fchl bei bedruckter Kleidung.<\/li>\n<li>Geringe Ausblutungseigenschaften: Polyester reduziert die Farbstoffmigration bei Mischgeweben und erh\u00e4lt so die Druckintegrit\u00e4t.<\/li>\n<li>Kurze Aufhellzeit, niedrige Behandlungstemperatur: Steigert die Produktion und senkt die Energiekosten.<\/li>\n<\/ul>\n<p class=\"ng-star-inserted\"><strong class=\"ng-star-inserted\"><span class=\"ng-star-inserted\">Richtlinien zur Heilung:<\/span><\/strong><\/p>\n<p>Shaliteink <strong>Extra schwarze Plastisolfarbe<\/strong> ist auf effiziente Verarbeitung ausgelegt und hilft Ihnen, die Produktion zu optimieren, indem nachhaltige Drucke gew\u00e4hrleistet werden.<\/p>\n<ul>\n<li>Behandlungstemperatur: Unsere Plastisolfarbe ist bei 160 \u00b0C (320 \u00b0F) am effektivsten. Stellen Sie sicher, dass die gesamte Farbschicht diese Temperatur f\u00fcr die vorgegebene Einwirkzeit erreicht und beibeh\u00e4lt, um eine vollst\u00e4ndige Aush\u00e4rtung zu gew\u00e4hrleisten.<\/li>\n<li>Blitztemperatur: 120 \u00b0C bis 140 \u00b0C (248 \u00b0F bis 284 \u00b0F) f\u00fcr 3\u20135 Sekunden blitzen lassen, um effiziente Mehrfachblitz- oder Druck-Blitz-Druck-Anwendungen zu erm\u00f6glichen. Die Blitzzeit kann je nach Trocknereinstellung und Tintenmenge variieren.<\/li>\n<li>Pr\u00fcfung der vollst\u00e4ndigen Behandlung: Wir empfehlen vor der Serienproduktion sowohl einen Dehnungstest als auch einen Waschtest. Dehnen Sie den Stoff um etwa zwei Drittel seiner L\u00e4nge. Wenn er dabei rei\u00dft und sich nicht wieder zusammenzieht, kann die Qualit\u00e4t nachlassen. Lassen Sie den Druck f\u00fcr den Test abk\u00fchlen, waschen Sie den Stoff anschlie\u00dfend 5-10 Mal und trocknen Sie ihn. Sollte der Druck bereits nach 1-3 W\u00e4schen nachlassen, verl\u00e4ngern Sie die Behandlungszeit oder erh\u00f6hen Sie die Temperatur.<\/li>\n<li>Polyestergemische und Farbstoffmigration: Unsere schonende Behandlungsformel reduziert die Farbstoffmigration, was besonders bei Polyesterkleidung wichtig ist. Durch die Behandlung bei 160 \u00b0C liegen Sie in der Regel unter der Temperatur, bei der die meisten Polyesterfarbstoffe wiederverwendet werden (oft 270\u2013300 \u00b0F), und verhindern so das Ausbluten in Ihrer Siebdruckfarbe. F\u00fcr optimale Ergebnisse bei schwierigen Polyestergemischen empfiehlt sich ein Druck-Flash-Druck-Verfahren mit einer leichten Grundierung.<\/li>\n<\/ul>\n<p class=\"ng-star-inserted\"><strong class=\"ng-star-inserted\"><span class=\"ng-star-inserted\">Aufr\u00e4umarbeiten:<\/span><\/strong><\/p>\n<p>Die Sauberkeit des Endoskops ist wichtig f\u00fcr eine gleichbleibende Qualit\u00e4t.<\/p>\n<ul>\n<li>An der Druckmaschine: Verwenden Sie ein spezielles Plastisol-Druckmaschinenreinigungsmittel oder einen Farbentferner, um das Sieb und die Druckwalze zu reinigen.<\/li>\n<li>Im Waschbecken: Zur gr\u00fcndlichen Reinigung des Siebs verwenden Sie ein Plastisol-Siebreiniger oder einen Farbentferner, um alle Farbreste zu entfernen.<\/li>\n<\/ul>\n<p class=\"ng-star-inserted\"><strong class=\"ng-star-inserted\"><span class=\"ng-star-inserted\">Profi-Tipps f\u00fcr Shaliteink Plastisol-Tinte:<\/span><\/strong><\/p>\n<ul>\n<li>Lagerung: Lagern Sie Ihre Shaliteink-Plastisolfarbe bei Raumtemperatur, idealerweise zwischen 18 und 32 \u00b0C. Vermeiden Sie l\u00e4ngeren Kontakt mit direkter Sonneneinstrahlung und Temperaturen \u00fcber 32 \u00b0C, um eine vorzeitige Aush\u00e4rtung im Beh\u00e4lter zu verhindern.<\/li>\n<li>Empfehlung f\u00fcr die Grundierung: Shaliteink Extra Black bietet zwar eine ausgezeichnete Deckkraft, aber f\u00fcr maximale Farbbrillanz und auf sehr dunklen Textilien kann eine milde Grundierung die endg\u00fcltige Druckqualit\u00e4t verbessern.<\/li>\n<li>Nicht f\u00e4rben: Plastisolfarbe verbindet sich mechanisch mit den Stofffasern, indem sie diese umh\u00fcllt, anstatt sie zu f\u00e4rben. Dies tr\u00e4gt zu ihrer Haltbarkeit und lebendigen Optik bei.<\/li>\n<\/ul>\n<p><img decoding=\"async\" class=\"wp-image-3954 size-large aligncenter\" src=\"https:\/\/shaliteink.com\/wp-content\/uploads\/2025\/04\/Extra-Black-Screen-Printing-Plastisol-Ink-1-1024x683.jpg\" alt=\"\" width=\"1024\" height=\"683\" srcset=\"https:\/\/shaliteink.com\/wp-content\/uploads\/2025\/04\/Extra-Black-Screen-Printing-Plastisol-Ink-1-1024x683.jpg 1024w, https:\/\/shaliteink.com\/wp-content\/uploads\/2025\/04\/Extra-Black-Screen-Printing-Plastisol-Ink-1-300x200.jpg 300w, https:\/\/shaliteink.com\/wp-content\/uploads\/2025\/04\/Extra-Black-Screen-Printing-Plastisol-Ink-1-768x512.jpg 768w, https:\/\/shaliteink.com\/wp-content\/uploads\/2025\/04\/Extra-Black-Screen-Printing-Plastisol-Ink-1-1536x1024.jpg 1536w, https:\/\/shaliteink.com\/wp-content\/uploads\/2025\/04\/Extra-Black-Screen-Printing-Plastisol-Ink-1-2048x1365.jpg 2048w, https:\/\/shaliteink.com\/wp-content\/uploads\/2025\/04\/Extra-Black-Screen-Printing-Plastisol-Ink-1-18x12.jpg 18w, https:\/\/shaliteink.com\/wp-content\/uploads\/2025\/04\/Extra-Black-Screen-Printing-Plastisol-Ink-1-1200x800.jpg 1200w, https:\/\/shaliteink.com\/wp-content\/uploads\/2025\/04\/Extra-Black-Screen-Printing-Plastisol-Ink-1-150x100.jpg 150w\" sizes=\"(max-width: 1024px) 100vw, 1024px\" \/><\/p>\n<p class=\"ng-star-inserted\"><strong class=\"ng-star-inserted\"><span class=\"ng-star-inserted\">Erleben Sie den Shaliteink-Unterschied:<\/span><\/strong><\/p>\n<p>Als wichtiger <strong><a href=\"https:\/\/shaliteink.com\/de\/screen-printing-ink\/\">Siebdruckfarbe<\/a><\/strong> Shaliteink, Ihr Lieferant, hat sich nicht nur der Bereitstellung von Produkten, sondern auch von L\u00f6sungen verschrieben, die Ihre Kreativit\u00e4t befl\u00fcgeln und Ihren Gewinn steigern. Entscheiden Sie sich f\u00fcr die zus\u00e4tzliche schwarze Plastisolfarbe von Shaliteink \u2013 f\u00fcr einen Partner, der sich gleichbleibender Qualit\u00e4t, herausragender Leistung und Ihrem Druckerfolg verschrieben hat.<\/p>\n<p><span class=\"ng-star-inserted\">[Link zum Sicherheitsdatenblatt]<\/span><br class=\"ng-star-inserted\" \/><span class=\"ng-star-inserted\">[Link zur Shaliteink-Farbtabelle &amp; Hex-Codes]<\/span><br class=\"ng-star-inserted\" \/><span class=\"ng-star-inserted\">[Link zu Shaliteink YouTube-Tutorials]<\/span><\/p>","protected":false},"excerpt":{"rendered":"<p>Shaliteink Extra Black Siebdruckfarbe optimiert Ihren Textildruck mit Plastisolfarbe und bietet professionelle Ergebnisse, eine Premium-L\u00f6sung und un\u00fcbertroffene Vielseitigkeit. Dank zweier Jahrzehnte Erfahrung in der Fertigung und dem Direktvertrieb ab Werk ist Shaliteink ein weltweit f\u00fchrender Hersteller von Plastisolfarbe f\u00fcr den Siebdruck und arbeitet mit weltbekannten Marken zusammen, um Ihnen h\u00f6chste Qualit\u00e4t zu bieten. Unsere extra schwarze Farbe sorgt f\u00fcr kr\u00e4ftige, lebendige und dauerhafte Drucke auf einer Vielzahl von Textilien und ist damit ein unverzichtbares Produkt f\u00fcr erfahrene Profis und aufstrebende Druckereien. Diese hochpigmentierte Plastisolfarbe erzielt optimale Ergebnisse und garantiert brillante schwarze Drucke auf dunkler Kleidung ohne \u00fcberm\u00e4\u00dfigen Farbauftrag. Genie\u00dfen Sie die angenehm weiche Haptik, die Ihre fertigen Produkte komfortabel und ansprechend macht. Shaliteink Extra Black ist benutzerfreundlich, flie\u00dft gleichm\u00e4\u00dfig durch Ihr Sieb und bietet hervorragende Druckeigenschaften. Das reduziert Produktionsaufwand und maximiert die Effizienz.<\/p>","protected":false},"featured_media":1486,"comment_status":"open","ping_status":"closed","template":"","meta":[],"product_brand":[],"product_cat":[50,63,39],"product_tag":[],"class_list":{"0":"post-1072","1":"product","2":"type-product","3":"status-publish","4":"has-post-thumbnail","6":"product_cat-black-screen-printing-ink-plastisol","7":"product_cat-plastisol-cmyk-ink","8":"product_cat-plastisol-ink","10":"first","11":"instock","12":"shipping-taxable","13":"purchasable","14":"product-type-variable"},"tiered_pricing_type":"fixed","tiered_pricing_fixed_rules":[],"tiered_pricing_product_settings":{"layout":"default","base_unit_name":{"singular":null,"plural":null},"default_variation":null},"tiered_pricing_minimum_quantity":null,"tiered_pricing_roles_data":[],"tiered_pricing_percentage_rules":[],"tiered_pricing_maximum_quantity":null,"tiered_pricing_quantity_step":null,"_links":{"self":[{"href":"https:\/\/shaliteink.com\/de\/wp-json\/wp\/v2\/product\/1072","targetHints":{"allow":["GET"]}}],"collection":[{"href":"https:\/\/shaliteink.com\/de\/wp-json\/wp\/v2\/product"}],"about":[{"href":"https:\/\/shaliteink.com\/de\/wp-json\/wp\/v2\/types\/product"}],"replies":[{"embeddable":true,"href":"https:\/\/shaliteink.com\/de\/wp-json\/wp\/v2\/comments?post=1072"}],"version-history":[{"count":0,"href":"https:\/\/shaliteink.com\/de\/wp-json\/wp\/v2\/product\/1072\/revisions"}],"wp:featuredmedia":[{"embeddable":true,"href":"https:\/\/shaliteink.com\/de\/wp-json\/wp\/v2\/media\/1486"}],"wp:attachment":[{"href":"https:\/\/shaliteink.com\/de\/wp-json\/wp\/v2\/media?parent=1072"}],"wp:term":[{"taxonomy":"product_brand","embeddable":true,"href":"https:\/\/shaliteink.com\/de\/wp-json\/wp\/v2\/product_brand?post=1072"},{"taxonomy":"product_cat","embeddable":true,"href":"https:\/\/shaliteink.com\/de\/wp-json\/wp\/v2\/product_cat?post=1072"},{"taxonomy":"product_tag","embeddable":true,"href":"https:\/\/shaliteink.com\/de\/wp-json\/wp\/v2\/product_tag?post=1072"}],"curies":[{"name":"wp","href":"https:\/\/api.w.org\/{rel}","templated":true}]}}