{"id":1005,"date":"2025-04-10T08:56:06","date_gmt":"2025-04-10T08:56:06","guid":{"rendered":"https:\/\/shaliteink.com\/?post_type=product&#038;p=1005"},"modified":"2025-12-10T11:30:38","modified_gmt":"2025-12-10T11:30:38","slug":"weise-siebdruck-plastisolfarbe","status":"publish","type":"product","link":"https:\/\/shaliteink.com\/de\/produkt\/weise-siebdruck-plastisolfarbe\/","title":{"rendered":"Wei\u00dfe Plastisol-Tinte f\u00fcr den Siebdruck"},"content":{"rendered":"<p class=\"ng-star-inserted\"><strong><span class=\"ng-star-inserted\">Wichtigste Vorteile der Shaliteink Plastisol-Wei\u00dftinte:<\/span><\/strong><\/p>\n<ul class=\"ng-star-inserted\">\n<li class=\"ng-star-inserted\">\n<p class=\"ng-star-inserted\"><strong class=\"ng-star-inserted\"><span class=\"ng-star-inserted\">Au\u00dfergew\u00f6hnliche Deckkraft:<\/span><\/strong><span class=\"ng-star-inserted\">\u00a0Erzielen Sie brillante, deckende wei\u00dfe Drucke auch auf dunklen Textilien mit hervorragender Deckkraft und minimieren Sie so die Notwendigkeit mehrerer Druckvorg\u00e4nge.<\/span><\/p>\n<\/li>\n<li class=\"ng-star-inserted\">\n<p class=\"ng-star-inserted\"><strong class=\"ng-star-inserted\"><span class=\"ng-star-inserted\">Weiches Handgef\u00fchl:<\/span><\/strong><span class=\"ng-star-inserted\">\u00a0Trotz seiner hohen Opazit\u00e4t, unser\u00a0<\/span><a href=\"https:\/\/shaliteink.com\/de\/produkt-kategorie\/plastisol-tinte\/\"><strong class=\"ng-star-inserted\"><span class=\"ng-star-inserted\">Plastisol-Tinte<\/span><\/strong><\/a><span class=\"ng-star-inserted\">\u00a0sorgt f\u00fcr eine bemerkenswert weiche und flexible Oberfl\u00e4che, die auch nach vielen W\u00e4schen und mit der Zeit nicht abrei\u00dft.<\/span><\/p>\n<\/li>\n<li class=\"ng-star-inserted\">\n<p class=\"ng-star-inserted\"><strong class=\"ng-star-inserted\"><span class=\"ng-star-inserted\">Universelle Stoffkompatibilit\u00e4t:<\/span><\/strong><span class=\"ng-star-inserted\">\u00a0Dieses Produkt wurde f\u00fcr Vielseitigkeit entwickelt.\u00a0<\/span><a href=\"https:\/\/shaliteink.com\/de\/screen-printing-ink\/\"><strong class=\"ng-star-inserted\"><span class=\"ng-star-inserted\">Siebdruckfarbe<\/span><\/strong><\/a><span class=\"ng-star-inserted\">\u00a0Erzielt hervorragende Ergebnisse auf einer breiten Palette von Stoffen, von 100% Baumwolle bis hin zu Polyestergemischen.<\/span><\/p>\n<\/li>\n<li class=\"ng-star-inserted\">\n<p class=\"ng-star-inserted\"><strong class=\"ng-star-inserted\"><span class=\"ng-star-inserted\">Formel f\u00fcr geringe Blutungen:<\/span><\/strong><span class=\"ng-star-inserted\">\u00a0Vergessen Sie Bedenken hinsichtlich der Farbstoffmigration, insbesondere bei der Verarbeitung von anspruchsvollen Polyester- und Mischgeweben.<\/span><\/p>\n<\/li>\n<li class=\"ng-star-inserted\">\n<p class=\"ng-star-inserted\"><strong class=\"ng-star-inserted\"><span class=\"ng-star-inserted\">Phthalatfreie Formulierung:<\/span><\/strong><span class=\"ng-star-inserted\">\u00a0Aus \u00dcberzeugung f\u00fcr Sicherheit und Umweltverantwortung verwenden wir f\u00fcr unsere Tinte keine sch\u00e4dlichen Phthalate.<\/span><\/p>\n<\/li>\n<li class=\"ng-star-inserted\">\n<p class=\"ng-star-inserted\"><strong class=\"ng-star-inserted\"><span class=\"ng-star-inserted\">Optimale Aush\u00e4rtung und Blitzung:<\/span><\/strong><span class=\"ng-star-inserted\">\u00a0Entwickelt f\u00fcr maximale Effizienz, um kurze Produktionszeiten und gleichbleibend zuverl\u00e4ssige Ergebnisse zu gew\u00e4hrleisten.<\/span><\/p>\n<\/li>\n<li class=\"ng-star-inserted\">\n<p class=\"ng-star-inserted\"><strong class=\"ng-star-inserted\"><span class=\"ng-star-inserted\">Benutzerfreundliche Konsistenz:<\/span><\/strong><span class=\"ng-star-inserted\">\u00a0Unser cremiger, kurzk\u00f6rperiger\u00a0<\/span><strong class=\"ng-star-inserted\"><span class=\"ng-star-inserted\">Plastisol-Tinte<\/span><\/strong><span class=\"ng-star-inserted\">\u00a0Es ist einfach zu handhaben und erm\u00f6glicht ein reibungsloses Drucken sowie die Wiedergabe feinster Details.<\/span><\/p>\n<\/li>\n<\/ul>\n<p class=\"ng-star-inserted\"><strong class=\"ng-star-inserted\"><span class=\"ng-star-inserted\">Seidengl\u00e4nzendes Finish:<\/span><\/strong><span class=\"ng-star-inserted\">\u00a0Erzielen Sie einen professionellen, hochwertigen Look mit einem dezenten Glanz, der Ihre Designs aufwertet.<\/span><\/p>\n<p class=\"ng-star-inserted\"><strong class=\"ng-star-inserted\"><span class=\"ng-star-inserted\"><img decoding=\"async\" class=\"alignnone wp-image-3799 size-large\" src=\"https:\/\/shaliteink.com\/wp-content\/uploads\/2025\/09\/White-Screen-Printing-Ink-Plastisol-2-1024x794.png\" alt=\"Wei\u00dfe Siebdruckfarbe Plastisol\" width=\"1024\" height=\"794\" srcset=\"https:\/\/shaliteink.com\/wp-content\/uploads\/2025\/09\/White-Screen-Printing-Ink-Plastisol-2-1024x794.png 1024w, https:\/\/shaliteink.com\/wp-content\/uploads\/2025\/09\/White-Screen-Printing-Ink-Plastisol-2-300x233.png 300w, https:\/\/shaliteink.com\/wp-content\/uploads\/2025\/09\/White-Screen-Printing-Ink-Plastisol-2-768x596.png 768w, https:\/\/shaliteink.com\/wp-content\/uploads\/2025\/09\/White-Screen-Printing-Ink-Plastisol-2-1536x1192.png 1536w, https:\/\/shaliteink.com\/wp-content\/uploads\/2025\/09\/White-Screen-Printing-Ink-Plastisol-2-2048x1589.png 2048w, https:\/\/shaliteink.com\/wp-content\/uploads\/2025\/09\/White-Screen-Printing-Ink-Plastisol-2-15x12.png 15w, https:\/\/shaliteink.com\/wp-content\/uploads\/2025\/09\/White-Screen-Printing-Ink-Plastisol-2-1200x931.png 1200w, https:\/\/shaliteink.com\/wp-content\/uploads\/2025\/09\/White-Screen-Printing-Ink-Plastisol-2-150x116.png 150w\" sizes=\"(max-width: 1024px) 100vw, 1024px\" \/><\/span><\/strong><\/p>\n<p class=\"ng-star-inserted\"><strong class=\"ng-star-inserted\"><span class=\"ng-star-inserted\">Erleben Sie den Shaliteink-Unterschied<\/span><\/strong><\/p>\n<p class=\"ng-star-inserted\"><span class=\"ng-star-inserted\">Shaliteink Plastisol White Ink ist nicht nur Tinte, sondern ein Produktivit\u00e4tsbooster. Entwickelt von Experten mit jahrzehntelanger Erfahrung,\u00a0<\/span><strong class=\"ng-star-inserted\"><span class=\"ng-star-inserted\">Siebdruckfarbe<\/span><\/strong><span class=\"ng-star-inserted\">\u00a0Es wurde speziell f\u00fcr die Anforderungen von Druckereien mit hohem Durchsatz und ambitionierten Hobbydruckern entwickelt. Die niedrigere Aush\u00e4rtungstemperatur reduziert das Risiko von Versengen und Einlaufen der Textilien \u2013 ein h\u00e4ufiges Problem bei Hochtemperaturfarben \u2013 und macht es somit ideal f\u00fcr hitzeempfindliche Materialien. Dies f\u00fchrt au\u00dferdem zu erheblichen Einsparungen bei den Stromkosten und einer schnelleren Produktion, ohne Kompromisse bei der Druckqualit\u00e4t einzugehen.<\/span><\/p>\n<p class=\"ng-star-inserted\"><span class=\"ng-star-inserted\">F\u00fcr optimale Ergebnisse auf dunklen Kleidungsst\u00fccken empfehlen wir die Anwendung einer Untergrundierung mit unserem\u00a0<\/span><strong class=\"ng-star-inserted\"><span class=\"ng-star-inserted\">Shaliteink Plastisol wei\u00dfe Tinte<\/span><\/strong><span class=\"ng-star-inserted\">\u00a0F\u00fcr maximale Farbbrillanz und Deckkraft sorgt unsere spezielle Tintenrezeptur f\u00fcr eine starke mechanische Verbindung mit den Textilfasern. So garantieren wir Drucke, die auch nach zahlreichen W\u00e4schen riss- und farbbest\u00e4ndig sind.<\/span><\/p>\n<p class=\"ng-star-inserted\"><strong class=\"ng-star-inserted\"><span class=\"ng-star-inserted\">Richtlinien zur Heilung:<\/span><\/strong><\/p>\n<ul class=\"ng-star-inserted\">\n<li class=\"ng-star-inserted\">\n<p class=\"ng-star-inserted\"><strong class=\"ng-star-inserted\"><span class=\"ng-star-inserted\">Aush\u00e4rtungstemperatur:<\/span><\/strong><span class=\"ng-star-inserted\">\u00a0Unser\u00a0<\/span><strong class=\"ng-star-inserted\"><span class=\"ng-star-inserted\">Plastisol-Tinte<\/span><\/strong><span class=\"ng-star-inserted\">\u00a0heilt zuverl\u00e4ssig bei\u00a0<\/span><strong class=\"ng-star-inserted\"><span class=\"ng-star-inserted\">160 \u00b0C (320 \u00b0F)<\/span><\/strong><span class=\"ng-star-inserted\">F\u00fcr eine vollst\u00e4ndige und dauerhafte Aush\u00e4rtung muss sichergestellt werden, dass die gesamte Tintenschicht diese Temperatur erreicht.<\/span><\/p>\n<\/li>\n<li class=\"ng-star-inserted\">\n<p class=\"ng-star-inserted\"><strong class=\"ng-star-inserted\"><span class=\"ng-star-inserted\">Blitztemperatur:<\/span><\/strong><span class=\"ng-star-inserted\">\u00a0Erzielen Sie ein effizientes Blinken zwischen\u00a0<\/span><strong class=\"ng-star-inserted\"><span class=\"ng-star-inserted\">120 \u00b0C (248 \u00b0F) bis 140 \u00b0C (284 \u00b0F)<\/span><\/strong><span class=\"ng-star-inserted\">\u00a0f\u00fcr 3-5 Sekunden. Die Blitzzeiten k\u00f6nnen je nach Ger\u00e4t und Tintenauftragsdicke variieren.<\/span><\/p>\n<\/li>\n<li class=\"ng-star-inserted\">\n<p class=\"ng-star-inserted\"><strong class=\"ng-star-inserted\"><span class=\"ng-star-inserted\">Waschtest:<\/span><\/strong><span class=\"ng-star-inserted\">\u00a0Um die vollst\u00e4ndige Aush\u00e4rtung zu \u00fcberpr\u00fcfen, f\u00fchren Sie nach 5\u201310 W\u00e4schen einen Waschtest durch. Ein nicht vollst\u00e4ndig ausgeh\u00e4rteter Druck zeigt bereits nach 1\u20133 W\u00e4schen Verschlechterungen.<\/span><\/p>\n<\/li>\n<li class=\"ng-star-inserted\">\n<p class=\"ng-star-inserted\"><strong class=\"ng-star-inserted\"><span class=\"ng-star-inserted\">Dehnungstest:<\/span><\/strong><span class=\"ng-star-inserted\">\u00a0Ein schneller Test f\u00fcr die Aush\u00e4rtung ist der \u201eDehntest\u201c. Dehnen Sie die bedruckte Fl\u00e4che um etwa zwei Drittel der normalen Dehnbarkeit des Kleidungsst\u00fccks. Wenn der Druck rei\u00dft und sich nicht zusammenzieht, ist er nicht vollst\u00e4ndig ausgeh\u00e4rtet. Passen Sie die Aush\u00e4rtungszeit oder -temperatur entsprechend an.<\/span><\/p>\n<\/li>\n<li class=\"ng-star-inserted\">\n<p class=\"ng-star-inserted\"><strong class=\"ng-star-inserted\"><span class=\"ng-star-inserted\">Allgemeine Tests:<\/span><\/strong><span class=\"ng-star-inserted\">\u00a0Vor jeder gr\u00f6\u00dferen Produktionsserie empfehlen wir dringend, sowohl Dehnungs- als auch Waschtests durchzuf\u00fchren, um die ordnungsgem\u00e4\u00dfe Aush\u00e4rtung und Druckqualit\u00e4t sicherzustellen.\u00a0<\/span><strong class=\"ng-star-inserted\"><span class=\"ng-star-inserted\">Plastisol-Tinte<\/span><\/strong><span class=\"ng-star-inserted\">\u00a0Funktioniert auf verschiedenen Stoffen, optimale Ergebnisse werden oft auf 100% Baumwolle erzielt.<\/span><\/p>\n<\/li>\n<\/ul>\n<p class=\"ng-star-inserted\"><strong class=\"ng-star-inserted\"><span class=\"ng-star-inserted\">Aufr\u00e4umen &amp; Lagern:<\/span><\/strong><\/p>\n<ul class=\"ng-star-inserted\">\n<li class=\"ng-star-inserted\">\n<p class=\"ng-star-inserted\"><strong class=\"ng-star-inserted\"><span class=\"ng-star-inserted\">Aufr\u00e4umarbeiten w\u00e4hrend der Druckphase:<\/span><\/strong><span class=\"ng-star-inserted\">\u00a0F\u00fcr eine schnelle Reinigung w\u00e4hrend der Produktion verwenden Sie ein spezielles Plastisol-Pressenreinigungsmittel oder einen Farbentferner.<\/span><\/p>\n<\/li>\n<li class=\"ng-star-inserted\">\n<p class=\"ng-star-inserted\"><strong class=\"ng-star-inserted\"><span class=\"ng-star-inserted\">Bildschirmreinigung:<\/span><\/strong><span class=\"ng-star-inserted\">\u00a0Reinigen Sie die Siebe nach dem Drucken gr\u00fcndlich mit einem speziellen Plastisol-Siebreiniger oder Farbl\u00f6ser.<\/span><\/p>\n<\/li>\n<li class=\"ng-star-inserted\">\n<p class=\"ng-star-inserted\"><strong class=\"ng-star-inserted\"><span class=\"ng-star-inserted\">Lagerung:<\/span><\/strong><span class=\"ng-star-inserted\">\u00a0Store Shaliteink\u00a0<\/span><strong class=\"ng-star-inserted\"><span class=\"ng-star-inserted\">Plastisol-Tinte<\/span><\/strong><span class=\"ng-star-inserted\">\u00a0Bei Raumtemperatur, idealerweise zwischen 18 und 32 \u00b0C, lagern. Direkte Sonneneinstrahlung und l\u00e4ngere Einwirkung von Temperaturen \u00fcber 32 \u00b0C vermeiden, da die Tinte sonst im Beh\u00e4lter aush\u00e4rten kann.<\/span><\/p>\n<\/li>\n<\/ul>\n<p class=\"ng-star-inserted\"><strong class=\"ng-star-inserted\"><span class=\"ng-star-inserted\">Warum Shaliteink w\u00e4hlen?<\/span><\/strong><\/p>\n<p class=\"ng-star-inserted\"><span class=\"ng-star-inserted\">Dank unserer zwanzigj\u00e4hrigen Fertigungserfahrung erhalten Sie ein Produkt, das auf Leistung, Zuverl\u00e4ssigkeit und Wertigkeit ausgelegt ist. Wir arbeiten eng mit weltbekannten Marken zusammen und optimieren unsere Produkte kontinuierlich.\u00a0<\/span><strong class=\"ng-star-inserted\"><span class=\"ng-star-inserted\">Siebdruckfarbe<\/span><\/strong><span class=\"ng-star-inserted\">\u00a0um die h\u00f6chsten Branchenstandards zu erf\u00fcllen. Wenn Sie\u00a0<\/span><strong class=\"ng-star-inserted\"><span class=\"ng-star-inserted\">Plastisolfarbe kaufen<\/span><\/strong><span class=\"ng-star-inserted\">\u00a0Mit Shaliteink investieren Sie in ein Produkt, das stets professionelle Ergebnisse liefert. Genie\u00dfen Sie die Sicherheit, die Ihnen ein Spitzenprodukt bietet.\u00a0<\/span><strong class=\"ng-star-inserted\"><span class=\"ng-star-inserted\">Siebdruckfarbe<\/span><\/strong><span class=\"ng-star-inserted\">\u00a0Das ist sowohl wirtschaftlich als auch hocheffektiv. Holen Sie sich das Beste zum besten Preis und klicken Sie hier, um unsere Angebote noch heute zu entdecken!<\/span><\/p>\n<p><img decoding=\"async\" class=\"wp-image-3798 size-large aligncenter\" src=\"https:\/\/shaliteink.com\/wp-content\/uploads\/2025\/09\/White-Screen-Printing-Ink-Plastisol-1024x892.jpg\" alt=\"Wei\u00dfe Siebdruckfarbe Plastisol\" width=\"1024\" height=\"892\" srcset=\"https:\/\/shaliteink.com\/wp-content\/uploads\/2025\/09\/White-Screen-Printing-Ink-Plastisol-1024x892.jpg 1024w, https:\/\/shaliteink.com\/wp-content\/uploads\/2025\/09\/White-Screen-Printing-Ink-Plastisol-300x261.jpg 300w, https:\/\/shaliteink.com\/wp-content\/uploads\/2025\/09\/White-Screen-Printing-Ink-Plastisol-768x669.jpg 768w, https:\/\/shaliteink.com\/wp-content\/uploads\/2025\/09\/White-Screen-Printing-Ink-Plastisol-1536x1338.jpg 1536w, https:\/\/shaliteink.com\/wp-content\/uploads\/2025\/09\/White-Screen-Printing-Ink-Plastisol-2048x1784.jpg 2048w, https:\/\/shaliteink.com\/wp-content\/uploads\/2025\/09\/White-Screen-Printing-Ink-Plastisol-14x12.jpg 14w, https:\/\/shaliteink.com\/wp-content\/uploads\/2025\/09\/White-Screen-Printing-Ink-Plastisol-1200x1045.jpg 1200w, https:\/\/shaliteink.com\/wp-content\/uploads\/2025\/09\/White-Screen-Printing-Ink-Plastisol-150x131.jpg 150w\" sizes=\"(max-width: 1024px) 100vw, 1024px\" \/><\/p>","protected":false},"excerpt":{"rendered":"<p><span class=\"ng-star-inserted\">Entdecken Sie das Geheimnis professioneller Siebdrucke mit\u00a0<\/span><strong class=\"ng-star-inserted\"><span class=\"ng-star-inserted\">Shaliteink Plastisol wei\u00dfe Tinte<\/span><\/strong><span class=\"ng-star-inserted\">Shaliteink ist Ihre optimale L\u00f6sung f\u00fcr brillante, langlebige und au\u00dfergew\u00f6hnlich blickdichte Designs. Dank zweier Jahrzehnte Erfahrung in der Fertigung und Preisen direkt ab Werk ist Shaliteink ein weltweit anerkannter Marktf\u00fchrer.\u00a0<\/span><strong class=\"ng-star-inserted\"><span class=\"ng-star-inserted\">Siebdruck-Plastisolfarbe<\/span><\/strong><span class=\"ng-star-inserted\">Weltweit renommierte Marken vertrauen auf unsere Produkte. Unser Engagement f\u00fcr Qualit\u00e4t und Innovation garantiert, dass jeder Druck ein Meisterwerk ist.<\/span><\/p>","protected":false},"featured_media":1438,"comment_status":"open","ping_status":"closed","template":"","meta":[],"product_brand":[],"product_cat":[39,49],"product_tag":[],"class_list":{"0":"post-1005","1":"product","2":"type-product","3":"status-publish","4":"has-post-thumbnail","6":"product_cat-plastisol-ink","7":"product_cat-white-screen-printing-ink-plastisol","9":"first","10":"instock","11":"shipping-taxable","12":"purchasable","13":"product-type-variable"},"tiered_pricing_type":"fixed","tiered_pricing_fixed_rules":[],"tiered_pricing_product_settings":{"layout":"default","base_unit_name":{"singular":null,"plural":null},"default_variation":null},"tiered_pricing_minimum_quantity":null,"tiered_pricing_roles_data":[],"tiered_pricing_percentage_rules":[],"tiered_pricing_maximum_quantity":null,"tiered_pricing_quantity_step":null,"_links":{"self":[{"href":"https:\/\/shaliteink.com\/de\/wp-json\/wp\/v2\/product\/1005","targetHints":{"allow":["GET"]}}],"collection":[{"href":"https:\/\/shaliteink.com\/de\/wp-json\/wp\/v2\/product"}],"about":[{"href":"https:\/\/shaliteink.com\/de\/wp-json\/wp\/v2\/types\/product"}],"replies":[{"embeddable":true,"href":"https:\/\/shaliteink.com\/de\/wp-json\/wp\/v2\/comments?post=1005"}],"version-history":[{"count":0,"href":"https:\/\/shaliteink.com\/de\/wp-json\/wp\/v2\/product\/1005\/revisions"}],"wp:featuredmedia":[{"embeddable":true,"href":"https:\/\/shaliteink.com\/de\/wp-json\/wp\/v2\/media\/1438"}],"wp:attachment":[{"href":"https:\/\/shaliteink.com\/de\/wp-json\/wp\/v2\/media?parent=1005"}],"wp:term":[{"taxonomy":"product_brand","embeddable":true,"href":"https:\/\/shaliteink.com\/de\/wp-json\/wp\/v2\/product_brand?post=1005"},{"taxonomy":"product_cat","embeddable":true,"href":"https:\/\/shaliteink.com\/de\/wp-json\/wp\/v2\/product_cat?post=1005"},{"taxonomy":"product_tag","embeddable":true,"href":"https:\/\/shaliteink.com\/de\/wp-json\/wp\/v2\/product_tag?post=1005"}],"curies":[{"name":"wp","href":"https:\/\/api.w.org\/{rel}","templated":true}]}}