{"id":1004,"date":"2025-04-10T09:02:11","date_gmt":"2025-04-10T09:02:11","guid":{"rendered":"https:\/\/shaliteink.com\/?post_type=product&#038;p=1004"},"modified":"2025-12-10T11:29:52","modified_gmt":"2025-12-10T11:29:52","slug":"schwarze-siebdruck-plastisolfarbe","status":"publish","type":"product","link":"https:\/\/shaliteink.com\/de\/produkt\/schwarze-siebdruck-plastisolfarbe\/","title":{"rendered":"Schwarze Plastisol-Tinte f\u00fcr Siebdruck"},"content":{"rendered":"<p class=\"ng-star-inserted\"><strong class=\"ng-star-inserted\"><span class=\"ng-star-inserted\">Wichtigste Vorteile der Shaliteink schwarzen Plastisolfarbe:<\/span><\/strong><\/p>\n<ul class=\"ng-star-inserted\">\n<li class=\"ng-star-inserted\">Optimale Behandlung: Die effiziente Behandlung bei 160 \u00b0C verk\u00fcrzt die Behandlungszeit erheblich und verringert das Risiko des Versengens oder Einlaufens der Kleidung, was besonders bei hitzeempfindlicher Kleidung von Vorteil ist.<\/li>\n<li>Niedrige Blitztemperatur: Schnelle Aufhellung zwischen 120 \u00b0C und 140 \u00b0C, was Ihre M\u00f6glichkeiten beim Gewicht-auf-Gewicht-Druck erweitert und die Effizienz Ihres Workflows verbessert.<\/li>\n<li>Optimale Deckkraft: Kr\u00e4ftige, satte Schwarzt\u00f6ne schonen auch dunkle Textilien. Dank der hohen Deckkraft sind weniger Farbauftr\u00e4ge n\u00f6tig, was Zeit und Tinte spart.<\/li>\n<li>Weiches Tragegef\u00fchl: Ungeachtet der Mehrdeutigkeit bleiben die Drucke unglaublich weich im Griff und gew\u00e4hrleisten so maximalen Tragekomfort.<\/li>\n<li>Benutzerfreundliche Viskosit\u00e4t: Unsere Plastisolfarbe hat eine cremige, kurzviskose Textur, mit der sie sich leicht verarbeiten l\u00e4sst und f\u00fcr gestochen scharfe, breite Druckergebnisse sorgt, die reibungslos durch Ihren Siebdruckkanal flie\u00dfen.<\/li>\n<li>Nicht-Fothlet-Formel: Shaliteink <strong>Schwarze Plastisol-Tinte<\/strong> wird ohne Phthalate hergestellt; wir setzen uns f\u00fcr Sicherheit und Umweltverantwortung ein.<\/li>\n<li>Vielseitige Anwendung: Ideal f\u00fcr eine breite Palette von Kleidungsst\u00fccken, einschlie\u00dflich 100% Baumwolle, Baumwoll-\/Unterfasermischungen und sogar Mischungen mit einem gewissen Anteil an Polyester als Unterfutter.<\/li>\n<li>Hervorragende Waschbest\u00e4ndigkeit: Gew\u00e4hrleistet langanhaltende Qualit\u00e4t und fixiert die Drucke auch nach wiederholtem Waschen, ohne dass sie bei sachgem\u00e4\u00dfer Aufbereitung rei\u00dfen oder verschwinden.<\/li>\n<\/ul>\n<p><img decoding=\"async\" class=\"wp-image-3816 size-large aligncenter\" src=\"https:\/\/shaliteink.com\/wp-content\/uploads\/2025\/04\/Black-Screen-Printing-Plastisol-Ink-1024x988.png\" alt=\"Schwarze Plastisol-Tinte f\u00fcr Siebdruck\" width=\"1024\" height=\"988\" srcset=\"https:\/\/shaliteink.com\/wp-content\/uploads\/2025\/04\/Black-Screen-Printing-Plastisol-Ink-1024x988.png 1024w, https:\/\/shaliteink.com\/wp-content\/uploads\/2025\/04\/Black-Screen-Printing-Plastisol-Ink-300x290.png 300w, https:\/\/shaliteink.com\/wp-content\/uploads\/2025\/04\/Black-Screen-Printing-Plastisol-Ink-768x741.png 768w, https:\/\/shaliteink.com\/wp-content\/uploads\/2025\/04\/Black-Screen-Printing-Plastisol-Ink-12x12.png 12w, https:\/\/shaliteink.com\/wp-content\/uploads\/2025\/04\/Black-Screen-Printing-Plastisol-Ink-1200x1158.png 1200w, https:\/\/shaliteink.com\/wp-content\/uploads\/2025\/04\/Black-Screen-Printing-Plastisol-Ink-150x145.png 150w, https:\/\/shaliteink.com\/wp-content\/uploads\/2025\/04\/Black-Screen-Printing-Plastisol-Ink.png 1352w\" sizes=\"(max-width: 1024px) 100vw, 1024px\" \/><\/p>\n<p class=\"ng-star-inserted\"><strong class=\"ng-star-inserted\"><span class=\"ng-star-inserted\">Steigern Sie Effizienz und Qualit\u00e4t mit Shaliteink<\/span><\/strong><\/p>\n<p>Shaliteink Black Plastisol-Tinte wurde entwickelt, um Ihren Produktionsprozess zu optimieren und die Qualit\u00e4t Ihrer Endprodukte zu steigern. Unsere fortschrittliche Rezeptur erm\u00f6glicht schnelles Trocknen bei niedrigen Temperaturen und bietet Ihrem Unternehmen somit sp\u00fcrbare Vorteile. Geringer Energieverbrauch bedeutet niedrige Betriebskosten, w\u00e4hrend der hohe Durchsatz es Ihnen erm\u00f6glicht, mehr Projekte zu realisieren und auch enge Fristen einzuhalten. <strong><a href=\"https:\/\/shaliteink.com\/de\/screen-printing-ink\/\">Siebdruckfarbe<\/a> <\/strong>ist nicht nur ein Produkt; Dies ist eine Investition in Ihre Produktivit\u00e4t und Rentabilit\u00e4t.<\/p>\n<p>Die gleichbleibende Qualit\u00e4t unserer <strong><a href=\"https:\/\/shaliteink.com\/de\/produkt-kategorie\/plastisol-tinte\/\">Plastisol-Tinte<\/a> <\/strong>Die leuchtenden schwarzen Pigmente machen es zur idealen Wahl f\u00fcr Grundierungen und Direktdruck. F\u00fcr ein optimales Farbergebnis auf sehr dunklen Textilien empfiehlt sich eine wei\u00dfe Grundierung. Strong Formation sorgt f\u00fcr eine starke mechanische Verbindung mit den Textilfasern und garantiert so die Langlebigkeit und Strapazierf\u00e4higkeit Ihrer Designs.<\/p>\n<p class=\"ng-star-inserted\"><strong class=\"ng-star-inserted\"><span class=\"ng-star-inserted\">Aush\u00e4rtungshinweise:<\/span><\/strong><\/p>\n<ul class=\"ng-star-inserted\">\n<li class=\"ng-star-inserted\">Behandlungstemperatur: Die vollst\u00e4ndige Behandlung sollte bei 160 \u00b0C (320 \u00b0F) erfolgen. Stellen Sie sicher, dass die gesamte Tintenschicht diese Temperatur erreicht, um eine optimale Haltbarkeit zu gew\u00e4hrleisten. Wir empfehlen die Verwendung eines Ringthermometers oder eines Infrarotthermometers zur genauen Messung der Innentemperatur der Tinte, da die Oberfl\u00e4chenanzeige irref\u00fchrend sein kann.<\/li>\n<li>Blitztemperatur: Blitztrocknen Sie bei 120 \u00b0C bis 140 \u00b0C (248 \u00b0F bis 284 \u00b0F) f\u00fcr 3\u20135 Sekunden. Passen Sie die Blitzzeit je nach Ger\u00e4t und Tintenauftrag an.<\/li>\n<li>Pr\u00fcfung der Druckbehandlung: Eine zuverl\u00e4ssige Druckbehandlung ist wichtig f\u00fcr die Langlebigkeit. F\u00fchren Sie einen Dehnungstest durch: Dehnen Sie das bedruckte Kleidungsst\u00fcck um etwa zwei Drittel seiner maximalen Dehnbarkeit. Wenn die Farbe rei\u00dft und sich nicht wieder zusammenzieht, ist die Behandlung unzureichend. F\u00fchren Sie zur Sicherheit einen Waschtest nach 24 Stunden durch (damit die Farbe vollst\u00e4ndig fixiert ist). Richtig fixierte Drucke sollten 5\u201310 W\u00e4schen ohne Qualit\u00e4tsverlust \u00fcberstehen.<\/li>\n<\/ul>\n<p class=\"ng-star-inserted\"><strong class=\"ng-star-inserted\"><span class=\"ng-star-inserted\">Profi-Tipps f\u00fcr optimale Ergebnisse:<\/span><\/strong><\/p>\n<ul class=\"ng-star-inserted\">\n<li class=\"ng-star-inserted\">Lagerung: Die Shaliteink-Plastisolfarbe sollte bei Raumtemperatur, idealerweise zwischen 18 und 32 \u00b0C, gelagert werden. Direkte Sonneneinstrahlung und l\u00e4ngere Einwirkung von Temperaturen \u00fcber 32 \u00b0C sind zu vermeiden, da dies zu einer Vorbehandlung der Farbe im Beh\u00e4lter f\u00fchren kann.<\/li>\n<li>Grundierung: Um beim Bedrucken dunkler Textilien maximale Kontrastfreiheit und Farbbrillanz zu erzielen, insbesondere bei Materialien mit hohem Polyesteranteil, empfehlen wir die Verwendung einer gro\u00dfz\u00fcgigen wei\u00dfen Grundierung. Dies ist besonders wichtig, um ein Auslaufen der Farbe auf Polyestergemischen zu verhindern, wenn die richtige niedrige Temperatur mit der entsprechenden Vorbehandlung kombiniert wird.<\/li>\n<li>Stoffauswahl: Shalitink-Plastisolfarbe in Schwarz ist zwar vielseitig einsetzbar, erzielt aber auf Baumwollkleidung des Typs 100% besonders gute Ergebnisse. F\u00fchren Sie daher immer Vorversuche an neuen Stoffarten durch, um optimale Haftung und Farbwirkung zu gew\u00e4hrleisten.<\/li>\n<\/ul>\n<p class=\"ng-star-inserted\"><strong class=\"ng-star-inserted\"><span class=\"ng-star-inserted\">Aufr\u00e4umarbeiten:<\/span><\/strong><\/p>\n<ul>\n<li>An der Druckmaschine: Verwenden Sie einen umweltfreundlichen Plastisolfarbenentferner oder eine Druckmaschinenreinigung, die speziell f\u00fcr die Reinigung von Siebdruckfarben entwickelt wurde.<\/li>\n<li>Im Waschbecken: Verwenden Sie zur Reinigung des Siebs ein spezielles Plastisol-Siebreinigermittel, um alle Farbreste effektiv zu entfernen.<\/li>\n<\/ul>\n<p class=\"ng-star-inserted\"><strong class=\"ng-star-inserted\"><span class=\"ng-star-inserted\">Sicherheitsdatenblatt:<\/span><\/strong><\/p>\n<p class=\"ng-star-inserted\"><span class=\"ng-star-inserted\">Hier klicken f\u00fcr das Sicherheitsdatenblatt (SDB)<\/span><\/p>\n<p><img decoding=\"async\" class=\"wp-image-3817 size-large aligncenter\" src=\"https:\/\/shaliteink.com\/wp-content\/uploads\/2025\/04\/Black-Screen-Printing-Plastisol-Ink-1-1024x870.png\" alt=\"Schwarze Plastisol-Tinte f\u00fcr Siebdruck\" width=\"1024\" height=\"870\" srcset=\"https:\/\/shaliteink.com\/wp-content\/uploads\/2025\/04\/Black-Screen-Printing-Plastisol-Ink-1-1024x870.png 1024w, https:\/\/shaliteink.com\/wp-content\/uploads\/2025\/04\/Black-Screen-Printing-Plastisol-Ink-1-300x255.png 300w, https:\/\/shaliteink.com\/wp-content\/uploads\/2025\/04\/Black-Screen-Printing-Plastisol-Ink-1-768x652.png 768w, https:\/\/shaliteink.com\/wp-content\/uploads\/2025\/04\/Black-Screen-Printing-Plastisol-Ink-1-1536x1304.png 1536w, https:\/\/shaliteink.com\/wp-content\/uploads\/2025\/04\/Black-Screen-Printing-Plastisol-Ink-1-2048x1739.png 2048w, https:\/\/shaliteink.com\/wp-content\/uploads\/2025\/04\/Black-Screen-Printing-Plastisol-Ink-1-14x12.png 14w, https:\/\/shaliteink.com\/wp-content\/uploads\/2025\/04\/Black-Screen-Printing-Plastisol-Ink-1-1200x1019.png 1200w, https:\/\/shaliteink.com\/wp-content\/uploads\/2025\/04\/Black-Screen-Printing-Plastisol-Ink-1-150x127.png 150w\" sizes=\"(max-width: 1024px) 100vw, 1024px\" \/><\/p>","protected":false},"excerpt":{"rendered":"<p>Erleben Sie den Unterschied mit Shaliteink Black Siebdruck-Plastisolfarbe \u2013 entwickelt f\u00fcr herausragende Ergebnisse und einfache Anwendung. Als weltweit f\u00fchrender Hersteller von Siebdruckfarben mit zwei Jahrzehnten Erfahrung bietet Ihnen Shaliteink eine Premium-Plastisolfarbe, die \u00fcberragende Leistung mit g\u00fcnstigen Preisen direkt vom Hersteller vereint. In enger Zusammenarbeit mit weltbekannten Marken haben wir eine Farbe entwickelt, die h\u00f6chsten Industriestandards entspricht und Ihnen stets brillante, langlebige und professionelle Druckergebnisse garantiert.<\/p>","protected":false},"featured_media":1484,"comment_status":"open","ping_status":"closed","template":"","meta":[],"product_brand":[],"product_cat":[50,39],"product_tag":[],"class_list":{"0":"post-1004","1":"product","2":"type-product","3":"status-publish","4":"has-post-thumbnail","6":"product_cat-black-screen-printing-ink-plastisol","7":"product_cat-plastisol-ink","9":"first","10":"instock","11":"shipping-taxable","12":"purchasable","13":"product-type-variable"},"tiered_pricing_type":"fixed","tiered_pricing_fixed_rules":[],"tiered_pricing_product_settings":{"layout":"default","base_unit_name":{"singular":null,"plural":null},"default_variation":null},"tiered_pricing_minimum_quantity":null,"tiered_pricing_roles_data":[],"tiered_pricing_percentage_rules":[],"tiered_pricing_maximum_quantity":null,"tiered_pricing_quantity_step":null,"_links":{"self":[{"href":"https:\/\/shaliteink.com\/de\/wp-json\/wp\/v2\/product\/1004","targetHints":{"allow":["GET"]}}],"collection":[{"href":"https:\/\/shaliteink.com\/de\/wp-json\/wp\/v2\/product"}],"about":[{"href":"https:\/\/shaliteink.com\/de\/wp-json\/wp\/v2\/types\/product"}],"replies":[{"embeddable":true,"href":"https:\/\/shaliteink.com\/de\/wp-json\/wp\/v2\/comments?post=1004"}],"version-history":[{"count":0,"href":"https:\/\/shaliteink.com\/de\/wp-json\/wp\/v2\/product\/1004\/revisions"}],"wp:featuredmedia":[{"embeddable":true,"href":"https:\/\/shaliteink.com\/de\/wp-json\/wp\/v2\/media\/1484"}],"wp:attachment":[{"href":"https:\/\/shaliteink.com\/de\/wp-json\/wp\/v2\/media?parent=1004"}],"wp:term":[{"taxonomy":"product_brand","embeddable":true,"href":"https:\/\/shaliteink.com\/de\/wp-json\/wp\/v2\/product_brand?post=1004"},{"taxonomy":"product_cat","embeddable":true,"href":"https:\/\/shaliteink.com\/de\/wp-json\/wp\/v2\/product_cat?post=1004"},{"taxonomy":"product_tag","embeddable":true,"href":"https:\/\/shaliteink.com\/de\/wp-json\/wp\/v2\/product_tag?post=1004"}],"curies":[{"name":"wp","href":"https:\/\/api.w.org\/{rel}","templated":true}]}}