{"id":63,"date":"2024-07-18T06:55:38","date_gmt":"2024-07-18T06:55:38","guid":{"rendered":"https:\/\/dummy.xtemos.com\/woodmart2\/pottery-elementor\/?page_id=63"},"modified":"2025-11-12T08:15:34","modified_gmt":"2025-11-12T08:15:34","slug":"shaliteink-geschichte","status":"publish","type":"page","link":"https:\/\/shaliteink.com\/de\/shaliteink-geschichte\/","title":{"rendered":"Unsere Geschichte"},"content":{"rendered":"<div data-elementor-type=\"wp-page\" data-elementor-id=\"63\" class=\"elementor elementor-63\">\n\t\t\t\t<div class=\"wd-negative-gap elementor-element elementor-element-3381320 e-flex e-con-boxed e-con e-parent\" data-id=\"3381320\" data-element_type=\"container\">\n\t\t\t\t\t<div class=\"e-con-inner\">\n\t\t\t\t<div class=\"elementor-element elementor-element-aa167ec elementor-widget__width-inherit color-scheme-inherit text-left elementor-widget elementor-widget-text-editor\" data-id=\"aa167ec\" data-element_type=\"widget\" data-widget_type=\"text-editor.default\">\n\t\t\t\t\t\t\t\t\t<p>Wir sind davon \u00fcberzeugt, dass Farbe mehr ist als nur eine chemische Formel. Sie ist ein Gef\u00fchl, ein Ausdruck, eine Geschichte, die darauf wartet, erz\u00e4hlt zu werden. Unser Ziel ist es, jedem Designer die <a href=\"https:\/\/shaliteink.com\/de\/screen-printing-ink\/\"><strong><span class=\"___SBox_epc1q-ko_ ___SText_zko9t-ko_\" data-ui-name=\"Link.Text\">beste Plastisol-Tinte f\u00fcr den Siebdruck<\/span><\/strong> <\/a>um ihre eigenen zu informieren.<\/p>\t\t\t\t\t\t\t\t<\/div>\n\t\t\t\t\t<\/div>\n\t\t\t\t<\/div>\n\t\t<div class=\"wd-negative-gap elementor-element elementor-element-7ae8f294 e-flex e-con-boxed e-con e-parent\" data-id=\"7ae8f294\" data-element_type=\"container\" data-settings=\"{&quot;background_background&quot;:&quot;classic&quot;}\">\n\t\t\t\t\t<div class=\"e-con-inner\">\n\t\t<div class=\"elementor-element elementor-element-2d7a902c e-con-full e-flex e-con e-child\" data-id=\"2d7a902c\" data-element_type=\"container\">\n\t\t\t\t<div class=\"elementor-element elementor-element-afa31d8 elementor-widget elementor-widget-heading\" data-id=\"afa31d8\" data-element_type=\"widget\" data-widget_type=\"heading.default\">\n\t\t\t\t\t<h2 class=\"elementor-heading-title elementor-size-default\">Die Stiftung<\/h2>\t\t\t\t<\/div>\n\t\t\t\t<div class=\"elementor-element elementor-element-c59ef6f color-scheme-inherit text-left elementor-widget elementor-widget-text-editor\" data-id=\"c59ef6f\" data-element_type=\"widget\" data-widget_type=\"text-editor.default\">\n\t\t\t\t\t\t\t\t\t<p>Unsere Reise begann nicht in einem protzigen Designstudio, sondern vor \u00fcber 20 Jahren in einer Fabrikhalle. Seit zwei Jahrzehnten sind wir ein stiller Partner hinter den Kulissen und entwickeln mit akribischer Sorgfalt Hochleistungs- <a href=\"https:\/\/shaliteink.com\/de\/screen-printing-ink\/\">Siebdruckfarben<\/a> f\u00fcr gro\u00dfe Marken. Von den Rohstoffen \u00fcber die Produktion bis hin zur Pr\u00fcfung halten wir uns bei jedem Schritt an strenge Standards. Wir wissen, was Premium-Tinte wirklich au\u00dfergew\u00f6hnlich macht.<\/p>\t\t\t\t\t\t\t\t<\/div>\n\t\t\t\t<div class=\"elementor-element elementor-element-ff5a898 elementor-widget elementor-widget-heading\" data-id=\"ff5a898\" data-element_type=\"widget\" data-widget_type=\"heading.default\">\n\t\t\t\t\t<h2 class=\"elementor-heading-title elementor-size-default\">Der \u201eAha!\u201c-Moment<\/h2>\t\t\t\t<\/div>\n\t\t\t\t<div class=\"elementor-element elementor-element-f4f53c6 color-scheme-inherit text-left elementor-widget elementor-widget-text-editor\" data-id=\"f4f53c6\" data-element_type=\"widget\" data-widget_type=\"text-editor.default\">\n\t\t\t\t\t\t\t\t\t<p>Aber wir entdeckten eine L\u00fccke. Die wirklichen Entwickler, die ihr Herzblut in ihre Arbeit steckten \u2013 die DIY-Musiker, die kleinen Unternehmenstr\u00e4umer, die Etsy-Verk\u00e4ufer \u2013 hatten meist nur minimale Auswahlm\u00f6glichkeiten: entweder \u00fcberteuerte Experten <a href=\"https:\/\/shaliteink.com\/de\/produkt-kategorie\/plastisol-tinte\/\">Plastisol-Tinten<\/a> oder unzuverl\u00e4ssige Hobbyfarben. Wir wussten, dass wir es viel besser k\u00f6nnen.<\/p>\t\t\t\t\t\t\t\t<\/div>\n\t\t\t\t<div class=\"elementor-element elementor-element-f8894f9 elementor-widget elementor-widget-heading\" data-id=\"f8894f9\" data-element_type=\"widget\" data-widget_type=\"heading.default\">\n\t\t\t\t\t<h2 class=\"elementor-heading-title elementor-size-default\">Die Geburt von Shaliteink<\/h2>\t\t\t\t<\/div>\n\t\t\t\t<div class=\"elementor-element elementor-element-84d499f color-scheme-inherit text-left elementor-widget elementor-widget-text-editor\" data-id=\"84d499f\" data-element_type=\"widget\" data-widget_type=\"text-editor.default\">\n\t\t\t\t\t\t\t\t\t<p>So entstand Shaliteink. Wir beschlossen, diese L\u00fccke zu schlie\u00dfen. Nach Jahren als vertrauensw\u00fcrdiger Hersteller hinter den Kulissen starteten wir unsere eigene Online- <a href=\"https:\/\/shaliteink.com\/de\/\">Siebdruckfarben Online-Shop<\/a>, wir bringen unsere Premium-Fabrikqualit\u00e4t <strong>Siebdruckfarbe Plastisol<\/strong> Wir haben den Ton und die Markierungen entfernt und direkt an Sie gesendet. Unser Ziel ist einfach: Ihre Kreativit\u00e4t mit der professionellen Tinte zu f\u00f6rdern, die Sie haben sollten, zu einem Preis, der f\u00fcr Ihre Begeisterung angemessen ist.<\/p>\t\t\t\t\t\t\t\t<\/div>\n\t\t\t\t<\/div>\n\t\t<div class=\"elementor-element elementor-element-28bfb1c9 e-con-full e-flex e-con e-child\" data-id=\"28bfb1c9\" data-element_type=\"container\">\n\t\t\t\t<div class=\"elementor-element elementor-element-280d38f7 elementor-absolute elementor-hidden-tablet elementor-hidden-phone elementor-widget elementor-widget-image\" data-id=\"280d38f7\" data-element_type=\"widget\" data-settings=\"{&quot;_position&quot;:&quot;absolute&quot;}\" data-widget_type=\"image.default\">\n\t\t\t\t\t\t\t\t\t\t\t\t\t\t\t<img decoding=\"async\" width=\"768\" height=\"862\" src=\"https:\/\/shaliteink.com\/wp-content\/uploads\/2025\/08\/plastisol-ink-shop-story-1-e1754450674334-768x862.png\" class=\"attachment-medium_large size-medium_large wp-image-3288\" alt=\"Geschichte eines Plastisolfarbenladens (1)\" srcset=\"https:\/\/shaliteink.com\/wp-content\/uploads\/2025\/08\/plastisol-ink-shop-story-1-e1754450674334-768x862.png 768w, https:\/\/shaliteink.com\/wp-content\/uploads\/2025\/08\/plastisol-ink-shop-story-1-e1754450674334-267x300.png 267w, https:\/\/shaliteink.com\/wp-content\/uploads\/2025\/08\/plastisol-ink-shop-story-1-e1754450674334-912x1024.png 912w, https:\/\/shaliteink.com\/wp-content\/uploads\/2025\/08\/plastisol-ink-shop-story-1-e1754450674334-11x12.png 11w, https:\/\/shaliteink.com\/wp-content\/uploads\/2025\/08\/plastisol-ink-shop-story-1-e1754450674334-150x168.png 150w, https:\/\/shaliteink.com\/wp-content\/uploads\/2025\/08\/plastisol-ink-shop-story-1-e1754450674334.png 978w\" sizes=\"(max-width: 768px) 100vw, 768px\" \/>\t\t\t\t\t\t\t\t\t\t\t\t\t\t\t<\/div>\n\t\t\t\t<div class=\"elementor-element elementor-element-2fd75a26 elementor-absolute elementor-hidden-tablet elementor-hidden-phone elementor-widget__width-initial elementor-widget elementor-widget-image\" data-id=\"2fd75a26\" data-element_type=\"widget\" data-settings=\"{&quot;_position&quot;:&quot;absolute&quot;}\" data-widget_type=\"image.default\">\n\t\t\t\t\t\t\t\t\t\t\t\t\t\t\t<img decoding=\"async\" width=\"768\" height=\"1152\" src=\"https:\/\/shaliteink.com\/wp-content\/uploads\/2025\/08\/plastisol-ink-story-1-768x1152.png\" class=\"attachment-medium_large size-medium_large wp-image-3289\" alt=\"Geschichte der Plastisolfarbe (1)\" srcset=\"https:\/\/shaliteink.com\/wp-content\/uploads\/2025\/08\/plastisol-ink-story-1-768x1152.png 768w, https:\/\/shaliteink.com\/wp-content\/uploads\/2025\/08\/plastisol-ink-story-1-200x300.png 200w, https:\/\/shaliteink.com\/wp-content\/uploads\/2025\/08\/plastisol-ink-story-1-683x1024.png 683w, https:\/\/shaliteink.com\/wp-content\/uploads\/2025\/08\/plastisol-ink-story-1-8x12.png 8w, https:\/\/shaliteink.com\/wp-content\/uploads\/2025\/08\/plastisol-ink-story-1-150x225.png 150w, https:\/\/shaliteink.com\/wp-content\/uploads\/2025\/08\/plastisol-ink-story-1.png 1024w\" sizes=\"(max-width: 768px) 100vw, 768px\" \/>\t\t\t\t\t\t\t\t\t\t\t\t\t\t\t<\/div>\n\t\t\t\t<\/div>\n\t\t\t\t\t<\/div>\n\t\t\t\t<\/div>\n\t\t<div class=\"elementor-element elementor-element-e471038 e-con-full wd-section-stretch e-flex e-con e-parent\" data-id=\"e471038\" data-element_type=\"container\" data-settings=\"{&quot;background_background&quot;:&quot;classic&quot;}\">\n\t\t<div class=\"elementor-element elementor-element-9a18581 e-con-full e-flex e-con e-child\" data-id=\"9a18581\" data-element_type=\"container\">\n\t\t\t\t<div class=\"elementor-element elementor-element-54c1bbb elementor-view-default elementor-widget elementor-widget-icon\" data-id=\"54c1bbb\" data-element_type=\"widget\" data-widget_type=\"icon.default\">\n\t\t\t\t\t\t\t<div class=\"elementor-icon-wrapper\">\n\t\t\t<div class=\"elementor-icon elementor-animation-pulse-grow\">\n\t\t\t<i aria-hidden=\"true\" class=\"icon icon-trophy\"><\/i>\t\t\t<\/div>\n\t\t<\/div>\n\t\t\t\t\t\t<\/div>\n\t\t\t\t<div class=\"elementor-element elementor-element-3a12c3f elementor-widget elementor-widget-heading\" data-id=\"3a12c3f\" data-element_type=\"widget\" data-widget_type=\"heading.default\">\n\t\t\t\t\t<h2 class=\"elementor-heading-title elementor-size-default\">Kompromisslose Qualit\u00e4t<\/h2>\t\t\t\t<\/div>\n\t\t\t\t<div class=\"elementor-element elementor-element-89f50e5 color-scheme-inherit text-left elementor-widget elementor-widget-text-editor\" data-id=\"89f50e5\" data-element_type=\"widget\" data-widget_type=\"text-editor.default\">\n\t\t\t\t\t\t\t\t\t<p>Dank unserer zwanzigj\u00e4hrigen Erfahrung wird jedes Set auf lebendige Farben, gleichm\u00e4\u00dfige Anwendung und dauerhafte Haltbarkeit gepr\u00fcft. Wir sind besessen von den Informationen, damit Sie sich auf die Produktion konzentrieren k\u00f6nnen.<\/p>\t\t\t\t\t\t\t\t<\/div>\n\t\t\t\t<\/div>\n\t\t<div class=\"elementor-element elementor-element-f74f852 e-con-full e-flex e-con e-child\" data-id=\"f74f852\" data-element_type=\"container\">\n\t\t\t\t<div class=\"elementor-element elementor-element-0fac8fb elementor-view-default elementor-widget elementor-widget-icon\" data-id=\"0fac8fb\" data-element_type=\"widget\" data-widget_type=\"icon.default\">\n\t\t\t\t\t\t\t<div class=\"elementor-icon-wrapper\">\n\t\t\t<div class=\"elementor-icon elementor-animation-pulse-grow\">\n\t\t\t<i aria-hidden=\"true\" class=\"icon icon-Leaf\"><\/i>\t\t\t<\/div>\n\t\t<\/div>\n\t\t\t\t\t\t<\/div>\n\t\t\t\t<div class=\"elementor-element elementor-element-6d65152 elementor-widget elementor-widget-heading\" data-id=\"6d65152\" data-element_type=\"widget\" data-widget_type=\"heading.default\">\n\t\t\t\t\t<h2 class=\"elementor-heading-title elementor-size-default\">Bewusste Sch\u00f6pfung<\/h2>\t\t\t\t<\/div>\n\t\t\t\t<div class=\"elementor-element elementor-element-a750fd8 color-scheme-inherit text-left elementor-widget elementor-widget-text-editor\" data-id=\"a750fd8\" data-element_type=\"widget\" data-widget_type=\"text-editor.default\">\n\t\t\t\t\t\t\t\t\t<p>Wir glauben, dass Kreativit\u00e4t nicht auf Kosten des Planeten gehen sollte. Deshalb sind alle unsere Tinten l\u00f6sungsmittelfrei und wir sind die Ersten, die <a href=\"https:\/\/shaliteink.com\/de\/produkt-kategorie\/pvc-freie-plastisolfarbe\/\">PVC-freie Plastisol-Tinte<\/a> die den h\u00f6chsten Umweltstandards entsprechen. Damit setzen wir uns f\u00fcr eine sicherere und nachhaltigere Druckzukunft ein \u2013 f\u00fcr Sie, Ihre Familie und unseren Planeten.<\/p>\t\t\t\t\t\t\t\t<\/div>\n\t\t\t\t<\/div>\n\t\t<div class=\"elementor-element elementor-element-c1cb928 e-con-full e-flex e-con e-child\" data-id=\"c1cb928\" data-element_type=\"container\">\n\t\t\t\t<div class=\"elementor-element elementor-element-df3673a elementor-view-default elementor-widget elementor-widget-icon\" data-id=\"df3673a\" data-element_type=\"widget\" data-widget_type=\"icon.default\">\n\t\t\t\t\t\t\t<div class=\"elementor-icon-wrapper\">\n\t\t\t<div class=\"elementor-icon elementor-animation-pulse-grow\">\n\t\t\t<i aria-hidden=\"true\" class=\"icon icon-customer-support-2\"><\/i>\t\t\t<\/div>\n\t\t<\/div>\n\t\t\t\t\t\t<\/div>\n\t\t\t\t<div class=\"elementor-element elementor-element-7d5516c elementor-widget elementor-widget-heading\" data-id=\"7d5516c\" data-element_type=\"widget\" data-widget_type=\"heading.default\">\n\t\t\t\t\t<h2 class=\"elementor-heading-title elementor-size-default\">Auf den Sch\u00f6pfer ausgerichtete Unterst\u00fctzung<\/h2>\t\t\t\t<\/div>\n\t\t\t\t<div class=\"elementor-element elementor-element-38bf0b3 color-scheme-inherit text-left elementor-widget elementor-widget-text-editor\" data-id=\"38bf0b3\" data-element_type=\"widget\" data-widget_type=\"text-editor.default\">\n\t\t\t\t\t\t\t\t\t<p>Wir sind mehr als nur ein Siebdruckfarbengesch\u00e4ft; wir sind Ihr kreativer Partner. Von hilfreichen Tutorials bis hin zu einem reaktionsschnellen Kundenservice unterst\u00fctzen wir Sie bei jedem Schritt Ihres Druckprozesses.<\/p>\t\t\t\t\t\t\t\t<\/div>\n\t\t\t\t<\/div>\n\t\t\t\t<\/div>\n\t\t<div class=\"wd-negative-gap elementor-element elementor-element-6bc8e2f8 e-flex e-con-boxed e-con e-parent\" data-id=\"6bc8e2f8\" data-element_type=\"container\">\n\t\t\t\t\t<div class=\"e-con-inner\">\n\t\t<div class=\"elementor-element elementor-element-4f376385 e-con-full e-flex e-con e-child\" data-id=\"4f376385\" data-element_type=\"container\">\n\t\t\t\t<div class=\"elementor-element elementor-element-f26848e elementor-widget elementor-widget-heading\" data-id=\"f26848e\" data-element_type=\"widget\" data-widget_type=\"heading.default\">\n\t\t\t\t\t<h4 class=\"elementor-heading-title elementor-size-default\">Treten Sie dem Siebdruckfarbenclub von Telegram oder Messenger bei!<\/h4>\t\t\t\t<\/div>\n\t\t\t\t<\/div>\n\t\t\t\t\t<\/div>\n\t\t\t\t<\/div>\n\t\t<div class=\"wd-negative-gap elementor-element elementor-element-94e78d1 e-flex e-con-boxed e-con e-parent\" data-id=\"94e78d1\" data-element_type=\"container\">\n\t\t\t\t\t<div class=\"e-con-inner\">\n\t\t<div class=\"elementor-element elementor-element-0052d97 e-con-full e-flex e-con e-child\" data-id=\"0052d97\" data-element_type=\"container\">\n\t\t\t\t<div class=\"elementor-element elementor-element-0f0bf66 elementor-widget elementor-widget-image\" data-id=\"0f0bf66\" data-element_type=\"widget\" data-widget_type=\"image.default\">\n\t\t\t\t\t\t\t\t\t\t\t\t\t\t\t<img decoding=\"async\" width=\"150\" height=\"150\" src=\"https:\/\/shaliteink.com\/wp-content\/uploads\/2025\/08\/screen-printing-ink-contact2-150x150.jpg\" class=\"attachment-thumbnail size-thumbnail wp-image-3191\" alt=\"Siebdruckfarbe Kontakt2\" srcset=\"https:\/\/shaliteink.com\/wp-content\/uploads\/2025\/08\/screen-printing-ink-contact2-150x150.jpg 150w, https:\/\/shaliteink.com\/wp-content\/uploads\/2025\/08\/screen-printing-ink-contact2-12x12.jpg 12w\" sizes=\"(max-width: 150px) 100vw, 150px\" \/>\t\t\t\t\t\t\t\t\t\t\t\t\t\t\t<\/div>\n\t\t\t\t<\/div>\n\t\t<div class=\"elementor-element elementor-element-70ef07c e-con-full e-flex e-con e-child\" data-id=\"70ef07c\" data-element_type=\"container\">\n\t\t\t\t<div class=\"elementor-element elementor-element-5cbaee3 elementor-widget elementor-widget-image\" data-id=\"5cbaee3\" data-element_type=\"widget\" data-widget_type=\"image.default\">\n\t\t\t\t\t\t\t\t\t\t\t\t\t\t\t<img decoding=\"async\" width=\"150\" height=\"150\" src=\"https:\/\/shaliteink.com\/wp-content\/uploads\/2025\/08\/screen-printing-ink-contact1-150x150.jpg\" class=\"attachment-thumbnail size-thumbnail wp-image-3190\" alt=\"Siebdruckfarbe Kontakt2\" srcset=\"https:\/\/shaliteink.com\/wp-content\/uploads\/2025\/08\/screen-printing-ink-contact1-150x150.jpg 150w, https:\/\/shaliteink.com\/wp-content\/uploads\/2025\/08\/screen-printing-ink-contact1-12x12.jpg 12w, https:\/\/shaliteink.com\/wp-content\/uploads\/2025\/08\/screen-printing-ink-contact1-600x600.jpg 600w\" sizes=\"(max-width: 150px) 100vw, 150px\" \/>\t\t\t\t\t\t\t\t\t\t\t\t\t\t\t<\/div>\n\t\t\t\t<\/div>\n\t\t\t\t\t<\/div>\n\t\t\t\t<\/div>\n\t\t<div class=\"elementor-element elementor-element-72fc336 e-con-full e-flex e-con e-parent\" data-id=\"72fc336\" data-element_type=\"container\">\n\t\t\t\t<div class=\"elementor-element elementor-element-e61242d wd-width-100 wd-nav-accordion-mb-on elementor-widget elementor-widget-wd_product_categories\" data-id=\"e61242d\" data-element_type=\"widget\" data-widget_type=\"wd_product_categories.default\">\n\t\t\t\t<div class=\"elementor-widget-container\">\n\t\t\t\t\t\t\t\t\t\t\t\t\t\t\n\t\t\t\t<div class=\"wd-cats-element\">\n\t\t\t\t\t<div class=\"wd-grid-g wd-cats products columns-4 elements-grid\" style=\"--wd-col-lg:4;--wd-col-md:4;--wd-col-sm:2;--wd-gap-lg:30px;--wd-gap-sm:10px;\">\n\t\t\t\t\t\t\t\t\t\t\t\t\t\n<div class=\"wd-col category-grid-item wd-cat cat-design-center without-product-count product-category product first\" data-loop=\"1\">\n\t\n\t<div class=\"wd-cat-inner wrapp-category\">\n\t\t<div class=\"wd-cat-thumb category-image-wrapp\">\n\t\t\t<a class=\"wd-cat-image category-image\" href=\"https:\/\/shaliteink.com\/de\/produkt-kategorie\/pvc-freie-plastisolfarbe\/\" aria-label=\"PVC-freie Plastisol-Tinte\">\n\t\t\t\t\n\t\t\t\t<img decoding=\"async\" width=\"1024\" height=\"1024\" src=\"https:\/\/shaliteink.com\/wp-content\/uploads\/2025\/07\/screen-printing-ink10-1024x1024.jpg\" class=\"attachment-large size-large\" alt=\"Siebdruckfarbe (5)\" srcset=\"https:\/\/shaliteink.com\/wp-content\/uploads\/2025\/07\/screen-printing-ink10-1024x1024.jpg 1024w, https:\/\/shaliteink.com\/wp-content\/uploads\/2025\/07\/screen-printing-ink10-300x300.jpg 300w, https:\/\/shaliteink.com\/wp-content\/uploads\/2025\/07\/screen-printing-ink10-150x150.jpg 150w, https:\/\/shaliteink.com\/wp-content\/uploads\/2025\/07\/screen-printing-ink10-768x768.jpg 768w, https:\/\/shaliteink.com\/wp-content\/uploads\/2025\/07\/screen-printing-ink10-12x12.jpg 12w, https:\/\/shaliteink.com\/wp-content\/uploads\/2025\/07\/screen-printing-ink10-600x600.jpg 600w, https:\/\/shaliteink.com\/wp-content\/uploads\/2025\/07\/screen-printing-ink10.jpg 1080w\" sizes=\"(max-width: 1024px) 100vw, 1024px\" \/>\t\t\t<\/a>\n\t\t<\/div>\n\t\t<div class=\"wd-cat-content hover-mask\">\n\t\t\t<h3 class=\"wd-entities-title\">\n\t\t\t\tPVC-freie Plastisol-Tinte\t\t\t<\/h3>\n\n\t\t\t\n\t\t\t\t\t<\/div>\n\n\t\t\t\t<a class=\"wd-fill category-link\" href=\"https:\/\/shaliteink.com\/de\/produkt-kategorie\/pvc-freie-plastisolfarbe\/\" aria-label=\"Produktkategorie: PVC-freie Plastisolfarbe\"><\/a>\n\t\t\t<\/div>\n\n\t<\/div>\n\t\t\t\t\t\t\t\t\t\t\t\t\t\n<div class=\"wd-col category-grid-item wd-cat cat-design-center without-product-count product-category product\" data-loop=\"2\">\n\t\n\t<div class=\"wd-cat-inner wrapp-category\">\n\t\t<div class=\"wd-cat-thumb category-image-wrapp\">\n\t\t\t<a class=\"wd-cat-image category-image\" href=\"https:\/\/shaliteink.com\/de\/produkt-kategorie\/plastisol-cmyk-tinte\/\" aria-label=\"Plastisol CMYK-Tinte\">\n\t\t\t\t\n\t\t\t\t<img decoding=\"async\" width=\"1024\" height=\"1024\" src=\"https:\/\/shaliteink.com\/wp-content\/uploads\/2025\/07\/Plastisol-CMYK-Ink-2.png\" class=\"attachment-large size-large\" alt=\"Plastisol CMYK Tinte (2)\" srcset=\"https:\/\/shaliteink.com\/wp-content\/uploads\/2025\/07\/Plastisol-CMYK-Ink-2.png 1024w, https:\/\/shaliteink.com\/wp-content\/uploads\/2025\/07\/Plastisol-CMYK-Ink-2-300x300.png 300w, https:\/\/shaliteink.com\/wp-content\/uploads\/2025\/07\/Plastisol-CMYK-Ink-2-150x150.png 150w, https:\/\/shaliteink.com\/wp-content\/uploads\/2025\/07\/Plastisol-CMYK-Ink-2-768x768.png 768w, https:\/\/shaliteink.com\/wp-content\/uploads\/2025\/07\/Plastisol-CMYK-Ink-2-12x12.png 12w, https:\/\/shaliteink.com\/wp-content\/uploads\/2025\/07\/Plastisol-CMYK-Ink-2-600x600.png 600w\" sizes=\"(max-width: 1024px) 100vw, 1024px\" \/>\t\t\t<\/a>\n\t\t<\/div>\n\t\t<div class=\"wd-cat-content hover-mask\">\n\t\t\t<h3 class=\"wd-entities-title\">\n\t\t\t\tPlastisol CMYK-Tinte\t\t\t<\/h3>\n\n\t\t\t\n\t\t\t\t\t<\/div>\n\n\t\t\t\t<a class=\"wd-fill category-link\" href=\"https:\/\/shaliteink.com\/de\/produkt-kategorie\/plastisol-cmyk-tinte\/\" aria-label=\"Produktkategorie Plastisol-CMYK-Tinte\"><\/a>\n\t\t\t<\/div>\n\n\t<\/div>\n\t\t\t\t\t\t\t\t\t\t\t\t\t\n<div class=\"wd-col category-grid-item wd-cat cat-design-center without-product-count product-category product\" data-loop=\"3\">\n\t\n\t<div class=\"wd-cat-inner wrapp-category\">\n\t\t<div class=\"wd-cat-thumb category-image-wrapp\">\n\t\t\t<a class=\"wd-cat-image category-image\" href=\"https:\/\/shaliteink.com\/de\/produkt-kategorie\/pvc-freie-nb-siebdruckfarbe\/\" aria-label=\"NB Druckfarbe\">\n\t\t\t\t\n\t\t\t\t<img decoding=\"async\" width=\"1024\" height=\"1024\" src=\"https:\/\/shaliteink.com\/wp-content\/uploads\/2025\/07\/screen-printing-ink5-1024x1024.jpg\" class=\"attachment-large size-large\" alt=\"Siebdruckfarbe (5)\" srcset=\"https:\/\/shaliteink.com\/wp-content\/uploads\/2025\/07\/screen-printing-ink5-1024x1024.jpg 1024w, https:\/\/shaliteink.com\/wp-content\/uploads\/2025\/07\/screen-printing-ink5-300x300.jpg 300w, https:\/\/shaliteink.com\/wp-content\/uploads\/2025\/07\/screen-printing-ink5-150x150.jpg 150w, https:\/\/shaliteink.com\/wp-content\/uploads\/2025\/07\/screen-printing-ink5-768x768.jpg 768w, https:\/\/shaliteink.com\/wp-content\/uploads\/2025\/07\/screen-printing-ink5-12x12.jpg 12w, https:\/\/shaliteink.com\/wp-content\/uploads\/2025\/07\/screen-printing-ink5-600x600.jpg 600w, https:\/\/shaliteink.com\/wp-content\/uploads\/2025\/07\/screen-printing-ink5.jpg 1080w\" sizes=\"(max-width: 1024px) 100vw, 1024px\" \/>\t\t\t<\/a>\n\t\t<\/div>\n\t\t<div class=\"wd-cat-content hover-mask\">\n\t\t\t<h3 class=\"wd-entities-title\">\n\t\t\t\tNB Druckfarbe\t\t\t<\/h3>\n\n\t\t\t\n\t\t\t\t\t<\/div>\n\n\t\t\t\t<a class=\"wd-fill category-link\" href=\"https:\/\/shaliteink.com\/de\/produkt-kategorie\/pvc-freie-nb-siebdruckfarbe\/\" aria-label=\"Produktkategorie PVC-freie NB-Siebdruckfarbe\"><\/a>\n\t\t\t<\/div>\n\n\t<\/div>\n\t\t\t\t\t\t\t\t\t\t\t\t\t\n<div class=\"wd-col category-grid-item wd-cat cat-design-center without-product-count product-category product\" data-loop=\"4\">\n\t\n\t<div class=\"wd-cat-inner wrapp-category\">\n\t\t<div class=\"wd-cat-thumb category-image-wrapp\">\n\t\t\t<a class=\"wd-cat-image category-image\" href=\"https:\/\/shaliteink.com\/de\/produkt-kategorie\/metallische-siebdruckfarbe\/\" aria-label=\"Metallische Siebdruckfarbe\">\n\t\t\t\t\n\t\t\t\t<img decoding=\"async\" width=\"1024\" height=\"1024\" src=\"https:\/\/shaliteink.com\/wp-content\/uploads\/2025\/07\/screen-printing-ink8.png\" class=\"attachment-large size-large\" alt=\"\" srcset=\"https:\/\/shaliteink.com\/wp-content\/uploads\/2025\/07\/screen-printing-ink8.png 1024w, https:\/\/shaliteink.com\/wp-content\/uploads\/2025\/07\/screen-printing-ink8-300x300.png 300w, https:\/\/shaliteink.com\/wp-content\/uploads\/2025\/07\/screen-printing-ink8-150x150.png 150w, https:\/\/shaliteink.com\/wp-content\/uploads\/2025\/07\/screen-printing-ink8-768x768.png 768w, https:\/\/shaliteink.com\/wp-content\/uploads\/2025\/07\/screen-printing-ink8-12x12.png 12w, https:\/\/shaliteink.com\/wp-content\/uploads\/2025\/07\/screen-printing-ink8-600x600.png 600w\" sizes=\"(max-width: 1024px) 100vw, 1024px\" \/>\t\t\t<\/a>\n\t\t<\/div>\n\t\t<div class=\"wd-cat-content hover-mask\">\n\t\t\t<h3 class=\"wd-entities-title\">\n\t\t\t\tMetallische Siebdruckfarbe\t\t\t<\/h3>\n\n\t\t\t\n\t\t\t\t\t<\/div>\n\n\t\t\t\t<a class=\"wd-fill category-link\" href=\"https:\/\/shaliteink.com\/de\/produkt-kategorie\/metallische-siebdruckfarbe\/\" aria-label=\"Produktkategorie: Metallic-Siebdruckfarbe\"><\/a>\n\t\t\t<\/div>\n\n\t<\/div>\n\t\t\t\t\t\t\t\t\t\t\t<\/div>\n\t\t\t\t<\/div>\n\t\t\t\t\t\t\t\t\t\t\t<\/div>\n\t\t\t\t<\/div>\n\t\t\t\t<\/div>\n\t\t\t\t<\/div>","protected":false},"excerpt":{"rendered":"<p>Our company believe color is greater than simply a chemical formula. It&#8217;s a feeling, an expression, a story waiting to<\/p>","protected":false},"author":1,"featured_media":3836,"parent":0,"menu_order":0,"comment_status":"closed","ping_status":"closed","template":"elementor_header_footer","meta":{"footnotes":""},"class_list":["post-63","page","type-page","status-publish","has-post-thumbnail","hentry"],"_links":{"self":[{"href":"https:\/\/shaliteink.com\/de\/wp-json\/wp\/v2\/pages\/63","targetHints":{"allow":["GET"]}}],"collection":[{"href":"https:\/\/shaliteink.com\/de\/wp-json\/wp\/v2\/pages"}],"about":[{"href":"https:\/\/shaliteink.com\/de\/wp-json\/wp\/v2\/types\/page"}],"author":[{"embeddable":true,"href":"https:\/\/shaliteink.com\/de\/wp-json\/wp\/v2\/users\/1"}],"replies":[{"embeddable":true,"href":"https:\/\/shaliteink.com\/de\/wp-json\/wp\/v2\/comments?post=63"}],"version-history":[{"count":0,"href":"https:\/\/shaliteink.com\/de\/wp-json\/wp\/v2\/pages\/63\/revisions"}],"wp:featuredmedia":[{"embeddable":true,"href":"https:\/\/shaliteink.com\/de\/wp-json\/wp\/v2\/media\/3836"}],"wp:attachment":[{"href":"https:\/\/shaliteink.com\/de\/wp-json\/wp\/v2\/media?parent=63"}],"curies":[{"name":"wp","href":"https:\/\/api.w.org\/{rel}","templated":true}]}}