{"id":2956,"date":"2025-08-01T10:56:11","date_gmt":"2025-08-01T10:56:11","guid":{"rendered":"https:\/\/shaliteink.com\/?page_id=2956"},"modified":"2025-11-12T06:51:17","modified_gmt":"2025-11-12T06:51:17","slug":"faqs","status":"publish","type":"page","link":"https:\/\/shaliteink.com\/de\/faqs\/","title":{"rendered":"FAQs"},"content":{"rendered":"<div data-elementor-type=\"wp-page\" data-elementor-id=\"2956\" class=\"elementor elementor-2956\">\n\t\t\t\t<div class=\"wd-negative-gap elementor-element elementor-element-d31b16d e-flex e-con-boxed e-con e-parent\" data-id=\"d31b16d\" data-element_type=\"container\">\n\t\t\t\t\t<div class=\"e-con-inner\">\n\t\t\t\t<div class=\"elementor-element elementor-element-b75f4b2 color-scheme-inherit text-left elementor-widget elementor-widget-text-editor\" data-id=\"b75f4b2\" data-element_type=\"widget\" data-widget_type=\"text-editor.default\">\n\t\t\t\t\t\t\t\t\t<p>Willkommen in unserem Help Center! Hier finden Sie Antworten auf die h\u00e4ufigsten Fragen. Ob Sie sich \u00fcber unsere umweltfreundlichen <a href=\"https:\/\/shaliteink.com\/de\/screen-printing-ink\/\">Siebdruckfarben<\/a>, ben\u00f6tigen Sie einen Druckvorschlag oder haben Sie eine Frage zu Ihrer Bestellung, sind Sie hier richtig. Wenn Sie Ihre Antwort unten nicht finden k\u00f6nnen, z\u00f6gern Sie bitte nicht, <a href=\"https:\/\/shaliteink.com\/de\/kontakt\/\">Kontakt<\/a>.<\/p>\t\t\t\t\t\t\t\t<\/div>\n\t\t\t\t\t<\/div>\n\t\t\t\t<\/div>\n\t\t<div class=\"wd-negative-gap elementor-element elementor-element-63928a3 e-flex e-con-boxed e-con e-parent\" data-id=\"63928a3\" data-element_type=\"container\">\n\t\t\t\t\t<div class=\"e-con-inner\">\n\t\t\t\t<div class=\"elementor-element elementor-element-b2507e6 elementor-widget elementor-widget-heading\" data-id=\"b2507e6\" data-element_type=\"widget\" data-widget_type=\"heading.default\">\n\t\t\t\t\t<h2 class=\"elementor-heading-title elementor-size-default\">Erste Schritte und allgemeine Fragen<\/h2>\t\t\t\t<\/div>\n\t\t\t\t<div class=\"elementor-element elementor-element-01efd9d elementor-widget elementor-widget-wd_accordion\" data-id=\"01efd9d\" data-element_type=\"widget\" data-widget_type=\"wd_accordion.default\">\n\t\t\t\t<div class=\"elementor-widget-container\">\n\t\t\t\t\t\n\t\t<div class=\"wd-accordion wd-style-shadow wd-titles-left wd-opener-pos-left wd-opener-style-arrow\" data-state=\"first\">\n\t\t\t\t\t\t\t\n\t\t\t\t<div class=\"wd-accordion-item\">\n\t\t\t\t\t<div class=\"wd-accordion-title wd-role-btn wd-active\" data-accordion-index=\"0\" tabindex=\"0\">\n\t\t\t\t\t\t<div class=\"wd-accordion-title-text\">\n\t\t\t\t\t\t\t\t\t\t\t\t\t\t<span>\n\t\t\t\t\t\t\t\tIch bin neu im Siebdruck. Mit welcher Tinte sollte ich beginnen?\t\t\t\t\t\t\t<\/span>\n\t\t\t\t\t\t<\/div>\n\t\t\t\t\t\t<span class=\"wd-accordion-opener\"><\/span>\n\t\t\t\t\t<\/div>\n\n\t\t\t\t\t<div class=\"wd-accordion-content wd-entry-content wd-active\" data-accordion-index=\"0\">\n\t\t\t\t\t\t\t\t\t\t\t\t\t\n\t\t\t\t\t\t\t<p>Willkommen in der innovativen Welt von <strong>Siebdruck<\/strong>! F\u00fcr Anf\u00e4nger empfehlen wir unsere klassische Plastisol-Tinte. Sie ist extrem einfach, da sie nicht im Sieb eintrocknet und Ihnen viel Zeit zum Arbeiten l\u00e4sst. Wenn Sie Wert auf Nachhaltigkeit legen und ein besonders weiches Gef\u00fchl w\u00fcnschen, ist unsere <strong>PVC-freie Plastisol-Tinte<\/strong> ist eine wunderbare und ebenso benutzerfreundliche Wahl. F\u00fcr den besten Wert, werfen Sie einen Blick auf unsere <strong>Siebdruckfarbe<\/strong> Pakete mit unseren beliebtesten Farbt\u00f6nen.<\/p>\n\t\t\t\t\t\t\t\t\t\t\t\t\t\t\t\t\t\t<\/div>\n\t\t\t\t<\/div>\n\t\t\t\t\t\t\t\n\t\t\t\t<div class=\"wd-accordion-item\">\n\t\t\t\t\t<div class=\"wd-accordion-title wd-role-btn\" data-accordion-index=\"1\" tabindex=\"0\">\n\t\t\t\t\t\t<div class=\"wd-accordion-title-text\">\n\t\t\t\t\t\t\t\t\t\t\t\t\t\t<span>\n\t\t\t\t\t\t\t\tWelche Ausr\u00fcstung ben\u00f6tige ich, um Ihre Plastisol-Tinten zu Hause auszuh\u00e4rten?\t\t\t\t\t\t\t<\/span>\n\t\t\t\t\t\t<\/div>\n\t\t\t\t\t\t<span class=\"wd-accordion-opener\"><\/span>\n\t\t\t\t\t<\/div>\n\n\t\t\t\t\t<div class=\"wd-accordion-content wd-entry-content\" data-accordion-index=\"1\">\n\t\t\t\t\t\t\t\t\t\t\t\t\t\n\t\t\t\t\t\t\t<p>Ausgezeichnete Anfrage! W\u00e4hrend eine fachm\u00e4nnische Warmpresse das Branchenkriterium f\u00fcr Gleichm\u00e4\u00dfigkeit ist, k\u00f6nnen Sie unsere <strong>Plastisol-Tinten<\/strong> im Haus. Eine hochwertige Hei\u00dfluftpistole ist eine hervorragende Wahl f\u00fcr Heimwerker. Sie k\u00f6nnen auch einen Backofen verwenden, aber bitte mit \u00e4u\u00dferster Vorsicht und guter Bel\u00fcftung. Verwenden Sie ihn nur zum Drucken, nicht zum anschlie\u00dfenden Kochen. Der Trick besteht darin, sicherzustellen, dass die gesamte Tintenschicht ihre volle Trocknungstemperatur erreicht (normalerweise 160 \u00b0C).<\/p>\n\t\t\t\t\t\t\t\t\t\t\t\t\t\t\t\t\t\t<\/div>\n\t\t\t\t<\/div>\n\t\t\t\t\t\t\t\n\t\t\t\t<div class=\"wd-accordion-item\">\n\t\t\t\t\t<div class=\"wd-accordion-title wd-role-btn\" data-accordion-index=\"2\" tabindex=\"0\">\n\t\t\t\t\t\t<div class=\"wd-accordion-title-text\">\n\t\t\t\t\t\t\t\t\t\t\t\t\t\t<span>\n\t\t\t\t\t\t\t\tKann ich Ihre Tinten mischen, um benutzerdefinierte Farben zu erstellen?\t\t\t\t\t\t\t<\/span>\n\t\t\t\t\t\t<\/div>\n\t\t\t\t\t\t<span class=\"wd-accordion-opener\"><\/span>\n\t\t\t\t\t<\/div>\n\n\t\t\t\t\t<div class=\"wd-accordion-content wd-entry-content\" data-accordion-index=\"2\">\n\t\t\t\t\t\t\t\t\t\t\t\t\t\n\t\t\t\t\t\t\t<p>Ja, auf jeden Fall! Sie k\u00f6nnen alle unsere Standard-Plastisol-Tinten miteinander mischen, um Ihre ganz eigenen Farbt\u00f6ne zu kreieren. Wir empfehlen, Tinten aus der gleichen Serie (z. B. Standard-Plastisol mit typischem Plastisol) zu mischen, um die vorhersehbarsten und zuverl\u00e4ssigsten Ergebnisse zu erzielen. Wir raten davon ab, unsere <strong>Spezialtinten<\/strong> wie Puff oder Glitter, ohne es vorher zu testen, da dies ihre besondere Wirkung ver\u00e4ndern kann.<\/p>\n\t\t\t\t\t\t\t\t\t\t\t\t\t\t\t\t\t\t<\/div>\n\t\t\t\t<\/div>\n\t\t\t\t\t<\/div>\n\t\t\t\t\t\t<\/div>\n\t\t\t\t<\/div>\n\t\t\t\t\t<\/div>\n\t\t\t\t<\/div>\n\t\t<div class=\"wd-negative-gap elementor-element elementor-element-01e6a77 e-flex e-con-boxed e-con e-parent\" data-id=\"01e6a77\" data-element_type=\"container\">\n\t\t\t\t\t<div class=\"e-con-inner\">\n\t\t\t\t<div class=\"elementor-element elementor-element-8144c39 elementor-widget elementor-widget-heading\" data-id=\"8144c39\" data-element_type=\"widget\" data-widget_type=\"heading.default\">\n\t\t\t\t\t<h2 class=\"elementor-heading-title elementor-size-default\">Unsere Tinten: Die Details<\/h2>\t\t\t\t<\/div>\n\t\t\t\t<div class=\"elementor-element elementor-element-03e97d0 elementor-widget elementor-widget-wd_accordion\" data-id=\"03e97d0\" data-element_type=\"widget\" data-widget_type=\"wd_accordion.default\">\n\t\t\t\t<div class=\"elementor-widget-container\">\n\t\t\t\t\t\n\t\t<div class=\"wd-accordion wd-style-shadow wd-titles-left wd-opener-pos-left wd-opener-style-arrow\" data-state=\"first\">\n\t\t\t\t\t\t\t\n\t\t\t\t<div class=\"wd-accordion-item\">\n\t\t\t\t\t<div class=\"wd-accordion-title wd-role-btn wd-active\" data-accordion-index=\"0\" tabindex=\"0\">\n\t\t\t\t\t\t<div class=\"wd-accordion-title-text\">\n\t\t\t\t\t\t\t\t\t\t\t\t\t\t<span>\n\t\t\t\t\t\t\t\tWas genau ist PVC-freie Plastisol-Tinte und warum ist sie besser?\t\t\t\t\t\t\t<\/span>\n\t\t\t\t\t\t<\/div>\n\t\t\t\t\t\t<span class=\"wd-accordion-opener\"><\/span>\n\t\t\t\t\t<\/div>\n\n\t\t\t\t\t<div class=\"wd-accordion-content wd-entry-content wd-active\" data-accordion-index=\"0\">\n\t\t\t\t\t\t\t\t\t\t\t\t\t\n\t\t\t\t\t\t\t<p><strong>Warum es besser ist:<\/strong><br \/><strong>Sicherer:<\/strong> Es ist frei von PVC und Phthalaten und daher eine weitaus bessere Wahl f\u00fcr das Bedrucken von Kinderkleidung und f\u00fcr alle, die im privaten oder institutionellen Umfeld arbeiten.<br \/><strong>Umweltfreundlich:<\/strong> Es ist eine viel nachhaltigere und umweltbewusstere Wahl.<br \/><strong>Au\u00dfergew\u00f6hnlich weich:<\/strong> Es erzeugt ein \u201eweiches Handgef\u00fchl\u201c, was bedeutet, dass sich der endg\u00fcltige Druck weniger wie eine Kunststoffschicht und vielmehr wie ein Teil des Textils selbst anf\u00fchlt.<br \/>Pro-Leistung: Sie erhalten alle Vorteile von Standard-Plastisol \u2013 lebendige Farbe, fantastische Deckkraft und einfache Anwendung \u2013 ohne Kompromisse.<\/p>\n\t\t\t\t\t\t\t\t\t\t\t\t\t\t\t\t\t\t<\/div>\n\t\t\t\t<\/div>\n\t\t\t\t\t\t\t\n\t\t\t\t<div class=\"wd-accordion-item\">\n\t\t\t\t\t<div class=\"wd-accordion-title wd-role-btn\" data-accordion-index=\"1\" tabindex=\"0\">\n\t\t\t\t\t\t<div class=\"wd-accordion-title-text\">\n\t\t\t\t\t\t\t\t\t\t\t\t\t\t<span>\n\t\t\t\t\t\t\t\tWie lange sind Ihre Tinten haltbar?\t\t\t\t\t\t\t<\/span>\n\t\t\t\t\t\t<\/div>\n\t\t\t\t\t\t<span class=\"wd-accordion-opener\"><\/span>\n\t\t\t\t\t<\/div>\n\n\t\t\t\t\t<div class=\"wd-accordion-content wd-entry-content\" data-accordion-index=\"1\">\n\t\t\t\t\t\t\t\t\t\t\t\t\t\n\t\t\t\t\t\t\t<p>Bei sachgem\u00e4\u00dfer Lagerung an einem k\u00fchlen, trockenen Ort mit sicher verschlossenem Deckel ist unser <strong>Plastisol-Tinten<\/strong> haben eine hervorragende Haltbarkeit von in der Regel \u00fcber einem Jahr. Mit der Zeit kann es zu einer gewissen Trennung kommen, was normal ist. R\u00fchren Sie die Tinte vor Gebrauch einfach gr\u00fcndlich um, um ihre glatte, samtige Konsistenz wiederherzustellen.<\/p>\n\t\t\t\t\t\t\t\t\t\t\t\t\t\t\t\t\t\t<\/div>\n\t\t\t\t<\/div>\n\t\t\t\t\t<\/div>\n\t\t\t\t\t\t<\/div>\n\t\t\t\t<\/div>\n\t\t\t\t\t<\/div>\n\t\t\t\t<\/div>\n\t\t<div class=\"wd-negative-gap elementor-element elementor-element-bb82c2c e-flex e-con-boxed e-con e-parent\" data-id=\"bb82c2c\" data-element_type=\"container\">\n\t\t\t\t\t<div class=\"e-con-inner\">\n\t\t\t\t<div class=\"elementor-element elementor-element-329f3e6 elementor-widget elementor-widget-heading\" data-id=\"329f3e6\" data-element_type=\"widget\" data-widget_type=\"heading.default\">\n\t\t\t\t\t<h2 class=\"elementor-heading-title elementor-size-default\">Der Druck- und Aush\u00e4rtungsprozess<\/h2>\t\t\t\t<\/div>\n\t\t\t\t<div class=\"elementor-element elementor-element-969b6c3 elementor-widget elementor-widget-wd_accordion\" data-id=\"969b6c3\" data-element_type=\"widget\" data-widget_type=\"wd_accordion.default\">\n\t\t\t\t<div class=\"elementor-widget-container\">\n\t\t\t\t\t\n\t\t<div class=\"wd-accordion wd-style-shadow wd-titles-left wd-opener-pos-left wd-opener-style-arrow\" data-state=\"first\">\n\t\t\t\t\t\t\t\n\t\t\t\t<div class=\"wd-accordion-item\">\n\t\t\t\t\t<div class=\"wd-accordion-title wd-role-btn wd-active\" data-accordion-index=\"0\" tabindex=\"0\">\n\t\t\t\t\t\t<div class=\"wd-accordion-title-text\">\n\t\t\t\t\t\t\t\t\t\t\t\t\t\t<span>\n\t\t\t\t\t\t\t\tWoher wei\u00df ich, wann meine Tinte vollst\u00e4ndig ausgeh\u00e4rtet ist?\t\t\t\t\t\t\t<\/span>\n\t\t\t\t\t\t<\/div>\n\t\t\t\t\t\t<span class=\"wd-accordion-opener\"><\/span>\n\t\t\t\t\t<\/div>\n\n\t\t\t\t\t<div class=\"wd-accordion-content wd-entry-content wd-active\" data-accordion-index=\"0\">\n\t\t\t\t\t\t\t\t\t\t\t\t\t\n\t\t\t\t\t\t\t<p>Die zuverl\u00e4ssigste Methode ist der Dehnungstest. Nachdem der Druck abgek\u00fchlt ist, dehnen Sie den bedruckten Bereich vorsichtig um etwa 2,5 bis 5 cm. Dehnt sich die Tinte mit dem Material und zeigt keine Risse oder Br\u00fcche, ist sie vollst\u00e4ndig ausgeh\u00e4rtet. Rei\u00dft sie, ist deutlich mehr W\u00e4rme erforderlich. Ein nicht ausreichend ausgeh\u00e4rteter Druck \u00fcbersteht die erste W\u00e4sche nicht.<\/p>\n\t\t\t\t\t\t\t\t\t\t\t\t\t\t\t\t\t\t<\/div>\n\t\t\t\t<\/div>\n\t\t\t\t\t\t\t\n\t\t\t\t<div class=\"wd-accordion-item\">\n\t\t\t\t\t<div class=\"wd-accordion-title wd-role-btn\" data-accordion-index=\"1\" tabindex=\"0\">\n\t\t\t\t\t\t<div class=\"wd-accordion-title-text\">\n\t\t\t\t\t\t\t\t\t\t\t\t\t\t<span>\n\t\t\t\t\t\t\t\tAuf welche Stoffarten kann ich mit Ihren Tinten drucken?\t\t\t\t\t\t\t<\/span>\n\t\t\t\t\t\t<\/div>\n\t\t\t\t\t\t<span class=\"wd-accordion-opener\"><\/span>\n\t\t\t\t\t<\/div>\n\n\t\t\t\t\t<div class=\"wd-accordion-content wd-entry-content\" data-accordion-index=\"1\">\n\t\t\t\t\t\t\t\t\t\t\t\t\t\n\t\t\t\t\t\t\t<p>Unsere Plastisol-Tinten sind unglaublich vielseitig und eignen sich am besten f\u00fcr 100%-Baumwolle, 50\/50-Baumwoll-\/Polyester-Mischgewebe und viele Tri-Blends. Bei 100%-Polyester oder anderen synthetischen Textilien ist auf Farbverl\u00e4ufe zu achten (wenn die Farbe des Textils in die Tinte ausl\u00e4uft). Hierf\u00fcr empfehlen wir die Verwendung einer schwach auslaufenden wei\u00dfen Tinte als Untergrund. Machen Sie immer zun\u00e4chst einen Probedruck auf einem Stoffrest!<\/p>\n\t\t\t\t\t\t\t\t\t\t\t\t\t\t\t\t\t\t<\/div>\n\t\t\t\t<\/div>\n\t\t\t\t\t\t\t\n\t\t\t\t<div class=\"wd-accordion-item\">\n\t\t\t\t\t<div class=\"wd-accordion-title wd-role-btn\" data-accordion-index=\"2\" tabindex=\"0\">\n\t\t\t\t\t\t<div class=\"wd-accordion-title-text\">\n\t\t\t\t\t\t\t\t\t\t\t\t\t\t<span>\n\t\t\t\t\t\t\t\tWie reinige ich Plastisol-Tinte von meinen Sieben und Werkzeugen?\t\t\t\t\t\t\t<\/span>\n\t\t\t\t\t\t<\/div>\n\t\t\t\t\t\t<span class=\"wd-accordion-opener\"><\/span>\n\t\t\t\t\t<\/div>\n\n\t\t\t\t\t<div class=\"wd-accordion-content wd-entry-content\" data-accordion-index=\"2\">\n\t\t\t\t\t\t\t\t\t\t\t\t\t\n\t\t\t\t\t\t\t<p>Plastisol trocknet nicht vollst\u00e4ndig ein. Zur Reinigung ben\u00f6tigen Sie ein spezielles L\u00f6sungsmittel. Wir empfehlen die Verwendung eines speziellen Plastisol-Siebreinigers oder Tintenl\u00f6sers. Tragen Sie den Reiniger einfach auf, schrubben Sie mit einer weichen B\u00fcrste oder einem Staubtuch, um die Tinte zu l\u00f6sen, und reinigen Sie anschlie\u00dfend den Sieb gr\u00fcndlich.<\/p>\n\t\t\t\t\t\t\t\t\t\t\t\t\t\t\t\t\t\t<\/div>\n\t\t\t\t<\/div>\n\t\t\t\t\t<\/div>\n\t\t\t\t\t\t<\/div>\n\t\t\t\t<\/div>\n\t\t\t\t\t<\/div>\n\t\t\t\t<\/div>\n\t\t<div class=\"wd-negative-gap elementor-element elementor-element-3733777 e-flex e-con-boxed e-con e-parent\" data-id=\"3733777\" data-element_type=\"container\">\n\t\t\t\t\t<div class=\"e-con-inner\">\n\t\t\t\t<div class=\"elementor-element elementor-element-07784a3 elementor-widget elementor-widget-heading\" data-id=\"07784a3\" data-element_type=\"widget\" data-widget_type=\"heading.default\">\n\t\t\t\t\t<h2 class=\"elementor-heading-title elementor-size-default\">Bestellung &amp; Versand<\/h2>\t\t\t\t<\/div>\n\t\t\t\t<div class=\"elementor-element elementor-element-09ffae7 elementor-widget elementor-widget-wd_accordion\" data-id=\"09ffae7\" data-element_type=\"widget\" data-widget_type=\"wd_accordion.default\">\n\t\t\t\t<div class=\"elementor-widget-container\">\n\t\t\t\t\t\n\t\t<div class=\"wd-accordion wd-style-shadow wd-titles-left wd-opener-pos-left wd-opener-style-arrow\" data-state=\"first\">\n\t\t\t\t\t\t\t\n\t\t\t\t<div class=\"wd-accordion-item\">\n\t\t\t\t\t<div class=\"wd-accordion-title wd-role-btn wd-active\" data-accordion-index=\"0\" tabindex=\"0\">\n\t\t\t\t\t\t<div class=\"wd-accordion-title-text\">\n\t\t\t\t\t\t\t\t\t\t\t\t\t\t<span>\n\t\t\t\t\t\t\t\tWie lange dauert es, bis ich meine Bestellung erhalte?\t\t\t\t\t\t\t<\/span>\n\t\t\t\t\t\t<\/div>\n\t\t\t\t\t\t<span class=\"wd-accordion-opener\"><\/span>\n\t\t\t\t\t<\/div>\n\n\t\t\t\t\t<div class=\"wd-accordion-content wd-entry-content wd-active\" data-accordion-index=\"0\">\n\t\t\t\t\t\t\t\t\t\t\t\t\t\n\t\t\t\t\t\t\t<p>Wir bearbeiten Bestellungen innerhalb von 1-2 Werktagen. Die Lieferzeit h\u00e4ngt dann von Ihrem Standort und der gew\u00e4hlten Versandart ab. Sobald Ihre Bestellung unser Werk verl\u00e4sst, erhalten Sie eine Versandbest\u00e4tigung per E-Mail mit einer Sendungsverfolgungsnummer. Weitere Informationen finden Sie in unserer <a href=\"https:\/\/shaliteink.com\/de\/versand-und-ruckgabebestimmungen\/\"><strong>Versandbedingungen<\/strong><\/a>.<\/p>\n\t\t\t\t\t\t\t\t\t\t\t\t\t\t\t\t\t\t<\/div>\n\t\t\t\t<\/div>\n\t\t\t\t\t\t\t\n\t\t\t\t<div class=\"wd-accordion-item\">\n\t\t\t\t\t<div class=\"wd-accordion-title wd-role-btn\" data-accordion-index=\"1\" tabindex=\"0\">\n\t\t\t\t\t\t<div class=\"wd-accordion-title-text\">\n\t\t\t\t\t\t\t\t\t\t\t\t\t\t<span>\n\t\t\t\t\t\t\t\tVersenden Sie international?\t\t\t\t\t\t\t<\/span>\n\t\t\t\t\t\t<\/div>\n\t\t\t\t\t\t<span class=\"wd-accordion-opener\"><\/span>\n\t\t\t\t\t<\/div>\n\n\t\t\t\t\t<div class=\"wd-accordion-content wd-entry-content\" data-accordion-index=\"1\">\n\t\t\t\t\t\t\t\t\t\t\t\t\t\n\t\t\t\t\t\t\t<p>Ja, wir sind stolz darauf, unsere Tinten an Kreative auf der ganzen Welt zu liefern! Internationale Versandkosten und -zeiten variieren je nach Land. Bitte beachten Sie, dass f\u00fcr Ihre Bestellung m\u00f6glicherweise Einfuhrz\u00f6lle oder Zollgeb\u00fchren anfallen, die von der Regierung Ihres Landes festgelegt werden und vom Empf\u00e4nger zu tragen sind.<\/p>\n\t\t\t\t\t\t\t\t\t\t\t\t\t\t\t\t\t\t<\/div>\n\t\t\t\t<\/div>\n\t\t\t\t\t\t\t\n\t\t\t\t<div class=\"wd-accordion-item\">\n\t\t\t\t\t<div class=\"wd-accordion-title wd-role-btn\" data-accordion-index=\"2\" tabindex=\"0\">\n\t\t\t\t\t\t<div class=\"wd-accordion-title-text\">\n\t\t\t\t\t\t\t\t\t\t\t\t\t\t<span>\n\t\t\t\t\t\t\t\tWie sind Ihre R\u00fcckgabebedingungen?\t\t\t\t\t\t\t<\/span>\n\t\t\t\t\t\t<\/div>\n\t\t\t\t\t\t<span class=\"wd-accordion-opener\"><\/span>\n\t\t\t\t\t<\/div>\n\n\t\t\t\t\t<div class=\"wd-accordion-content wd-entry-content\" data-accordion-index=\"2\">\n\t\t\t\t\t\t\t\t\t\t\t\t\t\n\t\t\t\t\t\t\t<p>Wir m\u00f6chten, dass Sie mit Ihrem Kauf zufrieden sind. Wir akzeptieren R\u00fccksendungen unge\u00f6ffneter und unbenutzter Produkte in der Originalverpackung innerhalb von 30 Tagen nach Lieferung. Weitere Informationen oder die M\u00f6glichkeit zur R\u00fccksendung finden Sie in unserem <a href=\"https:\/\/shaliteink.com\/de\/versand-und-ruckgabebestimmungen\/\"><strong>R\u00fcckgabe- und R\u00fcckerstattungsrichtlinie<\/strong><\/a>\u00a0Seite.<\/p>\n\t\t\t\t\t\t\t\t\t\t\t\t\t\t\t\t\t\t<\/div>\n\t\t\t\t<\/div>\n\t\t\t\t\t<\/div>\n\t\t\t\t\t\t<\/div>\n\t\t\t\t<\/div>\n\t\t\t\t\t<\/div>\n\t\t\t\t<\/div>\n\t\t\t\t<\/div>","protected":false},"excerpt":{"rendered":"<p>Welcome to our Aid Center! We have actually gathered response to our most common inquiries right below. Whether you wonder<\/p>","protected":false},"author":1,"featured_media":4161,"parent":0,"menu_order":0,"comment_status":"closed","ping_status":"closed","template":"","meta":{"footnotes":""},"class_list":["post-2956","page","type-page","status-publish","has-post-thumbnail","hentry"],"_links":{"self":[{"href":"https:\/\/shaliteink.com\/de\/wp-json\/wp\/v2\/pages\/2956","targetHints":{"allow":["GET"]}}],"collection":[{"href":"https:\/\/shaliteink.com\/de\/wp-json\/wp\/v2\/pages"}],"about":[{"href":"https:\/\/shaliteink.com\/de\/wp-json\/wp\/v2\/types\/page"}],"author":[{"embeddable":true,"href":"https:\/\/shaliteink.com\/de\/wp-json\/wp\/v2\/users\/1"}],"replies":[{"embeddable":true,"href":"https:\/\/shaliteink.com\/de\/wp-json\/wp\/v2\/comments?post=2956"}],"version-history":[{"count":0,"href":"https:\/\/shaliteink.com\/de\/wp-json\/wp\/v2\/pages\/2956\/revisions"}],"wp:featuredmedia":[{"embeddable":true,"href":"https:\/\/shaliteink.com\/de\/wp-json\/wp\/v2\/media\/4161"}],"wp:attachment":[{"href":"https:\/\/shaliteink.com\/de\/wp-json\/wp\/v2\/media?parent=2956"}],"curies":[{"name":"wp","href":"https:\/\/api.w.org\/{rel}","templated":true}]}}